{"id":1012,"date":"2025-05-28T14:30:43","date_gmt":"2025-05-28T17:30:43","guid":{"rendered":"https:\/\/silkmix.com.br\/?post_type=product&#038;p=1012"},"modified":"2025-08-13T16:47:21","modified_gmt":"2025-08-13T19:47:21","slug":"cordao-quebra-cabeca","status":"publish","type":"product","link":"https:\/\/silkmix.com.br\/en\/product\/cordao-quebra-cabeca\/","title":{"rendered":"Cord\u00e3o Quebra Cabe\u00e7a TEA"},"content":{"rendered":"<p>Cord\u00e3o Quebra Cabe\u00e7a personalizado em sublima\u00e7\u00e3o para identifica\u00e7\u00e3o de pessoa dentro do espectro autista (TEA).<\/p>\n<p>Ideal para uso com a carteira de identifica\u00e7\u00e3o de pessoa do transtorno do espectro autista.<\/p>\n<p><strong>Material:<\/strong> Poli\u00e9ster acetinado<\/p>\n<p><strong>Acabamento:<\/strong> com trava de seguran\u00e7a em pl\u00e1stico e terminal em argola circular com fechos estilo jacar\u00e9 ou mosquete. Material lav\u00e1vel.<\/p>\n<p><strong>Dimens\u00f5es:<\/strong> 850mm\u00a0 de comprimento por 20 mm de largura<\/p>\n<p><strong>Impress\u00e3o:<\/strong> Ultra HD Sublim\u00e1tica &#8211; Dupla-Face<\/p>\n<p><strong>Prazo de Produ\u00e7\u00e3o:<\/strong> 3 \u00e0 5 dias \u00fateis<\/p>\n<p>O uso do cord\u00e3o quebra cabe\u00e7a \u00e9 para identifica\u00e7\u00e3o de pessoas dentro do transtorno do espectro autista<\/p>\n<p>Ideal para uso escolar, acad\u00eamico, em ambiente profissional e eventos.<\/p>\n<p>Acesse aqui para conhecer a <a href=\"https:\/\/ama.org.br\/site\/\">Associa\u00e7\u00e3o de Amigos do Autista<\/a><\/p>\n<p>Conhe\u00e7a nossa linha:\u00a0<a href=\"https:\/\/silkmix.com.br\/en\/produtos\/categoria-sublimacao\/\">https:\/\/silkmix.com.br\/produtos\/categoria-sublimacao<\/a><\/p>\n<p>&nbsp;<\/p>","protected":false},"excerpt":{"rendered":"<p><strong>Cord\u00e3o personalizado para pessoas TEA.<\/strong> Produzido em qualidade Ultra HD de sublima\u00e7\u00e3o. Ideal para crach\u00e1s ou chaveiros. Pedido m\u00ednimo:\u00a0de 10 pe\u00e7as<\/p>","protected":false},"featured_media":1014,"template":"","meta":{"site-sidebar-layout":"default","site-content-layout":"","ast-site-content-layout":"default","site-content-style":"default","site-sidebar-style":"default","ast-global-header-display":"","ast-banner-title-visibility":"","ast-main-header-display":"","ast-hfb-above-header-display":"","ast-hfb-below-header-display":"","ast-hfb-mobile-header-display":"","site-post-title":"","ast-breadcrumbs-content":"","ast-featured-img":"","footer-sml-layout":"","theme-transparent-header-meta":"default","adv-header-id-meta":"","stick-header-meta":"","header-above-stick-meta":"","header-main-stick-meta":"","header-below-stick-meta":"","astra-migrate-meta-layouts":"set","ast-page-background-enabled":"default","ast-page-background-meta":{"desktop":{"background-color":"var(--ast-global-color-4)","background-image":"","background-repeat":"repeat","background-position":"center center","background-size":"auto","background-attachment":"scroll","background-type":"","background-media":"","overlay-type":"","overlay-color":"","overlay-opacity":"","overlay-gradient":""},"tablet":{"background-color":"","background-image":"","background-repeat":"repeat","background-position":"center center","background-size":"auto","background-attachment":"scroll","background-type":"","background-media":"","overlay-type":"","overlay-color":"","overlay-opacity":"","overlay-gradient":""},"mobile":{"background-color":"","background-image":"","background-repeat":"repeat","background-position":"center center","background-size":"auto","background-attachment":"scroll","background-type":"","background-media":"","overlay-type":"","overlay-color":"","overlay-opacity":"","overlay-gradient":""}},"ast-content-background-meta":{"desktop":{"background-color":"var(--ast-global-color-5)","background-image":"","background-repeat":"repeat","background-position":"center center","background-size":"auto","background-attachment":"scroll","background-type":"","background-media":"","overlay-type":"","overlay-color":"","overlay-opacity":"","overlay-gradient":""},"tablet":{"background-color":"var(--ast-global-color-5)","background-image":"","background-repeat":"repeat","background-position":"center center","background-size":"auto","background-attachment":"scroll","background-type":"","background-media":"","overlay-type":"","overlay-color":"","overlay-opacity":"","overlay-gradient":""},"mobile":{"background-color":"var(--ast-global-color-5)","background-image":"","background-repeat":"repeat","background-position":"center center","background-size":"auto","background-attachment":"scroll","background-type":"","background-media":"","overlay-type":"","overlay-color":"","overlay-opacity":"","overlay-gradient":""}}},"product_brand":[],"product_cat":[95,30],"product_tag":[93,90,91,92,94],"class_list":{"0":"post-1012","1":"product","2":"type-product","3":"status-publish","4":"has-post-thumbnail","6":"product_cat-cordoes","7":"product_cat-sublimacao","8":"product_tag-chaveiro","9":"product_tag-cordao","10":"product_tag-cordoes","11":"product_tag-cracha","12":"product_tag-sublimacao","13":"desktop-align-left","14":"tablet-align-left","15":"mobile-align-left","17":"first","18":"instock","19":"shipping-taxable","20":"purchasable","21":"product-type-simple"},"yoast_head":"<!-- This site is optimized with the Yoast SEO plugin v27.5 - https:\/\/yoast.com\/product\/yoast-seo-wordpress\/ -->\n<title>Cord\u00e3o Quebra Cabe\u00e7a TEA - Silk Mix<\/title>\n<meta name=\"description\" content=\"Cord\u00e3o Quebra Cabe\u00e7a para pessoas dentro do Transtorno do Espectro Autista (TEA). Produzido em qualidade Ultra HD de sublima\u00e7\u00e3o.\" \/>\n<meta name=\"robots\" content=\"index, follow, max-snippet:-1, max-image-preview:large, max-video-preview:-1\" \/>\n<link rel=\"canonical\" href=\"https:\/\/silkmix.com.br\/en\/product\/cordao-quebra-cabeca\/\" \/>\n<meta property=\"og:locale\" content=\"en_US\" \/>\n<meta property=\"og:type\" content=\"article\" \/>\n<meta property=\"og:title\" content=\"Cord\u00e3o Quebra Cabe\u00e7a TEA - Silk Mix\" \/>\n<meta property=\"og:description\" content=\"Cord\u00e3o Quebra Cabe\u00e7a para pessoas dentro do Transtorno do Espectro Autista (TEA). Produzido em qualidade Ultra HD de sublima\u00e7\u00e3o.\" \/>\n<meta property=\"og:url\" content=\"https:\/\/silkmix.com.br\/en\/product\/cordao-quebra-cabeca\/\" \/>\n<meta property=\"og:site_name\" content=\"Silk Mix\" \/>\n<meta property=\"article:modified_time\" content=\"2025-08-13T19:47:21+00:00\" \/>\n<meta property=\"og:image\" content=\"https:\/\/silkmix.com.br\/wp-content\/uploads\/2025\/05\/9fcf12fc-b858-4acf-9957-84e434f847f3-1.jpg\" \/>\n\t<meta property=\"og:image:width\" content=\"800\" \/>\n\t<meta property=\"og:image:height\" content=\"800\" \/>\n\t<meta property=\"og:image:type\" content=\"image\/jpeg\" \/>\n<meta name=\"twitter:card\" content=\"summary_large_image\" \/>\n<meta name=\"twitter:label1\" content=\"Est. reading time\" \/>\n\t<meta name=\"twitter:data1\" content=\"1 minute\" \/>\n<script type=\"application\/ld+json\" class=\"yoast-schema-graph\">{\"@context\":\"https:\\\/\\\/schema.org\",\"@graph\":[{\"@type\":\"WebPage\",\"@id\":\"https:\\\/\\\/silkmix.com.br\\\/produto\\\/cordao-quebra-cabeca\\\/\",\"url\":\"https:\\\/\\\/silkmix.com.br\\\/produto\\\/cordao-quebra-cabeca\\\/\",\"name\":\"Cord\u00e3o Quebra Cabe\u00e7a TEA - Silk Mix\",\"isPartOf\":{\"@id\":\"https:\\\/\\\/silkmix.com.br\\\/#website\"},\"primaryImageOfPage\":{\"@id\":\"https:\\\/\\\/silkmix.com.br\\\/produto\\\/cordao-quebra-cabeca\\\/#primaryimage\"},\"image\":{\"@id\":\"https:\\\/\\\/silkmix.com.br\\\/produto\\\/cordao-quebra-cabeca\\\/#primaryimage\"},\"thumbnailUrl\":\"https:\\\/\\\/silkmix.com.br\\\/wp-content\\\/uploads\\\/2025\\\/05\\\/9fcf12fc-b858-4acf-9957-84e434f847f3-1.jpg\",\"datePublished\":\"2025-05-28T17:30:43+00:00\",\"dateModified\":\"2025-08-13T19:47:21+00:00\",\"description\":\"Cord\u00e3o Quebra Cabe\u00e7a para pessoas dentro do Transtorno do Espectro Autista (TEA). Produzido em qualidade Ultra HD de sublima\u00e7\u00e3o.\",\"breadcrumb\":{\"@id\":\"https:\\\/\\\/silkmix.com.br\\\/produto\\\/cordao-quebra-cabeca\\\/#breadcrumb\"},\"inLanguage\":\"en-US\",\"potentialAction\":[{\"@type\":\"ReadAction\",\"target\":[\"https:\\\/\\\/silkmix.com.br\\\/produto\\\/cordao-quebra-cabeca\\\/\"]}]},{\"@type\":\"ImageObject\",\"inLanguage\":\"en-US\",\"@id\":\"https:\\\/\\\/silkmix.com.br\\\/produto\\\/cordao-quebra-cabeca\\\/#primaryimage\",\"url\":\"https:\\\/\\\/silkmix.com.br\\\/wp-content\\\/uploads\\\/2025\\\/05\\\/9fcf12fc-b858-4acf-9957-84e434f847f3-1.jpg\",\"contentUrl\":\"https:\\\/\\\/silkmix.com.br\\\/wp-content\\\/uploads\\\/2025\\\/05\\\/9fcf12fc-b858-4acf-9957-84e434f847f3-1.jpg\",\"width\":800,\"height\":800},{\"@type\":\"BreadcrumbList\",\"@id\":\"https:\\\/\\\/silkmix.com.br\\\/produto\\\/cordao-quebra-cabeca\\\/#breadcrumb\",\"itemListElement\":[{\"@type\":\"ListItem\",\"position\":1,\"name\":\"In\u00edcio\",\"item\":\"https:\\\/\\\/silkmix.com.br\\\/\"},{\"@type\":\"ListItem\",\"position\":2,\"name\":\"Produtos\",\"item\":\"https:\\\/\\\/silkmix.com.br\\\/produtos\\\/\"},{\"@type\":\"ListItem\",\"position\":3,\"name\":\"Cord\u00e3o Quebra Cabe\u00e7a TEA\"}]},{\"@type\":\"WebSite\",\"@id\":\"https:\\\/\\\/silkmix.com.br\\\/#website\",\"url\":\"https:\\\/\\\/silkmix.com.br\\\/\",\"name\":\"Silk Mix\",\"description\":\"\",\"publisher\":{\"@id\":\"https:\\\/\\\/silkmix.com.br\\\/#organization\"},\"potentialAction\":[{\"@type\":\"SearchAction\",\"target\":{\"@type\":\"EntryPoint\",\"urlTemplate\":\"https:\\\/\\\/silkmix.com.br\\\/?s={search_term_string}\"},\"query-input\":{\"@type\":\"PropertyValueSpecification\",\"valueRequired\":true,\"valueName\":\"search_term_string\"}}],\"inLanguage\":\"en-US\"},{\"@type\":\"Organization\",\"@id\":\"https:\\\/\\\/silkmix.com.br\\\/#organization\",\"name\":\"Silk Mix\",\"url\":\"https:\\\/\\\/silkmix.com.br\\\/\",\"logo\":{\"@type\":\"ImageObject\",\"inLanguage\":\"en-US\",\"@id\":\"https:\\\/\\\/silkmix.com.br\\\/#\\\/schema\\\/logo\\\/image\\\/\",\"url\":\"https:\\\/\\\/silkmix.com.br\\\/wp-content\\\/uploads\\\/2024\\\/04\\\/logo-silkmix-svg.svg\",\"contentUrl\":\"https:\\\/\\\/silkmix.com.br\\\/wp-content\\\/uploads\\\/2024\\\/04\\\/logo-silkmix-svg.svg\",\"width\":238,\"height\":238,\"caption\":\"Silk Mix\"},\"image\":{\"@id\":\"https:\\\/\\\/silkmix.com.br\\\/#\\\/schema\\\/logo\\\/image\\\/\"}}]}<\/script>\n<!-- \/ Yoast SEO plugin. -->","yoast_head_json":{"title":"Cord\u00e3o Quebra Cabe\u00e7a TEA - Silk Mix","description":"Cord\u00e3o Quebra Cabe\u00e7a para pessoas dentro do Transtorno do Espectro Autista (TEA). Produzido em qualidade Ultra HD de sublima\u00e7\u00e3o.","robots":{"index":"index","follow":"follow","max-snippet":"max-snippet:-1","max-image-preview":"max-image-preview:large","max-video-preview":"max-video-preview:-1"},"canonical":"https:\/\/silkmix.com.br\/en\/product\/cordao-quebra-cabeca\/","og_locale":"en_US","og_type":"article","og_title":"Cord\u00e3o Quebra Cabe\u00e7a TEA - Silk Mix","og_description":"Cord\u00e3o Quebra Cabe\u00e7a para pessoas dentro do Transtorno do Espectro Autista (TEA). Produzido em qualidade Ultra HD de sublima\u00e7\u00e3o.","og_url":"https:\/\/silkmix.com.br\/en\/product\/cordao-quebra-cabeca\/","og_site_name":"Silk Mix","article_modified_time":"2025-08-13T19:47:21+00:00","og_image":[{"width":800,"height":800,"url":"https:\/\/silkmix.com.br\/wp-content\/uploads\/2025\/05\/9fcf12fc-b858-4acf-9957-84e434f847f3-1.jpg","type":"image\/jpeg"}],"twitter_card":"summary_large_image","twitter_misc":{"Est. reading time":"1 minute"},"schema":{"@context":"https:\/\/schema.org","@graph":[{"@type":"WebPage","@id":"https:\/\/silkmix.com.br\/produto\/cordao-quebra-cabeca\/","url":"https:\/\/silkmix.com.br\/produto\/cordao-quebra-cabeca\/","name":"Cord\u00e3o Quebra Cabe\u00e7a TEA - Silk Mix","isPartOf":{"@id":"https:\/\/silkmix.com.br\/#website"},"primaryImageOfPage":{"@id":"https:\/\/silkmix.com.br\/produto\/cordao-quebra-cabeca\/#primaryimage"},"image":{"@id":"https:\/\/silkmix.com.br\/produto\/cordao-quebra-cabeca\/#primaryimage"},"thumbnailUrl":"https:\/\/silkmix.com.br\/wp-content\/uploads\/2025\/05\/9fcf12fc-b858-4acf-9957-84e434f847f3-1.jpg","datePublished":"2025-05-28T17:30:43+00:00","dateModified":"2025-08-13T19:47:21+00:00","description":"Cord\u00e3o Quebra Cabe\u00e7a para pessoas dentro do Transtorno do Espectro Autista (TEA). Produzido em qualidade Ultra HD de sublima\u00e7\u00e3o.","breadcrumb":{"@id":"https:\/\/silkmix.com.br\/produto\/cordao-quebra-cabeca\/#breadcrumb"},"inLanguage":"en-US","potentialAction":[{"@type":"ReadAction","target":["https:\/\/silkmix.com.br\/produto\/cordao-quebra-cabeca\/"]}]},{"@type":"ImageObject","inLanguage":"en-US","@id":"https:\/\/silkmix.com.br\/produto\/cordao-quebra-cabeca\/#primaryimage","url":"https:\/\/silkmix.com.br\/wp-content\/uploads\/2025\/05\/9fcf12fc-b858-4acf-9957-84e434f847f3-1.jpg","contentUrl":"https:\/\/silkmix.com.br\/wp-content\/uploads\/2025\/05\/9fcf12fc-b858-4acf-9957-84e434f847f3-1.jpg","width":800,"height":800},{"@type":"BreadcrumbList","@id":"https:\/\/silkmix.com.br\/produto\/cordao-quebra-cabeca\/#breadcrumb","itemListElement":[{"@type":"ListItem","position":1,"name":"In\u00edcio","item":"https:\/\/silkmix.com.br\/"},{"@type":"ListItem","position":2,"name":"Produtos","item":"https:\/\/silkmix.com.br\/produtos\/"},{"@type":"ListItem","position":3,"name":"Cord\u00e3o Quebra Cabe\u00e7a TEA"}]},{"@type":"WebSite","@id":"https:\/\/silkmix.com.br\/#website","url":"https:\/\/silkmix.com.br\/","name":"Silk Mix","description":"","publisher":{"@id":"https:\/\/silkmix.com.br\/#organization"},"potentialAction":[{"@type":"SearchAction","target":{"@type":"EntryPoint","urlTemplate":"https:\/\/silkmix.com.br\/?s={search_term_string}"},"query-input":{"@type":"PropertyValueSpecification","valueRequired":true,"valueName":"search_term_string"}}],"inLanguage":"en-US"},{"@type":"Organization","@id":"https:\/\/silkmix.com.br\/#organization","name":"Silk Mix","url":"https:\/\/silkmix.com.br\/","logo":{"@type":"ImageObject","inLanguage":"en-US","@id":"https:\/\/silkmix.com.br\/#\/schema\/logo\/image\/","url":"https:\/\/silkmix.com.br\/wp-content\/uploads\/2024\/04\/logo-silkmix-svg.svg","contentUrl":"https:\/\/silkmix.com.br\/wp-content\/uploads\/2024\/04\/logo-silkmix-svg.svg","width":238,"height":238,"caption":"Silk Mix"},"image":{"@id":"https:\/\/silkmix.com.br\/#\/schema\/logo\/image\/"}}]}},"_links":{"self":[{"href":"https:\/\/silkmix.com.br\/en\/wp-json\/wp\/v2\/product\/1012","targetHints":{"allow":["GET"]}}],"collection":[{"href":"https:\/\/silkmix.com.br\/en\/wp-json\/wp\/v2\/product"}],"about":[{"href":"https:\/\/silkmix.com.br\/en\/wp-json\/wp\/v2\/types\/product"}],"wp:featuredmedia":[{"embeddable":true,"href":"https:\/\/silkmix.com.br\/en\/wp-json\/wp\/v2\/media\/1014"}],"wp:attachment":[{"href":"https:\/\/silkmix.com.br\/en\/wp-json\/wp\/v2\/media?parent=1012"}],"wp:term":[{"taxonomy":"product_brand","embeddable":true,"href":"https:\/\/silkmix.com.br\/en\/wp-json\/wp\/v2\/product_brand?post=1012"},{"taxonomy":"product_cat","embeddable":true,"href":"https:\/\/silkmix.com.br\/en\/wp-json\/wp\/v2\/product_cat?post=1012"},{"taxonomy":"product_tag","embeddable":true,"href":"https:\/\/silkmix.com.br\/en\/wp-json\/wp\/v2\/product_tag?post=1012"}],"curies":[{"name":"wp","href":"https:\/\/api.w.org\/{rel}","templated":true}]}}