{"id":1079,"date":"2025-05-29T16:16:10","date_gmt":"2025-05-29T19:16:10","guid":{"rendered":"https:\/\/silkmix.com.br\/?post_type=product&#038;p=1079"},"modified":"2025-06-27T14:15:55","modified_gmt":"2025-06-27T17:15:55","slug":"copo-fibra-de-bambu-com-alca-350ml-personalizado","status":"publish","type":"product","link":"https:\/\/silkmix.com.br\/en\/product\/copo-fibra-de-bambu-com-alca-350ml-personalizado\/","title":{"rendered":"Copo Fibra de Bambu com al\u00e7a 350ml \u2022 Personalizado"},"content":{"rendered":"<p><span style=\"font-size: 16px;\">Copo estilo garrafa em diversas cores. Excelente op\u00e7\u00e3o para uso no escrit\u00f3rio, academia, faculdade, etc. Conserva a temperatura interna durante um per\u00edodo de 1 \u00e0 2 horas. <\/span><\/p>\n<p><strong style=\"font-size: 16px;\">\u00a0<em>N\u00e3o<\/em> disp\u00f5e de isolamento t\u00e9rmico<\/strong><span style=\"font-size: 16px;\">.\u00a0<\/span><\/p>\n<ul>\n<li><strong>Capacidade:<\/strong> 350ml<\/li>\n<li><strong>Material:<\/strong> Fibra de bambu<\/li>\n<li><strong>Acabamento: <\/strong>Pl\u00e1stico de fibra de bambu livre de BPA. Parede dupla. Tampa de veda\u00e7\u00e3o rosque\u00e1vel e al\u00e7a de nylon (remov\u00edvel). P<span class=\"desc-sub my-desc-sub\">ode ser levado a lava-lou\u00e7as, geladeiras e micro-ondas.<\/span><\/li>\n<li>Dimens\u00f5es: Arte: DTF 5cm &#8211; <b><a href=\"https:\/\/api.whatsapp.com\/send?phone=551120477777&amp;text=Ol%C3%A1%20vim%20atrav%C3%A9s%20do%20site%20da%20Silkmix\">Envie sua arte aqui<\/a><\/b>\u00a0<em>(Formato: Vetor ou PNG sem fundo) \u2013<\/em>\u00a0<b><i>Aten\u00e7\u00e3o:\u00a0<\/i><\/b><em>O arquivo para personaliza\u00e7\u00e3o ser\u00e1 analisado podendo ser reprovado caso a qualidade interfira no resultado do produto.<\/em><\/li>\n<li><strong>Extras:<\/strong>\u00a0Servi\u00e7o de cria\u00e7\u00e3o de arte e layout dispon\u00edvel mediante consulta.<\/li>\n<li><strong>Prazo de Produ\u00e7\u00e3o:<\/strong> 3 a 5 dias \u00fateis<\/li>\n<\/ul>\n<p>Ideal para uso di\u00e1rio, viagens, escrit\u00f3rio, academia ou ao ar livre.<\/p>\n<p>&nbsp;<\/p>\n<p>&nbsp;<\/p>\n<p>&nbsp;<\/p>\n<p>&nbsp;<\/p>\n<p>&nbsp;<\/p>","protected":false},"excerpt":{"rendered":"<p><strong>Copo sustent\u00e1vel em estilo garrafa feito a partir de pl\u00e1stico de fibra de bambu livre de BPA com al\u00e7a remov\u00edvel.<\/strong> <em>Pedido m\u00ednimo: 12 pe\u00e7as &#8211; Arte: DTF 5cm &#8211; <b><a href=\"https:\/\/api.whatsapp.com\/send?phone=551120477777&amp;text=Ol%C3%A1%20vim%20atrav%C3%A9s%20do%20site%20da%20Silkmix\">Envie sua arte aqui<\/a><\/b>\u00a0(Formato: Vetor ou PNG sem fundo) \u2013\u00a0<b><i>Aten\u00e7\u00e3o:\u00a0<\/i><\/b>O arquivo para personaliza\u00e7\u00e3o ser\u00e1 analisado podendo ser reprovado caso a qualidade interfira no resultado do produto.\u00a0\u00a0<\/em><\/p>","protected":false},"featured_media":1089,"template":"","meta":{"site-sidebar-layout":"default","site-content-layout":"","ast-site-content-layout":"default","site-content-style":"default","site-sidebar-style":"default","ast-global-header-display":"","ast-banner-title-visibility":"","ast-main-header-display":"","ast-hfb-above-header-display":"","ast-hfb-below-header-display":"","ast-hfb-mobile-header-display":"","site-post-title":"","ast-breadcrumbs-content":"","ast-featured-img":"","footer-sml-layout":"","theme-transparent-header-meta":"default","adv-header-id-meta":"","stick-header-meta":"","header-above-stick-meta":"","header-main-stick-meta":"","header-below-stick-meta":"","astra-migrate-meta-layouts":"set","ast-page-background-enabled":"default","ast-page-background-meta":{"desktop":{"background-color":"var(--ast-global-color-4)","background-image":"","background-repeat":"repeat","background-position":"center center","background-size":"auto","background-attachment":"scroll","background-type":"","background-media":"","overlay-type":"","overlay-color":"","overlay-opacity":"","overlay-gradient":""},"tablet":{"background-color":"","background-image":"","background-repeat":"repeat","background-position":"center center","background-size":"auto","background-attachment":"scroll","background-type":"","background-media":"","overlay-type":"","overlay-color":"","overlay-opacity":"","overlay-gradient":""},"mobile":{"background-color":"","background-image":"","background-repeat":"repeat","background-position":"center center","background-size":"auto","background-attachment":"scroll","background-type":"","background-media":"","overlay-type":"","overlay-color":"","overlay-opacity":"","overlay-gradient":""}},"ast-content-background-meta":{"desktop":{"background-color":"var(--ast-global-color-5)","background-image":"","background-repeat":"repeat","background-position":"center center","background-size":"auto","background-attachment":"scroll","background-type":"","background-media":"","overlay-type":"","overlay-color":"","overlay-opacity":"","overlay-gradient":""},"tablet":{"background-color":"var(--ast-global-color-5)","background-image":"","background-repeat":"repeat","background-position":"center center","background-size":"auto","background-attachment":"scroll","background-type":"","background-media":"","overlay-type":"","overlay-color":"","overlay-opacity":"","overlay-gradient":""},"mobile":{"background-color":"var(--ast-global-color-5)","background-image":"","background-repeat":"repeat","background-position":"center center","background-size":"auto","background-attachment":"scroll","background-type":"","background-media":"","overlay-type":"","overlay-color":"","overlay-opacity":"","overlay-gradient":""}}},"product_brand":[],"product_cat":[114,63,128],"product_tag":[115,55,116,77,117,78,118],"class_list":{"0":"post-1079","1":"product","2":"type-product","3":"status-publish","4":"has-post-thumbnail","6":"product_cat-copo-ecologico","7":"product_cat-linha-ecologica","8":"product_cat-lancamentos","9":"product_tag-cafeteria","10":"product_tag-copo","11":"product_tag-copo-ecologico","12":"product_tag-lanchonete","13":"product_tag-linha-ecologica","14":"product_tag-restaurante","15":"product_tag-sustentavel","16":"desktop-align-left","17":"tablet-align-left","18":"mobile-align-left","20":"first","21":"instock","22":"shipping-taxable","23":"purchasable","24":"product-type-variable"},"yoast_head":"<!-- This site is optimized with the Yoast SEO plugin v27.5 - https:\/\/yoast.com\/product\/yoast-seo-wordpress\/ -->\n<title>Copo Fibra de Bambu com al\u00e7a 350ml \u2022 Personalizado - Silk Mix<\/title>\n<meta name=\"robots\" content=\"index, follow, max-snippet:-1, max-image-preview:large, max-video-preview:-1\" \/>\n<link rel=\"canonical\" href=\"https:\/\/silkmix.com.br\/en\/product\/copo-fibra-de-bambu-com-alca-350ml-personalizado\/\" \/>\n<meta property=\"og:locale\" content=\"en_US\" \/>\n<meta property=\"og:type\" content=\"article\" \/>\n<meta property=\"og:title\" content=\"Copo Fibra de Bambu com al\u00e7a 350ml \u2022 Personalizado - Silk Mix\" \/>\n<meta property=\"og:description\" content=\"Copo sustent\u00e1vel em estilo garrafa feito a partir de pl\u00e1stico de fibra de bambu livre de BPA com al\u00e7a remov\u00edvel. Pedido m\u00ednimo: 12 pe\u00e7as - Arte: DTF 5cm - Envie sua arte aqui\u00a0(Formato: Vetor ou PNG sem fundo) \u2013\u00a0Aten\u00e7\u00e3o:\u00a0O arquivo para personaliza\u00e7\u00e3o ser\u00e1 analisado podendo ser reprovado caso a qualidade interfira no resultado do produto.\u00a0\u00a0\" \/>\n<meta property=\"og:url\" content=\"https:\/\/silkmix.com.br\/en\/product\/copo-fibra-de-bambu-com-alca-350ml-personalizado\/\" \/>\n<meta property=\"og:site_name\" content=\"Silk Mix\" \/>\n<meta property=\"article:modified_time\" content=\"2025-06-27T17:15:55+00:00\" \/>\n<meta property=\"og:image\" content=\"https:\/\/silkmix.com.br\/wp-content\/uploads\/2025\/05\/4-6.png\" \/>\n\t<meta property=\"og:image:width\" content=\"1000\" \/>\n\t<meta property=\"og:image:height\" content=\"1000\" \/>\n\t<meta property=\"og:image:type\" content=\"image\/png\" \/>\n<meta name=\"twitter:card\" content=\"summary_large_image\" \/>\n<meta name=\"twitter:label1\" content=\"Est. reading time\" \/>\n\t<meta name=\"twitter:data1\" content=\"1 minute\" \/>\n<script type=\"application\/ld+json\" class=\"yoast-schema-graph\">{\"@context\":\"https:\\\/\\\/schema.org\",\"@graph\":[{\"@type\":\"WebPage\",\"@id\":\"https:\\\/\\\/silkmix.com.br\\\/produto\\\/copo-fibra-de-bambu-com-alca-350ml-personalizado\\\/\",\"url\":\"https:\\\/\\\/silkmix.com.br\\\/produto\\\/copo-fibra-de-bambu-com-alca-350ml-personalizado\\\/\",\"name\":\"Copo Fibra de Bambu com al\u00e7a 350ml \u2022 Personalizado - Silk Mix\",\"isPartOf\":{\"@id\":\"https:\\\/\\\/silkmix.com.br\\\/#website\"},\"primaryImageOfPage\":{\"@id\":\"https:\\\/\\\/silkmix.com.br\\\/produto\\\/copo-fibra-de-bambu-com-alca-350ml-personalizado\\\/#primaryimage\"},\"image\":{\"@id\":\"https:\\\/\\\/silkmix.com.br\\\/produto\\\/copo-fibra-de-bambu-com-alca-350ml-personalizado\\\/#primaryimage\"},\"thumbnailUrl\":\"https:\\\/\\\/silkmix.com.br\\\/wp-content\\\/uploads\\\/2025\\\/05\\\/4-6.png\",\"datePublished\":\"2025-05-29T19:16:10+00:00\",\"dateModified\":\"2025-06-27T17:15:55+00:00\",\"breadcrumb\":{\"@id\":\"https:\\\/\\\/silkmix.com.br\\\/produto\\\/copo-fibra-de-bambu-com-alca-350ml-personalizado\\\/#breadcrumb\"},\"inLanguage\":\"en-US\",\"potentialAction\":[{\"@type\":\"ReadAction\",\"target\":[\"https:\\\/\\\/silkmix.com.br\\\/produto\\\/copo-fibra-de-bambu-com-alca-350ml-personalizado\\\/\"]}]},{\"@type\":\"ImageObject\",\"inLanguage\":\"en-US\",\"@id\":\"https:\\\/\\\/silkmix.com.br\\\/produto\\\/copo-fibra-de-bambu-com-alca-350ml-personalizado\\\/#primaryimage\",\"url\":\"https:\\\/\\\/silkmix.com.br\\\/wp-content\\\/uploads\\\/2025\\\/05\\\/4-6.png\",\"contentUrl\":\"https:\\\/\\\/silkmix.com.br\\\/wp-content\\\/uploads\\\/2025\\\/05\\\/4-6.png\",\"width\":1000,\"height\":1000},{\"@type\":\"BreadcrumbList\",\"@id\":\"https:\\\/\\\/silkmix.com.br\\\/produto\\\/copo-fibra-de-bambu-com-alca-350ml-personalizado\\\/#breadcrumb\",\"itemListElement\":[{\"@type\":\"ListItem\",\"position\":1,\"name\":\"In\u00edcio\",\"item\":\"https:\\\/\\\/silkmix.com.br\\\/\"},{\"@type\":\"ListItem\",\"position\":2,\"name\":\"Produtos\",\"item\":\"https:\\\/\\\/silkmix.com.br\\\/produtos\\\/\"},{\"@type\":\"ListItem\",\"position\":3,\"name\":\"Copo Fibra de Bambu com al\u00e7a 350ml \u2022 Personalizado\"}]},{\"@type\":\"WebSite\",\"@id\":\"https:\\\/\\\/silkmix.com.br\\\/#website\",\"url\":\"https:\\\/\\\/silkmix.com.br\\\/\",\"name\":\"Silk Mix\",\"description\":\"\",\"publisher\":{\"@id\":\"https:\\\/\\\/silkmix.com.br\\\/#organization\"},\"potentialAction\":[{\"@type\":\"SearchAction\",\"target\":{\"@type\":\"EntryPoint\",\"urlTemplate\":\"https:\\\/\\\/silkmix.com.br\\\/?s={search_term_string}\"},\"query-input\":{\"@type\":\"PropertyValueSpecification\",\"valueRequired\":true,\"valueName\":\"search_term_string\"}}],\"inLanguage\":\"en-US\"},{\"@type\":\"Organization\",\"@id\":\"https:\\\/\\\/silkmix.com.br\\\/#organization\",\"name\":\"Silk Mix\",\"url\":\"https:\\\/\\\/silkmix.com.br\\\/\",\"logo\":{\"@type\":\"ImageObject\",\"inLanguage\":\"en-US\",\"@id\":\"https:\\\/\\\/silkmix.com.br\\\/#\\\/schema\\\/logo\\\/image\\\/\",\"url\":\"https:\\\/\\\/silkmix.com.br\\\/wp-content\\\/uploads\\\/2024\\\/04\\\/logo-silkmix-svg.svg\",\"contentUrl\":\"https:\\\/\\\/silkmix.com.br\\\/wp-content\\\/uploads\\\/2024\\\/04\\\/logo-silkmix-svg.svg\",\"width\":238,\"height\":238,\"caption\":\"Silk Mix\"},\"image\":{\"@id\":\"https:\\\/\\\/silkmix.com.br\\\/#\\\/schema\\\/logo\\\/image\\\/\"}}]}<\/script>\n<!-- \/ Yoast SEO plugin. -->","yoast_head_json":{"title":"Copo Fibra de Bambu com al\u00e7a 350ml \u2022 Personalizado - Silk Mix","robots":{"index":"index","follow":"follow","max-snippet":"max-snippet:-1","max-image-preview":"max-image-preview:large","max-video-preview":"max-video-preview:-1"},"canonical":"https:\/\/silkmix.com.br\/en\/product\/copo-fibra-de-bambu-com-alca-350ml-personalizado\/","og_locale":"en_US","og_type":"article","og_title":"Copo Fibra de Bambu com al\u00e7a 350ml \u2022 Personalizado - Silk Mix","og_description":"Copo sustent\u00e1vel em estilo garrafa feito a partir de pl\u00e1stico de fibra de bambu livre de BPA com al\u00e7a remov\u00edvel. Pedido m\u00ednimo: 12 pe\u00e7as - Arte: DTF 5cm - Envie sua arte aqui\u00a0(Formato: Vetor ou PNG sem fundo) \u2013\u00a0Aten\u00e7\u00e3o:\u00a0O arquivo para personaliza\u00e7\u00e3o ser\u00e1 analisado podendo ser reprovado caso a qualidade interfira no resultado do produto.\u00a0\u00a0","og_url":"https:\/\/silkmix.com.br\/en\/product\/copo-fibra-de-bambu-com-alca-350ml-personalizado\/","og_site_name":"Silk Mix","article_modified_time":"2025-06-27T17:15:55+00:00","og_image":[{"width":1000,"height":1000,"url":"https:\/\/silkmix.com.br\/wp-content\/uploads\/2025\/05\/4-6.png","type":"image\/png"}],"twitter_card":"summary_large_image","twitter_misc":{"Est. reading time":"1 minute"},"schema":{"@context":"https:\/\/schema.org","@graph":[{"@type":"WebPage","@id":"https:\/\/silkmix.com.br\/produto\/copo-fibra-de-bambu-com-alca-350ml-personalizado\/","url":"https:\/\/silkmix.com.br\/produto\/copo-fibra-de-bambu-com-alca-350ml-personalizado\/","name":"Copo Fibra de Bambu com al\u00e7a 350ml \u2022 Personalizado - Silk Mix","isPartOf":{"@id":"https:\/\/silkmix.com.br\/#website"},"primaryImageOfPage":{"@id":"https:\/\/silkmix.com.br\/produto\/copo-fibra-de-bambu-com-alca-350ml-personalizado\/#primaryimage"},"image":{"@id":"https:\/\/silkmix.com.br\/produto\/copo-fibra-de-bambu-com-alca-350ml-personalizado\/#primaryimage"},"thumbnailUrl":"https:\/\/silkmix.com.br\/wp-content\/uploads\/2025\/05\/4-6.png","datePublished":"2025-05-29T19:16:10+00:00","dateModified":"2025-06-27T17:15:55+00:00","breadcrumb":{"@id":"https:\/\/silkmix.com.br\/produto\/copo-fibra-de-bambu-com-alca-350ml-personalizado\/#breadcrumb"},"inLanguage":"en-US","potentialAction":[{"@type":"ReadAction","target":["https:\/\/silkmix.com.br\/produto\/copo-fibra-de-bambu-com-alca-350ml-personalizado\/"]}]},{"@type":"ImageObject","inLanguage":"en-US","@id":"https:\/\/silkmix.com.br\/produto\/copo-fibra-de-bambu-com-alca-350ml-personalizado\/#primaryimage","url":"https:\/\/silkmix.com.br\/wp-content\/uploads\/2025\/05\/4-6.png","contentUrl":"https:\/\/silkmix.com.br\/wp-content\/uploads\/2025\/05\/4-6.png","width":1000,"height":1000},{"@type":"BreadcrumbList","@id":"https:\/\/silkmix.com.br\/produto\/copo-fibra-de-bambu-com-alca-350ml-personalizado\/#breadcrumb","itemListElement":[{"@type":"ListItem","position":1,"name":"In\u00edcio","item":"https:\/\/silkmix.com.br\/"},{"@type":"ListItem","position":2,"name":"Produtos","item":"https:\/\/silkmix.com.br\/produtos\/"},{"@type":"ListItem","position":3,"name":"Copo Fibra de Bambu com al\u00e7a 350ml \u2022 Personalizado"}]},{"@type":"WebSite","@id":"https:\/\/silkmix.com.br\/#website","url":"https:\/\/silkmix.com.br\/","name":"Silk Mix","description":"","publisher":{"@id":"https:\/\/silkmix.com.br\/#organization"},"potentialAction":[{"@type":"SearchAction","target":{"@type":"EntryPoint","urlTemplate":"https:\/\/silkmix.com.br\/?s={search_term_string}"},"query-input":{"@type":"PropertyValueSpecification","valueRequired":true,"valueName":"search_term_string"}}],"inLanguage":"en-US"},{"@type":"Organization","@id":"https:\/\/silkmix.com.br\/#organization","name":"Silk Mix","url":"https:\/\/silkmix.com.br\/","logo":{"@type":"ImageObject","inLanguage":"en-US","@id":"https:\/\/silkmix.com.br\/#\/schema\/logo\/image\/","url":"https:\/\/silkmix.com.br\/wp-content\/uploads\/2024\/04\/logo-silkmix-svg.svg","contentUrl":"https:\/\/silkmix.com.br\/wp-content\/uploads\/2024\/04\/logo-silkmix-svg.svg","width":238,"height":238,"caption":"Silk Mix"},"image":{"@id":"https:\/\/silkmix.com.br\/#\/schema\/logo\/image\/"}}]}},"_links":{"self":[{"href":"https:\/\/silkmix.com.br\/en\/wp-json\/wp\/v2\/product\/1079","targetHints":{"allow":["GET"]}}],"collection":[{"href":"https:\/\/silkmix.com.br\/en\/wp-json\/wp\/v2\/product"}],"about":[{"href":"https:\/\/silkmix.com.br\/en\/wp-json\/wp\/v2\/types\/product"}],"wp:featuredmedia":[{"embeddable":true,"href":"https:\/\/silkmix.com.br\/en\/wp-json\/wp\/v2\/media\/1089"}],"wp:attachment":[{"href":"https:\/\/silkmix.com.br\/en\/wp-json\/wp\/v2\/media?parent=1079"}],"wp:term":[{"taxonomy":"product_brand","embeddable":true,"href":"https:\/\/silkmix.com.br\/en\/wp-json\/wp\/v2\/product_brand?post=1079"},{"taxonomy":"product_cat","embeddable":true,"href":"https:\/\/silkmix.com.br\/en\/wp-json\/wp\/v2\/product_cat?post=1079"},{"taxonomy":"product_tag","embeddable":true,"href":"https:\/\/silkmix.com.br\/en\/wp-json\/wp\/v2\/product_tag?post=1079"}],"curies":[{"name":"wp","href":"https:\/\/api.w.org\/{rel}","templated":true}]}}