{"id":1191,"date":"2025-05-30T17:21:40","date_gmt":"2025-05-30T20:21:40","guid":{"rendered":"https:\/\/silkmix.com.br\/?post_type=product&#038;p=1191"},"modified":"2025-09-11T14:51:21","modified_gmt":"2025-09-11T17:51:21","slug":"caderno-ecologico-com-caneta-personalizado-copia","status":"publish","type":"product","link":"https:\/\/silkmix.com.br\/en\/product\/caderno-ecologico-com-caneta-personalizado-copia\/","title":{"rendered":"Caderno Ecol\u00f3gico com Caneta \u2022 Personalizado"},"content":{"rendered":"<p>Suas anota\u00e7\u00f5es ficam muito mais pr\u00e1ticas com esse caderno pautado que acompanha caneta. Feito em material sustent\u00e1vel \u00e9 o kit perfeito para uso em escrit\u00f3rios ou como brinde.<\/p>\n<ul>\n<li><strong>Material:<\/strong> Papel\u00e3o (caderno e corpo da caneta) e pl\u00e1stico (ponta e fundo da caneta)<\/li>\n<li><strong>Cores:<\/strong> Impress\u00e3o em Silk 1\u00d70 (5&#215;5 caderno) e DTF (4&#215;1 caneta) &#8211; <b><a href=\"https:\/\/api.whatsapp.com\/send?phone=551120477777&amp;text=Ol%C3%A1%20vim%20atrav%C3%A9s%20do%20site%20da%20Silkmix\">Envie sua arte aqui<\/a><\/b>\u00a0<em>(Formato: Vetor ou PNG sem fundo) \u2013<\/em>\u00a0<b><i>Aten\u00e7\u00e3o:\u00a0<\/i><\/b><em>O arquivo para personaliza\u00e7\u00e3o ser\u00e1 analisado podendo ser reprovado caso a qualidade interfira no resultado do produto.<\/em><\/li>\n<li><strong>Acabamento:<\/strong> Encaderna\u00e7\u00e3o Wire-O, suporte para a caneta e 70 folhas brancas pautadas. Caneta esferogr\u00e1fica de carga azul de 1,0 mm e clip com acionamento em clique.<\/li>\n<li><strong>Extras:<\/strong>\u00a0Servi\u00e7o de cria\u00e7\u00e3o de arte e layout dispon\u00edvel mediante consulta.<\/li>\n<li><strong>Prazo de Produ\u00e7\u00e3o:<\/strong>\u00a03 a 5 dias \u00fateis<\/li>\n<\/ul>\n<p>Ideal para brindes corporativos e em feiras, eventos, etc.<\/p>","protected":false},"excerpt":{"rendered":"<p><strong>Caderno pautado em material sustent\u00e1vel com caneta.<\/strong> <em>Pedido m\u00ednimo: 50 pe\u00e7as &#8211; Arte: 5cm x 5cm (caderno) e 4cm x 1 cm (caneta) &#8211; <b><a href=\"https:\/\/api.whatsapp.com\/send?phone=551120477777&amp;text=Ol%C3%A1%20vim%20atrav%C3%A9s%20do%20site%20da%20Silkmix\">Envie sua arte aqui<\/a><\/b>\u00a0(Formato: Vetor ou PNG sem fundo) \u2013\u00a0<b><i>Aten\u00e7\u00e3o:\u00a0<\/i><\/b>O arquivo para personaliza\u00e7\u00e3o ser\u00e1 analisado podendo ser reprovado caso a qualidade interfira no resultado do produto.\u00a0\u00a0<\/em><\/p>","protected":false},"featured_media":1197,"template":"","meta":{"site-sidebar-layout":"default","site-content-layout":"","ast-site-content-layout":"default","site-content-style":"default","site-sidebar-style":"default","ast-global-header-display":"","ast-banner-title-visibility":"","ast-main-header-display":"","ast-hfb-above-header-display":"","ast-hfb-below-header-display":"","ast-hfb-mobile-header-display":"","site-post-title":"","ast-breadcrumbs-content":"","ast-featured-img":"","footer-sml-layout":"","theme-transparent-header-meta":"default","adv-header-id-meta":"","stick-header-meta":"","header-above-stick-meta":"","header-main-stick-meta":"","header-below-stick-meta":"","astra-migrate-meta-layouts":"set","ast-page-background-enabled":"default","ast-page-background-meta":{"desktop":{"background-color":"var(--ast-global-color-4)","background-image":"","background-repeat":"repeat","background-position":"center center","background-size":"auto","background-attachment":"scroll","background-type":"","background-media":"","overlay-type":"","overlay-color":"","overlay-opacity":"","overlay-gradient":""},"tablet":{"background-color":"","background-image":"","background-repeat":"repeat","background-position":"center center","background-size":"auto","background-attachment":"scroll","background-type":"","background-media":"","overlay-type":"","overlay-color":"","overlay-opacity":"","overlay-gradient":""},"mobile":{"background-color":"","background-image":"","background-repeat":"repeat","background-position":"center center","background-size":"auto","background-attachment":"scroll","background-type":"","background-media":"","overlay-type":"","overlay-color":"","overlay-opacity":"","overlay-gradient":""}},"ast-content-background-meta":{"desktop":{"background-color":"var(--ast-global-color-5)","background-image":"","background-repeat":"repeat","background-position":"center center","background-size":"auto","background-attachment":"scroll","background-type":"","background-media":"","overlay-type":"","overlay-color":"","overlay-opacity":"","overlay-gradient":""},"tablet":{"background-color":"var(--ast-global-color-5)","background-image":"","background-repeat":"repeat","background-position":"center center","background-size":"auto","background-attachment":"scroll","background-type":"","background-media":"","overlay-type":"","overlay-color":"","overlay-opacity":"","overlay-gradient":""},"mobile":{"background-color":"var(--ast-global-color-5)","background-image":"","background-repeat":"repeat","background-position":"center center","background-size":"auto","background-attachment":"scroll","background-type":"","background-media":"","overlay-type":"","overlay-color":"","overlay-opacity":"","overlay-gradient":""}}},"product_brand":[],"product_cat":[70,169],"product_tag":[122,123,51,117],"class_list":{"0":"post-1191","1":"product","2":"type-product","3":"status-publish","4":"has-post-thumbnail","6":"product_cat-caderno","7":"product_cat-brindes-personalizados-datas","8":"product_tag-caderno","9":"product_tag-caneta","10":"product_tag-escritorio","11":"product_tag-linha-ecologica","12":"desktop-align-left","13":"tablet-align-left","14":"mobile-align-left","16":"first","17":"instock","18":"shipping-taxable","19":"purchasable","20":"product-type-variable"},"yoast_head":"<!-- This site is optimized with the Yoast SEO plugin v27.4 - https:\/\/yoast.com\/product\/yoast-seo-wordpress\/ -->\n<title>Caderno Ecol\u00f3gico com Caneta \u2022 Personalizado - Silk Mix<\/title>\n<meta name=\"robots\" content=\"index, follow, max-snippet:-1, max-image-preview:large, max-video-preview:-1\" \/>\n<link rel=\"canonical\" href=\"https:\/\/silkmix.com.br\/en\/product\/caderno-ecologico-com-caneta-personalizado-copia\/\" \/>\n<meta property=\"og:locale\" content=\"en_US\" \/>\n<meta property=\"og:type\" content=\"article\" \/>\n<meta property=\"og:title\" content=\"Caderno Ecol\u00f3gico com Caneta \u2022 Personalizado - Silk Mix\" \/>\n<meta property=\"og:description\" content=\"Caderno pautado em material sustent\u00e1vel com caneta. Pedido m\u00ednimo: 50 pe\u00e7as - Arte: 5cm x 5cm (caderno) e 4cm x 1 cm (caneta) - Envie sua arte aqui\u00a0(Formato: Vetor ou PNG sem fundo) \u2013\u00a0Aten\u00e7\u00e3o:\u00a0O arquivo para personaliza\u00e7\u00e3o ser\u00e1 analisado podendo ser reprovado caso a qualidade interfira no resultado do produto.\u00a0\u00a0\" \/>\n<meta property=\"og:url\" content=\"https:\/\/silkmix.com.br\/en\/product\/caderno-ecologico-com-caneta-personalizado-copia\/\" \/>\n<meta property=\"og:site_name\" content=\"Silk Mix\" \/>\n<meta property=\"article:modified_time\" content=\"2025-09-11T17:51:21+00:00\" \/>\n<meta property=\"og:image\" content=\"https:\/\/silkmix.com.br\/wp-content\/uploads\/2025\/05\/1-8.png\" \/>\n\t<meta property=\"og:image:width\" content=\"1000\" \/>\n\t<meta property=\"og:image:height\" content=\"1000\" \/>\n\t<meta property=\"og:image:type\" content=\"image\/png\" \/>\n<meta name=\"twitter:card\" content=\"summary_large_image\" \/>\n<meta name=\"twitter:label1\" content=\"Est. reading time\" \/>\n\t<meta name=\"twitter:data1\" content=\"1 minute\" \/>\n<script type=\"application\/ld+json\" class=\"yoast-schema-graph\">{\"@context\":\"https:\\\/\\\/schema.org\",\"@graph\":[{\"@type\":\"WebPage\",\"@id\":\"https:\\\/\\\/silkmix.com.br\\\/produto\\\/caderno-ecologico-com-caneta-personalizado-copia\\\/\",\"url\":\"https:\\\/\\\/silkmix.com.br\\\/produto\\\/caderno-ecologico-com-caneta-personalizado-copia\\\/\",\"name\":\"Caderno Ecol\u00f3gico com Caneta \u2022 Personalizado - Silk Mix\",\"isPartOf\":{\"@id\":\"https:\\\/\\\/silkmix.com.br\\\/#website\"},\"primaryImageOfPage\":{\"@id\":\"https:\\\/\\\/silkmix.com.br\\\/produto\\\/caderno-ecologico-com-caneta-personalizado-copia\\\/#primaryimage\"},\"image\":{\"@id\":\"https:\\\/\\\/silkmix.com.br\\\/produto\\\/caderno-ecologico-com-caneta-personalizado-copia\\\/#primaryimage\"},\"thumbnailUrl\":\"https:\\\/\\\/silkmix.com.br\\\/wp-content\\\/uploads\\\/2025\\\/05\\\/1-8.png\",\"datePublished\":\"2025-05-30T20:21:40+00:00\",\"dateModified\":\"2025-09-11T17:51:21+00:00\",\"breadcrumb\":{\"@id\":\"https:\\\/\\\/silkmix.com.br\\\/produto\\\/caderno-ecologico-com-caneta-personalizado-copia\\\/#breadcrumb\"},\"inLanguage\":\"en-US\",\"potentialAction\":[{\"@type\":\"ReadAction\",\"target\":[\"https:\\\/\\\/silkmix.com.br\\\/produto\\\/caderno-ecologico-com-caneta-personalizado-copia\\\/\"]}]},{\"@type\":\"ImageObject\",\"inLanguage\":\"en-US\",\"@id\":\"https:\\\/\\\/silkmix.com.br\\\/produto\\\/caderno-ecologico-com-caneta-personalizado-copia\\\/#primaryimage\",\"url\":\"https:\\\/\\\/silkmix.com.br\\\/wp-content\\\/uploads\\\/2025\\\/05\\\/1-8.png\",\"contentUrl\":\"https:\\\/\\\/silkmix.com.br\\\/wp-content\\\/uploads\\\/2025\\\/05\\\/1-8.png\",\"width\":1000,\"height\":1000},{\"@type\":\"BreadcrumbList\",\"@id\":\"https:\\\/\\\/silkmix.com.br\\\/produto\\\/caderno-ecologico-com-caneta-personalizado-copia\\\/#breadcrumb\",\"itemListElement\":[{\"@type\":\"ListItem\",\"position\":1,\"name\":\"In\u00edcio\",\"item\":\"https:\\\/\\\/silkmix.com.br\\\/\"},{\"@type\":\"ListItem\",\"position\":2,\"name\":\"Produtos\",\"item\":\"https:\\\/\\\/silkmix.com.br\\\/produtos\\\/\"},{\"@type\":\"ListItem\",\"position\":3,\"name\":\"Caderno Ecol\u00f3gico com Caneta \u2022 Personalizado\"}]},{\"@type\":\"WebSite\",\"@id\":\"https:\\\/\\\/silkmix.com.br\\\/#website\",\"url\":\"https:\\\/\\\/silkmix.com.br\\\/\",\"name\":\"Silk Mix\",\"description\":\"\",\"publisher\":{\"@id\":\"https:\\\/\\\/silkmix.com.br\\\/#organization\"},\"potentialAction\":[{\"@type\":\"SearchAction\",\"target\":{\"@type\":\"EntryPoint\",\"urlTemplate\":\"https:\\\/\\\/silkmix.com.br\\\/?s={search_term_string}\"},\"query-input\":{\"@type\":\"PropertyValueSpecification\",\"valueRequired\":true,\"valueName\":\"search_term_string\"}}],\"inLanguage\":\"en-US\"},{\"@type\":\"Organization\",\"@id\":\"https:\\\/\\\/silkmix.com.br\\\/#organization\",\"name\":\"Silk Mix\",\"url\":\"https:\\\/\\\/silkmix.com.br\\\/\",\"logo\":{\"@type\":\"ImageObject\",\"inLanguage\":\"en-US\",\"@id\":\"https:\\\/\\\/silkmix.com.br\\\/#\\\/schema\\\/logo\\\/image\\\/\",\"url\":\"https:\\\/\\\/silkmix.com.br\\\/wp-content\\\/uploads\\\/2024\\\/04\\\/logo-silkmix-svg.svg\",\"contentUrl\":\"https:\\\/\\\/silkmix.com.br\\\/wp-content\\\/uploads\\\/2024\\\/04\\\/logo-silkmix-svg.svg\",\"width\":238,\"height\":238,\"caption\":\"Silk Mix\"},\"image\":{\"@id\":\"https:\\\/\\\/silkmix.com.br\\\/#\\\/schema\\\/logo\\\/image\\\/\"}}]}<\/script>\n<!-- \/ Yoast SEO plugin. -->","yoast_head_json":{"title":"Caderno Ecol\u00f3gico com Caneta \u2022 Personalizado - Silk Mix","robots":{"index":"index","follow":"follow","max-snippet":"max-snippet:-1","max-image-preview":"max-image-preview:large","max-video-preview":"max-video-preview:-1"},"canonical":"https:\/\/silkmix.com.br\/en\/product\/caderno-ecologico-com-caneta-personalizado-copia\/","og_locale":"en_US","og_type":"article","og_title":"Caderno Ecol\u00f3gico com Caneta \u2022 Personalizado - Silk Mix","og_description":"Caderno pautado em material sustent\u00e1vel com caneta. Pedido m\u00ednimo: 50 pe\u00e7as - Arte: 5cm x 5cm (caderno) e 4cm x 1 cm (caneta) - Envie sua arte aqui\u00a0(Formato: Vetor ou PNG sem fundo) \u2013\u00a0Aten\u00e7\u00e3o:\u00a0O arquivo para personaliza\u00e7\u00e3o ser\u00e1 analisado podendo ser reprovado caso a qualidade interfira no resultado do produto.\u00a0\u00a0","og_url":"https:\/\/silkmix.com.br\/en\/product\/caderno-ecologico-com-caneta-personalizado-copia\/","og_site_name":"Silk Mix","article_modified_time":"2025-09-11T17:51:21+00:00","og_image":[{"width":1000,"height":1000,"url":"https:\/\/silkmix.com.br\/wp-content\/uploads\/2025\/05\/1-8.png","type":"image\/png"}],"twitter_card":"summary_large_image","twitter_misc":{"Est. reading time":"1 minute"},"schema":{"@context":"https:\/\/schema.org","@graph":[{"@type":"WebPage","@id":"https:\/\/silkmix.com.br\/produto\/caderno-ecologico-com-caneta-personalizado-copia\/","url":"https:\/\/silkmix.com.br\/produto\/caderno-ecologico-com-caneta-personalizado-copia\/","name":"Caderno Ecol\u00f3gico com Caneta \u2022 Personalizado - Silk Mix","isPartOf":{"@id":"https:\/\/silkmix.com.br\/#website"},"primaryImageOfPage":{"@id":"https:\/\/silkmix.com.br\/produto\/caderno-ecologico-com-caneta-personalizado-copia\/#primaryimage"},"image":{"@id":"https:\/\/silkmix.com.br\/produto\/caderno-ecologico-com-caneta-personalizado-copia\/#primaryimage"},"thumbnailUrl":"https:\/\/silkmix.com.br\/wp-content\/uploads\/2025\/05\/1-8.png","datePublished":"2025-05-30T20:21:40+00:00","dateModified":"2025-09-11T17:51:21+00:00","breadcrumb":{"@id":"https:\/\/silkmix.com.br\/produto\/caderno-ecologico-com-caneta-personalizado-copia\/#breadcrumb"},"inLanguage":"en-US","potentialAction":[{"@type":"ReadAction","target":["https:\/\/silkmix.com.br\/produto\/caderno-ecologico-com-caneta-personalizado-copia\/"]}]},{"@type":"ImageObject","inLanguage":"en-US","@id":"https:\/\/silkmix.com.br\/produto\/caderno-ecologico-com-caneta-personalizado-copia\/#primaryimage","url":"https:\/\/silkmix.com.br\/wp-content\/uploads\/2025\/05\/1-8.png","contentUrl":"https:\/\/silkmix.com.br\/wp-content\/uploads\/2025\/05\/1-8.png","width":1000,"height":1000},{"@type":"BreadcrumbList","@id":"https:\/\/silkmix.com.br\/produto\/caderno-ecologico-com-caneta-personalizado-copia\/#breadcrumb","itemListElement":[{"@type":"ListItem","position":1,"name":"In\u00edcio","item":"https:\/\/silkmix.com.br\/"},{"@type":"ListItem","position":2,"name":"Produtos","item":"https:\/\/silkmix.com.br\/produtos\/"},{"@type":"ListItem","position":3,"name":"Caderno Ecol\u00f3gico com Caneta \u2022 Personalizado"}]},{"@type":"WebSite","@id":"https:\/\/silkmix.com.br\/#website","url":"https:\/\/silkmix.com.br\/","name":"Silk Mix","description":"","publisher":{"@id":"https:\/\/silkmix.com.br\/#organization"},"potentialAction":[{"@type":"SearchAction","target":{"@type":"EntryPoint","urlTemplate":"https:\/\/silkmix.com.br\/?s={search_term_string}"},"query-input":{"@type":"PropertyValueSpecification","valueRequired":true,"valueName":"search_term_string"}}],"inLanguage":"en-US"},{"@type":"Organization","@id":"https:\/\/silkmix.com.br\/#organization","name":"Silk Mix","url":"https:\/\/silkmix.com.br\/","logo":{"@type":"ImageObject","inLanguage":"en-US","@id":"https:\/\/silkmix.com.br\/#\/schema\/logo\/image\/","url":"https:\/\/silkmix.com.br\/wp-content\/uploads\/2024\/04\/logo-silkmix-svg.svg","contentUrl":"https:\/\/silkmix.com.br\/wp-content\/uploads\/2024\/04\/logo-silkmix-svg.svg","width":238,"height":238,"caption":"Silk Mix"},"image":{"@id":"https:\/\/silkmix.com.br\/#\/schema\/logo\/image\/"}}]}},"_links":{"self":[{"href":"https:\/\/silkmix.com.br\/en\/wp-json\/wp\/v2\/product\/1191","targetHints":{"allow":["GET"]}}],"collection":[{"href":"https:\/\/silkmix.com.br\/en\/wp-json\/wp\/v2\/product"}],"about":[{"href":"https:\/\/silkmix.com.br\/en\/wp-json\/wp\/v2\/types\/product"}],"wp:featuredmedia":[{"embeddable":true,"href":"https:\/\/silkmix.com.br\/en\/wp-json\/wp\/v2\/media\/1197"}],"wp:attachment":[{"href":"https:\/\/silkmix.com.br\/en\/wp-json\/wp\/v2\/media?parent=1191"}],"wp:term":[{"taxonomy":"product_brand","embeddable":true,"href":"https:\/\/silkmix.com.br\/en\/wp-json\/wp\/v2\/product_brand?post=1191"},{"taxonomy":"product_cat","embeddable":true,"href":"https:\/\/silkmix.com.br\/en\/wp-json\/wp\/v2\/product_cat?post=1191"},{"taxonomy":"product_tag","embeddable":true,"href":"https:\/\/silkmix.com.br\/en\/wp-json\/wp\/v2\/product_tag?post=1191"}],"curies":[{"name":"wp","href":"https:\/\/api.w.org\/{rel}","templated":true}]}}