{"id":1216,"date":"2025-06-02T11:20:35","date_gmt":"2025-06-02T14:20:35","guid":{"rendered":"https:\/\/silkmix.com.br\/?post_type=product&#038;p=1216"},"modified":"2025-09-11T14:51:21","modified_gmt":"2025-09-11T17:51:21","slug":"bloco-de-anotacoes-com-caneta","status":"publish","type":"product","link":"https:\/\/silkmix.com.br\/en\/product\/bloco-de-anotacoes-com-caneta\/","title":{"rendered":"Bloco de anota\u00e7\u00f5es com Caneta &#8211; Sustent\u00e1vel &#8211; Personalizado"},"content":{"rendered":"<p class=\"produto-nome\"><span style=\"font-size: 16px;\">Suas anota\u00e7\u00f5es ficam muito mais pr\u00e1ticas com esse bloco de anota\u00e7\u00f5es pautado que acompanha caneta. Feito em material sustent\u00e1vel \u00e9 o kit perfeito para uso em escrit\u00f3rios ou como brinde.<\/span><\/p>\n<ul>\n<li><strong>Material:<\/strong> kraft (caderno e corpo da caneta) e pl\u00e1stico (ponta e fundo da caneta)<\/li>\n<li><strong>Cores:<\/strong> Arte: 5cm DTF &#8211; \u00a0<a href=\"https:\/\/api.whatsapp.com\/send?phone=551120477777&amp;text=Ol%C3%A1%20vim%20atrav%C3%A9s%20do%20site%20da%20Silkmix\"><b>Envie sua arte aqui<\/b><\/a>\u00a0(Formato: Vetor ou PNG sem fundo)<\/li>\n<li><strong>Acabamento:<\/strong> Encaderna\u00e7\u00e3o espiral dupla, suporte para a caneta e 70 folhas brancas pautadas. Caneta esferogr\u00e1fica de carga azul de 1,0 mm e clip com acionamento em clique.<\/li>\n<li>Atacado: a partir de 100 pe\u00e7as<\/li>\n<li><strong>Extras:<\/strong>\u00a0Servi\u00e7o de cria\u00e7\u00e3o de arte e layout dispon\u00edvel mediante consulta.<\/li>\n<li><strong>Prazo de Produ\u00e7\u00e3o:<\/strong>\u00a03 a 5 dias \u00fateis<\/li>\n<\/ul>\n<p>Ideal para brindes corporativos e em feiras, eventos, etc.<\/p>\n<p>Conhe\u00e7a nossa linha de escrit\u00f3rio:<a href=\"https:\/\/silkmix.com.br\/en\/produtos\/categoria-escritorio\/\">https:\/\/silkmix.com.br\/produtos\/categoria-escritorio<\/a><\/p>\n<p>Procurando itens para brinde? Veja aqui:\u00a0<a href=\"https:\/\/silkmix.com.br\/en\/produtos\/categorias-brindes-personalizados\/\">https:\/\/silkmix.com.br\/produtos\/categorias-brindes-personalizados<\/a><\/p>\n<p><strong>Aten\u00e7\u00e3o:<\/strong>\u00a0<em>Analisamos<\/em>\u00a0o<em> arquivo para personaliza\u00e7\u00e3o do cord\u00e3o sipat podendo reprov\u00e1-lo caso a qualidade interfira no resultado do produto.\u00a0<\/em><\/p>\n<p>Validamos o\u00a0<strong>prazo de produ\u00e7\u00e3o<\/strong>\u00a0<strong>apenas<\/strong>\u00a0ap\u00f3s a aprova\u00e7\u00e3o do modelo de arte (layout)<\/p>","protected":false},"excerpt":{"rendered":"<p><strong>Bloco de anota\u00e7\u00f5es pautado com caneta esferogr\u00e1fica azul em kraft &#8211; <\/strong><em>Arte: DTF \u2013 Tamanho m\u00e1ximo 5 cm \u2013<a href=\"https:\/\/api.whatsapp.com\/send?phone=551120477777&amp;text=Ol%C3%A1%20vim%20atrav%C3%A9s%20do%20site%20da%20Silkmix\">Envie sua arte aqui<\/a>(Formato: Vetor ou PNG sem fundo) \u2013Aten\u00e7\u00e3o:\u00a0O arquivo para personaliza\u00e7\u00e3o ser\u00e1 analisado podendo ser reprovado caso a qualidade interfira no resultado do produto.<\/em><\/p>","protected":false},"featured_media":1223,"template":"","meta":{"site-sidebar-layout":"default","site-content-layout":"","ast-site-content-layout":"default","site-content-style":"default","site-sidebar-style":"default","ast-global-header-display":"","ast-banner-title-visibility":"","ast-main-header-display":"","ast-hfb-above-header-display":"","ast-hfb-below-header-display":"","ast-hfb-mobile-header-display":"","site-post-title":"","ast-breadcrumbs-content":"","ast-featured-img":"","footer-sml-layout":"","theme-transparent-header-meta":"default","adv-header-id-meta":"","stick-header-meta":"","header-above-stick-meta":"","header-main-stick-meta":"","header-below-stick-meta":"","astra-migrate-meta-layouts":"set","ast-page-background-enabled":"default","ast-page-background-meta":{"desktop":{"background-color":"var(--ast-global-color-4)","background-image":"","background-repeat":"repeat","background-position":"center center","background-size":"auto","background-attachment":"scroll","background-type":"","background-media":"","overlay-type":"","overlay-color":"","overlay-opacity":"","overlay-gradient":""},"tablet":{"background-color":"","background-image":"","background-repeat":"repeat","background-position":"center center","background-size":"auto","background-attachment":"scroll","background-type":"","background-media":"","overlay-type":"","overlay-color":"","overlay-opacity":"","overlay-gradient":""},"mobile":{"background-color":"","background-image":"","background-repeat":"repeat","background-position":"center center","background-size":"auto","background-attachment":"scroll","background-type":"","background-media":"","overlay-type":"","overlay-color":"","overlay-opacity":"","overlay-gradient":""}},"ast-content-background-meta":{"desktop":{"background-color":"var(--ast-global-color-5)","background-image":"","background-repeat":"repeat","background-position":"center center","background-size":"auto","background-attachment":"scroll","background-type":"","background-media":"","overlay-type":"","overlay-color":"","overlay-opacity":"","overlay-gradient":""},"tablet":{"background-color":"var(--ast-global-color-5)","background-image":"","background-repeat":"repeat","background-position":"center center","background-size":"auto","background-attachment":"scroll","background-type":"","background-media":"","overlay-type":"","overlay-color":"","overlay-opacity":"","overlay-gradient":""},"mobile":{"background-color":"var(--ast-global-color-5)","background-image":"","background-repeat":"repeat","background-position":"center center","background-size":"auto","background-attachment":"scroll","background-type":"","background-media":"","overlay-type":"","overlay-color":"","overlay-opacity":"","overlay-gradient":""}}},"product_brand":[],"product_cat":[69,127,169,49,63,138],"product_tag":[126,51,117],"class_list":{"0":"post-1216","1":"product","2":"type-product","3":"status-publish","4":"has-post-thumbnail","6":"product_cat-bloco-de-anotacoes","7":"product_cat-brindes-personalizados","8":"product_cat-brindes-personalizados-datas","9":"product_cat-escritorio","10":"product_cat-linha-ecologica","11":"product_cat-linha-sipat","12":"product_tag-bloco-de-anotacoes","13":"product_tag-escritorio","14":"product_tag-linha-ecologica","15":"desktop-align-left","16":"tablet-align-left","17":"mobile-align-left","19":"first","20":"instock","21":"shipping-taxable","22":"purchasable","23":"product-type-variable"},"yoast_head":"<!-- This site is optimized with the Yoast SEO plugin v27.4 - https:\/\/yoast.com\/product\/yoast-seo-wordpress\/ -->\n<title>Bloco de anota\u00e7\u00f5es com Caneta - Sustent\u00e1vel - Personalizado - Silk Mix<\/title>\n<meta name=\"description\" content=\"Bloco de anota\u00e7\u00f5es com caneta. Feito em material sustent\u00e1vel \u00e9 o kit perfeito para uso em escrit\u00f3rios ou como brinde.\" \/>\n<meta name=\"robots\" content=\"index, follow, max-snippet:-1, max-image-preview:large, max-video-preview:-1\" \/>\n<link rel=\"canonical\" href=\"https:\/\/silkmix.com.br\/en\/product\/bloco-de-anotacoes-com-caneta\/\" \/>\n<meta property=\"og:locale\" content=\"en_US\" \/>\n<meta property=\"og:type\" content=\"article\" \/>\n<meta property=\"og:title\" content=\"Bloco de anota\u00e7\u00f5es com Caneta - Sustent\u00e1vel - Personalizado - Silk Mix\" \/>\n<meta property=\"og:description\" content=\"Bloco de anota\u00e7\u00f5es com caneta. Feito em material sustent\u00e1vel \u00e9 o kit perfeito para uso em escrit\u00f3rios ou como brinde.\" \/>\n<meta property=\"og:url\" content=\"https:\/\/silkmix.com.br\/en\/product\/bloco-de-anotacoes-com-caneta\/\" \/>\n<meta property=\"og:site_name\" content=\"Silk Mix\" \/>\n<meta property=\"article:modified_time\" content=\"2025-09-11T17:51:21+00:00\" \/>\n<meta property=\"og:image\" content=\"https:\/\/silkmix.com.br\/wp-content\/uploads\/2025\/06\/1.png\" \/>\n\t<meta property=\"og:image:width\" content=\"1000\" \/>\n\t<meta property=\"og:image:height\" content=\"1000\" \/>\n\t<meta property=\"og:image:type\" content=\"image\/png\" \/>\n<meta name=\"twitter:card\" content=\"summary_large_image\" \/>\n<meta name=\"twitter:label1\" content=\"Est. reading time\" \/>\n\t<meta name=\"twitter:data1\" content=\"2 minutes\" \/>\n<script type=\"application\/ld+json\" class=\"yoast-schema-graph\">{\"@context\":\"https:\\\/\\\/schema.org\",\"@graph\":[{\"@type\":\"WebPage\",\"@id\":\"https:\\\/\\\/silkmix.com.br\\\/produto\\\/bloco-de-anotacoes-com-caneta\\\/\",\"url\":\"https:\\\/\\\/silkmix.com.br\\\/produto\\\/bloco-de-anotacoes-com-caneta\\\/\",\"name\":\"Bloco de anota\u00e7\u00f5es com Caneta - Sustent\u00e1vel - Personalizado - Silk Mix\",\"isPartOf\":{\"@id\":\"https:\\\/\\\/silkmix.com.br\\\/#website\"},\"primaryImageOfPage\":{\"@id\":\"https:\\\/\\\/silkmix.com.br\\\/produto\\\/bloco-de-anotacoes-com-caneta\\\/#primaryimage\"},\"image\":{\"@id\":\"https:\\\/\\\/silkmix.com.br\\\/produto\\\/bloco-de-anotacoes-com-caneta\\\/#primaryimage\"},\"thumbnailUrl\":\"https:\\\/\\\/silkmix.com.br\\\/wp-content\\\/uploads\\\/2025\\\/06\\\/1.png\",\"datePublished\":\"2025-06-02T14:20:35+00:00\",\"dateModified\":\"2025-09-11T17:51:21+00:00\",\"description\":\"Bloco de anota\u00e7\u00f5es com caneta. Feito em material sustent\u00e1vel \u00e9 o kit perfeito para uso em escrit\u00f3rios ou como brinde.\",\"breadcrumb\":{\"@id\":\"https:\\\/\\\/silkmix.com.br\\\/produto\\\/bloco-de-anotacoes-com-caneta\\\/#breadcrumb\"},\"inLanguage\":\"en-US\",\"potentialAction\":[{\"@type\":\"ReadAction\",\"target\":[\"https:\\\/\\\/silkmix.com.br\\\/produto\\\/bloco-de-anotacoes-com-caneta\\\/\"]}]},{\"@type\":\"ImageObject\",\"inLanguage\":\"en-US\",\"@id\":\"https:\\\/\\\/silkmix.com.br\\\/produto\\\/bloco-de-anotacoes-com-caneta\\\/#primaryimage\",\"url\":\"https:\\\/\\\/silkmix.com.br\\\/wp-content\\\/uploads\\\/2025\\\/06\\\/1.png\",\"contentUrl\":\"https:\\\/\\\/silkmix.com.br\\\/wp-content\\\/uploads\\\/2025\\\/06\\\/1.png\",\"width\":1000,\"height\":1000},{\"@type\":\"BreadcrumbList\",\"@id\":\"https:\\\/\\\/silkmix.com.br\\\/produto\\\/bloco-de-anotacoes-com-caneta\\\/#breadcrumb\",\"itemListElement\":[{\"@type\":\"ListItem\",\"position\":1,\"name\":\"In\u00edcio\",\"item\":\"https:\\\/\\\/silkmix.com.br\\\/\"},{\"@type\":\"ListItem\",\"position\":2,\"name\":\"Produtos\",\"item\":\"https:\\\/\\\/silkmix.com.br\\\/produtos\\\/\"},{\"@type\":\"ListItem\",\"position\":3,\"name\":\"Bloco de anota\u00e7\u00f5es com Caneta &#8211; Sustent\u00e1vel &#8211; Personalizado\"}]},{\"@type\":\"WebSite\",\"@id\":\"https:\\\/\\\/silkmix.com.br\\\/#website\",\"url\":\"https:\\\/\\\/silkmix.com.br\\\/\",\"name\":\"Silk Mix\",\"description\":\"\",\"publisher\":{\"@id\":\"https:\\\/\\\/silkmix.com.br\\\/#organization\"},\"potentialAction\":[{\"@type\":\"SearchAction\",\"target\":{\"@type\":\"EntryPoint\",\"urlTemplate\":\"https:\\\/\\\/silkmix.com.br\\\/?s={search_term_string}\"},\"query-input\":{\"@type\":\"PropertyValueSpecification\",\"valueRequired\":true,\"valueName\":\"search_term_string\"}}],\"inLanguage\":\"en-US\"},{\"@type\":\"Organization\",\"@id\":\"https:\\\/\\\/silkmix.com.br\\\/#organization\",\"name\":\"Silk Mix\",\"url\":\"https:\\\/\\\/silkmix.com.br\\\/\",\"logo\":{\"@type\":\"ImageObject\",\"inLanguage\":\"en-US\",\"@id\":\"https:\\\/\\\/silkmix.com.br\\\/#\\\/schema\\\/logo\\\/image\\\/\",\"url\":\"https:\\\/\\\/silkmix.com.br\\\/wp-content\\\/uploads\\\/2024\\\/04\\\/logo-silkmix-svg.svg\",\"contentUrl\":\"https:\\\/\\\/silkmix.com.br\\\/wp-content\\\/uploads\\\/2024\\\/04\\\/logo-silkmix-svg.svg\",\"width\":238,\"height\":238,\"caption\":\"Silk Mix\"},\"image\":{\"@id\":\"https:\\\/\\\/silkmix.com.br\\\/#\\\/schema\\\/logo\\\/image\\\/\"}}]}<\/script>\n<!-- \/ Yoast SEO plugin. -->","yoast_head_json":{"title":"Bloco de anota\u00e7\u00f5es com Caneta - Sustent\u00e1vel - Personalizado - Silk Mix","description":"Bloco de anota\u00e7\u00f5es com caneta. Feito em material sustent\u00e1vel \u00e9 o kit perfeito para uso em escrit\u00f3rios ou como brinde.","robots":{"index":"index","follow":"follow","max-snippet":"max-snippet:-1","max-image-preview":"max-image-preview:large","max-video-preview":"max-video-preview:-1"},"canonical":"https:\/\/silkmix.com.br\/en\/product\/bloco-de-anotacoes-com-caneta\/","og_locale":"en_US","og_type":"article","og_title":"Bloco de anota\u00e7\u00f5es com Caneta - Sustent\u00e1vel - Personalizado - Silk Mix","og_description":"Bloco de anota\u00e7\u00f5es com caneta. Feito em material sustent\u00e1vel \u00e9 o kit perfeito para uso em escrit\u00f3rios ou como brinde.","og_url":"https:\/\/silkmix.com.br\/en\/product\/bloco-de-anotacoes-com-caneta\/","og_site_name":"Silk Mix","article_modified_time":"2025-09-11T17:51:21+00:00","og_image":[{"width":1000,"height":1000,"url":"https:\/\/silkmix.com.br\/wp-content\/uploads\/2025\/06\/1.png","type":"image\/png"}],"twitter_card":"summary_large_image","twitter_misc":{"Est. reading time":"2 minutes"},"schema":{"@context":"https:\/\/schema.org","@graph":[{"@type":"WebPage","@id":"https:\/\/silkmix.com.br\/produto\/bloco-de-anotacoes-com-caneta\/","url":"https:\/\/silkmix.com.br\/produto\/bloco-de-anotacoes-com-caneta\/","name":"Bloco de anota\u00e7\u00f5es com Caneta - Sustent\u00e1vel - Personalizado - Silk Mix","isPartOf":{"@id":"https:\/\/silkmix.com.br\/#website"},"primaryImageOfPage":{"@id":"https:\/\/silkmix.com.br\/produto\/bloco-de-anotacoes-com-caneta\/#primaryimage"},"image":{"@id":"https:\/\/silkmix.com.br\/produto\/bloco-de-anotacoes-com-caneta\/#primaryimage"},"thumbnailUrl":"https:\/\/silkmix.com.br\/wp-content\/uploads\/2025\/06\/1.png","datePublished":"2025-06-02T14:20:35+00:00","dateModified":"2025-09-11T17:51:21+00:00","description":"Bloco de anota\u00e7\u00f5es com caneta. Feito em material sustent\u00e1vel \u00e9 o kit perfeito para uso em escrit\u00f3rios ou como brinde.","breadcrumb":{"@id":"https:\/\/silkmix.com.br\/produto\/bloco-de-anotacoes-com-caneta\/#breadcrumb"},"inLanguage":"en-US","potentialAction":[{"@type":"ReadAction","target":["https:\/\/silkmix.com.br\/produto\/bloco-de-anotacoes-com-caneta\/"]}]},{"@type":"ImageObject","inLanguage":"en-US","@id":"https:\/\/silkmix.com.br\/produto\/bloco-de-anotacoes-com-caneta\/#primaryimage","url":"https:\/\/silkmix.com.br\/wp-content\/uploads\/2025\/06\/1.png","contentUrl":"https:\/\/silkmix.com.br\/wp-content\/uploads\/2025\/06\/1.png","width":1000,"height":1000},{"@type":"BreadcrumbList","@id":"https:\/\/silkmix.com.br\/produto\/bloco-de-anotacoes-com-caneta\/#breadcrumb","itemListElement":[{"@type":"ListItem","position":1,"name":"In\u00edcio","item":"https:\/\/silkmix.com.br\/"},{"@type":"ListItem","position":2,"name":"Produtos","item":"https:\/\/silkmix.com.br\/produtos\/"},{"@type":"ListItem","position":3,"name":"Bloco de anota\u00e7\u00f5es com Caneta &#8211; Sustent\u00e1vel &#8211; Personalizado"}]},{"@type":"WebSite","@id":"https:\/\/silkmix.com.br\/#website","url":"https:\/\/silkmix.com.br\/","name":"Silk Mix","description":"","publisher":{"@id":"https:\/\/silkmix.com.br\/#organization"},"potentialAction":[{"@type":"SearchAction","target":{"@type":"EntryPoint","urlTemplate":"https:\/\/silkmix.com.br\/?s={search_term_string}"},"query-input":{"@type":"PropertyValueSpecification","valueRequired":true,"valueName":"search_term_string"}}],"inLanguage":"en-US"},{"@type":"Organization","@id":"https:\/\/silkmix.com.br\/#organization","name":"Silk Mix","url":"https:\/\/silkmix.com.br\/","logo":{"@type":"ImageObject","inLanguage":"en-US","@id":"https:\/\/silkmix.com.br\/#\/schema\/logo\/image\/","url":"https:\/\/silkmix.com.br\/wp-content\/uploads\/2024\/04\/logo-silkmix-svg.svg","contentUrl":"https:\/\/silkmix.com.br\/wp-content\/uploads\/2024\/04\/logo-silkmix-svg.svg","width":238,"height":238,"caption":"Silk Mix"},"image":{"@id":"https:\/\/silkmix.com.br\/#\/schema\/logo\/image\/"}}]}},"_links":{"self":[{"href":"https:\/\/silkmix.com.br\/en\/wp-json\/wp\/v2\/product\/1216","targetHints":{"allow":["GET"]}}],"collection":[{"href":"https:\/\/silkmix.com.br\/en\/wp-json\/wp\/v2\/product"}],"about":[{"href":"https:\/\/silkmix.com.br\/en\/wp-json\/wp\/v2\/types\/product"}],"wp:featuredmedia":[{"embeddable":true,"href":"https:\/\/silkmix.com.br\/en\/wp-json\/wp\/v2\/media\/1223"}],"wp:attachment":[{"href":"https:\/\/silkmix.com.br\/en\/wp-json\/wp\/v2\/media?parent=1216"}],"wp:term":[{"taxonomy":"product_brand","embeddable":true,"href":"https:\/\/silkmix.com.br\/en\/wp-json\/wp\/v2\/product_brand?post=1216"},{"taxonomy":"product_cat","embeddable":true,"href":"https:\/\/silkmix.com.br\/en\/wp-json\/wp\/v2\/product_cat?post=1216"},{"taxonomy":"product_tag","embeddable":true,"href":"https:\/\/silkmix.com.br\/en\/wp-json\/wp\/v2\/product_tag?post=1216"}],"curies":[{"name":"wp","href":"https:\/\/api.w.org\/{rel}","templated":true}]}}