{"id":1315,"date":"2025-06-04T15:19:39","date_gmt":"2025-06-04T18:19:39","guid":{"rendered":"https:\/\/silkmix.com.br\/?post_type=product&#038;p=1315"},"modified":"2025-09-03T17:24:55","modified_gmt":"2025-09-03T20:24:55","slug":"cardapio-manual-01-lado","status":"publish","type":"product","link":"https:\/\/silkmix.com.br\/en\/product\/cardapio-manual-01-lado\/","title":{"rendered":"Card\u00e1pio Manual \u2022 Personalizado &#8211; 01 lado"},"content":{"rendered":"<p>Card\u00e1pio Manual \u00e9 a op\u00e7\u00e3o perfeita para a visualiza\u00e7\u00e3o dos produto dos seu estabelecimento.\u00a0 Confeccionado estilo A4 em PS adesivado apenas um lado garante melhor comunica\u00e7\u00e3o entre voc\u00ea e seus clientes.<\/p>\n<p>Pode ser fixado no estabelecimento, deixado diretamente sobre as mesas ou balc\u00e3o ou em uma prancheta. Ideal para <strong>bares<\/strong>, <strong>restaurantes<\/strong>, <strong>pizzarias<\/strong>, <strong>padarias<\/strong>, <strong>adegas<\/strong> e <strong>tabacarias<\/strong>, etc.<\/p>\n<p>Material que protege seu menu de avarias com l\u00edquidos.<\/p>\n<p><span style=\"font-weight: 400;\">Buscando brinde personalizado para restaurantes?<\/span><a href=\"https:\/\/silkmix.com.br\/en\/product\/chaveiro-pizza-com-abridor\/\"> <span style=\"font-weight: 400;\">https:\/\/silkmix.com.br\/produto\/chaveiro-pizza-com-abridor\/<\/span><\/a><\/p>\n<p><b>Observa\u00e7\u00f5es:<\/b><\/p>\n<p><span style=\"font-weight: 400;\">Vendas a partir de 01 pe\u00e7a<\/span><\/p>\n<p><b>Imagens ilustrativas<\/b><span style=\"font-weight: 400;\"> apenas para visualiza\u00e7\u00e3o. Personaliza\u00e7\u00e3o de acordo com a arte enviada por solicitante.<\/span><\/p>\n<p><b>Detalhes do Produto:<\/b><\/p>\n<ul>\n<li><strong>Formato:<\/strong> Tamanho A4 <span style=\"font-weight: 400;\">20x30cm<\/span><\/li>\n<li><strong>Material:<\/strong> PS 1mm Adesivado<\/li>\n<li><strong>Personaliza\u00e7\u00e3o:<\/strong> Impress\u00e3o 4\u00d74 para cores vivas &#8211; <b><a href=\"https:\/\/api.whatsapp.com\/send?phone=551120477777&amp;text=Ol%C3%A1%20vim%20atrav%C3%A9s%20do%20site%20da%20Silkmix\">Envie sua arte aqui\u00a0<\/a>&#8211;\u00a0<\/b><i><span style=\"font-weight: 400;\">Formato: Vetor ou PNG sem fundo) \u2013 <\/span><\/i><b><i>Aten\u00e7\u00e3o: <\/i><\/b><i><span style=\"font-weight: 400;\">O arquivo ser\u00e1 analisado de acordo com nosso manual podendo ser reprovado caso a qualidade interfira no resultado do produto.\u00a0<\/span><\/i><\/li>\n<li><b>Extras:<\/b><span style=\"font-weight: 400;\"> Servi\u00e7o de cria\u00e7\u00e3o de arte e layout dispon\u00edvel mediante consulta.<\/span><\/li>\n<li style=\"font-weight: 400;\" aria-level=\"1\"><b>Prazo de Produ\u00e7\u00e3o:<\/b><span style=\"font-weight: 400;\"> 3 a 5 dias \u00fateis<\/span><\/li>\n<\/ul>\n<p>Ideal para bares, danceterias, restaurantes, lanchonetes, tabacarias, etc.<\/p>\n<p><b>Produ\u00e7\u00e3o e prazos:<\/b><\/p>\n<p><b>Aten\u00e7\u00e3o:<\/b> <i><span style=\"font-weight: 400;\">Analisamos<\/span><\/i><span style=\"font-weight: 400;\"> o<\/span><i><span style=\"font-weight: 400;\"> arquivo para personaliza\u00e7\u00e3o de acordo com nosso manual podendo reprov\u00e1-lo caso a qualidade interfira no resultado do produto.<\/span><\/i><\/p>\n<p><span style=\"font-weight: 400;\">Ap\u00f3s o pagamento, nosso setor de arte final encaminha o modelo (layout) para aprova\u00e7\u00e3o final ou corre\u00e7\u00f5es no email ou whatsapp cadastrados.<\/span><\/p>\n<p><i><span style=\"font-weight: 400;\">Validamos o <\/span><\/i><b><i>prazo de produ\u00e7\u00e3o<\/i><\/b> <b><i>apenas<\/i><\/b><i><span style=\"font-weight: 400;\"> ap\u00f3s a aprova\u00e7\u00e3o do modelo de arte (layout) por essa raz\u00e3o \u00e9 necess\u00e1rio conferir sempre email e whatsapp.<\/span><\/i><\/p>\n<p><span style=\"font-weight: 400;\">D\u00favidas sobre a personaliza\u00e7\u00e3o do item? Ent\u00e3o consulte:<\/span><a href=\"https:\/\/silkmix.com.br\/en\/manual-de-personalizacao\/\"><span style=\"font-weight: 400;\"> https:\/\/silkmix.com.br\/manual-de-personalizacao\/<\/span><\/a><\/p>","protected":false},"excerpt":{"rendered":"<p><strong>Card\u00e1pio Manual A4 em PS adesivado &#8211; <\/strong><a href=\"https:\/\/api.whatsapp.com\/send?phone=551120477777&amp;text=Ol%C3%A1%20vim%20atrav%C3%A9s%20do%20site%20da%20Silkmix\">Envie sua arte aqui <\/a><em>(Formato: Vetor ou PNG sem fundo) \u2013 <\/em><i>Aten\u00e7\u00e3o:\u00a0<\/i><em>O arquivo para personaliza\u00e7\u00e3o ser\u00e1 analisado podendo ser reprovado caso a qualidade interfira no resultado do produto.<\/em><\/p>","protected":false},"featured_media":1319,"template":"","meta":{"site-sidebar-layout":"default","site-content-layout":"","ast-site-content-layout":"default","site-content-style":"default","site-sidebar-style":"default","ast-global-header-display":"","ast-banner-title-visibility":"","ast-main-header-display":"","ast-hfb-above-header-display":"","ast-hfb-below-header-display":"","ast-hfb-mobile-header-display":"","site-post-title":"","ast-breadcrumbs-content":"","ast-featured-img":"","footer-sml-layout":"","theme-transparent-header-meta":"default","adv-header-id-meta":"","stick-header-meta":"","header-above-stick-meta":"","header-main-stick-meta":"","header-below-stick-meta":"","astra-migrate-meta-layouts":"set","ast-page-background-enabled":"default","ast-page-background-meta":{"desktop":{"background-color":"var(--ast-global-color-4)","background-image":"","background-repeat":"repeat","background-position":"center center","background-size":"auto","background-attachment":"scroll","background-type":"","background-media":"","overlay-type":"","overlay-color":"","overlay-opacity":"","overlay-gradient":""},"tablet":{"background-color":"","background-image":"","background-repeat":"repeat","background-position":"center center","background-size":"auto","background-attachment":"scroll","background-type":"","background-media":"","overlay-type":"","overlay-color":"","overlay-opacity":"","overlay-gradient":""},"mobile":{"background-color":"","background-image":"","background-repeat":"repeat","background-position":"center center","background-size":"auto","background-attachment":"scroll","background-type":"","background-media":"","overlay-type":"","overlay-color":"","overlay-opacity":"","overlay-gradient":""}},"ast-content-background-meta":{"desktop":{"background-color":"var(--ast-global-color-5)","background-image":"","background-repeat":"repeat","background-position":"center center","background-size":"auto","background-attachment":"scroll","background-type":"","background-media":"","overlay-type":"","overlay-color":"","overlay-opacity":"","overlay-gradient":""},"tablet":{"background-color":"var(--ast-global-color-5)","background-image":"","background-repeat":"repeat","background-position":"center center","background-size":"auto","background-attachment":"scroll","background-type":"","background-media":"","overlay-type":"","overlay-color":"","overlay-opacity":"","overlay-gradient":""},"mobile":{"background-color":"var(--ast-global-color-5)","background-image":"","background-repeat":"repeat","background-position":"center center","background-size":"auto","background-attachment":"scroll","background-type":"","background-media":"","overlay-type":"","overlay-color":"","overlay-opacity":"","overlay-gradient":""}}},"product_brand":[],"product_cat":[27,141],"product_tag":[120,76,75,77,78,80],"class_list":{"0":"post-1315","1":"product","2":"type-product","3":"status-publish","4":"has-post-thumbnail","6":"product_cat-cardapios","7":"product_cat-comunicao-visual","8":"product_tag-adega","9":"product_tag-bar","10":"product_tag-cardapio","11":"product_tag-lanchonete","12":"product_tag-restaurante","13":"product_tag-tabacaria","14":"desktop-align-left","15":"tablet-align-left","16":"mobile-align-left","18":"first","19":"instock","20":"shipping-taxable","21":"purchasable","22":"product-type-simple"},"yoast_head":"<!-- This site is optimized with the Yoast SEO plugin v27.5 - https:\/\/yoast.com\/product\/yoast-seo-wordpress\/ -->\n<title>Card\u00e1pio Manual \u2022 Personalizado - 01 lado - Silk Mix<\/title>\n<meta name=\"description\" content=\"Card\u00e1pio manual tamanho A4 em PS adesivado que protege seu material contra avarias. Ideal para bares, restaurantes, tabacarias, hot\u00e9is, etc.\" \/>\n<meta name=\"robots\" content=\"index, follow, max-snippet:-1, max-image-preview:large, max-video-preview:-1\" \/>\n<link rel=\"canonical\" href=\"https:\/\/silkmix.com.br\/en\/product\/cardapio-manual-01-lado\/\" \/>\n<meta property=\"og:locale\" content=\"en_US\" \/>\n<meta property=\"og:type\" content=\"article\" \/>\n<meta property=\"og:title\" content=\"Card\u00e1pio Manual \u2022 Personalizado - 01 lado - Silk Mix\" \/>\n<meta property=\"og:description\" content=\"Card\u00e1pio manual tamanho A4 em PS adesivado que protege seu material contra avarias. Ideal para bares, restaurantes, tabacarias, hot\u00e9is, etc.\" \/>\n<meta property=\"og:url\" content=\"https:\/\/silkmix.com.br\/en\/product\/cardapio-manual-01-lado\/\" \/>\n<meta property=\"og:site_name\" content=\"Silk Mix\" \/>\n<meta property=\"article:modified_time\" content=\"2025-09-03T20:24:55+00:00\" \/>\n<meta property=\"og:image\" content=\"https:\/\/silkmix.com.br\/wp-content\/uploads\/2025\/06\/Cardapio3-2.png\" \/>\n\t<meta property=\"og:image:width\" content=\"433\" \/>\n\t<meta property=\"og:image:height\" content=\"577\" \/>\n\t<meta property=\"og:image:type\" content=\"image\/png\" \/>\n<meta name=\"twitter:card\" content=\"summary_large_image\" \/>\n<meta name=\"twitter:label1\" content=\"Est. reading time\" \/>\n\t<meta name=\"twitter:data1\" content=\"2 minutes\" \/>\n<script type=\"application\/ld+json\" class=\"yoast-schema-graph\">{\"@context\":\"https:\\\/\\\/schema.org\",\"@graph\":[{\"@type\":\"WebPage\",\"@id\":\"https:\\\/\\\/silkmix.com.br\\\/produto\\\/cardapio-manual-01-lado\\\/\",\"url\":\"https:\\\/\\\/silkmix.com.br\\\/produto\\\/cardapio-manual-01-lado\\\/\",\"name\":\"Card\u00e1pio Manual \u2022 Personalizado - 01 lado - Silk Mix\",\"isPartOf\":{\"@id\":\"https:\\\/\\\/silkmix.com.br\\\/#website\"},\"primaryImageOfPage\":{\"@id\":\"https:\\\/\\\/silkmix.com.br\\\/produto\\\/cardapio-manual-01-lado\\\/#primaryimage\"},\"image\":{\"@id\":\"https:\\\/\\\/silkmix.com.br\\\/produto\\\/cardapio-manual-01-lado\\\/#primaryimage\"},\"thumbnailUrl\":\"https:\\\/\\\/silkmix.com.br\\\/wp-content\\\/uploads\\\/2025\\\/06\\\/Cardapio3-2.png\",\"datePublished\":\"2025-06-04T18:19:39+00:00\",\"dateModified\":\"2025-09-03T20:24:55+00:00\",\"description\":\"Card\u00e1pio manual tamanho A4 em PS adesivado que protege seu material contra avarias. Ideal para bares, restaurantes, tabacarias, hot\u00e9is, etc.\",\"breadcrumb\":{\"@id\":\"https:\\\/\\\/silkmix.com.br\\\/produto\\\/cardapio-manual-01-lado\\\/#breadcrumb\"},\"inLanguage\":\"en-US\",\"potentialAction\":[{\"@type\":\"ReadAction\",\"target\":[\"https:\\\/\\\/silkmix.com.br\\\/produto\\\/cardapio-manual-01-lado\\\/\"]}]},{\"@type\":\"ImageObject\",\"inLanguage\":\"en-US\",\"@id\":\"https:\\\/\\\/silkmix.com.br\\\/produto\\\/cardapio-manual-01-lado\\\/#primaryimage\",\"url\":\"https:\\\/\\\/silkmix.com.br\\\/wp-content\\\/uploads\\\/2025\\\/06\\\/Cardapio3-2.png\",\"contentUrl\":\"https:\\\/\\\/silkmix.com.br\\\/wp-content\\\/uploads\\\/2025\\\/06\\\/Cardapio3-2.png\",\"width\":433,\"height\":577},{\"@type\":\"BreadcrumbList\",\"@id\":\"https:\\\/\\\/silkmix.com.br\\\/produto\\\/cardapio-manual-01-lado\\\/#breadcrumb\",\"itemListElement\":[{\"@type\":\"ListItem\",\"position\":1,\"name\":\"In\u00edcio\",\"item\":\"https:\\\/\\\/silkmix.com.br\\\/\"},{\"@type\":\"ListItem\",\"position\":2,\"name\":\"Produtos\",\"item\":\"https:\\\/\\\/silkmix.com.br\\\/produtos\\\/\"},{\"@type\":\"ListItem\",\"position\":3,\"name\":\"Card\u00e1pio Manual \u2022 Personalizado &#8211; 01 lado\"}]},{\"@type\":\"WebSite\",\"@id\":\"https:\\\/\\\/silkmix.com.br\\\/#website\",\"url\":\"https:\\\/\\\/silkmix.com.br\\\/\",\"name\":\"Silk Mix\",\"description\":\"\",\"publisher\":{\"@id\":\"https:\\\/\\\/silkmix.com.br\\\/#organization\"},\"potentialAction\":[{\"@type\":\"SearchAction\",\"target\":{\"@type\":\"EntryPoint\",\"urlTemplate\":\"https:\\\/\\\/silkmix.com.br\\\/?s={search_term_string}\"},\"query-input\":{\"@type\":\"PropertyValueSpecification\",\"valueRequired\":true,\"valueName\":\"search_term_string\"}}],\"inLanguage\":\"en-US\"},{\"@type\":\"Organization\",\"@id\":\"https:\\\/\\\/silkmix.com.br\\\/#organization\",\"name\":\"Silk Mix\",\"url\":\"https:\\\/\\\/silkmix.com.br\\\/\",\"logo\":{\"@type\":\"ImageObject\",\"inLanguage\":\"en-US\",\"@id\":\"https:\\\/\\\/silkmix.com.br\\\/#\\\/schema\\\/logo\\\/image\\\/\",\"url\":\"https:\\\/\\\/silkmix.com.br\\\/wp-content\\\/uploads\\\/2024\\\/04\\\/logo-silkmix-svg.svg\",\"contentUrl\":\"https:\\\/\\\/silkmix.com.br\\\/wp-content\\\/uploads\\\/2024\\\/04\\\/logo-silkmix-svg.svg\",\"width\":238,\"height\":238,\"caption\":\"Silk Mix\"},\"image\":{\"@id\":\"https:\\\/\\\/silkmix.com.br\\\/#\\\/schema\\\/logo\\\/image\\\/\"}}]}<\/script>\n<!-- \/ Yoast SEO plugin. -->","yoast_head_json":{"title":"Card\u00e1pio Manual \u2022 Personalizado - 01 lado - Silk Mix","description":"Card\u00e1pio manual tamanho A4 em PS adesivado que protege seu material contra avarias. Ideal para bares, restaurantes, tabacarias, hot\u00e9is, etc.","robots":{"index":"index","follow":"follow","max-snippet":"max-snippet:-1","max-image-preview":"max-image-preview:large","max-video-preview":"max-video-preview:-1"},"canonical":"https:\/\/silkmix.com.br\/en\/product\/cardapio-manual-01-lado\/","og_locale":"en_US","og_type":"article","og_title":"Card\u00e1pio Manual \u2022 Personalizado - 01 lado - Silk Mix","og_description":"Card\u00e1pio manual tamanho A4 em PS adesivado que protege seu material contra avarias. Ideal para bares, restaurantes, tabacarias, hot\u00e9is, etc.","og_url":"https:\/\/silkmix.com.br\/en\/product\/cardapio-manual-01-lado\/","og_site_name":"Silk Mix","article_modified_time":"2025-09-03T20:24:55+00:00","og_image":[{"width":433,"height":577,"url":"https:\/\/silkmix.com.br\/wp-content\/uploads\/2025\/06\/Cardapio3-2.png","type":"image\/png"}],"twitter_card":"summary_large_image","twitter_misc":{"Est. reading time":"2 minutes"},"schema":{"@context":"https:\/\/schema.org","@graph":[{"@type":"WebPage","@id":"https:\/\/silkmix.com.br\/produto\/cardapio-manual-01-lado\/","url":"https:\/\/silkmix.com.br\/produto\/cardapio-manual-01-lado\/","name":"Card\u00e1pio Manual \u2022 Personalizado - 01 lado - Silk Mix","isPartOf":{"@id":"https:\/\/silkmix.com.br\/#website"},"primaryImageOfPage":{"@id":"https:\/\/silkmix.com.br\/produto\/cardapio-manual-01-lado\/#primaryimage"},"image":{"@id":"https:\/\/silkmix.com.br\/produto\/cardapio-manual-01-lado\/#primaryimage"},"thumbnailUrl":"https:\/\/silkmix.com.br\/wp-content\/uploads\/2025\/06\/Cardapio3-2.png","datePublished":"2025-06-04T18:19:39+00:00","dateModified":"2025-09-03T20:24:55+00:00","description":"Card\u00e1pio manual tamanho A4 em PS adesivado que protege seu material contra avarias. Ideal para bares, restaurantes, tabacarias, hot\u00e9is, etc.","breadcrumb":{"@id":"https:\/\/silkmix.com.br\/produto\/cardapio-manual-01-lado\/#breadcrumb"},"inLanguage":"en-US","potentialAction":[{"@type":"ReadAction","target":["https:\/\/silkmix.com.br\/produto\/cardapio-manual-01-lado\/"]}]},{"@type":"ImageObject","inLanguage":"en-US","@id":"https:\/\/silkmix.com.br\/produto\/cardapio-manual-01-lado\/#primaryimage","url":"https:\/\/silkmix.com.br\/wp-content\/uploads\/2025\/06\/Cardapio3-2.png","contentUrl":"https:\/\/silkmix.com.br\/wp-content\/uploads\/2025\/06\/Cardapio3-2.png","width":433,"height":577},{"@type":"BreadcrumbList","@id":"https:\/\/silkmix.com.br\/produto\/cardapio-manual-01-lado\/#breadcrumb","itemListElement":[{"@type":"ListItem","position":1,"name":"In\u00edcio","item":"https:\/\/silkmix.com.br\/"},{"@type":"ListItem","position":2,"name":"Produtos","item":"https:\/\/silkmix.com.br\/produtos\/"},{"@type":"ListItem","position":3,"name":"Card\u00e1pio Manual \u2022 Personalizado &#8211; 01 lado"}]},{"@type":"WebSite","@id":"https:\/\/silkmix.com.br\/#website","url":"https:\/\/silkmix.com.br\/","name":"Silk Mix","description":"","publisher":{"@id":"https:\/\/silkmix.com.br\/#organization"},"potentialAction":[{"@type":"SearchAction","target":{"@type":"EntryPoint","urlTemplate":"https:\/\/silkmix.com.br\/?s={search_term_string}"},"query-input":{"@type":"PropertyValueSpecification","valueRequired":true,"valueName":"search_term_string"}}],"inLanguage":"en-US"},{"@type":"Organization","@id":"https:\/\/silkmix.com.br\/#organization","name":"Silk Mix","url":"https:\/\/silkmix.com.br\/","logo":{"@type":"ImageObject","inLanguage":"en-US","@id":"https:\/\/silkmix.com.br\/#\/schema\/logo\/image\/","url":"https:\/\/silkmix.com.br\/wp-content\/uploads\/2024\/04\/logo-silkmix-svg.svg","contentUrl":"https:\/\/silkmix.com.br\/wp-content\/uploads\/2024\/04\/logo-silkmix-svg.svg","width":238,"height":238,"caption":"Silk Mix"},"image":{"@id":"https:\/\/silkmix.com.br\/#\/schema\/logo\/image\/"}}]}},"_links":{"self":[{"href":"https:\/\/silkmix.com.br\/en\/wp-json\/wp\/v2\/product\/1315","targetHints":{"allow":["GET"]}}],"collection":[{"href":"https:\/\/silkmix.com.br\/en\/wp-json\/wp\/v2\/product"}],"about":[{"href":"https:\/\/silkmix.com.br\/en\/wp-json\/wp\/v2\/types\/product"}],"wp:featuredmedia":[{"embeddable":true,"href":"https:\/\/silkmix.com.br\/en\/wp-json\/wp\/v2\/media\/1319"}],"wp:attachment":[{"href":"https:\/\/silkmix.com.br\/en\/wp-json\/wp\/v2\/media?parent=1315"}],"wp:term":[{"taxonomy":"product_brand","embeddable":true,"href":"https:\/\/silkmix.com.br\/en\/wp-json\/wp\/v2\/product_brand?post=1315"},{"taxonomy":"product_cat","embeddable":true,"href":"https:\/\/silkmix.com.br\/en\/wp-json\/wp\/v2\/product_cat?post=1315"},{"taxonomy":"product_tag","embeddable":true,"href":"https:\/\/silkmix.com.br\/en\/wp-json\/wp\/v2\/product_tag?post=1315"}],"curies":[{"name":"wp","href":"https:\/\/api.w.org\/{rel}","templated":true}]}}