{"id":1553,"date":"2025-06-09T16:07:54","date_gmt":"2025-06-09T19:07:54","guid":{"rendered":"https:\/\/silkmix.com.br\/?post_type=product&#038;p=1553"},"modified":"2025-06-25T14:46:52","modified_gmt":"2025-06-25T17:46:52","slug":"camisa-polo-masculina-branca","status":"publish","type":"product","link":"https:\/\/silkmix.com.br\/en\/product\/camisa-polo-masculina-branca\/","title":{"rendered":"@Camisa Polo Masculina Branca \u2022 Personalizado"},"content":{"rendered":"<p>A camisa polo apresenta versatilidade e por seu conforto \u00e9 uma op\u00e7\u00e3o sofisticada para uso em empresas, eventos, times, faculdades e no dia a dia.<\/p>\n<ul>\n<li><b>Material: <\/b>Malha Piqu\u00e9<\/li>\n<li><b>Tamanho:\u00a0<\/b>P \/ M\/ G \/ GG \/ EXG<\/li>\n<li><strong>Detalhes<\/strong>: Gola em punho, 3 a 4 bot\u00f5es, manga curta<\/li>\n<li><strong>Medidas para a arte:<\/strong> 9cm (peito esquerdo) \/ At\u00e9 A4 (costas) em DTF &#8211;\u00a0<a href=\"https:\/\/api.whatsapp.com\/send?phone=551120477777&amp;text=Ol%C3%A1%20vim%20atrav%C3%A9s%20do%20site%20da%20Silkmix\"><b>Envie sua arte aqui<\/b><\/a>\u00a0(Formato: Vetor ou PNG sem fundo)<\/li>\n<li><strong>Extras:<\/strong>\u00a0Servi\u00e7o de cria\u00e7\u00e3o de arte e layout dispon\u00edvel mediante consulta.<\/li>\n<li><strong>Prazo de Produ\u00e7\u00e3o:<\/strong>\u00a03 a 5 dias \u00fateis<\/li>\n<\/ul>\n<p>Ideal para uniformes, grupos acad\u00eamicos ou esportivos e eventos.<\/p>\n<p><strong>Aten\u00e7\u00e3o:\u00a0<\/strong>O arquivo para personaliza\u00e7\u00e3o ser\u00e1 analisado podendo ser reprovado caso a qualidade interfira no resultado do produto.<\/p>\n<p>O\u00a0<strong>prazo de produ\u00e7\u00e3o<\/strong>\u00a0come\u00e7a a ser contado apenas ap\u00f3s a aprova\u00e7\u00e3o do modelo de arte (layout).<\/p>","protected":false},"excerpt":{"rendered":"<p><strong>Camisa Polo Branca em Malha Piquet com bot\u00f5es e gola em punho &#8211; <\/strong><i>Arte: Silk Digital (DTF) \u2013 Tamanhos m\u00e1ximos 9cm (peito esquerdo) \/ At<\/i><i>\u00e9 A4 (costas)<\/i><i> <\/i><strong><i>\u2013<\/i><b><a href=\"https:\/\/api.whatsapp.com\/send?phone=551120477777&amp;text=Ol%C3%A1%20vim%20atrav%C3%A9s%20do%20site%20da%20Silkmix\">Envie sua arte aqui <\/a><\/b><\/strong><em>(Formato: Vetor ou PNG sem fundo) \u2013 <\/em><strong><i>Aten\u00e7\u00e3o:\u00a0<\/i><\/strong><em>O arquivo para personaliza\u00e7\u00e3o ser\u00e1 analisado podendo ser reprovado caso a qualidade interfira no resultado do produto.<\/em><\/p>\n<p>&nbsp;<\/p>\n<p>&nbsp;<\/p>","protected":false},"featured_media":1743,"template":"","meta":{"site-sidebar-layout":"default","site-content-layout":"","ast-site-content-layout":"default","site-content-style":"default","site-sidebar-style":"default","ast-global-header-display":"","ast-banner-title-visibility":"","ast-main-header-display":"","ast-hfb-above-header-display":"","ast-hfb-below-header-display":"","ast-hfb-mobile-header-display":"","site-post-title":"","ast-breadcrumbs-content":"","ast-featured-img":"","footer-sml-layout":"","theme-transparent-header-meta":"default","adv-header-id-meta":"","stick-header-meta":"","header-above-stick-meta":"","header-main-stick-meta":"","header-below-stick-meta":"","astra-migrate-meta-layouts":"set","ast-page-background-enabled":"default","ast-page-background-meta":{"desktop":{"background-color":"var(--ast-global-color-4)","background-image":"","background-repeat":"repeat","background-position":"center center","background-size":"auto","background-attachment":"scroll","background-type":"","background-media":"","overlay-type":"","overlay-color":"","overlay-opacity":"","overlay-gradient":""},"tablet":{"background-color":"","background-image":"","background-repeat":"repeat","background-position":"center center","background-size":"auto","background-attachment":"scroll","background-type":"","background-media":"","overlay-type":"","overlay-color":"","overlay-opacity":"","overlay-gradient":""},"mobile":{"background-color":"","background-image":"","background-repeat":"repeat","background-position":"center center","background-size":"auto","background-attachment":"scroll","background-type":"","background-media":"","overlay-type":"","overlay-color":"","overlay-opacity":"","overlay-gradient":""}},"ast-content-background-meta":{"desktop":{"background-color":"var(--ast-global-color-5)","background-image":"","background-repeat":"repeat","background-position":"center center","background-size":"auto","background-attachment":"scroll","background-type":"","background-media":"","overlay-type":"","overlay-color":"","overlay-opacity":"","overlay-gradient":""},"tablet":{"background-color":"var(--ast-global-color-5)","background-image":"","background-repeat":"repeat","background-position":"center center","background-size":"auto","background-attachment":"scroll","background-type":"","background-media":"","overlay-type":"","overlay-color":"","overlay-opacity":"","overlay-gradient":""},"mobile":{"background-color":"var(--ast-global-color-5)","background-image":"","background-repeat":"repeat","background-position":"center center","background-size":"auto","background-attachment":"scroll","background-type":"","background-media":"","overlay-type":"","overlay-color":"","overlay-opacity":"","overlay-gradient":""}}},"product_brand":[],"product_cat":[150,82],"product_tag":[],"class_list":{"0":"post-1553","1":"product","2":"type-product","3":"status-publish","4":"has-post-thumbnail","6":"product_cat-categoria-camisa-polo","7":"product_cat-vestuarios-e-uniformes","8":"desktop-align-left","9":"tablet-align-left","10":"mobile-align-left","12":"first","13":"instock","14":"shipping-taxable","15":"purchasable","16":"product-type-variable"},"yoast_head":"<!-- This site is optimized with the Yoast SEO plugin v27.4 - https:\/\/yoast.com\/product\/yoast-seo-wordpress\/ -->\n<title>@Camisa Polo Masculina Branca \u2022 Personalizado - Silk Mix<\/title>\n<meta name=\"description\" content=\"Camisa Polo Masculina em Malha Pique personalizada em DTF (Frente 9cm - Costas A4). Ideal para uniformes em empresas e eventos. Impress\u00e3o em DTF.\" \/>\n<meta name=\"robots\" content=\"index, follow, max-snippet:-1, max-image-preview:large, max-video-preview:-1\" \/>\n<link rel=\"canonical\" href=\"https:\/\/silkmix.com.br\/en\/product\/camisa-polo-masculina-branca\/\" \/>\n<meta property=\"og:locale\" content=\"en_US\" \/>\n<meta property=\"og:type\" content=\"article\" \/>\n<meta property=\"og:title\" content=\"@Camisa Polo Masculina Branca \u2022 Personalizado - Silk Mix\" \/>\n<meta property=\"og:description\" content=\"Camisa Polo Masculina em Malha Pique personalizada em DTF (Frente 9cm - Costas A4). Ideal para uniformes em empresas e eventos. Impress\u00e3o em DTF.\" \/>\n<meta property=\"og:url\" content=\"https:\/\/silkmix.com.br\/en\/product\/camisa-polo-masculina-branca\/\" \/>\n<meta property=\"og:site_name\" content=\"Silk Mix\" \/>\n<meta property=\"article:modified_time\" content=\"2025-06-25T17:46:52+00:00\" \/>\n<meta property=\"og:image\" content=\"https:\/\/silkmix.com.br\/wp-content\/uploads\/2025\/06\/Polo.png\" \/>\n\t<meta property=\"og:image:width\" content=\"382\" \/>\n\t<meta property=\"og:image:height\" content=\"408\" \/>\n\t<meta property=\"og:image:type\" content=\"image\/png\" \/>\n<meta name=\"twitter:card\" content=\"summary_large_image\" \/>\n<meta name=\"twitter:label1\" content=\"Est. reading time\" \/>\n\t<meta name=\"twitter:data1\" content=\"1 minute\" \/>\n<script type=\"application\/ld+json\" class=\"yoast-schema-graph\">{\"@context\":\"https:\\\/\\\/schema.org\",\"@graph\":[{\"@type\":\"WebPage\",\"@id\":\"https:\\\/\\\/silkmix.com.br\\\/produto\\\/camisa-polo-masculina-branca\\\/\",\"url\":\"https:\\\/\\\/silkmix.com.br\\\/produto\\\/camisa-polo-masculina-branca\\\/\",\"name\":\"@Camisa Polo Masculina Branca \u2022 Personalizado - Silk Mix\",\"isPartOf\":{\"@id\":\"https:\\\/\\\/silkmix.com.br\\\/#website\"},\"primaryImageOfPage\":{\"@id\":\"https:\\\/\\\/silkmix.com.br\\\/produto\\\/camisa-polo-masculina-branca\\\/#primaryimage\"},\"image\":{\"@id\":\"https:\\\/\\\/silkmix.com.br\\\/produto\\\/camisa-polo-masculina-branca\\\/#primaryimage\"},\"thumbnailUrl\":\"https:\\\/\\\/silkmix.com.br\\\/wp-content\\\/uploads\\\/2025\\\/06\\\/Polo.png\",\"datePublished\":\"2025-06-09T19:07:54+00:00\",\"dateModified\":\"2025-06-25T17:46:52+00:00\",\"description\":\"Camisa Polo Masculina em Malha Pique personalizada em DTF (Frente 9cm - Costas A4). Ideal para uniformes em empresas e eventos. Impress\u00e3o em DTF.\",\"breadcrumb\":{\"@id\":\"https:\\\/\\\/silkmix.com.br\\\/produto\\\/camisa-polo-masculina-branca\\\/#breadcrumb\"},\"inLanguage\":\"en-US\",\"potentialAction\":[{\"@type\":\"ReadAction\",\"target\":[\"https:\\\/\\\/silkmix.com.br\\\/produto\\\/camisa-polo-masculina-branca\\\/\"]}]},{\"@type\":\"ImageObject\",\"inLanguage\":\"en-US\",\"@id\":\"https:\\\/\\\/silkmix.com.br\\\/produto\\\/camisa-polo-masculina-branca\\\/#primaryimage\",\"url\":\"https:\\\/\\\/silkmix.com.br\\\/wp-content\\\/uploads\\\/2025\\\/06\\\/Polo.png\",\"contentUrl\":\"https:\\\/\\\/silkmix.com.br\\\/wp-content\\\/uploads\\\/2025\\\/06\\\/Polo.png\",\"width\":382,\"height\":408},{\"@type\":\"BreadcrumbList\",\"@id\":\"https:\\\/\\\/silkmix.com.br\\\/produto\\\/camisa-polo-masculina-branca\\\/#breadcrumb\",\"itemListElement\":[{\"@type\":\"ListItem\",\"position\":1,\"name\":\"In\u00edcio\",\"item\":\"https:\\\/\\\/silkmix.com.br\\\/\"},{\"@type\":\"ListItem\",\"position\":2,\"name\":\"Produtos\",\"item\":\"https:\\\/\\\/silkmix.com.br\\\/produtos\\\/\"},{\"@type\":\"ListItem\",\"position\":3,\"name\":\"@Camisa Polo Masculina Branca \u2022 Personalizado\"}]},{\"@type\":\"WebSite\",\"@id\":\"https:\\\/\\\/silkmix.com.br\\\/#website\",\"url\":\"https:\\\/\\\/silkmix.com.br\\\/\",\"name\":\"Silk Mix\",\"description\":\"\",\"publisher\":{\"@id\":\"https:\\\/\\\/silkmix.com.br\\\/#organization\"},\"potentialAction\":[{\"@type\":\"SearchAction\",\"target\":{\"@type\":\"EntryPoint\",\"urlTemplate\":\"https:\\\/\\\/silkmix.com.br\\\/?s={search_term_string}\"},\"query-input\":{\"@type\":\"PropertyValueSpecification\",\"valueRequired\":true,\"valueName\":\"search_term_string\"}}],\"inLanguage\":\"en-US\"},{\"@type\":\"Organization\",\"@id\":\"https:\\\/\\\/silkmix.com.br\\\/#organization\",\"name\":\"Silk Mix\",\"url\":\"https:\\\/\\\/silkmix.com.br\\\/\",\"logo\":{\"@type\":\"ImageObject\",\"inLanguage\":\"en-US\",\"@id\":\"https:\\\/\\\/silkmix.com.br\\\/#\\\/schema\\\/logo\\\/image\\\/\",\"url\":\"https:\\\/\\\/silkmix.com.br\\\/wp-content\\\/uploads\\\/2024\\\/04\\\/logo-silkmix-svg.svg\",\"contentUrl\":\"https:\\\/\\\/silkmix.com.br\\\/wp-content\\\/uploads\\\/2024\\\/04\\\/logo-silkmix-svg.svg\",\"width\":238,\"height\":238,\"caption\":\"Silk Mix\"},\"image\":{\"@id\":\"https:\\\/\\\/silkmix.com.br\\\/#\\\/schema\\\/logo\\\/image\\\/\"}}]}<\/script>\n<!-- \/ Yoast SEO plugin. -->","yoast_head_json":{"title":"@Camisa Polo Masculina Branca \u2022 Personalizado - Silk Mix","description":"Camisa Polo Masculina em Malha Pique personalizada em DTF (Frente 9cm - Costas A4). Ideal para uniformes em empresas e eventos. Impress\u00e3o em DTF.","robots":{"index":"index","follow":"follow","max-snippet":"max-snippet:-1","max-image-preview":"max-image-preview:large","max-video-preview":"max-video-preview:-1"},"canonical":"https:\/\/silkmix.com.br\/en\/product\/camisa-polo-masculina-branca\/","og_locale":"en_US","og_type":"article","og_title":"@Camisa Polo Masculina Branca \u2022 Personalizado - Silk Mix","og_description":"Camisa Polo Masculina em Malha Pique personalizada em DTF (Frente 9cm - Costas A4). Ideal para uniformes em empresas e eventos. Impress\u00e3o em DTF.","og_url":"https:\/\/silkmix.com.br\/en\/product\/camisa-polo-masculina-branca\/","og_site_name":"Silk Mix","article_modified_time":"2025-06-25T17:46:52+00:00","og_image":[{"width":382,"height":408,"url":"https:\/\/silkmix.com.br\/wp-content\/uploads\/2025\/06\/Polo.png","type":"image\/png"}],"twitter_card":"summary_large_image","twitter_misc":{"Est. reading time":"1 minute"},"schema":{"@context":"https:\/\/schema.org","@graph":[{"@type":"WebPage","@id":"https:\/\/silkmix.com.br\/produto\/camisa-polo-masculina-branca\/","url":"https:\/\/silkmix.com.br\/produto\/camisa-polo-masculina-branca\/","name":"@Camisa Polo Masculina Branca \u2022 Personalizado - Silk Mix","isPartOf":{"@id":"https:\/\/silkmix.com.br\/#website"},"primaryImageOfPage":{"@id":"https:\/\/silkmix.com.br\/produto\/camisa-polo-masculina-branca\/#primaryimage"},"image":{"@id":"https:\/\/silkmix.com.br\/produto\/camisa-polo-masculina-branca\/#primaryimage"},"thumbnailUrl":"https:\/\/silkmix.com.br\/wp-content\/uploads\/2025\/06\/Polo.png","datePublished":"2025-06-09T19:07:54+00:00","dateModified":"2025-06-25T17:46:52+00:00","description":"Camisa Polo Masculina em Malha Pique personalizada em DTF (Frente 9cm - Costas A4). Ideal para uniformes em empresas e eventos. Impress\u00e3o em DTF.","breadcrumb":{"@id":"https:\/\/silkmix.com.br\/produto\/camisa-polo-masculina-branca\/#breadcrumb"},"inLanguage":"en-US","potentialAction":[{"@type":"ReadAction","target":["https:\/\/silkmix.com.br\/produto\/camisa-polo-masculina-branca\/"]}]},{"@type":"ImageObject","inLanguage":"en-US","@id":"https:\/\/silkmix.com.br\/produto\/camisa-polo-masculina-branca\/#primaryimage","url":"https:\/\/silkmix.com.br\/wp-content\/uploads\/2025\/06\/Polo.png","contentUrl":"https:\/\/silkmix.com.br\/wp-content\/uploads\/2025\/06\/Polo.png","width":382,"height":408},{"@type":"BreadcrumbList","@id":"https:\/\/silkmix.com.br\/produto\/camisa-polo-masculina-branca\/#breadcrumb","itemListElement":[{"@type":"ListItem","position":1,"name":"In\u00edcio","item":"https:\/\/silkmix.com.br\/"},{"@type":"ListItem","position":2,"name":"Produtos","item":"https:\/\/silkmix.com.br\/produtos\/"},{"@type":"ListItem","position":3,"name":"@Camisa Polo Masculina Branca \u2022 Personalizado"}]},{"@type":"WebSite","@id":"https:\/\/silkmix.com.br\/#website","url":"https:\/\/silkmix.com.br\/","name":"Silk Mix","description":"","publisher":{"@id":"https:\/\/silkmix.com.br\/#organization"},"potentialAction":[{"@type":"SearchAction","target":{"@type":"EntryPoint","urlTemplate":"https:\/\/silkmix.com.br\/?s={search_term_string}"},"query-input":{"@type":"PropertyValueSpecification","valueRequired":true,"valueName":"search_term_string"}}],"inLanguage":"en-US"},{"@type":"Organization","@id":"https:\/\/silkmix.com.br\/#organization","name":"Silk Mix","url":"https:\/\/silkmix.com.br\/","logo":{"@type":"ImageObject","inLanguage":"en-US","@id":"https:\/\/silkmix.com.br\/#\/schema\/logo\/image\/","url":"https:\/\/silkmix.com.br\/wp-content\/uploads\/2024\/04\/logo-silkmix-svg.svg","contentUrl":"https:\/\/silkmix.com.br\/wp-content\/uploads\/2024\/04\/logo-silkmix-svg.svg","width":238,"height":238,"caption":"Silk Mix"},"image":{"@id":"https:\/\/silkmix.com.br\/#\/schema\/logo\/image\/"}}]}},"_links":{"self":[{"href":"https:\/\/silkmix.com.br\/en\/wp-json\/wp\/v2\/product\/1553","targetHints":{"allow":["GET"]}}],"collection":[{"href":"https:\/\/silkmix.com.br\/en\/wp-json\/wp\/v2\/product"}],"about":[{"href":"https:\/\/silkmix.com.br\/en\/wp-json\/wp\/v2\/types\/product"}],"wp:featuredmedia":[{"embeddable":true,"href":"https:\/\/silkmix.com.br\/en\/wp-json\/wp\/v2\/media\/1743"}],"wp:attachment":[{"href":"https:\/\/silkmix.com.br\/en\/wp-json\/wp\/v2\/media?parent=1553"}],"wp:term":[{"taxonomy":"product_brand","embeddable":true,"href":"https:\/\/silkmix.com.br\/en\/wp-json\/wp\/v2\/product_brand?post=1553"},{"taxonomy":"product_cat","embeddable":true,"href":"https:\/\/silkmix.com.br\/en\/wp-json\/wp\/v2\/product_cat?post=1553"},{"taxonomy":"product_tag","embeddable":true,"href":"https:\/\/silkmix.com.br\/en\/wp-json\/wp\/v2\/product_tag?post=1553"}],"curies":[{"name":"wp","href":"https:\/\/api.w.org\/{rel}","templated":true}]}}