{"id":1719,"date":"2025-06-10T09:15:56","date_gmt":"2025-06-10T12:15:56","guid":{"rendered":"https:\/\/silkmix.com.br\/?post_type=product&#038;p=1719"},"modified":"2025-06-25T12:53:43","modified_gmt":"2025-06-25T15:53:43","slug":"camiseta-infanto-juvenal-personalizada-meia-a4","status":"publish","type":"product","link":"https:\/\/silkmix.com.br\/en\/product\/camiseta-infanto-juvenal-personalizada-meia-a4\/","title":{"rendered":"@Camiseta Infanto-Juvenil Branca \u2022 Personalizada &#8211; MEIA A4"},"content":{"rendered":"<p>Camiseta em algod\u00e3o personalizada em DTF para crian\u00e7as e adolescentes.<\/p>\n<ul>\n<li><b>Material: <\/b>Algod\u00e3o<\/li>\n<li><b>Tamanho: <\/b>2 a 16 anos<\/li>\n<li><strong>Dimens\u00f5es:<\/strong> 9cm (peito esquerdo) \/ Meia A4 (costas) em Silk Digital (DTF) &#8211; <a href=\"https:\/\/api.whatsapp.com\/send?phone=551120477777&amp;text=Ol%C3%A1%20vim%20atrav%C3%A9s%20do%20site%20da%20Silkmix\"><b>Envie sua arte aqui<\/b><\/a>\u00a0(Formato: Vetor ou PNG sem fundo)<\/li>\n<li><strong>Extras:<\/strong>\u00a0Servi\u00e7o de cria\u00e7\u00e3o de arte e layout dispon\u00edvel mediante consulta.<\/li>\n<li><strong>Prazo de Produ\u00e7\u00e3o:<\/strong>\u00a03 a 5 dias \u00fateis<\/li>\n<\/ul>\n<p>Ideal para col\u00e9gios, grupos e times.<\/p>\n<p><strong>Aten\u00e7\u00e3o:\u00a0<\/strong>O arquivo para personaliza\u00e7\u00e3o ser\u00e1 analisado podendo ser reprovado caso a qualidade interfira no resultado do produto.<\/p>\n<p>O\u00a0<strong>prazo de produ\u00e7\u00e3o<\/strong>\u00a0come\u00e7a a ser contado apenas ap\u00f3s a aprova\u00e7\u00e3o do modelo de arte (layout).<\/p>","protected":false},"excerpt":{"rendered":"<p><strong>Camisa Polo Branca em Algod\u00e3o personalizada<\/strong><b><i>\u00a0\u2013\u00a0 <\/i><\/b><i>Arte: Tamanho m\u00e1ximo 9cm (peito esquerdo) \/ At\u00e9 A4 (costas) em Silk Digital (DTF) &#8211; <b><a href=\"https:\/\/api.whatsapp.com\/send?phone=551120477777&amp;text=Ol%C3%A1%20vim%20atrav%C3%A9s%20do%20site%20da%20Silkmix\">Envie sua arte aqui<\/a><\/b>\u00a0<em>(Formato: Vetor ou PNG sem fundo) \u2013<\/em>\u00a0<b>Aten\u00e7\u00e3o:\u00a0<\/b><em>O arquivo para personaliza\u00e7\u00e3o ser\u00e1 analisado podendo ser reprovado caso a qualidade interfira no resultado do produto.<\/em>\u00a0\u00a0<\/i><\/p>","protected":false},"featured_media":1850,"template":"","meta":{"site-sidebar-layout":"default","site-content-layout":"","ast-site-content-layout":"default","site-content-style":"default","site-sidebar-style":"default","ast-global-header-display":"","ast-banner-title-visibility":"","ast-main-header-display":"","ast-hfb-above-header-display":"","ast-hfb-below-header-display":"","ast-hfb-mobile-header-display":"","site-post-title":"","ast-breadcrumbs-content":"","ast-featured-img":"","footer-sml-layout":"","theme-transparent-header-meta":"default","adv-header-id-meta":"","stick-header-meta":"","header-above-stick-meta":"","header-main-stick-meta":"","header-below-stick-meta":"","astra-migrate-meta-layouts":"set","ast-page-background-enabled":"default","ast-page-background-meta":{"desktop":{"background-color":"var(--ast-global-color-4)","background-image":"","background-repeat":"repeat","background-position":"center center","background-size":"auto","background-attachment":"scroll","background-type":"","background-media":"","overlay-type":"","overlay-color":"","overlay-opacity":"","overlay-gradient":""},"tablet":{"background-color":"","background-image":"","background-repeat":"repeat","background-position":"center center","background-size":"auto","background-attachment":"scroll","background-type":"","background-media":"","overlay-type":"","overlay-color":"","overlay-opacity":"","overlay-gradient":""},"mobile":{"background-color":"","background-image":"","background-repeat":"repeat","background-position":"center center","background-size":"auto","background-attachment":"scroll","background-type":"","background-media":"","overlay-type":"","overlay-color":"","overlay-opacity":"","overlay-gradient":""}},"ast-content-background-meta":{"desktop":{"background-color":"var(--ast-global-color-5)","background-image":"","background-repeat":"repeat","background-position":"center center","background-size":"auto","background-attachment":"scroll","background-type":"","background-media":"","overlay-type":"","overlay-color":"","overlay-opacity":"","overlay-gradient":""},"tablet":{"background-color":"var(--ast-global-color-5)","background-image":"","background-repeat":"repeat","background-position":"center center","background-size":"auto","background-attachment":"scroll","background-type":"","background-media":"","overlay-type":"","overlay-color":"","overlay-opacity":"","overlay-gradient":""},"mobile":{"background-color":"var(--ast-global-color-5)","background-image":"","background-repeat":"repeat","background-position":"center center","background-size":"auto","background-attachment":"scroll","background-type":"","background-media":"","overlay-type":"","overlay-color":"","overlay-opacity":"","overlay-gradient":""}}},"product_brand":[],"product_cat":[152,82],"product_tag":[],"class_list":{"0":"post-1719","1":"product","2":"type-product","3":"status-publish","4":"has-post-thumbnail","6":"product_cat-camisetas","7":"product_cat-vestuarios-e-uniformes","8":"desktop-align-left","9":"tablet-align-left","10":"mobile-align-left","12":"first","13":"instock","14":"shipping-taxable","15":"purchasable","16":"product-type-variable"},"yoast_head":"<!-- This site is optimized with the Yoast SEO plugin v27.3 - https:\/\/yoast.com\/product\/yoast-seo-wordpress\/ -->\n<title>@Camiseta Infanto-Juvenil Branca \u2022 Personalizada - MEIA A4 - Silk Mix<\/title>\n<meta name=\"description\" content=\"Camiseta em algod\u00e3o personalizada em DTF (Frente 9cm - Costas A4). Ideal para uniformes de col\u00e9gios, times, excurs\u00f5es, grupos, etc.\" \/>\n<meta name=\"robots\" content=\"index, follow, max-snippet:-1, max-image-preview:large, max-video-preview:-1\" \/>\n<link rel=\"canonical\" href=\"https:\/\/silkmix.com.br\/en\/product\/camiseta-infanto-juvenal-personalizada-meia-a4\/\" \/>\n<meta property=\"og:locale\" content=\"en_US\" \/>\n<meta property=\"og:type\" content=\"article\" \/>\n<meta property=\"og:title\" content=\"@Camiseta Infanto-Juvenil Branca \u2022 Personalizada - MEIA A4 - Silk Mix\" \/>\n<meta property=\"og:description\" content=\"Camiseta em algod\u00e3o personalizada em DTF (Frente 9cm - Costas A4). Ideal para uniformes de col\u00e9gios, times, excurs\u00f5es, grupos, etc.\" \/>\n<meta property=\"og:url\" content=\"https:\/\/silkmix.com.br\/en\/product\/camiseta-infanto-juvenal-personalizada-meia-a4\/\" \/>\n<meta property=\"og:site_name\" content=\"Silk Mix\" \/>\n<meta property=\"article:modified_time\" content=\"2025-06-25T15:53:43+00:00\" \/>\n<meta property=\"og:image\" content=\"https:\/\/silkmix.com.br\/wp-content\/uploads\/2025\/06\/Pecas.png\" \/>\n\t<meta property=\"og:image:width\" content=\"940\" \/>\n\t<meta property=\"og:image:height\" content=\"788\" \/>\n\t<meta property=\"og:image:type\" content=\"image\/png\" \/>\n<meta name=\"twitter:card\" content=\"summary_large_image\" \/>\n<meta name=\"twitter:label1\" content=\"Est. reading time\" \/>\n\t<meta name=\"twitter:data1\" content=\"1 minute\" \/>\n<script type=\"application\/ld+json\" class=\"yoast-schema-graph\">{\"@context\":\"https:\\\/\\\/schema.org\",\"@graph\":[{\"@type\":\"WebPage\",\"@id\":\"https:\\\/\\\/silkmix.com.br\\\/produto\\\/camiseta-infanto-juvenal-personalizada-meia-a4\\\/\",\"url\":\"https:\\\/\\\/silkmix.com.br\\\/produto\\\/camiseta-infanto-juvenal-personalizada-meia-a4\\\/\",\"name\":\"@Camiseta Infanto-Juvenil Branca \u2022 Personalizada - MEIA A4 - Silk Mix\",\"isPartOf\":{\"@id\":\"https:\\\/\\\/silkmix.com.br\\\/#website\"},\"primaryImageOfPage\":{\"@id\":\"https:\\\/\\\/silkmix.com.br\\\/produto\\\/camiseta-infanto-juvenal-personalizada-meia-a4\\\/#primaryimage\"},\"image\":{\"@id\":\"https:\\\/\\\/silkmix.com.br\\\/produto\\\/camiseta-infanto-juvenal-personalizada-meia-a4\\\/#primaryimage\"},\"thumbnailUrl\":\"https:\\\/\\\/silkmix.com.br\\\/wp-content\\\/uploads\\\/2025\\\/06\\\/Pecas.png\",\"datePublished\":\"2025-06-10T12:15:56+00:00\",\"dateModified\":\"2025-06-25T15:53:43+00:00\",\"description\":\"Camiseta em algod\u00e3o personalizada em DTF (Frente 9cm - Costas A4). Ideal para uniformes de col\u00e9gios, times, excurs\u00f5es, grupos, etc.\",\"breadcrumb\":{\"@id\":\"https:\\\/\\\/silkmix.com.br\\\/produto\\\/camiseta-infanto-juvenal-personalizada-meia-a4\\\/#breadcrumb\"},\"inLanguage\":\"en-US\",\"potentialAction\":[{\"@type\":\"ReadAction\",\"target\":[\"https:\\\/\\\/silkmix.com.br\\\/produto\\\/camiseta-infanto-juvenal-personalizada-meia-a4\\\/\"]}]},{\"@type\":\"ImageObject\",\"inLanguage\":\"en-US\",\"@id\":\"https:\\\/\\\/silkmix.com.br\\\/produto\\\/camiseta-infanto-juvenal-personalizada-meia-a4\\\/#primaryimage\",\"url\":\"https:\\\/\\\/silkmix.com.br\\\/wp-content\\\/uploads\\\/2025\\\/06\\\/Pecas.png\",\"contentUrl\":\"https:\\\/\\\/silkmix.com.br\\\/wp-content\\\/uploads\\\/2025\\\/06\\\/Pecas.png\",\"width\":940,\"height\":788},{\"@type\":\"BreadcrumbList\",\"@id\":\"https:\\\/\\\/silkmix.com.br\\\/produto\\\/camiseta-infanto-juvenal-personalizada-meia-a4\\\/#breadcrumb\",\"itemListElement\":[{\"@type\":\"ListItem\",\"position\":1,\"name\":\"In\u00edcio\",\"item\":\"https:\\\/\\\/silkmix.com.br\\\/\"},{\"@type\":\"ListItem\",\"position\":2,\"name\":\"Produtos\",\"item\":\"https:\\\/\\\/silkmix.com.br\\\/produtos\\\/\"},{\"@type\":\"ListItem\",\"position\":3,\"name\":\"@Camiseta Infanto-Juvenil Branca \u2022 Personalizada &#8211; MEIA A4\"}]},{\"@type\":\"WebSite\",\"@id\":\"https:\\\/\\\/silkmix.com.br\\\/#website\",\"url\":\"https:\\\/\\\/silkmix.com.br\\\/\",\"name\":\"Silk Mix\",\"description\":\"\",\"publisher\":{\"@id\":\"https:\\\/\\\/silkmix.com.br\\\/#organization\"},\"potentialAction\":[{\"@type\":\"SearchAction\",\"target\":{\"@type\":\"EntryPoint\",\"urlTemplate\":\"https:\\\/\\\/silkmix.com.br\\\/?s={search_term_string}\"},\"query-input\":{\"@type\":\"PropertyValueSpecification\",\"valueRequired\":true,\"valueName\":\"search_term_string\"}}],\"inLanguage\":\"en-US\"},{\"@type\":\"Organization\",\"@id\":\"https:\\\/\\\/silkmix.com.br\\\/#organization\",\"name\":\"Silk Mix\",\"url\":\"https:\\\/\\\/silkmix.com.br\\\/\",\"logo\":{\"@type\":\"ImageObject\",\"inLanguage\":\"en-US\",\"@id\":\"https:\\\/\\\/silkmix.com.br\\\/#\\\/schema\\\/logo\\\/image\\\/\",\"url\":\"https:\\\/\\\/silkmix.com.br\\\/wp-content\\\/uploads\\\/2024\\\/04\\\/logo-silkmix-svg.svg\",\"contentUrl\":\"https:\\\/\\\/silkmix.com.br\\\/wp-content\\\/uploads\\\/2024\\\/04\\\/logo-silkmix-svg.svg\",\"width\":238,\"height\":238,\"caption\":\"Silk Mix\"},\"image\":{\"@id\":\"https:\\\/\\\/silkmix.com.br\\\/#\\\/schema\\\/logo\\\/image\\\/\"}}]}<\/script>\n<!-- \/ Yoast SEO plugin. -->","yoast_head_json":{"title":"@Camiseta Infanto-Juvenil Branca \u2022 Personalizada - MEIA A4 - Silk Mix","description":"Camiseta em algod\u00e3o personalizada em DTF (Frente 9cm - Costas A4). Ideal para uniformes de col\u00e9gios, times, excurs\u00f5es, grupos, etc.","robots":{"index":"index","follow":"follow","max-snippet":"max-snippet:-1","max-image-preview":"max-image-preview:large","max-video-preview":"max-video-preview:-1"},"canonical":"https:\/\/silkmix.com.br\/en\/product\/camiseta-infanto-juvenal-personalizada-meia-a4\/","og_locale":"en_US","og_type":"article","og_title":"@Camiseta Infanto-Juvenil Branca \u2022 Personalizada - MEIA A4 - Silk Mix","og_description":"Camiseta em algod\u00e3o personalizada em DTF (Frente 9cm - Costas A4). Ideal para uniformes de col\u00e9gios, times, excurs\u00f5es, grupos, etc.","og_url":"https:\/\/silkmix.com.br\/en\/product\/camiseta-infanto-juvenal-personalizada-meia-a4\/","og_site_name":"Silk Mix","article_modified_time":"2025-06-25T15:53:43+00:00","og_image":[{"width":940,"height":788,"url":"https:\/\/silkmix.com.br\/wp-content\/uploads\/2025\/06\/Pecas.png","type":"image\/png"}],"twitter_card":"summary_large_image","twitter_misc":{"Est. reading time":"1 minute"},"schema":{"@context":"https:\/\/schema.org","@graph":[{"@type":"WebPage","@id":"https:\/\/silkmix.com.br\/produto\/camiseta-infanto-juvenal-personalizada-meia-a4\/","url":"https:\/\/silkmix.com.br\/produto\/camiseta-infanto-juvenal-personalizada-meia-a4\/","name":"@Camiseta Infanto-Juvenil Branca \u2022 Personalizada - MEIA A4 - Silk Mix","isPartOf":{"@id":"https:\/\/silkmix.com.br\/#website"},"primaryImageOfPage":{"@id":"https:\/\/silkmix.com.br\/produto\/camiseta-infanto-juvenal-personalizada-meia-a4\/#primaryimage"},"image":{"@id":"https:\/\/silkmix.com.br\/produto\/camiseta-infanto-juvenal-personalizada-meia-a4\/#primaryimage"},"thumbnailUrl":"https:\/\/silkmix.com.br\/wp-content\/uploads\/2025\/06\/Pecas.png","datePublished":"2025-06-10T12:15:56+00:00","dateModified":"2025-06-25T15:53:43+00:00","description":"Camiseta em algod\u00e3o personalizada em DTF (Frente 9cm - Costas A4). Ideal para uniformes de col\u00e9gios, times, excurs\u00f5es, grupos, etc.","breadcrumb":{"@id":"https:\/\/silkmix.com.br\/produto\/camiseta-infanto-juvenal-personalizada-meia-a4\/#breadcrumb"},"inLanguage":"en-US","potentialAction":[{"@type":"ReadAction","target":["https:\/\/silkmix.com.br\/produto\/camiseta-infanto-juvenal-personalizada-meia-a4\/"]}]},{"@type":"ImageObject","inLanguage":"en-US","@id":"https:\/\/silkmix.com.br\/produto\/camiseta-infanto-juvenal-personalizada-meia-a4\/#primaryimage","url":"https:\/\/silkmix.com.br\/wp-content\/uploads\/2025\/06\/Pecas.png","contentUrl":"https:\/\/silkmix.com.br\/wp-content\/uploads\/2025\/06\/Pecas.png","width":940,"height":788},{"@type":"BreadcrumbList","@id":"https:\/\/silkmix.com.br\/produto\/camiseta-infanto-juvenal-personalizada-meia-a4\/#breadcrumb","itemListElement":[{"@type":"ListItem","position":1,"name":"In\u00edcio","item":"https:\/\/silkmix.com.br\/"},{"@type":"ListItem","position":2,"name":"Produtos","item":"https:\/\/silkmix.com.br\/produtos\/"},{"@type":"ListItem","position":3,"name":"@Camiseta Infanto-Juvenil Branca \u2022 Personalizada &#8211; MEIA A4"}]},{"@type":"WebSite","@id":"https:\/\/silkmix.com.br\/#website","url":"https:\/\/silkmix.com.br\/","name":"Silk Mix","description":"","publisher":{"@id":"https:\/\/silkmix.com.br\/#organization"},"potentialAction":[{"@type":"SearchAction","target":{"@type":"EntryPoint","urlTemplate":"https:\/\/silkmix.com.br\/?s={search_term_string}"},"query-input":{"@type":"PropertyValueSpecification","valueRequired":true,"valueName":"search_term_string"}}],"inLanguage":"en-US"},{"@type":"Organization","@id":"https:\/\/silkmix.com.br\/#organization","name":"Silk Mix","url":"https:\/\/silkmix.com.br\/","logo":{"@type":"ImageObject","inLanguage":"en-US","@id":"https:\/\/silkmix.com.br\/#\/schema\/logo\/image\/","url":"https:\/\/silkmix.com.br\/wp-content\/uploads\/2024\/04\/logo-silkmix-svg.svg","contentUrl":"https:\/\/silkmix.com.br\/wp-content\/uploads\/2024\/04\/logo-silkmix-svg.svg","width":238,"height":238,"caption":"Silk Mix"},"image":{"@id":"https:\/\/silkmix.com.br\/#\/schema\/logo\/image\/"}}]}},"_links":{"self":[{"href":"https:\/\/silkmix.com.br\/en\/wp-json\/wp\/v2\/product\/1719","targetHints":{"allow":["GET"]}}],"collection":[{"href":"https:\/\/silkmix.com.br\/en\/wp-json\/wp\/v2\/product"}],"about":[{"href":"https:\/\/silkmix.com.br\/en\/wp-json\/wp\/v2\/types\/product"}],"wp:featuredmedia":[{"embeddable":true,"href":"https:\/\/silkmix.com.br\/en\/wp-json\/wp\/v2\/media\/1850"}],"wp:attachment":[{"href":"https:\/\/silkmix.com.br\/en\/wp-json\/wp\/v2\/media?parent=1719"}],"wp:term":[{"taxonomy":"product_brand","embeddable":true,"href":"https:\/\/silkmix.com.br\/en\/wp-json\/wp\/v2\/product_brand?post=1719"},{"taxonomy":"product_cat","embeddable":true,"href":"https:\/\/silkmix.com.br\/en\/wp-json\/wp\/v2\/product_cat?post=1719"},{"taxonomy":"product_tag","embeddable":true,"href":"https:\/\/silkmix.com.br\/en\/wp-json\/wp\/v2\/product_tag?post=1719"}],"curies":[{"name":"wp","href":"https:\/\/api.w.org\/{rel}","templated":true}]}}