{"id":1967,"date":"2025-06-20T10:46:56","date_gmt":"2025-06-20T13:46:56","guid":{"rendered":"https:\/\/silkmix.com.br\/?post_type=product&#038;p=1967"},"modified":"2025-10-17T11:49:13","modified_gmt":"2025-10-17T14:49:13","slug":"jaleco-manga-curta-personalizado","status":"publish","type":"product","link":"https:\/\/silkmix.com.br\/en\/product\/jaleco-manga-curta-personalizado\/","title":{"rendered":"Jaleco de Brim Manga Curta \u2022 Personalizado"},"content":{"rendered":"<p>O jaleco de brim manga curta \u00e9 a op\u00e7\u00e3o ideal para <strong>uniformes<\/strong>. Personalizado com o logo da sua empresa proporciona seguran\u00e7a e conforto.<\/p>\n<p><span style=\"font-weight: 400;\">A personaliza\u00e7\u00e3o ocorre em Silk Screen, dessa forma garantimos mais qualidade para a arte escolhida.<\/span><\/p>\n<p><b>Observa\u00e7\u00f5es:<\/b><\/p>\n<p><span style=\"font-weight: 400;\">Vendas a partir de 01 pe\u00e7a<\/span><\/p>\n<p><b>Imagens ilustrativas<\/b><span style=\"font-weight: 400;\"> apenas para visualiza\u00e7\u00e3o. Personaliza\u00e7\u00e3o de acordo com a arte enviada por solicitante.<\/span><\/p>\n<p><span style=\"font-weight: 400;\">*A impress\u00e3o em <\/span><b>Silk Screen<\/b><span style=\"font-weight: 400;\"> necessita de cria\u00e7\u00e3o de tela de <\/span><b>fotolito<\/b><span style=\"font-weight: 400;\">. Caso seja seu primeiro pedido ou exista mudan\u00e7a na arte \u00e9 necess\u00e1ria a aquisi\u00e7\u00e3o.<\/span><\/p>\n<p><b>Detalhes do Produto:<\/b><\/p>\n<ul>\n<li style=\"font-weight: 400;\" aria-level=\"1\"><b>Material:<\/b><span style=\"font-weight: 400;\"> Algod\u00e3o<\/span><\/li>\n<li style=\"font-weight: 400;\" aria-level=\"1\"><b>Cor:<\/b><span style=\"font-weight: 400;\"> Cinza Chumbo<\/span><\/li>\n<li style=\"font-weight: 400;\" aria-level=\"1\"><b>Tamanho:<\/b><span style=\"font-weight: 400;\"> \u00danico<\/span><\/li>\n<li style=\"font-weight: 400;\" aria-level=\"1\"><b>Personaliza\u00e7\u00e3o:<\/b><span style=\"font-weight: 400;\"> Silk Screen 1&#215;0 (cor \u00fanica) at\u00e9 9cm e at\u00e9 23cm x 25cm &#8211;<\/span><a href=\"https:\/\/api.whatsapp.com\/send?phone=551120477777&amp;text=Ol%C3%A1%20vim%20atrav%C3%A9s%20do%20site%20da%20Silkmix\"> <b><i>Envie sua arte aqui<\/i><\/b><\/a><i><span style=\"font-weight: 400;\"> (Formato: Vetor ou PNG sem fundo) \u2013 <\/span><\/i><b><i>Aten\u00e7\u00e3o: <\/i><\/b><i><span style=\"font-weight: 400;\">O arquivo ser\u00e1 analisado de acordo com nosso manual podendo ser reprovado caso a qualidade interfira no resultado do produto.\u00a0<\/span><\/i><\/li>\n<li style=\"font-weight: 400;\" aria-level=\"1\"><b>Modalidade de venda: Varejo e Atacado: <\/b><span style=\"font-weight: 400;\">a partir de 12 pe\u00e7as<\/span><\/li>\n<li style=\"font-weight: 400;\" aria-level=\"1\"><b>Extras:<\/b><span style=\"font-weight: 400;\"> Servi\u00e7o de cria\u00e7\u00e3o de arte e layout dispon\u00edvel mediante consulta.<\/span><\/li>\n<li style=\"font-weight: 400;\" aria-level=\"1\"><b>Prazo de Produ\u00e7\u00e3o:<\/b><span style=\"font-weight: 400;\"> 3 a 5 dias \u00fateis<\/span><\/li>\n<\/ul>\n<p>Ideal para empresas, metal\u00fargicas, obras.<\/p>\n<p><b>Produ\u00e7\u00e3o e prazos:<\/b><\/p>\n<p><b>Aten\u00e7\u00e3o:<\/b> <i><span style=\"font-weight: 400;\">Analisamos<\/span><\/i><span style=\"font-weight: 400;\"> o<\/span><i><span style=\"font-weight: 400;\"> arquivo para personaliza\u00e7\u00e3o de acordo com nosso manual podendo reprov\u00e1-lo caso a qualidade interfira no resultado do produto.<\/span><\/i><\/p>\n<p><span style=\"font-weight: 400;\">Ap\u00f3s o pagamento, nosso setor de arte final encaminha o modelo (layout) para aprova\u00e7\u00e3o final ou corre\u00e7\u00f5es no email ou whatsapp cadastrados.<\/span><\/p>\n<p><i><span style=\"font-weight: 400;\">Validamos o <\/span><\/i><b><i>prazo de produ\u00e7\u00e3o<\/i><\/b> <b><i>apenas<\/i><\/b><i><span style=\"font-weight: 400;\"> ap\u00f3s a aprova\u00e7\u00e3o do modelo de arte (layout) por essa raz\u00e3o \u00e9 necess\u00e1rio conferir sempre email e whatsapp.<\/span><\/i><\/p>\n<p><span style=\"font-weight: 400;\">D\u00favidas sobre a personaliza\u00e7\u00e3o do item? Ent\u00e3o consulte:<\/span><a href=\"https:\/\/silkmix.com.br\/en\/manual-de-personalizacao\/\"><span style=\"font-weight: 400;\"> https:\/\/silkmix.com.br\/manual-de-personalizacao\/<\/span><\/a><\/p>\n<p>&nbsp;<\/p>","protected":false},"excerpt":{"rendered":"<p><strong>Jaleco de brim manga curta<\/strong> &#8211; <b><i>\u00a0<\/i><\/b><i>Arte: Silk Screen ou DTF \u2013 Tamanhos m\u00e1ximos 9cm (peito esquerdo) \/ At\u00e9 A4 (costas) \u2013<\/i><b><a href=\"https:\/\/api.whatsapp.com\/send?phone=551120477777&amp;text=Ol%C3%A1%20vim%20atrav%C3%A9s%20do%20site%20da%20Silkmix\">Envie sua arte aqui<\/a><\/b>\u00a0<em>(Formato: Vetor ou PNG sem fundo) \u2013<\/em>\u00a0<b><i>Aten\u00e7\u00e3o:\u00a0<\/i><\/b><em>O arquivo para personaliza\u00e7\u00e3o ser\u00e1 analisado podendo ser reprovado caso a qualidade interfira no resultado do produto.<\/em><\/p>","protected":false},"featured_media":4277,"template":"","meta":{"site-sidebar-layout":"default","site-content-layout":"","ast-site-content-layout":"default","site-content-style":"default","site-sidebar-style":"default","ast-global-header-display":"","ast-banner-title-visibility":"","ast-main-header-display":"","ast-hfb-above-header-display":"","ast-hfb-below-header-display":"","ast-hfb-mobile-header-display":"","site-post-title":"","ast-breadcrumbs-content":"","ast-featured-img":"","footer-sml-layout":"","theme-transparent-header-meta":"default","adv-header-id-meta":"","stick-header-meta":"","header-above-stick-meta":"","header-main-stick-meta":"","header-below-stick-meta":"","astra-migrate-meta-layouts":"set","ast-page-background-enabled":"default","ast-page-background-meta":{"desktop":{"background-color":"var(--ast-global-color-4)","background-image":"","background-repeat":"repeat","background-position":"center center","background-size":"auto","background-attachment":"scroll","background-type":"","background-media":"","overlay-type":"","overlay-color":"","overlay-opacity":"","overlay-gradient":""},"tablet":{"background-color":"","background-image":"","background-repeat":"repeat","background-position":"center center","background-size":"auto","background-attachment":"scroll","background-type":"","background-media":"","overlay-type":"","overlay-color":"","overlay-opacity":"","overlay-gradient":""},"mobile":{"background-color":"","background-image":"","background-repeat":"repeat","background-position":"center center","background-size":"auto","background-attachment":"scroll","background-type":"","background-media":"","overlay-type":"","overlay-color":"","overlay-opacity":"","overlay-gradient":""}},"ast-content-background-meta":{"desktop":{"background-color":"var(--ast-global-color-5)","background-image":"","background-repeat":"repeat","background-position":"center center","background-size":"auto","background-attachment":"scroll","background-type":"","background-media":"","overlay-type":"","overlay-color":"","overlay-opacity":"","overlay-gradient":""},"tablet":{"background-color":"var(--ast-global-color-5)","background-image":"","background-repeat":"repeat","background-position":"center center","background-size":"auto","background-attachment":"scroll","background-type":"","background-media":"","overlay-type":"","overlay-color":"","overlay-opacity":"","overlay-gradient":""},"mobile":{"background-color":"var(--ast-global-color-5)","background-image":"","background-repeat":"repeat","background-position":"center center","background-size":"auto","background-attachment":"scroll","background-type":"","background-media":"","overlay-type":"","overlay-color":"","overlay-opacity":"","overlay-gradient":""}}},"product_brand":[],"product_cat":[82],"product_tag":[],"class_list":{"0":"post-1967","1":"product","2":"type-product","3":"status-publish","4":"has-post-thumbnail","6":"product_cat-vestuarios-e-uniformes","7":"desktop-align-left","8":"tablet-align-left","9":"mobile-align-left","11":"first","12":"instock","13":"shipping-taxable","14":"purchasable","15":"product-type-variable"},"yoast_head":"<!-- This site is optimized with the Yoast SEO plugin v27.4 - https:\/\/yoast.com\/product\/yoast-seo-wordpress\/ -->\n<title>Jaleco de Brim Manga Curta \u2022 Personalizado - Silk Mix<\/title>\n<meta name=\"description\" content=\"O jaleco de brim manga curta \u00e9 feito em brim leve que garante conforto e seguran\u00e7a.\" \/>\n<meta name=\"robots\" content=\"index, follow, max-snippet:-1, max-image-preview:large, max-video-preview:-1\" \/>\n<link rel=\"canonical\" href=\"https:\/\/silkmix.com.br\/en\/product\/jaleco-manga-curta-personalizado\/\" \/>\n<meta property=\"og:locale\" content=\"en_US\" \/>\n<meta property=\"og:type\" content=\"article\" \/>\n<meta property=\"og:title\" content=\"Jaleco de Brim Manga Curta \u2022 Personalizado - Silk Mix\" \/>\n<meta property=\"og:description\" content=\"O jaleco de brim manga curta \u00e9 feito em brim leve que garante conforto e seguran\u00e7a.\" \/>\n<meta property=\"og:url\" content=\"https:\/\/silkmix.com.br\/en\/product\/jaleco-manga-curta-personalizado\/\" \/>\n<meta property=\"og:site_name\" content=\"Silk Mix\" \/>\n<meta property=\"article:modified_time\" content=\"2025-10-17T14:49:13+00:00\" \/>\n<meta property=\"og:image\" content=\"https:\/\/silkmix.com.br\/wp-content\/uploads\/2025\/06\/Jaleco-1-2.png\" \/>\n\t<meta property=\"og:image:width\" content=\"940\" \/>\n\t<meta property=\"og:image:height\" content=\"788\" \/>\n\t<meta property=\"og:image:type\" content=\"image\/png\" \/>\n<meta name=\"twitter:card\" content=\"summary_large_image\" \/>\n<meta name=\"twitter:label1\" content=\"Est. reading time\" \/>\n\t<meta name=\"twitter:data1\" content=\"2 minutes\" \/>\n<script type=\"application\/ld+json\" class=\"yoast-schema-graph\">{\"@context\":\"https:\\\/\\\/schema.org\",\"@graph\":[{\"@type\":\"WebPage\",\"@id\":\"https:\\\/\\\/silkmix.com.br\\\/produto\\\/jaleco-manga-curta-personalizado\\\/\",\"url\":\"https:\\\/\\\/silkmix.com.br\\\/produto\\\/jaleco-manga-curta-personalizado\\\/\",\"name\":\"Jaleco de Brim Manga Curta \u2022 Personalizado - Silk Mix\",\"isPartOf\":{\"@id\":\"https:\\\/\\\/silkmix.com.br\\\/#website\"},\"primaryImageOfPage\":{\"@id\":\"https:\\\/\\\/silkmix.com.br\\\/produto\\\/jaleco-manga-curta-personalizado\\\/#primaryimage\"},\"image\":{\"@id\":\"https:\\\/\\\/silkmix.com.br\\\/produto\\\/jaleco-manga-curta-personalizado\\\/#primaryimage\"},\"thumbnailUrl\":\"https:\\\/\\\/silkmix.com.br\\\/wp-content\\\/uploads\\\/2025\\\/06\\\/Jaleco-1-2.png\",\"datePublished\":\"2025-06-20T13:46:56+00:00\",\"dateModified\":\"2025-10-17T14:49:13+00:00\",\"description\":\"O jaleco de brim manga curta \u00e9 feito em brim leve que garante conforto e seguran\u00e7a.\",\"breadcrumb\":{\"@id\":\"https:\\\/\\\/silkmix.com.br\\\/produto\\\/jaleco-manga-curta-personalizado\\\/#breadcrumb\"},\"inLanguage\":\"en-US\",\"potentialAction\":[{\"@type\":\"ReadAction\",\"target\":[\"https:\\\/\\\/silkmix.com.br\\\/produto\\\/jaleco-manga-curta-personalizado\\\/\"]}]},{\"@type\":\"ImageObject\",\"inLanguage\":\"en-US\",\"@id\":\"https:\\\/\\\/silkmix.com.br\\\/produto\\\/jaleco-manga-curta-personalizado\\\/#primaryimage\",\"url\":\"https:\\\/\\\/silkmix.com.br\\\/wp-content\\\/uploads\\\/2025\\\/06\\\/Jaleco-1-2.png\",\"contentUrl\":\"https:\\\/\\\/silkmix.com.br\\\/wp-content\\\/uploads\\\/2025\\\/06\\\/Jaleco-1-2.png\",\"width\":940,\"height\":788},{\"@type\":\"BreadcrumbList\",\"@id\":\"https:\\\/\\\/silkmix.com.br\\\/produto\\\/jaleco-manga-curta-personalizado\\\/#breadcrumb\",\"itemListElement\":[{\"@type\":\"ListItem\",\"position\":1,\"name\":\"In\u00edcio\",\"item\":\"https:\\\/\\\/silkmix.com.br\\\/\"},{\"@type\":\"ListItem\",\"position\":2,\"name\":\"Produtos\",\"item\":\"https:\\\/\\\/silkmix.com.br\\\/produtos\\\/\"},{\"@type\":\"ListItem\",\"position\":3,\"name\":\"Jaleco de Brim Manga Curta \u2022 Personalizado\"}]},{\"@type\":\"WebSite\",\"@id\":\"https:\\\/\\\/silkmix.com.br\\\/#website\",\"url\":\"https:\\\/\\\/silkmix.com.br\\\/\",\"name\":\"Silk Mix\",\"description\":\"\",\"publisher\":{\"@id\":\"https:\\\/\\\/silkmix.com.br\\\/#organization\"},\"potentialAction\":[{\"@type\":\"SearchAction\",\"target\":{\"@type\":\"EntryPoint\",\"urlTemplate\":\"https:\\\/\\\/silkmix.com.br\\\/?s={search_term_string}\"},\"query-input\":{\"@type\":\"PropertyValueSpecification\",\"valueRequired\":true,\"valueName\":\"search_term_string\"}}],\"inLanguage\":\"en-US\"},{\"@type\":\"Organization\",\"@id\":\"https:\\\/\\\/silkmix.com.br\\\/#organization\",\"name\":\"Silk Mix\",\"url\":\"https:\\\/\\\/silkmix.com.br\\\/\",\"logo\":{\"@type\":\"ImageObject\",\"inLanguage\":\"en-US\",\"@id\":\"https:\\\/\\\/silkmix.com.br\\\/#\\\/schema\\\/logo\\\/image\\\/\",\"url\":\"https:\\\/\\\/silkmix.com.br\\\/wp-content\\\/uploads\\\/2024\\\/04\\\/logo-silkmix-svg.svg\",\"contentUrl\":\"https:\\\/\\\/silkmix.com.br\\\/wp-content\\\/uploads\\\/2024\\\/04\\\/logo-silkmix-svg.svg\",\"width\":238,\"height\":238,\"caption\":\"Silk Mix\"},\"image\":{\"@id\":\"https:\\\/\\\/silkmix.com.br\\\/#\\\/schema\\\/logo\\\/image\\\/\"}}]}<\/script>\n<!-- \/ Yoast SEO plugin. -->","yoast_head_json":{"title":"Jaleco de Brim Manga Curta \u2022 Personalizado - Silk Mix","description":"O jaleco de brim manga curta \u00e9 feito em brim leve que garante conforto e seguran\u00e7a.","robots":{"index":"index","follow":"follow","max-snippet":"max-snippet:-1","max-image-preview":"max-image-preview:large","max-video-preview":"max-video-preview:-1"},"canonical":"https:\/\/silkmix.com.br\/en\/product\/jaleco-manga-curta-personalizado\/","og_locale":"en_US","og_type":"article","og_title":"Jaleco de Brim Manga Curta \u2022 Personalizado - Silk Mix","og_description":"O jaleco de brim manga curta \u00e9 feito em brim leve que garante conforto e seguran\u00e7a.","og_url":"https:\/\/silkmix.com.br\/en\/product\/jaleco-manga-curta-personalizado\/","og_site_name":"Silk Mix","article_modified_time":"2025-10-17T14:49:13+00:00","og_image":[{"width":940,"height":788,"url":"https:\/\/silkmix.com.br\/wp-content\/uploads\/2025\/06\/Jaleco-1-2.png","type":"image\/png"}],"twitter_card":"summary_large_image","twitter_misc":{"Est. reading time":"2 minutes"},"schema":{"@context":"https:\/\/schema.org","@graph":[{"@type":"WebPage","@id":"https:\/\/silkmix.com.br\/produto\/jaleco-manga-curta-personalizado\/","url":"https:\/\/silkmix.com.br\/produto\/jaleco-manga-curta-personalizado\/","name":"Jaleco de Brim Manga Curta \u2022 Personalizado - Silk Mix","isPartOf":{"@id":"https:\/\/silkmix.com.br\/#website"},"primaryImageOfPage":{"@id":"https:\/\/silkmix.com.br\/produto\/jaleco-manga-curta-personalizado\/#primaryimage"},"image":{"@id":"https:\/\/silkmix.com.br\/produto\/jaleco-manga-curta-personalizado\/#primaryimage"},"thumbnailUrl":"https:\/\/silkmix.com.br\/wp-content\/uploads\/2025\/06\/Jaleco-1-2.png","datePublished":"2025-06-20T13:46:56+00:00","dateModified":"2025-10-17T14:49:13+00:00","description":"O jaleco de brim manga curta \u00e9 feito em brim leve que garante conforto e seguran\u00e7a.","breadcrumb":{"@id":"https:\/\/silkmix.com.br\/produto\/jaleco-manga-curta-personalizado\/#breadcrumb"},"inLanguage":"en-US","potentialAction":[{"@type":"ReadAction","target":["https:\/\/silkmix.com.br\/produto\/jaleco-manga-curta-personalizado\/"]}]},{"@type":"ImageObject","inLanguage":"en-US","@id":"https:\/\/silkmix.com.br\/produto\/jaleco-manga-curta-personalizado\/#primaryimage","url":"https:\/\/silkmix.com.br\/wp-content\/uploads\/2025\/06\/Jaleco-1-2.png","contentUrl":"https:\/\/silkmix.com.br\/wp-content\/uploads\/2025\/06\/Jaleco-1-2.png","width":940,"height":788},{"@type":"BreadcrumbList","@id":"https:\/\/silkmix.com.br\/produto\/jaleco-manga-curta-personalizado\/#breadcrumb","itemListElement":[{"@type":"ListItem","position":1,"name":"In\u00edcio","item":"https:\/\/silkmix.com.br\/"},{"@type":"ListItem","position":2,"name":"Produtos","item":"https:\/\/silkmix.com.br\/produtos\/"},{"@type":"ListItem","position":3,"name":"Jaleco de Brim Manga Curta \u2022 Personalizado"}]},{"@type":"WebSite","@id":"https:\/\/silkmix.com.br\/#website","url":"https:\/\/silkmix.com.br\/","name":"Silk Mix","description":"","publisher":{"@id":"https:\/\/silkmix.com.br\/#organization"},"potentialAction":[{"@type":"SearchAction","target":{"@type":"EntryPoint","urlTemplate":"https:\/\/silkmix.com.br\/?s={search_term_string}"},"query-input":{"@type":"PropertyValueSpecification","valueRequired":true,"valueName":"search_term_string"}}],"inLanguage":"en-US"},{"@type":"Organization","@id":"https:\/\/silkmix.com.br\/#organization","name":"Silk Mix","url":"https:\/\/silkmix.com.br\/","logo":{"@type":"ImageObject","inLanguage":"en-US","@id":"https:\/\/silkmix.com.br\/#\/schema\/logo\/image\/","url":"https:\/\/silkmix.com.br\/wp-content\/uploads\/2024\/04\/logo-silkmix-svg.svg","contentUrl":"https:\/\/silkmix.com.br\/wp-content\/uploads\/2024\/04\/logo-silkmix-svg.svg","width":238,"height":238,"caption":"Silk Mix"},"image":{"@id":"https:\/\/silkmix.com.br\/#\/schema\/logo\/image\/"}}]}},"_links":{"self":[{"href":"https:\/\/silkmix.com.br\/en\/wp-json\/wp\/v2\/product\/1967","targetHints":{"allow":["GET"]}}],"collection":[{"href":"https:\/\/silkmix.com.br\/en\/wp-json\/wp\/v2\/product"}],"about":[{"href":"https:\/\/silkmix.com.br\/en\/wp-json\/wp\/v2\/types\/product"}],"wp:featuredmedia":[{"embeddable":true,"href":"https:\/\/silkmix.com.br\/en\/wp-json\/wp\/v2\/media\/4277"}],"wp:attachment":[{"href":"https:\/\/silkmix.com.br\/en\/wp-json\/wp\/v2\/media?parent=1967"}],"wp:term":[{"taxonomy":"product_brand","embeddable":true,"href":"https:\/\/silkmix.com.br\/en\/wp-json\/wp\/v2\/product_brand?post=1967"},{"taxonomy":"product_cat","embeddable":true,"href":"https:\/\/silkmix.com.br\/en\/wp-json\/wp\/v2\/product_cat?post=1967"},{"taxonomy":"product_tag","embeddable":true,"href":"https:\/\/silkmix.com.br\/en\/wp-json\/wp\/v2\/product_tag?post=1967"}],"curies":[{"name":"wp","href":"https:\/\/api.w.org\/{rel}","templated":true}]}}