{"id":339,"date":"2024-04-29T17:09:02","date_gmt":"2024-04-29T20:09:02","guid":{"rendered":"https:\/\/silkmix.com.br\/?post_type=product&#038;p=339"},"modified":"2025-08-15T12:28:49","modified_gmt":"2025-08-15T15:28:49","slug":"camiseta-sublimacao-total","status":"publish","type":"product","link":"https:\/\/silkmix.com.br\/en\/product\/camiseta-sublimacao-total\/","title":{"rendered":"Camiseta Sublima\u00e7\u00e3o Total &#8211; Personalizada &#8211; Poli\u00e9ster"},"content":{"rendered":"<p>A camiseta sublima\u00e7\u00e3o total permite a impress\u00e3o de designs vibrantes e detalhados em toda a superf\u00edcie. O tecido de poli\u00e9ster e dry fit oferece conforto durante o uso prolongado e \u00e9 ideal para atividades esportivas.<\/p>\n<ul>\n<li><strong>Tamanhos:<\/strong> P | M | G\u00a0<strong>|\u00a0<\/strong>GG | EG | EXG<\/li>\n<li><em><a href=\"https:\/\/api.whatsapp.com\/send?phone=551120477777&amp;text=Ol%C3%A1%20vim%20atrav%C3%A9s%20do%20site%20da%20Silkmix\" target=\"_blank\" rel=\"noopener\">Envie sua arte aqui\u00a0<\/a><\/em><em>(Formato: Vetor ou PNG sem fundo) \u2013 Aten\u00e7\u00e3o: O arquivo para personaliza\u00e7\u00e3o ser\u00e1 analisado podendo ser reprovado caso a qualidade interfira no resultado do produto. IMAGENS ILUSTRATIVAS APENAS PARA VISUALIZA\u00c7\u00c3O. PERSONALIZA\u00c7\u00c3O DE ACORDO COM A ARTE ENVIADA POR SOLICITANTE.<\/em><\/li>\n<li><strong>Material:<\/strong> Poli\u00e9ster e Dry Fit<\/li>\n<li><strong>Extras:<\/strong>\u00a0Servi\u00e7o de cria\u00e7\u00e3o de arte e layout dispon\u00edveis mediante consulta.<\/li>\n<li><strong>Prazo de Produ\u00e7\u00e3o:<\/strong>\u00a0 4 a 7 dias \u00fateis<\/li>\n<\/ul>\n<p>Ideal para empresas, grupos, eventos<\/p>\n<p><strong>Aten\u00e7\u00e3o:<\/strong>\u00a0<em>O arquivo para personaliza\u00e7\u00e3o da camiseta sublima\u00e7\u00e3o totalser\u00e1 analisado podendo ser reprovado caso a qualidade interfira no resultado do produto.<\/em><\/p>\n<p>O\u00a0<strong>prazo de produ\u00e7\u00e3o<\/strong>\u00a0come\u00e7a a ser contado\u00a0<strong>apenas<\/strong>\u00a0ap\u00f3s a aprova\u00e7\u00e3o do modelo de arte (layout)<\/p>\n<p>&nbsp;<\/p>","protected":false},"excerpt":{"rendered":"<p><strong>Camiseta sublima\u00e7\u00e3o total em polyester &#8211; <\/strong><em><a href=\"https:\/\/api.whatsapp.com\/send?phone=551120477777&amp;text=Ol%C3%A1%20vim%20atrav%C3%A9s%20do%20site%20da%20Silkmix\" target=\"_blank\" rel=\"noopener\">Envie sua arte aqui<\/a><\/em><em>(Formato: Vetor ou PNG sem fundo) \u2013 Aten\u00e7\u00e3o: O arquivo para personaliza\u00e7\u00e3o ser\u00e1 analisado podendo ser reprovado caso a qualidade interfira no resultado do produto. IMAGENS ILUSTRATIVAS APENAS PARA VISUALIZA\u00c7\u00c3O. PERSONALIZA\u00c7\u00c3O DE ACORDO COM A ARTE ENVIADA POR SOLICITANTE.<\/em><\/p>","protected":false},"featured_media":1896,"template":"","meta":{"site-sidebar-layout":"default","site-content-layout":"","ast-site-content-layout":"default","site-content-style":"default","site-sidebar-style":"default","ast-global-header-display":"","ast-banner-title-visibility":"","ast-main-header-display":"","ast-hfb-above-header-display":"","ast-hfb-below-header-display":"","ast-hfb-mobile-header-display":"","site-post-title":"","ast-breadcrumbs-content":"","ast-featured-img":"","footer-sml-layout":"","theme-transparent-header-meta":"default","adv-header-id-meta":"","stick-header-meta":"","header-above-stick-meta":"","header-main-stick-meta":"","header-below-stick-meta":"","astra-migrate-meta-layouts":"set","ast-page-background-enabled":"default","ast-page-background-meta":{"desktop":{"background-color":"var(--ast-global-color-4)","background-image":"","background-repeat":"repeat","background-position":"center center","background-size":"auto","background-attachment":"scroll","background-type":"","background-media":"","overlay-type":"","overlay-color":"","overlay-opacity":"","overlay-gradient":""},"tablet":{"background-color":"","background-image":"","background-repeat":"repeat","background-position":"center center","background-size":"auto","background-attachment":"scroll","background-type":"","background-media":"","overlay-type":"","overlay-color":"","overlay-opacity":"","overlay-gradient":""},"mobile":{"background-color":"","background-image":"","background-repeat":"repeat","background-position":"center center","background-size":"auto","background-attachment":"scroll","background-type":"","background-media":"","overlay-type":"","overlay-color":"","overlay-opacity":"","overlay-gradient":""}},"ast-content-background-meta":{"desktop":{"background-color":"var(--ast-global-color-5)","background-image":"","background-repeat":"repeat","background-position":"center center","background-size":"auto","background-attachment":"scroll","background-type":"","background-media":"","overlay-type":"","overlay-color":"","overlay-opacity":"","overlay-gradient":""},"tablet":{"background-color":"var(--ast-global-color-5)","background-image":"","background-repeat":"repeat","background-position":"center center","background-size":"auto","background-attachment":"scroll","background-type":"","background-media":"","overlay-type":"","overlay-color":"","overlay-opacity":"","overlay-gradient":""},"mobile":{"background-color":"var(--ast-global-color-5)","background-image":"","background-repeat":"repeat","background-position":"center center","background-size":"auto","background-attachment":"scroll","background-type":"","background-media":"","overlay-type":"","overlay-color":"","overlay-opacity":"","overlay-gradient":""}}},"product_brand":[],"product_cat":[31,152,30,82],"product_tag":[96,94,67],"class_list":{"0":"post-339","1":"product","2":"type-product","3":"status-publish","4":"has-post-thumbnail","6":"product_cat-camiseta-sublimacao","7":"product_cat-camisetas","8":"product_cat-sublimacao","9":"product_cat-vestuarios-e-uniformes","10":"product_tag-camiseta","11":"product_tag-sublimacao","12":"product_tag-uniforme","13":"desktop-align-left","14":"tablet-align-left","15":"mobile-align-left","17":"first","18":"instock","19":"shipping-taxable","20":"purchasable","21":"product-type-variable"},"yoast_head":"<!-- This site is optimized with the Yoast SEO plugin v27.4 - https:\/\/yoast.com\/product\/yoast-seo-wordpress\/ -->\n<title>Camiseta Sublima\u00e7\u00e3o Total - Personalizada - Poli\u00e9ster - Silk Mix<\/title>\n<meta name=\"description\" content=\"Camiseta sublima\u00e7\u00e3o total personalizada em poli\u00e9ster que garante conforto e imagem em qualidade HD.\" \/>\n<meta name=\"robots\" content=\"index, follow, max-snippet:-1, max-image-preview:large, max-video-preview:-1\" \/>\n<link rel=\"canonical\" href=\"https:\/\/silkmix.com.br\/en\/product\/camiseta-sublimacao-total\/\" \/>\n<meta property=\"og:locale\" content=\"en_US\" \/>\n<meta property=\"og:type\" content=\"article\" \/>\n<meta property=\"og:title\" content=\"Camiseta Sublima\u00e7\u00e3o Total - Personalizada - Poli\u00e9ster - Silk Mix\" \/>\n<meta property=\"og:description\" content=\"Camiseta sublima\u00e7\u00e3o total personalizada em poli\u00e9ster que garante conforto e imagem em qualidade HD.\" \/>\n<meta property=\"og:url\" content=\"https:\/\/silkmix.com.br\/en\/product\/camiseta-sublimacao-total\/\" \/>\n<meta property=\"og:site_name\" content=\"Silk Mix\" \/>\n<meta property=\"article:modified_time\" content=\"2025-08-15T15:28:49+00:00\" \/>\n<meta property=\"og:image\" content=\"https:\/\/silkmix.com.br\/wp-content\/uploads\/2025\/06\/silkmik-camiteas-banner-001.png\" \/>\n\t<meta property=\"og:image:width\" content=\"382\" \/>\n\t<meta property=\"og:image:height\" content=\"408\" \/>\n\t<meta property=\"og:image:type\" content=\"image\/png\" \/>\n<meta name=\"twitter:card\" content=\"summary_large_image\" \/>\n<meta name=\"twitter:label1\" content=\"Est. reading time\" \/>\n\t<meta name=\"twitter:data1\" content=\"2 minutes\" \/>\n<script type=\"application\/ld+json\" class=\"yoast-schema-graph\">{\"@context\":\"https:\\\/\\\/schema.org\",\"@graph\":[{\"@type\":\"WebPage\",\"@id\":\"https:\\\/\\\/silkmix.com.br\\\/produto\\\/camiseta-sublimacao-total\\\/\",\"url\":\"https:\\\/\\\/silkmix.com.br\\\/produto\\\/camiseta-sublimacao-total\\\/\",\"name\":\"Camiseta Sublima\u00e7\u00e3o Total - Personalizada - Poli\u00e9ster - Silk Mix\",\"isPartOf\":{\"@id\":\"https:\\\/\\\/silkmix.com.br\\\/#website\"},\"primaryImageOfPage\":{\"@id\":\"https:\\\/\\\/silkmix.com.br\\\/produto\\\/camiseta-sublimacao-total\\\/#primaryimage\"},\"image\":{\"@id\":\"https:\\\/\\\/silkmix.com.br\\\/produto\\\/camiseta-sublimacao-total\\\/#primaryimage\"},\"thumbnailUrl\":\"https:\\\/\\\/silkmix.com.br\\\/wp-content\\\/uploads\\\/2025\\\/06\\\/silkmik-camiteas-banner-001.png\",\"datePublished\":\"2024-04-29T20:09:02+00:00\",\"dateModified\":\"2025-08-15T15:28:49+00:00\",\"description\":\"Camiseta sublima\u00e7\u00e3o total personalizada em poli\u00e9ster que garante conforto e imagem em qualidade HD.\",\"breadcrumb\":{\"@id\":\"https:\\\/\\\/silkmix.com.br\\\/produto\\\/camiseta-sublimacao-total\\\/#breadcrumb\"},\"inLanguage\":\"en-US\",\"potentialAction\":[{\"@type\":\"ReadAction\",\"target\":[\"https:\\\/\\\/silkmix.com.br\\\/produto\\\/camiseta-sublimacao-total\\\/\"]}]},{\"@type\":\"ImageObject\",\"inLanguage\":\"en-US\",\"@id\":\"https:\\\/\\\/silkmix.com.br\\\/produto\\\/camiseta-sublimacao-total\\\/#primaryimage\",\"url\":\"https:\\\/\\\/silkmix.com.br\\\/wp-content\\\/uploads\\\/2025\\\/06\\\/silkmik-camiteas-banner-001.png\",\"contentUrl\":\"https:\\\/\\\/silkmix.com.br\\\/wp-content\\\/uploads\\\/2025\\\/06\\\/silkmik-camiteas-banner-001.png\",\"width\":382,\"height\":408},{\"@type\":\"BreadcrumbList\",\"@id\":\"https:\\\/\\\/silkmix.com.br\\\/produto\\\/camiseta-sublimacao-total\\\/#breadcrumb\",\"itemListElement\":[{\"@type\":\"ListItem\",\"position\":1,\"name\":\"In\u00edcio\",\"item\":\"https:\\\/\\\/silkmix.com.br\\\/\"},{\"@type\":\"ListItem\",\"position\":2,\"name\":\"Produtos\",\"item\":\"https:\\\/\\\/silkmix.com.br\\\/produtos\\\/\"},{\"@type\":\"ListItem\",\"position\":3,\"name\":\"Camiseta Sublima\u00e7\u00e3o Total &#8211; Personalizada &#8211; Poli\u00e9ster\"}]},{\"@type\":\"WebSite\",\"@id\":\"https:\\\/\\\/silkmix.com.br\\\/#website\",\"url\":\"https:\\\/\\\/silkmix.com.br\\\/\",\"name\":\"Silk Mix\",\"description\":\"\",\"publisher\":{\"@id\":\"https:\\\/\\\/silkmix.com.br\\\/#organization\"},\"potentialAction\":[{\"@type\":\"SearchAction\",\"target\":{\"@type\":\"EntryPoint\",\"urlTemplate\":\"https:\\\/\\\/silkmix.com.br\\\/?s={search_term_string}\"},\"query-input\":{\"@type\":\"PropertyValueSpecification\",\"valueRequired\":true,\"valueName\":\"search_term_string\"}}],\"inLanguage\":\"en-US\"},{\"@type\":\"Organization\",\"@id\":\"https:\\\/\\\/silkmix.com.br\\\/#organization\",\"name\":\"Silk Mix\",\"url\":\"https:\\\/\\\/silkmix.com.br\\\/\",\"logo\":{\"@type\":\"ImageObject\",\"inLanguage\":\"en-US\",\"@id\":\"https:\\\/\\\/silkmix.com.br\\\/#\\\/schema\\\/logo\\\/image\\\/\",\"url\":\"https:\\\/\\\/silkmix.com.br\\\/wp-content\\\/uploads\\\/2024\\\/04\\\/logo-silkmix-svg.svg\",\"contentUrl\":\"https:\\\/\\\/silkmix.com.br\\\/wp-content\\\/uploads\\\/2024\\\/04\\\/logo-silkmix-svg.svg\",\"width\":238,\"height\":238,\"caption\":\"Silk Mix\"},\"image\":{\"@id\":\"https:\\\/\\\/silkmix.com.br\\\/#\\\/schema\\\/logo\\\/image\\\/\"}}]}<\/script>\n<!-- \/ Yoast SEO plugin. -->","yoast_head_json":{"title":"Camiseta Sublima\u00e7\u00e3o Total - Personalizada - Poli\u00e9ster - Silk Mix","description":"Camiseta sublima\u00e7\u00e3o total personalizada em poli\u00e9ster que garante conforto e imagem em qualidade HD.","robots":{"index":"index","follow":"follow","max-snippet":"max-snippet:-1","max-image-preview":"max-image-preview:large","max-video-preview":"max-video-preview:-1"},"canonical":"https:\/\/silkmix.com.br\/en\/product\/camiseta-sublimacao-total\/","og_locale":"en_US","og_type":"article","og_title":"Camiseta Sublima\u00e7\u00e3o Total - Personalizada - Poli\u00e9ster - Silk Mix","og_description":"Camiseta sublima\u00e7\u00e3o total personalizada em poli\u00e9ster que garante conforto e imagem em qualidade HD.","og_url":"https:\/\/silkmix.com.br\/en\/product\/camiseta-sublimacao-total\/","og_site_name":"Silk Mix","article_modified_time":"2025-08-15T15:28:49+00:00","og_image":[{"width":382,"height":408,"url":"https:\/\/silkmix.com.br\/wp-content\/uploads\/2025\/06\/silkmik-camiteas-banner-001.png","type":"image\/png"}],"twitter_card":"summary_large_image","twitter_misc":{"Est. reading time":"2 minutes"},"schema":{"@context":"https:\/\/schema.org","@graph":[{"@type":"WebPage","@id":"https:\/\/silkmix.com.br\/produto\/camiseta-sublimacao-total\/","url":"https:\/\/silkmix.com.br\/produto\/camiseta-sublimacao-total\/","name":"Camiseta Sublima\u00e7\u00e3o Total - Personalizada - Poli\u00e9ster - Silk Mix","isPartOf":{"@id":"https:\/\/silkmix.com.br\/#website"},"primaryImageOfPage":{"@id":"https:\/\/silkmix.com.br\/produto\/camiseta-sublimacao-total\/#primaryimage"},"image":{"@id":"https:\/\/silkmix.com.br\/produto\/camiseta-sublimacao-total\/#primaryimage"},"thumbnailUrl":"https:\/\/silkmix.com.br\/wp-content\/uploads\/2025\/06\/silkmik-camiteas-banner-001.png","datePublished":"2024-04-29T20:09:02+00:00","dateModified":"2025-08-15T15:28:49+00:00","description":"Camiseta sublima\u00e7\u00e3o total personalizada em poli\u00e9ster que garante conforto e imagem em qualidade HD.","breadcrumb":{"@id":"https:\/\/silkmix.com.br\/produto\/camiseta-sublimacao-total\/#breadcrumb"},"inLanguage":"en-US","potentialAction":[{"@type":"ReadAction","target":["https:\/\/silkmix.com.br\/produto\/camiseta-sublimacao-total\/"]}]},{"@type":"ImageObject","inLanguage":"en-US","@id":"https:\/\/silkmix.com.br\/produto\/camiseta-sublimacao-total\/#primaryimage","url":"https:\/\/silkmix.com.br\/wp-content\/uploads\/2025\/06\/silkmik-camiteas-banner-001.png","contentUrl":"https:\/\/silkmix.com.br\/wp-content\/uploads\/2025\/06\/silkmik-camiteas-banner-001.png","width":382,"height":408},{"@type":"BreadcrumbList","@id":"https:\/\/silkmix.com.br\/produto\/camiseta-sublimacao-total\/#breadcrumb","itemListElement":[{"@type":"ListItem","position":1,"name":"In\u00edcio","item":"https:\/\/silkmix.com.br\/"},{"@type":"ListItem","position":2,"name":"Produtos","item":"https:\/\/silkmix.com.br\/produtos\/"},{"@type":"ListItem","position":3,"name":"Camiseta Sublima\u00e7\u00e3o Total &#8211; Personalizada &#8211; Poli\u00e9ster"}]},{"@type":"WebSite","@id":"https:\/\/silkmix.com.br\/#website","url":"https:\/\/silkmix.com.br\/","name":"Silk Mix","description":"","publisher":{"@id":"https:\/\/silkmix.com.br\/#organization"},"potentialAction":[{"@type":"SearchAction","target":{"@type":"EntryPoint","urlTemplate":"https:\/\/silkmix.com.br\/?s={search_term_string}"},"query-input":{"@type":"PropertyValueSpecification","valueRequired":true,"valueName":"search_term_string"}}],"inLanguage":"en-US"},{"@type":"Organization","@id":"https:\/\/silkmix.com.br\/#organization","name":"Silk Mix","url":"https:\/\/silkmix.com.br\/","logo":{"@type":"ImageObject","inLanguage":"en-US","@id":"https:\/\/silkmix.com.br\/#\/schema\/logo\/image\/","url":"https:\/\/silkmix.com.br\/wp-content\/uploads\/2024\/04\/logo-silkmix-svg.svg","contentUrl":"https:\/\/silkmix.com.br\/wp-content\/uploads\/2024\/04\/logo-silkmix-svg.svg","width":238,"height":238,"caption":"Silk Mix"},"image":{"@id":"https:\/\/silkmix.com.br\/#\/schema\/logo\/image\/"}}]}},"_links":{"self":[{"href":"https:\/\/silkmix.com.br\/en\/wp-json\/wp\/v2\/product\/339","targetHints":{"allow":["GET"]}}],"collection":[{"href":"https:\/\/silkmix.com.br\/en\/wp-json\/wp\/v2\/product"}],"about":[{"href":"https:\/\/silkmix.com.br\/en\/wp-json\/wp\/v2\/types\/product"}],"wp:featuredmedia":[{"embeddable":true,"href":"https:\/\/silkmix.com.br\/en\/wp-json\/wp\/v2\/media\/1896"}],"wp:attachment":[{"href":"https:\/\/silkmix.com.br\/en\/wp-json\/wp\/v2\/media?parent=339"}],"wp:term":[{"taxonomy":"product_brand","embeddable":true,"href":"https:\/\/silkmix.com.br\/en\/wp-json\/wp\/v2\/product_brand?post=339"},{"taxonomy":"product_cat","embeddable":true,"href":"https:\/\/silkmix.com.br\/en\/wp-json\/wp\/v2\/product_cat?post=339"},{"taxonomy":"product_tag","embeddable":true,"href":"https:\/\/silkmix.com.br\/en\/wp-json\/wp\/v2\/product_tag?post=339"}],"curies":[{"name":"wp","href":"https:\/\/api.w.org\/{rel}","templated":true}]}}