{"id":356,"date":"2024-04-30T10:10:49","date_gmt":"2024-04-30T13:10:49","guid":{"rendered":"https:\/\/silkmix.com.br\/?post_type=product&#038;p=356"},"modified":"2025-07-08T08:31:55","modified_gmt":"2025-07-08T11:31:55","slug":"calca-de-brim-pesado","status":"publish","type":"product","link":"https:\/\/silkmix.com.br\/en\/product\/calca-de-brim-pesado\/","title":{"rendered":"Cal\u00e7a de Brim Pesado Com Estampa"},"content":{"rendered":"<p>O tecido de brim pesado oferece maior resist\u00eancia e durabilidade.<\/p>\n<p><strong>Detalhes do Produto:<\/strong><\/p>\n<ul>\n<li><strong>Tamanho:<\/strong> P \/ M \/ G \/GG<\/li>\n<li><strong>Material:<\/strong> Brim pesado &#8211; <em>\u00a0Arte: DTF Tamanho m\u00e1ximo: 5cm* \u2013\u00a0 <a href=\"https:\/\/api.whatsapp.com\/send?phone=551120477777&amp;text=Ol%C3%A1%20vim%20atrav%C3%A9s%20do%20site%20da%20Silkmix\" target=\"_blank\" rel=\"noopener\">Envie sua arte aqui<\/a>\u00a0<strong>(Formato: Vetor ou PNG sem fundo)<\/strong>\u00a0\u2013\u00a0<strong>Aten\u00e7\u00e3o:<\/strong>\u00a0O arquivo para personaliza\u00e7\u00e3o ser\u00e1 analisado podendo ser reprovado caso a qualidade interfira no resultado do produto.\u00a0<\/em><\/li>\n<li><strong>Prazo de Produ\u00e7\u00e3o:<\/strong> 4 dias \u00fateis<\/li>\n<\/ul>\n<p>Ideal para uso em ambientes industriais, atividades ao ar livre ou como parte do uniforme de trabalho.<\/p>\n<p><strong>Aten\u00e7\u00e3o:<\/strong>\u00a0<em>O arquivo para personaliza\u00e7\u00e3o ser\u00e1 analisado podendo ser reprovado caso a qualidade interfira no resultado do produto.<\/em><\/p>\n<p>O\u00a0<strong>prazo de produ\u00e7\u00e3o<\/strong>\u00a0come\u00e7a a ser contado\u00a0<strong>apenas<\/strong>\u00a0ap\u00f3s a aprova\u00e7\u00e3o do modelo de arte (layout)<\/p>\n<p>&nbsp;<\/p>","protected":false},"excerpt":{"rendered":"<p><strong>Cal\u00e7a de brim pesado &#8211; <\/strong><em>Arte: DTF Tamanho m\u00e1ximo: 3cm* \u2013\u00a0\u00a0<a href=\"https:\/\/api.whatsapp.com\/send?phone=551120477777&amp;text=Ol%C3%A1%20vim%20atrav%C3%A9s%20do%20site%20da%20Silkmix\" target=\"_blank\" rel=\"noopener\">Envie sua arte aqui<\/a>(Formato: Vetor ou PNG sem fundo)\u00a0\u2013\u00a0Aten\u00e7\u00e3o:\u00a0O arquivo para personaliza\u00e7\u00e3o ser\u00e1 analisado podendo ser reprovado caso a qualidade interfira no resultado do produto.\u00a0\u00a0\u00a0<\/em><\/p>\n<p>&nbsp;<\/p>\n<p>&nbsp;<\/p>","protected":false},"featured_media":357,"template":"","meta":{"site-sidebar-layout":"default","site-content-layout":"","ast-site-content-layout":"default","site-content-style":"default","site-sidebar-style":"default","ast-global-header-display":"","ast-banner-title-visibility":"","ast-main-header-display":"","ast-hfb-above-header-display":"","ast-hfb-below-header-display":"","ast-hfb-mobile-header-display":"","site-post-title":"","ast-breadcrumbs-content":"","ast-featured-img":"","footer-sml-layout":"","theme-transparent-header-meta":"default","adv-header-id-meta":"","stick-header-meta":"","header-above-stick-meta":"","header-main-stick-meta":"","header-below-stick-meta":"","astra-migrate-meta-layouts":"set","ast-page-background-enabled":"default","ast-page-background-meta":{"desktop":{"background-color":"var(--ast-global-color-4)","background-image":"","background-repeat":"repeat","background-position":"center center","background-size":"auto","background-attachment":"scroll","background-type":"","background-media":"","overlay-type":"","overlay-color":"","overlay-opacity":"","overlay-gradient":""},"tablet":{"background-color":"","background-image":"","background-repeat":"repeat","background-position":"center center","background-size":"auto","background-attachment":"scroll","background-type":"","background-media":"","overlay-type":"","overlay-color":"","overlay-opacity":"","overlay-gradient":""},"mobile":{"background-color":"","background-image":"","background-repeat":"repeat","background-position":"center center","background-size":"auto","background-attachment":"scroll","background-type":"","background-media":"","overlay-type":"","overlay-color":"","overlay-opacity":"","overlay-gradient":""}},"ast-content-background-meta":{"desktop":{"background-color":"var(--ast-global-color-5)","background-image":"","background-repeat":"repeat","background-position":"center center","background-size":"auto","background-attachment":"scroll","background-type":"","background-media":"","overlay-type":"","overlay-color":"","overlay-opacity":"","overlay-gradient":""},"tablet":{"background-color":"var(--ast-global-color-5)","background-image":"","background-repeat":"repeat","background-position":"center center","background-size":"auto","background-attachment":"scroll","background-type":"","background-media":"","overlay-type":"","overlay-color":"","overlay-opacity":"","overlay-gradient":""},"mobile":{"background-color":"var(--ast-global-color-5)","background-image":"","background-repeat":"repeat","background-position":"center center","background-size":"auto","background-attachment":"scroll","background-type":"","background-media":"","overlay-type":"","overlay-color":"","overlay-opacity":"","overlay-gradient":""}}},"product_brand":[],"product_cat":[33,82],"product_tag":[],"class_list":{"0":"post-356","1":"product","2":"type-product","3":"status-publish","4":"has-post-thumbnail","6":"product_cat-calcas","7":"product_cat-vestuarios-e-uniformes","8":"desktop-align-left","9":"tablet-align-left","10":"mobile-align-left","12":"first","13":"instock","14":"shipping-taxable","15":"product-type-variable"},"yoast_head":"<!-- This site is optimized with the Yoast SEO plugin v27.5 - https:\/\/yoast.com\/product\/yoast-seo-wordpress\/ -->\n<title>Cal\u00e7a de Brim Pesado Com Estampa - Silk Mix<\/title>\n<meta name=\"robots\" content=\"index, follow, max-snippet:-1, max-image-preview:large, max-video-preview:-1\" \/>\n<link rel=\"canonical\" href=\"https:\/\/silkmix.com.br\/en\/product\/calca-de-brim-pesado\/\" \/>\n<meta property=\"og:locale\" content=\"en_US\" \/>\n<meta property=\"og:type\" content=\"article\" \/>\n<meta property=\"og:title\" content=\"Cal\u00e7a de Brim Pesado Com Estampa - Silk Mix\" \/>\n<meta property=\"og:description\" content=\"Cal\u00e7a de brim pesado - Arte: DTF Tamanho m\u00e1ximo: 3cm* \u2013\u00a0\u00a0Envie sua arte aqui(Formato: Vetor ou PNG sem fundo)\u00a0\u2013\u00a0Aten\u00e7\u00e3o:\u00a0O arquivo para personaliza\u00e7\u00e3o ser\u00e1 analisado podendo ser reprovado caso a qualidade interfira no resultado do produto.\u00a0\u00a0\u00a0  &nbsp;  &nbsp;\" \/>\n<meta property=\"og:url\" content=\"https:\/\/silkmix.com.br\/en\/product\/calca-de-brim-pesado\/\" \/>\n<meta property=\"og:site_name\" content=\"Silk Mix\" \/>\n<meta property=\"article:modified_time\" content=\"2025-07-08T11:31:55+00:00\" \/>\n<meta property=\"og:image\" content=\"https:\/\/silkmix.com.br\/wp-content\/uploads\/2024\/04\/Calca-De-BRIM-Pesado.png\" \/>\n\t<meta property=\"og:image:width\" content=\"512\" \/>\n\t<meta property=\"og:image:height\" content=\"512\" \/>\n\t<meta property=\"og:image:type\" content=\"image\/png\" \/>\n<meta name=\"twitter:card\" content=\"summary_large_image\" \/>\n<meta name=\"twitter:label1\" content=\"Est. reading time\" \/>\n\t<meta name=\"twitter:data1\" content=\"1 minute\" \/>\n<script type=\"application\/ld+json\" class=\"yoast-schema-graph\">{\"@context\":\"https:\\\/\\\/schema.org\",\"@graph\":[{\"@type\":\"WebPage\",\"@id\":\"https:\\\/\\\/silkmix.com.br\\\/produto\\\/calca-de-brim-pesado\\\/\",\"url\":\"https:\\\/\\\/silkmix.com.br\\\/produto\\\/calca-de-brim-pesado\\\/\",\"name\":\"Cal\u00e7a de Brim Pesado Com Estampa - Silk Mix\",\"isPartOf\":{\"@id\":\"https:\\\/\\\/silkmix.com.br\\\/#website\"},\"primaryImageOfPage\":{\"@id\":\"https:\\\/\\\/silkmix.com.br\\\/produto\\\/calca-de-brim-pesado\\\/#primaryimage\"},\"image\":{\"@id\":\"https:\\\/\\\/silkmix.com.br\\\/produto\\\/calca-de-brim-pesado\\\/#primaryimage\"},\"thumbnailUrl\":\"https:\\\/\\\/silkmix.com.br\\\/wp-content\\\/uploads\\\/2024\\\/04\\\/Calca-De-BRIM-Pesado.png\",\"datePublished\":\"2024-04-30T13:10:49+00:00\",\"dateModified\":\"2025-07-08T11:31:55+00:00\",\"breadcrumb\":{\"@id\":\"https:\\\/\\\/silkmix.com.br\\\/produto\\\/calca-de-brim-pesado\\\/#breadcrumb\"},\"inLanguage\":\"en-US\",\"potentialAction\":[{\"@type\":\"ReadAction\",\"target\":[\"https:\\\/\\\/silkmix.com.br\\\/produto\\\/calca-de-brim-pesado\\\/\"]}]},{\"@type\":\"ImageObject\",\"inLanguage\":\"en-US\",\"@id\":\"https:\\\/\\\/silkmix.com.br\\\/produto\\\/calca-de-brim-pesado\\\/#primaryimage\",\"url\":\"https:\\\/\\\/silkmix.com.br\\\/wp-content\\\/uploads\\\/2024\\\/04\\\/Calca-De-BRIM-Pesado.png\",\"contentUrl\":\"https:\\\/\\\/silkmix.com.br\\\/wp-content\\\/uploads\\\/2024\\\/04\\\/Calca-De-BRIM-Pesado.png\",\"width\":512,\"height\":512},{\"@type\":\"BreadcrumbList\",\"@id\":\"https:\\\/\\\/silkmix.com.br\\\/produto\\\/calca-de-brim-pesado\\\/#breadcrumb\",\"itemListElement\":[{\"@type\":\"ListItem\",\"position\":1,\"name\":\"In\u00edcio\",\"item\":\"https:\\\/\\\/silkmix.com.br\\\/\"},{\"@type\":\"ListItem\",\"position\":2,\"name\":\"Produtos\",\"item\":\"https:\\\/\\\/silkmix.com.br\\\/produtos\\\/\"},{\"@type\":\"ListItem\",\"position\":3,\"name\":\"Cal\u00e7a de Brim Pesado Com Estampa\"}]},{\"@type\":\"WebSite\",\"@id\":\"https:\\\/\\\/silkmix.com.br\\\/#website\",\"url\":\"https:\\\/\\\/silkmix.com.br\\\/\",\"name\":\"Silk Mix\",\"description\":\"\",\"publisher\":{\"@id\":\"https:\\\/\\\/silkmix.com.br\\\/#organization\"},\"potentialAction\":[{\"@type\":\"SearchAction\",\"target\":{\"@type\":\"EntryPoint\",\"urlTemplate\":\"https:\\\/\\\/silkmix.com.br\\\/?s={search_term_string}\"},\"query-input\":{\"@type\":\"PropertyValueSpecification\",\"valueRequired\":true,\"valueName\":\"search_term_string\"}}],\"inLanguage\":\"en-US\"},{\"@type\":\"Organization\",\"@id\":\"https:\\\/\\\/silkmix.com.br\\\/#organization\",\"name\":\"Silk Mix\",\"url\":\"https:\\\/\\\/silkmix.com.br\\\/\",\"logo\":{\"@type\":\"ImageObject\",\"inLanguage\":\"en-US\",\"@id\":\"https:\\\/\\\/silkmix.com.br\\\/#\\\/schema\\\/logo\\\/image\\\/\",\"url\":\"https:\\\/\\\/silkmix.com.br\\\/wp-content\\\/uploads\\\/2024\\\/04\\\/logo-silkmix-svg.svg\",\"contentUrl\":\"https:\\\/\\\/silkmix.com.br\\\/wp-content\\\/uploads\\\/2024\\\/04\\\/logo-silkmix-svg.svg\",\"width\":238,\"height\":238,\"caption\":\"Silk Mix\"},\"image\":{\"@id\":\"https:\\\/\\\/silkmix.com.br\\\/#\\\/schema\\\/logo\\\/image\\\/\"}}]}<\/script>\n<!-- \/ Yoast SEO plugin. -->","yoast_head_json":{"title":"Cal\u00e7a de Brim Pesado Com Estampa - Silk Mix","robots":{"index":"index","follow":"follow","max-snippet":"max-snippet:-1","max-image-preview":"max-image-preview:large","max-video-preview":"max-video-preview:-1"},"canonical":"https:\/\/silkmix.com.br\/en\/product\/calca-de-brim-pesado\/","og_locale":"en_US","og_type":"article","og_title":"Cal\u00e7a de Brim Pesado Com Estampa - Silk Mix","og_description":"Cal\u00e7a de brim pesado - Arte: DTF Tamanho m\u00e1ximo: 3cm* \u2013\u00a0\u00a0Envie sua arte aqui(Formato: Vetor ou PNG sem fundo)\u00a0\u2013\u00a0Aten\u00e7\u00e3o:\u00a0O arquivo para personaliza\u00e7\u00e3o ser\u00e1 analisado podendo ser reprovado caso a qualidade interfira no resultado do produto.\u00a0\u00a0\u00a0  &nbsp;  &nbsp;","og_url":"https:\/\/silkmix.com.br\/en\/product\/calca-de-brim-pesado\/","og_site_name":"Silk Mix","article_modified_time":"2025-07-08T11:31:55+00:00","og_image":[{"width":512,"height":512,"url":"https:\/\/silkmix.com.br\/wp-content\/uploads\/2024\/04\/Calca-De-BRIM-Pesado.png","type":"image\/png"}],"twitter_card":"summary_large_image","twitter_misc":{"Est. reading time":"1 minute"},"schema":{"@context":"https:\/\/schema.org","@graph":[{"@type":"WebPage","@id":"https:\/\/silkmix.com.br\/produto\/calca-de-brim-pesado\/","url":"https:\/\/silkmix.com.br\/produto\/calca-de-brim-pesado\/","name":"Cal\u00e7a de Brim Pesado Com Estampa - Silk Mix","isPartOf":{"@id":"https:\/\/silkmix.com.br\/#website"},"primaryImageOfPage":{"@id":"https:\/\/silkmix.com.br\/produto\/calca-de-brim-pesado\/#primaryimage"},"image":{"@id":"https:\/\/silkmix.com.br\/produto\/calca-de-brim-pesado\/#primaryimage"},"thumbnailUrl":"https:\/\/silkmix.com.br\/wp-content\/uploads\/2024\/04\/Calca-De-BRIM-Pesado.png","datePublished":"2024-04-30T13:10:49+00:00","dateModified":"2025-07-08T11:31:55+00:00","breadcrumb":{"@id":"https:\/\/silkmix.com.br\/produto\/calca-de-brim-pesado\/#breadcrumb"},"inLanguage":"en-US","potentialAction":[{"@type":"ReadAction","target":["https:\/\/silkmix.com.br\/produto\/calca-de-brim-pesado\/"]}]},{"@type":"ImageObject","inLanguage":"en-US","@id":"https:\/\/silkmix.com.br\/produto\/calca-de-brim-pesado\/#primaryimage","url":"https:\/\/silkmix.com.br\/wp-content\/uploads\/2024\/04\/Calca-De-BRIM-Pesado.png","contentUrl":"https:\/\/silkmix.com.br\/wp-content\/uploads\/2024\/04\/Calca-De-BRIM-Pesado.png","width":512,"height":512},{"@type":"BreadcrumbList","@id":"https:\/\/silkmix.com.br\/produto\/calca-de-brim-pesado\/#breadcrumb","itemListElement":[{"@type":"ListItem","position":1,"name":"In\u00edcio","item":"https:\/\/silkmix.com.br\/"},{"@type":"ListItem","position":2,"name":"Produtos","item":"https:\/\/silkmix.com.br\/produtos\/"},{"@type":"ListItem","position":3,"name":"Cal\u00e7a de Brim Pesado Com Estampa"}]},{"@type":"WebSite","@id":"https:\/\/silkmix.com.br\/#website","url":"https:\/\/silkmix.com.br\/","name":"Silk Mix","description":"","publisher":{"@id":"https:\/\/silkmix.com.br\/#organization"},"potentialAction":[{"@type":"SearchAction","target":{"@type":"EntryPoint","urlTemplate":"https:\/\/silkmix.com.br\/?s={search_term_string}"},"query-input":{"@type":"PropertyValueSpecification","valueRequired":true,"valueName":"search_term_string"}}],"inLanguage":"en-US"},{"@type":"Organization","@id":"https:\/\/silkmix.com.br\/#organization","name":"Silk Mix","url":"https:\/\/silkmix.com.br\/","logo":{"@type":"ImageObject","inLanguage":"en-US","@id":"https:\/\/silkmix.com.br\/#\/schema\/logo\/image\/","url":"https:\/\/silkmix.com.br\/wp-content\/uploads\/2024\/04\/logo-silkmix-svg.svg","contentUrl":"https:\/\/silkmix.com.br\/wp-content\/uploads\/2024\/04\/logo-silkmix-svg.svg","width":238,"height":238,"caption":"Silk Mix"},"image":{"@id":"https:\/\/silkmix.com.br\/#\/schema\/logo\/image\/"}}]}},"_links":{"self":[{"href":"https:\/\/silkmix.com.br\/en\/wp-json\/wp\/v2\/product\/356","targetHints":{"allow":["GET"]}}],"collection":[{"href":"https:\/\/silkmix.com.br\/en\/wp-json\/wp\/v2\/product"}],"about":[{"href":"https:\/\/silkmix.com.br\/en\/wp-json\/wp\/v2\/types\/product"}],"wp:featuredmedia":[{"embeddable":true,"href":"https:\/\/silkmix.com.br\/en\/wp-json\/wp\/v2\/media\/357"}],"wp:attachment":[{"href":"https:\/\/silkmix.com.br\/en\/wp-json\/wp\/v2\/media?parent=356"}],"wp:term":[{"taxonomy":"product_brand","embeddable":true,"href":"https:\/\/silkmix.com.br\/en\/wp-json\/wp\/v2\/product_brand?post=356"},{"taxonomy":"product_cat","embeddable":true,"href":"https:\/\/silkmix.com.br\/en\/wp-json\/wp\/v2\/product_cat?post=356"},{"taxonomy":"product_tag","embeddable":true,"href":"https:\/\/silkmix.com.br\/en\/wp-json\/wp\/v2\/product_tag?post=356"}],"curies":[{"name":"wp","href":"https:\/\/api.w.org\/{rel}","templated":true}]}}