{"id":3593,"date":"2025-09-02T09:27:33","date_gmt":"2025-09-02T12:27:33","guid":{"rendered":"https:\/\/silkmix.com.br\/?post_type=product&#038;p=3593"},"modified":"2025-09-17T12:01:49","modified_gmt":"2025-09-17T15:01:49","slug":"caneta-plastica-azul-rosa-personalizado","status":"publish","type":"product","link":"https:\/\/silkmix.com.br\/en\/product\/caneta-plastica-azul-rosa-personalizado\/","title":{"rendered":"Caneta pl\u00e1stica azul\/rosa \u2022 Personalizado"},"content":{"rendered":"<p>A Caneta pl\u00e1stica azul\/rosa \u00e9 \u00f3tima para brindes corporativos, em feiras e eventos. Com design moderno e detalhes coloridos \u00e9 pr\u00e1tica para o dia a dia, al\u00e9m de ser uma op\u00e7\u00e3o sustent\u00e1vel portanto reduz impactos ambientais.<\/p>\n<p>A personaliza\u00e7\u00e3o ocorre em DTF-UV, dessa forma garantimos mais qualidade e cores vivas para a arte escolhida.<\/p>\n<p>Confira nossa linha de materiais para escrit\u00f3rio:\u00a0<a href=\"https:\/\/silkmix.com.br\/en\/produtos\/categoria-escritorio\/\">https:\/\/silkmix.com.br\/produtos\/categoria-escritorio<\/a><\/p>\n<p><strong>Observa\u00e7\u00f5es:<\/strong><\/p>\n<p>Vendas somente <strong>atacado.<\/strong><\/p>\n<p><strong>Imagens ilustrativas<\/strong> representam apenas a caneta, portanto n\u00e3o tem refer\u00eancia com a carga. Cor da tinta: azul.<\/p>\n<p><strong>Detalhes do Produto:<\/strong><\/p>\n<ul>\n<li><strong>Dimens\u00f5es:<\/strong> 13,5 cm x 1,5cm<\/li>\n<li><strong>Material:<\/strong> Pl<\/li>\n<li><strong>Acabamento:<\/strong> acionamento em clique e destravamento ao pressionar a parte inferior do clipe<\/li>\n<li><strong>Cor:<\/strong> Azul \/Rosa<\/li>\n<li><strong>Cor da carga:<\/strong> Tinta azul<\/li>\n<li><strong>Personaliza\u00e7\u00e3o:<\/strong> DTF-UV 4&#215;0 at\u00e9 5cm comprimento &#8211; <i><b><a href=\"https:\/\/api.whatsapp.com\/send?phone=551120477777&amp;text=Ol%C3%A1%20vim%20atrav%C3%A9s%20do%20site%20da%20Silkmix\">Envie sua arte aqui<\/a><\/b>\u00a0<em>(Formato: Vetor ou PNG sem fundo) \u2013<\/em>\u00a0<b>Aten\u00e7\u00e3o:\u00a0<\/b><em>O arquivo ser\u00e1 analisado de acordo com nosso manual podendo ser reprovado caso a qualidade interfira no resultado do produto.<\/em>\u00a0<\/i><\/li>\n<li><strong>Modalidade de venda: Somente Atacado: <\/strong>a partir de 50 pe\u00e7as<\/li>\n<li><strong>Prazo de validade:<\/strong> Indeterminado<\/li>\n<li><strong>Extras:<\/strong>\u00a0Servi\u00e7o de cria\u00e7\u00e3o de arte e layout dispon\u00edvel mediante consulta.<\/li>\n<li><strong>Prazo de Produ\u00e7\u00e3o:<\/strong> 3 a 5 dias \u00fateis<\/li>\n<\/ul>\n<p>Ideal para brindes personalizados corporativos, promocional ou eventos.<\/p>\n<p><strong>Informa\u00e7\u00f5es adicionais:<\/strong><\/p>\n<p><strong>Aten\u00e7\u00e3o:<\/strong>\u00a0<em>Analisamos<\/em>\u00a0o<em> arquivo para personaliza\u00e7\u00e3o da caneta papel\u00e3o ecol\u00f3gica de acordo com nosso manual podendo reprov\u00e1-lo caso a qualidade interfira no resultado do produto.<\/em><\/p>\n<p>Ap\u00f3s o pagamento, encaminhamos seu pedido para o setor de arte final para cria\u00e7\u00e3o do modelo de arte que \u00e9 enviado para aprova\u00e7\u00e3o no e-mail ou whatsapp cadastrados para aprova\u00e7\u00e3o final ou corre\u00e7\u00f5es.<\/p>\n<p><em>Validamos o <strong>prazo de produ\u00e7\u00e3o<\/strong>\u00a0<strong>apenas<\/strong> ap\u00f3s a aprova\u00e7\u00e3o do modelo de arte (layout) por essa raz\u00e3o \u00e9 necess\u00e1rio conferir sempre email e whatsapp.<\/em><\/p>\n<p>D\u00favidas sobre a personaliza\u00e7\u00e3o do item? Ent\u00e3o consulte: <a href=\"https:\/\/silkmix.com.br\/en\/manual-de-personalizacao\/\">https:\/\/silkmix.com.br\/manual-de-personalizacao\/<\/a><\/p>\n<p>&nbsp;<\/p>\n<p>&nbsp;<\/p>\n<p>&nbsp;<\/p>","protected":false},"excerpt":{"rendered":"<p><strong>Caneta em papel\u00e3o com detalhes coloridos e tinta azul <\/strong>\u00a0&#8211; <em>Arte: Silk 4\u00d70* (*consulte medidas) &#8211; Pedido m\u00ednimo: 50 pe\u00e7as &#8211; <i>\u00a0\u2013<\/i><b><a href=\"https:\/\/api.whatsapp.com\/send?phone=551120477777&amp;text=Ol%C3%A1%20vim%20atrav%C3%A9s%20do%20site%20da%20Silkmix\">Envie sua arte aqui<\/a><\/b>\u00a0(Formato: Vetor ou PNG sem fundo) \u2013\u00a0<b><i>Aten\u00e7\u00e3o:\u00a0<\/i><\/b>O arquivo para personaliza\u00e7\u00e3o ser\u00e1 analisado podendo ser reprovado caso a qualidade interfira no resultado do produto.\u00a0 IMAGENS ILUSTRATIVAS PARA VISUALIZA\u00c7\u00c3O.<\/em><\/p>","protected":false},"featured_media":3601,"template":"","meta":{"site-sidebar-layout":"default","site-content-layout":"","ast-site-content-layout":"default","site-content-style":"default","site-sidebar-style":"default","ast-global-header-display":"","ast-banner-title-visibility":"","ast-main-header-display":"","ast-hfb-above-header-display":"","ast-hfb-below-header-display":"","ast-hfb-mobile-header-display":"","site-post-title":"","ast-breadcrumbs-content":"","ast-featured-img":"","footer-sml-layout":"","theme-transparent-header-meta":"default","adv-header-id-meta":"","stick-header-meta":"","header-above-stick-meta":"","header-main-stick-meta":"","header-below-stick-meta":"","astra-migrate-meta-layouts":"set","ast-page-background-enabled":"default","ast-page-background-meta":{"desktop":{"background-color":"var(--ast-global-color-4)","background-image":"","background-repeat":"repeat","background-position":"center center","background-size":"auto","background-attachment":"scroll","background-type":"","background-media":"","overlay-type":"","overlay-color":"","overlay-opacity":"","overlay-gradient":""},"tablet":{"background-color":"","background-image":"","background-repeat":"repeat","background-position":"center center","background-size":"auto","background-attachment":"scroll","background-type":"","background-media":"","overlay-type":"","overlay-color":"","overlay-opacity":"","overlay-gradient":""},"mobile":{"background-color":"","background-image":"","background-repeat":"repeat","background-position":"center center","background-size":"auto","background-attachment":"scroll","background-type":"","background-media":"","overlay-type":"","overlay-color":"","overlay-opacity":"","overlay-gradient":""}},"ast-content-background-meta":{"desktop":{"background-color":"var(--ast-global-color-5)","background-image":"","background-repeat":"repeat","background-position":"center center","background-size":"auto","background-attachment":"scroll","background-type":"","background-media":"","overlay-type":"","overlay-color":"","overlay-opacity":"","overlay-gradient":""},"tablet":{"background-color":"var(--ast-global-color-5)","background-image":"","background-repeat":"repeat","background-position":"center center","background-size":"auto","background-attachment":"scroll","background-type":"","background-media":"","overlay-type":"","overlay-color":"","overlay-opacity":"","overlay-gradient":""},"mobile":{"background-color":"var(--ast-global-color-5)","background-image":"","background-repeat":"repeat","background-position":"center center","background-size":"auto","background-attachment":"scroll","background-type":"","background-media":"","overlay-type":"","overlay-color":"","overlay-opacity":"","overlay-gradient":""}}},"product_brand":[],"product_cat":[127,88,64,169,63,138],"product_tag":[174,176,173,175,123,211,172],"class_list":{"0":"post-3593","1":"product","2":"type-product","3":"status-publish","4":"has-post-thumbnail","6":"product_cat-brindes-personalizados","7":"product_cat-caneta-plastica","8":"product_cat-canetas","9":"product_cat-brindes-personalizados-datas","10":"product_cat-linha-ecologica","11":"product_cat-linha-sipat","12":"product_tag-brindes-corporativos","13":"product_tag-brindes-para-clientes","14":"product_tag-brindes-para-eventos","15":"product_tag-brindes-para-funcionarios","16":"product_tag-caneta","17":"product_tag-caneta-esferografica","18":"product_tag-dtf-uv","19":"desktop-align-left","20":"tablet-align-left","21":"mobile-align-left","23":"first","24":"instock","25":"shipping-taxable","26":"purchasable","27":"product-type-variable"},"yoast_head":"<!-- This site is optimized with the Yoast SEO plugin v27.6 - https:\/\/yoast.com\/product\/yoast-seo-wordpress\/ -->\n<title>Caneta pl\u00e1stica azul\/rosa \u2022 Personalizado - Silk Mix<\/title>\n<meta name=\"description\" content=\"Caneta em papel\u00e3o colorida com tinta azul. Sua arte em DTF-UV. Perfeita para brindes, uso no escrit\u00f3rio ou empresas. Produto sustent\u00e1vel\" \/>\n<meta name=\"robots\" content=\"index, follow, max-snippet:-1, max-image-preview:large, max-video-preview:-1\" \/>\n<link rel=\"canonical\" href=\"https:\/\/silkmix.com.br\/en\/product\/caneta-plastica-azul-rosa-personalizado\/\" \/>\n<meta property=\"og:locale\" content=\"en_US\" \/>\n<meta property=\"og:type\" content=\"article\" \/>\n<meta property=\"og:title\" content=\"Caneta pl\u00e1stica azul\/rosa \u2022 Personalizado - Silk Mix\" \/>\n<meta property=\"og:description\" content=\"Caneta em papel\u00e3o colorida com tinta azul. Sua arte em DTF-UV. Perfeita para brindes, uso no escrit\u00f3rio ou empresas. Produto sustent\u00e1vel\" \/>\n<meta property=\"og:url\" content=\"https:\/\/silkmix.com.br\/en\/product\/caneta-plastica-azul-rosa-personalizado\/\" \/>\n<meta property=\"og:site_name\" content=\"Silk Mix\" \/>\n<meta property=\"article:modified_time\" content=\"2025-09-17T15:01:49+00:00\" \/>\n<meta property=\"og:image\" content=\"https:\/\/silkmix.com.br\/wp-content\/uploads\/2025\/09\/azul.png\" \/>\n\t<meta property=\"og:image:width\" content=\"940\" \/>\n\t<meta property=\"og:image:height\" content=\"788\" \/>\n\t<meta property=\"og:image:type\" content=\"image\/png\" \/>\n<meta name=\"twitter:card\" content=\"summary_large_image\" \/>\n<meta name=\"twitter:label1\" content=\"Est. reading time\" \/>\n\t<meta name=\"twitter:data1\" content=\"2 minutes\" \/>\n<script type=\"application\/ld+json\" class=\"yoast-schema-graph\">{\"@context\":\"https:\\\/\\\/schema.org\",\"@graph\":[{\"@type\":\"WebPage\",\"@id\":\"https:\\\/\\\/silkmix.com.br\\\/produto\\\/caneta-plastica-azul-rosa-personalizado\\\/\",\"url\":\"https:\\\/\\\/silkmix.com.br\\\/produto\\\/caneta-plastica-azul-rosa-personalizado\\\/\",\"name\":\"Caneta pl\u00e1stica azul\\\/rosa \u2022 Personalizado - Silk Mix\",\"isPartOf\":{\"@id\":\"https:\\\/\\\/silkmix.com.br\\\/#website\"},\"primaryImageOfPage\":{\"@id\":\"https:\\\/\\\/silkmix.com.br\\\/produto\\\/caneta-plastica-azul-rosa-personalizado\\\/#primaryimage\"},\"image\":{\"@id\":\"https:\\\/\\\/silkmix.com.br\\\/produto\\\/caneta-plastica-azul-rosa-personalizado\\\/#primaryimage\"},\"thumbnailUrl\":\"https:\\\/\\\/silkmix.com.br\\\/wp-content\\\/uploads\\\/2025\\\/09\\\/azul.png\",\"datePublished\":\"2025-09-02T12:27:33+00:00\",\"dateModified\":\"2025-09-17T15:01:49+00:00\",\"description\":\"Caneta em papel\u00e3o colorida com tinta azul. Sua arte em DTF-UV. Perfeita para brindes, uso no escrit\u00f3rio ou empresas. Produto sustent\u00e1vel\",\"breadcrumb\":{\"@id\":\"https:\\\/\\\/silkmix.com.br\\\/produto\\\/caneta-plastica-azul-rosa-personalizado\\\/#breadcrumb\"},\"inLanguage\":\"en-US\",\"potentialAction\":[{\"@type\":\"ReadAction\",\"target\":[\"https:\\\/\\\/silkmix.com.br\\\/produto\\\/caneta-plastica-azul-rosa-personalizado\\\/\"]}]},{\"@type\":\"ImageObject\",\"inLanguage\":\"en-US\",\"@id\":\"https:\\\/\\\/silkmix.com.br\\\/produto\\\/caneta-plastica-azul-rosa-personalizado\\\/#primaryimage\",\"url\":\"https:\\\/\\\/silkmix.com.br\\\/wp-content\\\/uploads\\\/2025\\\/09\\\/azul.png\",\"contentUrl\":\"https:\\\/\\\/silkmix.com.br\\\/wp-content\\\/uploads\\\/2025\\\/09\\\/azul.png\",\"width\":940,\"height\":788},{\"@type\":\"BreadcrumbList\",\"@id\":\"https:\\\/\\\/silkmix.com.br\\\/produto\\\/caneta-plastica-azul-rosa-personalizado\\\/#breadcrumb\",\"itemListElement\":[{\"@type\":\"ListItem\",\"position\":1,\"name\":\"In\u00edcio\",\"item\":\"https:\\\/\\\/silkmix.com.br\\\/\"},{\"@type\":\"ListItem\",\"position\":2,\"name\":\"Produtos\",\"item\":\"https:\\\/\\\/silkmix.com.br\\\/produtos\\\/\"},{\"@type\":\"ListItem\",\"position\":3,\"name\":\"Caneta pl\u00e1stica azul\\\/rosa \u2022 Personalizado\"}]},{\"@type\":\"WebSite\",\"@id\":\"https:\\\/\\\/silkmix.com.br\\\/#website\",\"url\":\"https:\\\/\\\/silkmix.com.br\\\/\",\"name\":\"Silk Mix\",\"description\":\"\",\"publisher\":{\"@id\":\"https:\\\/\\\/silkmix.com.br\\\/#organization\"},\"potentialAction\":[{\"@type\":\"SearchAction\",\"target\":{\"@type\":\"EntryPoint\",\"urlTemplate\":\"https:\\\/\\\/silkmix.com.br\\\/?s={search_term_string}\"},\"query-input\":{\"@type\":\"PropertyValueSpecification\",\"valueRequired\":true,\"valueName\":\"search_term_string\"}}],\"inLanguage\":\"en-US\"},{\"@type\":\"Organization\",\"@id\":\"https:\\\/\\\/silkmix.com.br\\\/#organization\",\"name\":\"Silk Mix\",\"url\":\"https:\\\/\\\/silkmix.com.br\\\/\",\"logo\":{\"@type\":\"ImageObject\",\"inLanguage\":\"en-US\",\"@id\":\"https:\\\/\\\/silkmix.com.br\\\/#\\\/schema\\\/logo\\\/image\\\/\",\"url\":\"https:\\\/\\\/silkmix.com.br\\\/wp-content\\\/uploads\\\/2024\\\/04\\\/logo-silkmix-svg.svg\",\"contentUrl\":\"https:\\\/\\\/silkmix.com.br\\\/wp-content\\\/uploads\\\/2024\\\/04\\\/logo-silkmix-svg.svg\",\"width\":238,\"height\":238,\"caption\":\"Silk Mix\"},\"image\":{\"@id\":\"https:\\\/\\\/silkmix.com.br\\\/#\\\/schema\\\/logo\\\/image\\\/\"}}]}<\/script>\n<!-- \/ Yoast SEO plugin. -->","yoast_head_json":{"title":"Caneta pl\u00e1stica azul\/rosa \u2022 Personalizado - Silk Mix","description":"Caneta em papel\u00e3o colorida com tinta azul. Sua arte em DTF-UV. Perfeita para brindes, uso no escrit\u00f3rio ou empresas. Produto sustent\u00e1vel","robots":{"index":"index","follow":"follow","max-snippet":"max-snippet:-1","max-image-preview":"max-image-preview:large","max-video-preview":"max-video-preview:-1"},"canonical":"https:\/\/silkmix.com.br\/en\/product\/caneta-plastica-azul-rosa-personalizado\/","og_locale":"en_US","og_type":"article","og_title":"Caneta pl\u00e1stica azul\/rosa \u2022 Personalizado - Silk Mix","og_description":"Caneta em papel\u00e3o colorida com tinta azul. Sua arte em DTF-UV. Perfeita para brindes, uso no escrit\u00f3rio ou empresas. Produto sustent\u00e1vel","og_url":"https:\/\/silkmix.com.br\/en\/product\/caneta-plastica-azul-rosa-personalizado\/","og_site_name":"Silk Mix","article_modified_time":"2025-09-17T15:01:49+00:00","og_image":[{"width":940,"height":788,"url":"https:\/\/silkmix.com.br\/wp-content\/uploads\/2025\/09\/azul.png","type":"image\/png"}],"twitter_card":"summary_large_image","twitter_misc":{"Est. reading time":"2 minutes"},"schema":{"@context":"https:\/\/schema.org","@graph":[{"@type":"WebPage","@id":"https:\/\/silkmix.com.br\/produto\/caneta-plastica-azul-rosa-personalizado\/","url":"https:\/\/silkmix.com.br\/produto\/caneta-plastica-azul-rosa-personalizado\/","name":"Caneta pl\u00e1stica azul\/rosa \u2022 Personalizado - Silk Mix","isPartOf":{"@id":"https:\/\/silkmix.com.br\/#website"},"primaryImageOfPage":{"@id":"https:\/\/silkmix.com.br\/produto\/caneta-plastica-azul-rosa-personalizado\/#primaryimage"},"image":{"@id":"https:\/\/silkmix.com.br\/produto\/caneta-plastica-azul-rosa-personalizado\/#primaryimage"},"thumbnailUrl":"https:\/\/silkmix.com.br\/wp-content\/uploads\/2025\/09\/azul.png","datePublished":"2025-09-02T12:27:33+00:00","dateModified":"2025-09-17T15:01:49+00:00","description":"Caneta em papel\u00e3o colorida com tinta azul. Sua arte em DTF-UV. Perfeita para brindes, uso no escrit\u00f3rio ou empresas. Produto sustent\u00e1vel","breadcrumb":{"@id":"https:\/\/silkmix.com.br\/produto\/caneta-plastica-azul-rosa-personalizado\/#breadcrumb"},"inLanguage":"en-US","potentialAction":[{"@type":"ReadAction","target":["https:\/\/silkmix.com.br\/produto\/caneta-plastica-azul-rosa-personalizado\/"]}]},{"@type":"ImageObject","inLanguage":"en-US","@id":"https:\/\/silkmix.com.br\/produto\/caneta-plastica-azul-rosa-personalizado\/#primaryimage","url":"https:\/\/silkmix.com.br\/wp-content\/uploads\/2025\/09\/azul.png","contentUrl":"https:\/\/silkmix.com.br\/wp-content\/uploads\/2025\/09\/azul.png","width":940,"height":788},{"@type":"BreadcrumbList","@id":"https:\/\/silkmix.com.br\/produto\/caneta-plastica-azul-rosa-personalizado\/#breadcrumb","itemListElement":[{"@type":"ListItem","position":1,"name":"In\u00edcio","item":"https:\/\/silkmix.com.br\/"},{"@type":"ListItem","position":2,"name":"Produtos","item":"https:\/\/silkmix.com.br\/produtos\/"},{"@type":"ListItem","position":3,"name":"Caneta pl\u00e1stica azul\/rosa \u2022 Personalizado"}]},{"@type":"WebSite","@id":"https:\/\/silkmix.com.br\/#website","url":"https:\/\/silkmix.com.br\/","name":"Silk Mix","description":"","publisher":{"@id":"https:\/\/silkmix.com.br\/#organization"},"potentialAction":[{"@type":"SearchAction","target":{"@type":"EntryPoint","urlTemplate":"https:\/\/silkmix.com.br\/?s={search_term_string}"},"query-input":{"@type":"PropertyValueSpecification","valueRequired":true,"valueName":"search_term_string"}}],"inLanguage":"en-US"},{"@type":"Organization","@id":"https:\/\/silkmix.com.br\/#organization","name":"Silk Mix","url":"https:\/\/silkmix.com.br\/","logo":{"@type":"ImageObject","inLanguage":"en-US","@id":"https:\/\/silkmix.com.br\/#\/schema\/logo\/image\/","url":"https:\/\/silkmix.com.br\/wp-content\/uploads\/2024\/04\/logo-silkmix-svg.svg","contentUrl":"https:\/\/silkmix.com.br\/wp-content\/uploads\/2024\/04\/logo-silkmix-svg.svg","width":238,"height":238,"caption":"Silk Mix"},"image":{"@id":"https:\/\/silkmix.com.br\/#\/schema\/logo\/image\/"}}]}},"_links":{"self":[{"href":"https:\/\/silkmix.com.br\/en\/wp-json\/wp\/v2\/product\/3593","targetHints":{"allow":["GET"]}}],"collection":[{"href":"https:\/\/silkmix.com.br\/en\/wp-json\/wp\/v2\/product"}],"about":[{"href":"https:\/\/silkmix.com.br\/en\/wp-json\/wp\/v2\/types\/product"}],"wp:featuredmedia":[{"embeddable":true,"href":"https:\/\/silkmix.com.br\/en\/wp-json\/wp\/v2\/media\/3601"}],"wp:attachment":[{"href":"https:\/\/silkmix.com.br\/en\/wp-json\/wp\/v2\/media?parent=3593"}],"wp:term":[{"taxonomy":"product_brand","embeddable":true,"href":"https:\/\/silkmix.com.br\/en\/wp-json\/wp\/v2\/product_brand?post=3593"},{"taxonomy":"product_cat","embeddable":true,"href":"https:\/\/silkmix.com.br\/en\/wp-json\/wp\/v2\/product_cat?post=3593"},{"taxonomy":"product_tag","embeddable":true,"href":"https:\/\/silkmix.com.br\/en\/wp-json\/wp\/v2\/product_tag?post=3593"}],"curies":[{"name":"wp","href":"https:\/\/api.w.org\/{rel}","templated":true}]}}