{"id":361,"date":"2024-04-30T11:27:37","date_gmt":"2024-04-30T14:27:37","guid":{"rendered":"https:\/\/silkmix.com.br\/?post_type=product&#038;p=361"},"modified":"2025-09-24T15:00:12","modified_gmt":"2025-09-24T18:00:12","slug":"caneta-ecologica-papelao-sm001","status":"publish","type":"product","link":"https:\/\/silkmix.com.br\/en\/product\/caneta-ecologica-papelao-sm001\/","title":{"rendered":"CANETA ECOL\u00d3GICA PAPEL\u00c3O SM001"},"content":{"rendered":"<p><strong>Caneta Ecol\u00f3gica de Papel\u00e3o SM001 &#8211; Sustentabilidade com Estilo<\/strong><\/p>\n<p>Obtenha uma caneta ecol\u00f3gica feita de papel\u00e3o com detalhes coloridos, ideal para promover sua marca de forma sustent\u00e1vel e com produ\u00e7\u00e3o r\u00e1pida em 3 a 5 dias \u00fateis.<\/p>\n<p><strong>Detalhes do Produto:<\/strong><\/p>\n<ul>\n<li><strong>Formato:<\/strong> Tamanho compacto de 14 cm x 1,5 cm, perfeito para uso di\u00e1rio.<\/li>\n<li><strong>Cores:<\/strong> Dispon\u00edvel em uma variedade de cores vibrantes para os detalhes.<\/li>\n<li><strong>Material:<\/strong> Caneta feita de papel\u00e3o reciclado, promovendo a sustentabilidade.<\/li>\n<li><strong>Revestimento:<\/strong> Personaliza\u00e7\u00e3o com revestimento UV para durabilidade e destaque.<\/li>\n<\/ul>\n<p><strong>Caracter\u00edsticas e Benef\u00edcios:<\/strong><\/p>\n<ul>\n<li>Design ecol\u00f3gico, ideal para empresas preocupadas com o meio ambiente.<\/li>\n<li>Detalhes coloridos adicionam um toque de estilo e vivacidade \u00e0 caneta.<\/li>\n<\/ul>\n<p><strong>Detalhes Adicionais:<\/strong><\/p>\n<ul>\n<li>Clip de madeira e ponteira pl\u00e1stica complementam o visual natural e sustent\u00e1vel.<\/li>\n<li>Personaliza\u00e7\u00e3o com revestimento UV garante uma impress\u00e3o duradoura e de alta qualidade.<\/li>\n<\/ul>\n<p>Destaque-se com uma caneta personalizada que reflete seus valores sustent\u00e1veis \u200b\u200be promove sua marca de maneira consciente. Experimente a qualidade e a preocupa\u00e7\u00e3o com o meio ambiente da caneta de papel\u00e3o SM001!<\/p>","protected":false},"excerpt":{"rendered":"<p>Caneta Ecol\u00f3gica de Papel\u00e3o SM001 &#8211; Sustentabilidade com Estilo Obtenha uma caneta ecol\u00f3gica feita de papel\u00e3o com detalhes coloridos, ideal [&hellip;]<\/p>","protected":false},"featured_media":362,"template":"","meta":{"site-sidebar-layout":"default","site-content-layout":"","ast-site-content-layout":"default","site-content-style":"default","site-sidebar-style":"default","ast-global-header-display":"","ast-banner-title-visibility":"","ast-main-header-display":"","ast-hfb-above-header-display":"","ast-hfb-below-header-display":"","ast-hfb-mobile-header-display":"","site-post-title":"","ast-breadcrumbs-content":"","ast-featured-img":"","footer-sml-layout":"","theme-transparent-header-meta":"default","adv-header-id-meta":"","stick-header-meta":"","header-above-stick-meta":"","header-main-stick-meta":"","header-below-stick-meta":"","astra-migrate-meta-layouts":"set","ast-page-background-enabled":"default","ast-page-background-meta":{"desktop":{"background-color":"var(--ast-global-color-4)","background-image":"","background-repeat":"repeat","background-position":"center center","background-size":"auto","background-attachment":"scroll","background-type":"","background-media":"","overlay-type":"","overlay-color":"","overlay-opacity":"","overlay-gradient":""},"tablet":{"background-color":"","background-image":"","background-repeat":"repeat","background-position":"center center","background-size":"auto","background-attachment":"scroll","background-type":"","background-media":"","overlay-type":"","overlay-color":"","overlay-opacity":"","overlay-gradient":""},"mobile":{"background-color":"","background-image":"","background-repeat":"repeat","background-position":"center center","background-size":"auto","background-attachment":"scroll","background-type":"","background-media":"","overlay-type":"","overlay-color":"","overlay-opacity":"","overlay-gradient":""}},"ast-content-background-meta":{"desktop":{"background-color":"var(--ast-global-color-5)","background-image":"","background-repeat":"repeat","background-position":"center center","background-size":"auto","background-attachment":"scroll","background-type":"","background-media":"","overlay-type":"","overlay-color":"","overlay-opacity":"","overlay-gradient":""},"tablet":{"background-color":"var(--ast-global-color-5)","background-image":"","background-repeat":"repeat","background-position":"center center","background-size":"auto","background-attachment":"scroll","background-type":"","background-media":"","overlay-type":"","overlay-color":"","overlay-opacity":"","overlay-gradient":""},"mobile":{"background-color":"var(--ast-global-color-5)","background-image":"","background-repeat":"repeat","background-position":"center center","background-size":"auto","background-attachment":"scroll","background-type":"","background-media":"","overlay-type":"","overlay-color":"","overlay-opacity":"","overlay-gradient":""}}},"product_brand":[],"product_cat":[127,35],"product_tag":[],"class_list":{"0":"post-361","1":"product","2":"type-product","3":"status-publish","4":"has-post-thumbnail","6":"product_cat-brindes-personalizados","7":"product_cat-caneta","8":"desktop-align-left","9":"tablet-align-left","10":"mobile-align-left","12":"first","13":"instock","14":"shipping-taxable","15":"purchasable","16":"product-type-simple"},"yoast_head":"<!-- This site is optimized with the Yoast SEO plugin v27.4 - https:\/\/yoast.com\/product\/yoast-seo-wordpress\/ -->\n<title>CANETA ECOL\u00d3GICA PAPEL\u00c3O SM001 - Silk Mix<\/title>\n<meta name=\"robots\" content=\"index, follow, max-snippet:-1, max-image-preview:large, max-video-preview:-1\" \/>\n<link rel=\"canonical\" href=\"https:\/\/silkmix.com.br\/en\/product\/caneta-ecologica-papelao-sm001\/\" \/>\n<meta property=\"og:locale\" content=\"en_US\" \/>\n<meta property=\"og:type\" content=\"article\" \/>\n<meta property=\"og:title\" content=\"CANETA ECOL\u00d3GICA PAPEL\u00c3O SM001 - Silk Mix\" \/>\n<meta property=\"og:description\" content=\"Caneta Ecol\u00f3gica de Papel\u00e3o SM001 &#8211; Sustentabilidade com Estilo Obtenha uma caneta ecol\u00f3gica feita de papel\u00e3o com detalhes coloridos, ideal [&hellip;]\" \/>\n<meta property=\"og:url\" content=\"https:\/\/silkmix.com.br\/en\/product\/caneta-ecologica-papelao-sm001\/\" \/>\n<meta property=\"og:site_name\" content=\"Silk Mix\" \/>\n<meta property=\"article:modified_time\" content=\"2025-09-24T18:00:12+00:00\" \/>\n<meta property=\"og:image\" content=\"https:\/\/silkmix.com.br\/wp-content\/uploads\/2024\/04\/CANETA-ECOLOGICA-PAPELAO-SM001.png\" \/>\n\t<meta property=\"og:image:width\" content=\"512\" \/>\n\t<meta property=\"og:image:height\" content=\"512\" \/>\n\t<meta property=\"og:image:type\" content=\"image\/png\" \/>\n<meta name=\"twitter:card\" content=\"summary_large_image\" \/>\n<meta name=\"twitter:label1\" content=\"Est. reading time\" \/>\n\t<meta name=\"twitter:data1\" content=\"2 minutes\" \/>\n<script type=\"application\/ld+json\" class=\"yoast-schema-graph\">{\"@context\":\"https:\\\/\\\/schema.org\",\"@graph\":[{\"@type\":\"WebPage\",\"@id\":\"https:\\\/\\\/silkmix.com.br\\\/produto\\\/caneta-ecologica-papelao-sm001\\\/\",\"url\":\"https:\\\/\\\/silkmix.com.br\\\/produto\\\/caneta-ecologica-papelao-sm001\\\/\",\"name\":\"CANETA ECOL\u00d3GICA PAPEL\u00c3O SM001 - Silk Mix\",\"isPartOf\":{\"@id\":\"https:\\\/\\\/silkmix.com.br\\\/#website\"},\"primaryImageOfPage\":{\"@id\":\"https:\\\/\\\/silkmix.com.br\\\/produto\\\/caneta-ecologica-papelao-sm001\\\/#primaryimage\"},\"image\":{\"@id\":\"https:\\\/\\\/silkmix.com.br\\\/produto\\\/caneta-ecologica-papelao-sm001\\\/#primaryimage\"},\"thumbnailUrl\":\"https:\\\/\\\/silkmix.com.br\\\/wp-content\\\/uploads\\\/2024\\\/04\\\/CANETA-ECOLOGICA-PAPELAO-SM001.png\",\"datePublished\":\"2024-04-30T14:27:37+00:00\",\"dateModified\":\"2025-09-24T18:00:12+00:00\",\"breadcrumb\":{\"@id\":\"https:\\\/\\\/silkmix.com.br\\\/produto\\\/caneta-ecologica-papelao-sm001\\\/#breadcrumb\"},\"inLanguage\":\"en-US\",\"potentialAction\":[{\"@type\":\"ReadAction\",\"target\":[\"https:\\\/\\\/silkmix.com.br\\\/produto\\\/caneta-ecologica-papelao-sm001\\\/\"]}]},{\"@type\":\"ImageObject\",\"inLanguage\":\"en-US\",\"@id\":\"https:\\\/\\\/silkmix.com.br\\\/produto\\\/caneta-ecologica-papelao-sm001\\\/#primaryimage\",\"url\":\"https:\\\/\\\/silkmix.com.br\\\/wp-content\\\/uploads\\\/2024\\\/04\\\/CANETA-ECOLOGICA-PAPELAO-SM001.png\",\"contentUrl\":\"https:\\\/\\\/silkmix.com.br\\\/wp-content\\\/uploads\\\/2024\\\/04\\\/CANETA-ECOLOGICA-PAPELAO-SM001.png\",\"width\":512,\"height\":512},{\"@type\":\"BreadcrumbList\",\"@id\":\"https:\\\/\\\/silkmix.com.br\\\/produto\\\/caneta-ecologica-papelao-sm001\\\/#breadcrumb\",\"itemListElement\":[{\"@type\":\"ListItem\",\"position\":1,\"name\":\"In\u00edcio\",\"item\":\"https:\\\/\\\/silkmix.com.br\\\/\"},{\"@type\":\"ListItem\",\"position\":2,\"name\":\"Produtos\",\"item\":\"https:\\\/\\\/silkmix.com.br\\\/produtos\\\/\"},{\"@type\":\"ListItem\",\"position\":3,\"name\":\"CANETA ECOL\u00d3GICA PAPEL\u00c3O SM001\"}]},{\"@type\":\"WebSite\",\"@id\":\"https:\\\/\\\/silkmix.com.br\\\/#website\",\"url\":\"https:\\\/\\\/silkmix.com.br\\\/\",\"name\":\"Silk Mix\",\"description\":\"\",\"publisher\":{\"@id\":\"https:\\\/\\\/silkmix.com.br\\\/#organization\"},\"potentialAction\":[{\"@type\":\"SearchAction\",\"target\":{\"@type\":\"EntryPoint\",\"urlTemplate\":\"https:\\\/\\\/silkmix.com.br\\\/?s={search_term_string}\"},\"query-input\":{\"@type\":\"PropertyValueSpecification\",\"valueRequired\":true,\"valueName\":\"search_term_string\"}}],\"inLanguage\":\"en-US\"},{\"@type\":\"Organization\",\"@id\":\"https:\\\/\\\/silkmix.com.br\\\/#organization\",\"name\":\"Silk Mix\",\"url\":\"https:\\\/\\\/silkmix.com.br\\\/\",\"logo\":{\"@type\":\"ImageObject\",\"inLanguage\":\"en-US\",\"@id\":\"https:\\\/\\\/silkmix.com.br\\\/#\\\/schema\\\/logo\\\/image\\\/\",\"url\":\"https:\\\/\\\/silkmix.com.br\\\/wp-content\\\/uploads\\\/2024\\\/04\\\/logo-silkmix-svg.svg\",\"contentUrl\":\"https:\\\/\\\/silkmix.com.br\\\/wp-content\\\/uploads\\\/2024\\\/04\\\/logo-silkmix-svg.svg\",\"width\":238,\"height\":238,\"caption\":\"Silk Mix\"},\"image\":{\"@id\":\"https:\\\/\\\/silkmix.com.br\\\/#\\\/schema\\\/logo\\\/image\\\/\"}}]}<\/script>\n<!-- \/ Yoast SEO plugin. -->","yoast_head_json":{"title":"CANETA ECOL\u00d3GICA PAPEL\u00c3O SM001 - Silk Mix","robots":{"index":"index","follow":"follow","max-snippet":"max-snippet:-1","max-image-preview":"max-image-preview:large","max-video-preview":"max-video-preview:-1"},"canonical":"https:\/\/silkmix.com.br\/en\/product\/caneta-ecologica-papelao-sm001\/","og_locale":"en_US","og_type":"article","og_title":"CANETA ECOL\u00d3GICA PAPEL\u00c3O SM001 - Silk Mix","og_description":"Caneta Ecol\u00f3gica de Papel\u00e3o SM001 &#8211; Sustentabilidade com Estilo Obtenha uma caneta ecol\u00f3gica feita de papel\u00e3o com detalhes coloridos, ideal [&hellip;]","og_url":"https:\/\/silkmix.com.br\/en\/product\/caneta-ecologica-papelao-sm001\/","og_site_name":"Silk Mix","article_modified_time":"2025-09-24T18:00:12+00:00","og_image":[{"width":512,"height":512,"url":"https:\/\/silkmix.com.br\/wp-content\/uploads\/2024\/04\/CANETA-ECOLOGICA-PAPELAO-SM001.png","type":"image\/png"}],"twitter_card":"summary_large_image","twitter_misc":{"Est. reading time":"2 minutes"},"schema":{"@context":"https:\/\/schema.org","@graph":[{"@type":"WebPage","@id":"https:\/\/silkmix.com.br\/produto\/caneta-ecologica-papelao-sm001\/","url":"https:\/\/silkmix.com.br\/produto\/caneta-ecologica-papelao-sm001\/","name":"CANETA ECOL\u00d3GICA PAPEL\u00c3O SM001 - Silk Mix","isPartOf":{"@id":"https:\/\/silkmix.com.br\/#website"},"primaryImageOfPage":{"@id":"https:\/\/silkmix.com.br\/produto\/caneta-ecologica-papelao-sm001\/#primaryimage"},"image":{"@id":"https:\/\/silkmix.com.br\/produto\/caneta-ecologica-papelao-sm001\/#primaryimage"},"thumbnailUrl":"https:\/\/silkmix.com.br\/wp-content\/uploads\/2024\/04\/CANETA-ECOLOGICA-PAPELAO-SM001.png","datePublished":"2024-04-30T14:27:37+00:00","dateModified":"2025-09-24T18:00:12+00:00","breadcrumb":{"@id":"https:\/\/silkmix.com.br\/produto\/caneta-ecologica-papelao-sm001\/#breadcrumb"},"inLanguage":"en-US","potentialAction":[{"@type":"ReadAction","target":["https:\/\/silkmix.com.br\/produto\/caneta-ecologica-papelao-sm001\/"]}]},{"@type":"ImageObject","inLanguage":"en-US","@id":"https:\/\/silkmix.com.br\/produto\/caneta-ecologica-papelao-sm001\/#primaryimage","url":"https:\/\/silkmix.com.br\/wp-content\/uploads\/2024\/04\/CANETA-ECOLOGICA-PAPELAO-SM001.png","contentUrl":"https:\/\/silkmix.com.br\/wp-content\/uploads\/2024\/04\/CANETA-ECOLOGICA-PAPELAO-SM001.png","width":512,"height":512},{"@type":"BreadcrumbList","@id":"https:\/\/silkmix.com.br\/produto\/caneta-ecologica-papelao-sm001\/#breadcrumb","itemListElement":[{"@type":"ListItem","position":1,"name":"In\u00edcio","item":"https:\/\/silkmix.com.br\/"},{"@type":"ListItem","position":2,"name":"Produtos","item":"https:\/\/silkmix.com.br\/produtos\/"},{"@type":"ListItem","position":3,"name":"CANETA ECOL\u00d3GICA PAPEL\u00c3O SM001"}]},{"@type":"WebSite","@id":"https:\/\/silkmix.com.br\/#website","url":"https:\/\/silkmix.com.br\/","name":"Silk Mix","description":"","publisher":{"@id":"https:\/\/silkmix.com.br\/#organization"},"potentialAction":[{"@type":"SearchAction","target":{"@type":"EntryPoint","urlTemplate":"https:\/\/silkmix.com.br\/?s={search_term_string}"},"query-input":{"@type":"PropertyValueSpecification","valueRequired":true,"valueName":"search_term_string"}}],"inLanguage":"en-US"},{"@type":"Organization","@id":"https:\/\/silkmix.com.br\/#organization","name":"Silk Mix","url":"https:\/\/silkmix.com.br\/","logo":{"@type":"ImageObject","inLanguage":"en-US","@id":"https:\/\/silkmix.com.br\/#\/schema\/logo\/image\/","url":"https:\/\/silkmix.com.br\/wp-content\/uploads\/2024\/04\/logo-silkmix-svg.svg","contentUrl":"https:\/\/silkmix.com.br\/wp-content\/uploads\/2024\/04\/logo-silkmix-svg.svg","width":238,"height":238,"caption":"Silk Mix"},"image":{"@id":"https:\/\/silkmix.com.br\/#\/schema\/logo\/image\/"}}]}},"_links":{"self":[{"href":"https:\/\/silkmix.com.br\/en\/wp-json\/wp\/v2\/product\/361","targetHints":{"allow":["GET"]}}],"collection":[{"href":"https:\/\/silkmix.com.br\/en\/wp-json\/wp\/v2\/product"}],"about":[{"href":"https:\/\/silkmix.com.br\/en\/wp-json\/wp\/v2\/types\/product"}],"wp:featuredmedia":[{"embeddable":true,"href":"https:\/\/silkmix.com.br\/en\/wp-json\/wp\/v2\/media\/362"}],"wp:attachment":[{"href":"https:\/\/silkmix.com.br\/en\/wp-json\/wp\/v2\/media?parent=361"}],"wp:term":[{"taxonomy":"product_brand","embeddable":true,"href":"https:\/\/silkmix.com.br\/en\/wp-json\/wp\/v2\/product_brand?post=361"},{"taxonomy":"product_cat","embeddable":true,"href":"https:\/\/silkmix.com.br\/en\/wp-json\/wp\/v2\/product_cat?post=361"},{"taxonomy":"product_tag","embeddable":true,"href":"https:\/\/silkmix.com.br\/en\/wp-json\/wp\/v2\/product_tag?post=361"}],"curies":[{"name":"wp","href":"https:\/\/api.w.org\/{rel}","templated":true}]}}