{"id":3684,"date":"2025-09-04T17:00:44","date_gmt":"2025-09-04T20:00:44","guid":{"rendered":"https:\/\/silkmix.com.br\/?post_type=product&#038;p=3684"},"modified":"2025-09-17T11:17:42","modified_gmt":"2025-09-17T14:17:42","slug":"copo-fibra-de-coco-350ml-personalizado-copia","status":"publish","type":"product","link":"https:\/\/silkmix.com.br\/en\/product\/copo-fibra-de-coco-350ml-personalizado-copia\/","title":{"rendered":"Copo Fibra de Coco 350ml \u2022 Personalizado"},"content":{"rendered":"<p>O copo de fibra de coco 350ml \u00e9 uma op\u00e7\u00e3o sustent\u00e1vel para desfrutar o caf\u00e9 ou ch\u00e1 de todo o dia com toda a leveza que o momento merece, al\u00e9m de ser um produto sustent\u00e1vel que n\u00e3o agride o meio ambiente. Perfeito para levar para o trabalho, academia, col\u00e9gio ou faculdade ou at\u00e9 mesmo no carro. Material livre de BPA.<\/p>\n<p><span style=\"font-weight: 400;\">A personaliza\u00e7\u00e3o ocorre em <strong>DTF-UV<\/strong>, dessa forma garantimos mais qualidade e cores vivas para a arte escolhida.<\/span><\/p>\n<p>Conhe\u00e7a nossa linha ecol\u00f3gica:<a href=\"https:\/\/silkmix.com.br\/en\/produtos\/categorias-linha-ecologica\/\">https:\/\/silkmix.com.br\/produtos\/categorias-linha-ecologica<\/a><\/p>\n<p><b>Observa\u00e7\u00f5es:<\/b><\/p>\n<p><span style=\"font-weight: 400;\">Vendas somente <\/span><b>atacado.<\/b><\/p>\n<p><b>Imagens ilustrativas<\/b><span style=\"font-weight: 400;\"> apenas para visualiza\u00e7\u00e3o. Personaliza\u00e7\u00e3o de acordo com a arte enviada por solicitante.<\/span><\/p>\n<p><b>Detalhes do Produto:<\/b><\/p>\n<ul>\n<li style=\"font-weight: 400;\" aria-level=\"1\"><b>Dimens\u00f5es:<\/b><span style=\"font-weight: 400;\"> 350ml<\/span><\/li>\n<li style=\"font-weight: 400;\" aria-level=\"1\"><b>Material:<\/b><span style=\"font-weight: 400;\"> Fibra de coco<\/span><\/li>\n<li style=\"font-weight: 400;\" aria-level=\"1\"><b>Acabamento:<\/b><span style=\"font-weight: 400;\"> Tampa rosque\u00e1vel com bocal.<\/span><\/li>\n<li style=\"font-weight: 400;\" aria-level=\"1\"><b>Cor:<\/b><span style=\"font-weight: 400;\">\u00a0 Azul \/ Bege \/ Branca \/ Preto<\/span><\/li>\n<li style=\"font-weight: 400;\" aria-level=\"1\"><b>Personaliza\u00e7\u00e3o:<\/b><span style=\"font-weight: 400;\"> DTF-UV 4&#215;0 at\u00e9 5cm comprimento &#8211;<\/span><a href=\"https:\/\/api.whatsapp.com\/send?phone=551120477777&amp;text=Ol%C3%A1%20vim%20atrav%C3%A9s%20do%20site%20da%20Silkmix\"> <b><i>Envie sua arte aqui<\/i><\/b><\/a><i><span style=\"font-weight: 400;\"> (Formato: Vetor ou PNG sem fundo) \u2013 <\/span><\/i><b><i>Aten\u00e7\u00e3o: <\/i><\/b><i><span style=\"font-weight: 400;\">O arquivo ser\u00e1 analisado de acordo com nosso manual podendo ser reprovado caso a qualidade interfira no resultado do produto.\u00a0<\/span><\/i><\/li>\n<li style=\"font-weight: 400;\" aria-level=\"1\"><b>Modalidade de venda: Somente Atacado: <\/b><span style=\"font-weight: 400;\">a partir de 10 pe\u00e7as<\/span><\/li>\n<li style=\"font-weight: 400;\" aria-level=\"1\"><b>Extras:<\/b><span style=\"font-weight: 400;\"> Servi\u00e7o de cria\u00e7\u00e3o de arte e layout dispon\u00edvel mediante consulta.<\/span><\/li>\n<li style=\"font-weight: 400;\" aria-level=\"1\"><b>Prazo de Produ\u00e7\u00e3o:<\/b><span style=\"font-weight: 400;\"> 3 a 5 dias \u00fateis<\/span><\/li>\n<\/ul>\n<p>Ideal para uso di\u00e1rio, viagens, escrit\u00f3rio, academia, faculdade ou ao ar livre.<\/p>\n<p><b>Informa\u00e7\u00f5es adicionais:<\/b><\/p>\n<p><b>Aten\u00e7\u00e3o:<\/b> <i><span style=\"font-weight: 400;\">Analisamos<\/span><\/i><span style=\"font-weight: 400;\"> o<\/span><i><span style=\"font-weight: 400;\"> arquivo para personaliza\u00e7\u00e3o da copo de fibra de coco 350ml de acordo com nosso manual podendo reprov\u00e1-lo caso a qualidade interfira no resultado do produto.<\/span><\/i><\/p>\n<p><span style=\"font-weight: 400;\">Ap\u00f3s o pagamento, encaminhamos seu pedido para o setor de arte final para cria\u00e7\u00e3o do modelo de arte que \u00e9 enviado para aprova\u00e7\u00e3o no e-mail ou whatsapp cadastrados para aprova\u00e7\u00e3o final ou corre\u00e7\u00f5es.<\/span><\/p>\n<p><i><span style=\"font-weight: 400;\">Validamos o <\/span><\/i><b><i>prazo de produ\u00e7\u00e3o<\/i><\/b> <b><i>apenas<\/i><\/b><i><span style=\"font-weight: 400;\"> ap\u00f3s a aprova\u00e7\u00e3o do modelo de arte (layout) por essa raz\u00e3o \u00e9 necess\u00e1rio conferir sempre email e whatsapp.<\/span><\/i><\/p>\n<p><span style=\"font-weight: 400;\">D\u00favidas sobre a personaliza\u00e7\u00e3o do item? Ent\u00e3o consulte:<\/span><a href=\"https:\/\/silkmix.com.br\/en\/manual-de-personalizacao\/\"> <span style=\"font-weight: 400;\">https:\/\/silkmix.com.br\/manual-de-personalizacao\/<\/span><\/a><\/p>\n<p>&nbsp;<\/p>\n<p>&nbsp;<\/p>\n<p>&nbsp;<\/p>\n<p>&nbsp;<\/p>","protected":false},"excerpt":{"rendered":"<p><strong>Copo sustent\u00e1vel feito a partir de pl\u00e1stico de fibra de coco livre de BPA<\/strong> &#8211; <em>Pedido m\u00ednimo: 12 pe\u00e7as &#8211; Arte: DTF 5cm<\/em> &#8211; <b><a href=\"https:\/\/api.whatsapp.com\/send?phone=551120477777&amp;text=Ol%C3%A1%20vim%20atrav%C3%A9s%20do%20site%20da%20Silkmix\">Envie sua arte aqui<\/a><\/b>\u00a0<em>(Formato: Vetor ou PNG sem fundo) \u2013<\/em>\u00a0<b><i>Aten\u00e7\u00e3o:\u00a0<\/i><\/b><em>O arquivo para personaliza\u00e7\u00e3o ser\u00e1 analisado podendo ser reprovado caso a qualidade interfira no resultado do produto.<\/em><\/p>\n<p><span style=\"font-weight: 400;\">IMAGENS ILUSTRATIVAS APENAS PARA VISUALIZA\u00c7\u00c3O. PERSONALIZA\u00c7\u00c3O DE ACORDO COM A ARTE ENVIADA POR SOLICITANTE.<\/span><\/p>","protected":false},"featured_media":3685,"template":"","meta":{"site-sidebar-layout":"default","site-content-layout":"","ast-site-content-layout":"default","site-content-style":"default","site-sidebar-style":"default","ast-global-header-display":"","ast-banner-title-visibility":"","ast-main-header-display":"","ast-hfb-above-header-display":"","ast-hfb-below-header-display":"","ast-hfb-mobile-header-display":"","site-post-title":"","ast-breadcrumbs-content":"","ast-featured-img":"","footer-sml-layout":"","theme-transparent-header-meta":"default","adv-header-id-meta":"","stick-header-meta":"","header-above-stick-meta":"","header-main-stick-meta":"","header-below-stick-meta":"","astra-migrate-meta-layouts":"set","ast-page-background-enabled":"default","ast-page-background-meta":{"desktop":{"background-color":"var(--ast-global-color-4)","background-image":"","background-repeat":"repeat","background-position":"center center","background-size":"auto","background-attachment":"scroll","background-type":"","background-media":"","overlay-type":"","overlay-color":"","overlay-opacity":"","overlay-gradient":""},"tablet":{"background-color":"","background-image":"","background-repeat":"repeat","background-position":"center center","background-size":"auto","background-attachment":"scroll","background-type":"","background-media":"","overlay-type":"","overlay-color":"","overlay-opacity":"","overlay-gradient":""},"mobile":{"background-color":"","background-image":"","background-repeat":"repeat","background-position":"center center","background-size":"auto","background-attachment":"scroll","background-type":"","background-media":"","overlay-type":"","overlay-color":"","overlay-opacity":"","overlay-gradient":""}},"ast-content-background-meta":{"desktop":{"background-color":"var(--ast-global-color-5)","background-image":"","background-repeat":"repeat","background-position":"center center","background-size":"auto","background-attachment":"scroll","background-type":"","background-media":"","overlay-type":"","overlay-color":"","overlay-opacity":"","overlay-gradient":""},"tablet":{"background-color":"var(--ast-global-color-5)","background-image":"","background-repeat":"repeat","background-position":"center center","background-size":"auto","background-attachment":"scroll","background-type":"","background-media":"","overlay-type":"","overlay-color":"","overlay-opacity":"","overlay-gradient":""},"mobile":{"background-color":"var(--ast-global-color-5)","background-image":"","background-repeat":"repeat","background-position":"center center","background-size":"auto","background-attachment":"scroll","background-type":"","background-media":"","overlay-type":"","overlay-color":"","overlay-opacity":"","overlay-gradient":""}}},"product_brand":[],"product_cat":[127,59,114,169,63,138,128],"product_tag":[174,176,173,175,115,55,206,116,205,172,51,77,117,118],"class_list":{"0":"post-3684","1":"product","2":"type-product","3":"status-publish","4":"has-post-thumbnail","6":"product_cat-brindes-personalizados","7":"product_cat-copo","8":"product_cat-copo-ecologico","9":"product_cat-brindes-personalizados-datas","10":"product_cat-linha-ecologica","11":"product_cat-linha-sipat","12":"product_cat-lancamentos","13":"product_tag-brindes-corporativos","14":"product_tag-brindes-para-clientes","15":"product_tag-brindes-para-eventos","16":"product_tag-brindes-para-funcionarios","17":"product_tag-cafeteria","18":"product_tag-copo","19":"product_tag-copo-bucks","20":"product_tag-copo-ecologico","21":"product_tag-copos-para-cafe","22":"product_tag-dtf-uv","23":"product_tag-escritorio","24":"product_tag-lanchonete","25":"product_tag-linha-ecologica","26":"product_tag-sustentavel","27":"desktop-align-left","28":"tablet-align-left","29":"mobile-align-left","31":"first","32":"instock","33":"shipping-taxable","34":"purchasable","35":"product-type-variable"},"yoast_head":"<!-- This site is optimized with the Yoast SEO plugin v27.6 - https:\/\/yoast.com\/product\/yoast-seo-wordpress\/ -->\n<title>Copo Fibra de Coco 350ml \u2022 Personalizado - Silk Mix<\/title>\n<meta name=\"description\" content=\"Copo de fibra de coco personalizado em DTF-UV. Produto 100% sustent\u00e1vel livre de BPA \u00e9 uma alternativa sustent\u00e1vel ao pl\u00e1stico\" \/>\n<meta name=\"robots\" content=\"index, follow, max-snippet:-1, max-image-preview:large, max-video-preview:-1\" \/>\n<link rel=\"canonical\" href=\"https:\/\/silkmix.com.br\/en\/product\/copo-fibra-de-coco-350ml-personalizado-copia\/\" \/>\n<meta property=\"og:locale\" content=\"en_US\" \/>\n<meta property=\"og:type\" content=\"article\" \/>\n<meta property=\"og:title\" content=\"Copo Fibra de Coco 350ml \u2022 Personalizado - Silk Mix\" \/>\n<meta property=\"og:description\" content=\"Copo de fibra de coco personalizado em DTF-UV. Produto 100% sustent\u00e1vel livre de BPA \u00e9 uma alternativa sustent\u00e1vel ao pl\u00e1stico\" \/>\n<meta property=\"og:url\" content=\"https:\/\/silkmix.com.br\/en\/product\/copo-fibra-de-coco-350ml-personalizado-copia\/\" \/>\n<meta property=\"og:site_name\" content=\"Silk Mix\" \/>\n<meta property=\"article:modified_time\" content=\"2025-09-17T14:17:42+00:00\" \/>\n<meta property=\"og:image\" content=\"https:\/\/silkmix.com.br\/wp-content\/uploads\/2025\/09\/Copo-Fibra-de-Coco-350ml-24424d1-1756388715.jpg\" \/>\n\t<meta property=\"og:image:width\" content=\"1000\" \/>\n\t<meta property=\"og:image:height\" content=\"1000\" \/>\n\t<meta property=\"og:image:type\" content=\"image\/jpeg\" \/>\n<meta name=\"twitter:card\" content=\"summary_large_image\" \/>\n<meta name=\"twitter:label1\" content=\"Est. reading time\" \/>\n\t<meta name=\"twitter:data1\" content=\"2 minutes\" \/>\n<script type=\"application\/ld+json\" class=\"yoast-schema-graph\">{\"@context\":\"https:\\\/\\\/schema.org\",\"@graph\":[{\"@type\":\"WebPage\",\"@id\":\"https:\\\/\\\/silkmix.com.br\\\/produto\\\/copo-fibra-de-coco-350ml-personalizado-copia\\\/\",\"url\":\"https:\\\/\\\/silkmix.com.br\\\/produto\\\/copo-fibra-de-coco-350ml-personalizado-copia\\\/\",\"name\":\"Copo Fibra de Coco 350ml \u2022 Personalizado - Silk Mix\",\"isPartOf\":{\"@id\":\"https:\\\/\\\/silkmix.com.br\\\/#website\"},\"primaryImageOfPage\":{\"@id\":\"https:\\\/\\\/silkmix.com.br\\\/produto\\\/copo-fibra-de-coco-350ml-personalizado-copia\\\/#primaryimage\"},\"image\":{\"@id\":\"https:\\\/\\\/silkmix.com.br\\\/produto\\\/copo-fibra-de-coco-350ml-personalizado-copia\\\/#primaryimage\"},\"thumbnailUrl\":\"https:\\\/\\\/silkmix.com.br\\\/wp-content\\\/uploads\\\/2025\\\/09\\\/Copo-Fibra-de-Coco-350ml-24424d1-1756388715.jpg\",\"datePublished\":\"2025-09-04T20:00:44+00:00\",\"dateModified\":\"2025-09-17T14:17:42+00:00\",\"description\":\"Copo de fibra de coco personalizado em DTF-UV. Produto 100% sustent\u00e1vel livre de BPA \u00e9 uma alternativa sustent\u00e1vel ao pl\u00e1stico\",\"breadcrumb\":{\"@id\":\"https:\\\/\\\/silkmix.com.br\\\/produto\\\/copo-fibra-de-coco-350ml-personalizado-copia\\\/#breadcrumb\"},\"inLanguage\":\"en-US\",\"potentialAction\":[{\"@type\":\"ReadAction\",\"target\":[\"https:\\\/\\\/silkmix.com.br\\\/produto\\\/copo-fibra-de-coco-350ml-personalizado-copia\\\/\"]}]},{\"@type\":\"ImageObject\",\"inLanguage\":\"en-US\",\"@id\":\"https:\\\/\\\/silkmix.com.br\\\/produto\\\/copo-fibra-de-coco-350ml-personalizado-copia\\\/#primaryimage\",\"url\":\"https:\\\/\\\/silkmix.com.br\\\/wp-content\\\/uploads\\\/2025\\\/09\\\/Copo-Fibra-de-Coco-350ml-24424d1-1756388715.jpg\",\"contentUrl\":\"https:\\\/\\\/silkmix.com.br\\\/wp-content\\\/uploads\\\/2025\\\/09\\\/Copo-Fibra-de-Coco-350ml-24424d1-1756388715.jpg\",\"width\":1000,\"height\":1000},{\"@type\":\"BreadcrumbList\",\"@id\":\"https:\\\/\\\/silkmix.com.br\\\/produto\\\/copo-fibra-de-coco-350ml-personalizado-copia\\\/#breadcrumb\",\"itemListElement\":[{\"@type\":\"ListItem\",\"position\":1,\"name\":\"In\u00edcio\",\"item\":\"https:\\\/\\\/silkmix.com.br\\\/\"},{\"@type\":\"ListItem\",\"position\":2,\"name\":\"Produtos\",\"item\":\"https:\\\/\\\/silkmix.com.br\\\/produtos\\\/\"},{\"@type\":\"ListItem\",\"position\":3,\"name\":\"Copo Fibra de Coco 350ml \u2022 Personalizado\"}]},{\"@type\":\"WebSite\",\"@id\":\"https:\\\/\\\/silkmix.com.br\\\/#website\",\"url\":\"https:\\\/\\\/silkmix.com.br\\\/\",\"name\":\"Silk Mix\",\"description\":\"\",\"publisher\":{\"@id\":\"https:\\\/\\\/silkmix.com.br\\\/#organization\"},\"potentialAction\":[{\"@type\":\"SearchAction\",\"target\":{\"@type\":\"EntryPoint\",\"urlTemplate\":\"https:\\\/\\\/silkmix.com.br\\\/?s={search_term_string}\"},\"query-input\":{\"@type\":\"PropertyValueSpecification\",\"valueRequired\":true,\"valueName\":\"search_term_string\"}}],\"inLanguage\":\"en-US\"},{\"@type\":\"Organization\",\"@id\":\"https:\\\/\\\/silkmix.com.br\\\/#organization\",\"name\":\"Silk Mix\",\"url\":\"https:\\\/\\\/silkmix.com.br\\\/\",\"logo\":{\"@type\":\"ImageObject\",\"inLanguage\":\"en-US\",\"@id\":\"https:\\\/\\\/silkmix.com.br\\\/#\\\/schema\\\/logo\\\/image\\\/\",\"url\":\"https:\\\/\\\/silkmix.com.br\\\/wp-content\\\/uploads\\\/2024\\\/04\\\/logo-silkmix-svg.svg\",\"contentUrl\":\"https:\\\/\\\/silkmix.com.br\\\/wp-content\\\/uploads\\\/2024\\\/04\\\/logo-silkmix-svg.svg\",\"width\":238,\"height\":238,\"caption\":\"Silk Mix\"},\"image\":{\"@id\":\"https:\\\/\\\/silkmix.com.br\\\/#\\\/schema\\\/logo\\\/image\\\/\"}}]}<\/script>\n<!-- \/ Yoast SEO plugin. -->","yoast_head_json":{"title":"Copo Fibra de Coco 350ml \u2022 Personalizado - Silk Mix","description":"Copo de fibra de coco personalizado em DTF-UV. Produto 100% sustent\u00e1vel livre de BPA \u00e9 uma alternativa sustent\u00e1vel ao pl\u00e1stico","robots":{"index":"index","follow":"follow","max-snippet":"max-snippet:-1","max-image-preview":"max-image-preview:large","max-video-preview":"max-video-preview:-1"},"canonical":"https:\/\/silkmix.com.br\/en\/product\/copo-fibra-de-coco-350ml-personalizado-copia\/","og_locale":"en_US","og_type":"article","og_title":"Copo Fibra de Coco 350ml \u2022 Personalizado - Silk Mix","og_description":"Copo de fibra de coco personalizado em DTF-UV. Produto 100% sustent\u00e1vel livre de BPA \u00e9 uma alternativa sustent\u00e1vel ao pl\u00e1stico","og_url":"https:\/\/silkmix.com.br\/en\/product\/copo-fibra-de-coco-350ml-personalizado-copia\/","og_site_name":"Silk Mix","article_modified_time":"2025-09-17T14:17:42+00:00","og_image":[{"width":1000,"height":1000,"url":"https:\/\/silkmix.com.br\/wp-content\/uploads\/2025\/09\/Copo-Fibra-de-Coco-350ml-24424d1-1756388715.jpg","type":"image\/jpeg"}],"twitter_card":"summary_large_image","twitter_misc":{"Est. reading time":"2 minutes"},"schema":{"@context":"https:\/\/schema.org","@graph":[{"@type":"WebPage","@id":"https:\/\/silkmix.com.br\/produto\/copo-fibra-de-coco-350ml-personalizado-copia\/","url":"https:\/\/silkmix.com.br\/produto\/copo-fibra-de-coco-350ml-personalizado-copia\/","name":"Copo Fibra de Coco 350ml \u2022 Personalizado - Silk Mix","isPartOf":{"@id":"https:\/\/silkmix.com.br\/#website"},"primaryImageOfPage":{"@id":"https:\/\/silkmix.com.br\/produto\/copo-fibra-de-coco-350ml-personalizado-copia\/#primaryimage"},"image":{"@id":"https:\/\/silkmix.com.br\/produto\/copo-fibra-de-coco-350ml-personalizado-copia\/#primaryimage"},"thumbnailUrl":"https:\/\/silkmix.com.br\/wp-content\/uploads\/2025\/09\/Copo-Fibra-de-Coco-350ml-24424d1-1756388715.jpg","datePublished":"2025-09-04T20:00:44+00:00","dateModified":"2025-09-17T14:17:42+00:00","description":"Copo de fibra de coco personalizado em DTF-UV. Produto 100% sustent\u00e1vel livre de BPA \u00e9 uma alternativa sustent\u00e1vel ao pl\u00e1stico","breadcrumb":{"@id":"https:\/\/silkmix.com.br\/produto\/copo-fibra-de-coco-350ml-personalizado-copia\/#breadcrumb"},"inLanguage":"en-US","potentialAction":[{"@type":"ReadAction","target":["https:\/\/silkmix.com.br\/produto\/copo-fibra-de-coco-350ml-personalizado-copia\/"]}]},{"@type":"ImageObject","inLanguage":"en-US","@id":"https:\/\/silkmix.com.br\/produto\/copo-fibra-de-coco-350ml-personalizado-copia\/#primaryimage","url":"https:\/\/silkmix.com.br\/wp-content\/uploads\/2025\/09\/Copo-Fibra-de-Coco-350ml-24424d1-1756388715.jpg","contentUrl":"https:\/\/silkmix.com.br\/wp-content\/uploads\/2025\/09\/Copo-Fibra-de-Coco-350ml-24424d1-1756388715.jpg","width":1000,"height":1000},{"@type":"BreadcrumbList","@id":"https:\/\/silkmix.com.br\/produto\/copo-fibra-de-coco-350ml-personalizado-copia\/#breadcrumb","itemListElement":[{"@type":"ListItem","position":1,"name":"In\u00edcio","item":"https:\/\/silkmix.com.br\/"},{"@type":"ListItem","position":2,"name":"Produtos","item":"https:\/\/silkmix.com.br\/produtos\/"},{"@type":"ListItem","position":3,"name":"Copo Fibra de Coco 350ml \u2022 Personalizado"}]},{"@type":"WebSite","@id":"https:\/\/silkmix.com.br\/#website","url":"https:\/\/silkmix.com.br\/","name":"Silk Mix","description":"","publisher":{"@id":"https:\/\/silkmix.com.br\/#organization"},"potentialAction":[{"@type":"SearchAction","target":{"@type":"EntryPoint","urlTemplate":"https:\/\/silkmix.com.br\/?s={search_term_string}"},"query-input":{"@type":"PropertyValueSpecification","valueRequired":true,"valueName":"search_term_string"}}],"inLanguage":"en-US"},{"@type":"Organization","@id":"https:\/\/silkmix.com.br\/#organization","name":"Silk Mix","url":"https:\/\/silkmix.com.br\/","logo":{"@type":"ImageObject","inLanguage":"en-US","@id":"https:\/\/silkmix.com.br\/#\/schema\/logo\/image\/","url":"https:\/\/silkmix.com.br\/wp-content\/uploads\/2024\/04\/logo-silkmix-svg.svg","contentUrl":"https:\/\/silkmix.com.br\/wp-content\/uploads\/2024\/04\/logo-silkmix-svg.svg","width":238,"height":238,"caption":"Silk Mix"},"image":{"@id":"https:\/\/silkmix.com.br\/#\/schema\/logo\/image\/"}}]}},"_links":{"self":[{"href":"https:\/\/silkmix.com.br\/en\/wp-json\/wp\/v2\/product\/3684","targetHints":{"allow":["GET"]}}],"collection":[{"href":"https:\/\/silkmix.com.br\/en\/wp-json\/wp\/v2\/product"}],"about":[{"href":"https:\/\/silkmix.com.br\/en\/wp-json\/wp\/v2\/types\/product"}],"wp:featuredmedia":[{"embeddable":true,"href":"https:\/\/silkmix.com.br\/en\/wp-json\/wp\/v2\/media\/3685"}],"wp:attachment":[{"href":"https:\/\/silkmix.com.br\/en\/wp-json\/wp\/v2\/media?parent=3684"}],"wp:term":[{"taxonomy":"product_brand","embeddable":true,"href":"https:\/\/silkmix.com.br\/en\/wp-json\/wp\/v2\/product_brand?post=3684"},{"taxonomy":"product_cat","embeddable":true,"href":"https:\/\/silkmix.com.br\/en\/wp-json\/wp\/v2\/product_cat?post=3684"},{"taxonomy":"product_tag","embeddable":true,"href":"https:\/\/silkmix.com.br\/en\/wp-json\/wp\/v2\/product_tag?post=3684"}],"curies":[{"name":"wp","href":"https:\/\/api.w.org\/{rel}","templated":true}]}}