{"id":3708,"date":"2025-09-05T16:56:52","date_gmt":"2025-09-05T19:56:52","guid":{"rendered":"https:\/\/silkmix.com.br\/?post_type=product&#038;p=3708"},"modified":"2025-10-17T17:13:51","modified_gmt":"2025-10-17T20:13:51","slug":"camiseta-interclasse","status":"publish","type":"product","link":"https:\/\/silkmix.com.br\/en\/product\/camiseta-interclasse\/","title":{"rendered":"Camiseta Interclasse Personalizada &#8211; Sublima\u00e7\u00e3o"},"content":{"rendered":"<p>Camiseta Interclasse para uso em eventos <strong>esportivos<\/strong> de <strong>col\u00e9gios<\/strong>, <strong>faculdades<\/strong> ou <strong>cursos t\u00e9cnicos<\/strong>. <span style=\"font-weight: 400;\">Al\u00e9m disso, \u00e9 personaliz\u00e1vel com a cara da sua galera incluindo informa\u00e7\u00f5es como nomes, apelidos, fotos.<\/span><\/p>\n<p>A <strong>sublima\u00e7\u00e3o<\/strong> total permite a impress\u00e3o de designs detalhados em toda a superf\u00edcie da camiseta. O tecido dry fit oferece conforto durante o uso prolongado e \u00e9 ideal para atividades esportivas.<\/p>\n<p>Recomendada para uso em jogos de<strong> futebol<\/strong>, <strong>v\u00f4lei<\/strong>, <strong>handebol<\/strong>, <strong>basquete<\/strong> entre outros, al\u00e9m de atividades como <strong>educa\u00e7\u00e3o f\u00edsica<\/strong>, <strong>maratona<\/strong> e <strong>ciclismo<\/strong>.<\/p>\n<p>A camiseta interclasse permite identifica\u00e7\u00e3o de turmas e garantem identidade para seu time ou equipe.<\/p>\n<p>Procurando camiseta para <strong>terceir\u00e3o<\/strong>?\u00a0<a href=\"https:\/\/silkmix.com.br\/en\/product\/camiseta-terceirao-personalizada\/\">https:\/\/silkmix.com.br\/produto\/camiseta-terceirao-personalizada\/<\/a><\/p>\n<p><b>Observa\u00e7\u00f5es:<\/b><\/p>\n<p><span style=\"font-weight: 400;\">Vendas a partir de 01 pe\u00e7a<\/span><\/p>\n<p><b>Imagens ilustrativas<\/b><span style=\"font-weight: 400;\"> apenas para visuali<\/span><span style=\"font-size: 16px; font-weight: 400;\">za\u00e7\u00e3o. Personaliza\u00e7\u00e3o de acordo com a arte enviada por solicitante.<\/span><\/p>\n<p><b>Detalhes do Produto:<\/b><\/p>\n<ul>\n<li><strong>Tamanhos:<\/strong> P | M | G\u00a0<strong>|\u00a0<\/strong>GG | EG | EXG<\/li>\n<li style=\"font-weight: 400;\" aria-level=\"1\"><b>Material:<\/b><span style=\"font-weight: 400;\"> Dry fit<\/span><\/li>\n<li style=\"font-weight: 400;\" aria-level=\"1\"><b>Personaliza\u00e7\u00e3o:<\/b><span style=\"font-weight: 400;\">\u00a0 &#8211;<\/span><a href=\"https:\/\/api.whatsapp.com\/send?phone=551120477777&amp;text=Ol%C3%A1%20vim%20atrav%C3%A9s%20do%20site%20da%20Silkmix\"> <b><i>Envie sua arte aqui<\/i><\/b><\/a><i><span style=\"font-weight: 400;\"> (Formato: Vetor ou PNG sem fundo) \u2013 <\/span><\/i><b><i>Aten\u00e7\u00e3o: <\/i><\/b><i><span style=\"font-weight: 400;\">O arquivo ser\u00e1 analisado de acordo com nosso manual podendo ser reprovado caso a qualidade interfira no resultado do produto.\u00a0<\/span><\/i><\/li>\n<li style=\"font-weight: 400;\" aria-level=\"1\"><b>Modalidade de venda: Varejo e Atacado: <\/b><span style=\"font-weight: 400;\">a partir de 10 pe\u00e7as<\/span><\/li>\n<li style=\"font-weight: 400;\" aria-level=\"1\"><b>Extras:<\/b><span style=\"font-weight: 400;\"> Servi\u00e7o de cria\u00e7\u00e3o de arte e layout dispon\u00edvel mediante consulta.<\/span><\/li>\n<li style=\"font-weight: 400;\" aria-level=\"1\"><b>Prazo de Produ\u00e7\u00e3o:<\/b><span style=\"font-weight: 400;\"> 3 a 5 dias \u00fateis<\/span><\/li>\n<\/ul>\n<p>Ideal para <strong>escolas<\/strong> e <strong>faculdade<\/strong>s, <strong>col\u00e9gios t\u00e9cnico<\/strong><strong style=\"font-size: 16px;\">s<\/strong><span style=\"font-size: 16px;\">, etc.<\/span><\/p>\n<p><b>Produ\u00e7\u00e3o e prazos:<\/b><\/p>\n<p><b>Aten\u00e7\u00e3o:<\/b> <i><span style=\"font-weight: 400;\">Analisamos<\/span><\/i><span style=\"font-weight: 400;\"> o<\/span><i><span style=\"font-weight: 400;\"> arquivo para personaliza\u00e7\u00e3o de acordo com nosso manual podendo reprov\u00e1-lo caso a qualidade interfira no resultado do produto.<\/span><\/i><\/p>\n<p><span style=\"font-weight: 400;\">Ap\u00f3s o pagamento, nosso setor de arte final encaminha o modelo (layout) para aprova\u00e7\u00e3o final ou corre\u00e7\u00f5es no email ou whatsapp cadastrados.<\/span><\/p>\n<p><i><span style=\"font-weight: 400;\">Validamos o <\/span><\/i><b><i>prazo de produ\u00e7\u00e3o<\/i><\/b> <b><i>apenas<\/i><\/b><i><span style=\"font-weight: 400;\"> ap\u00f3s a aprova\u00e7<\/span><\/i><i style=\"font-weight: inherit;\"><span style=\"font-weight: 400;\">\u00e3o do modelo de arte (layout) por essa raz\u00e3o \u00e9 necess\u00e1rio conferir sempre email e whatsapp.<\/span><\/i><\/p>\n<p><span style=\"font-weight: 400;\">D\u00favidas sobre a personaliza\u00e7\u00e3o do item? Ent\u00e3o consulte:<\/span><a href=\"https:\/\/silkmix.com.br\/en\/manual-de-personalizacao\/\"><span style=\"font-weight: 400;\"> https:\/\/silkmix.com.br\/manual-de-personalizacao\/<\/span><\/a><\/p>\n<pre><img fetchpriority=\"high\" decoding=\"async\" class=\"alignnone wp-image-3954 size-full\" src=\"https:\/\/silkmix.com.br\/wp-content\/uploads\/2025\/09\/MedidasParaCamisetas.png\" alt=\"\" width=\"292\" height=\"336\" srcset=\"https:\/\/silkmix.com.br\/wp-content\/uploads\/2025\/09\/MedidasParaCamisetas.png 292w, https:\/\/silkmix.com.br\/wp-content\/uploads\/2025\/09\/MedidasParaCamisetas-261x300.png 261w, https:\/\/silkmix.com.br\/wp-content\/uploads\/2025\/09\/MedidasParaCamisetas-10x12.png 10w\" sizes=\"(max-width: 292px) 100vw, 292px\" \/><\/pre>","protected":false},"excerpt":{"rendered":"<p><strong>Camiseta interclasse personalizada sublimada em tecido dry fit- <\/strong><em><a href=\"https:\/\/api.whatsapp.com\/send?phone=551120477777&amp;text=Ol%C3%A1%20vim%20atrav%C3%A9s%20do%20site%20da%20Silkmix\" target=\"_blank\" rel=\"noopener\">Envie sua arte aqui <\/a><\/em><em>(Formato: Vetor ou PNG sem fundo)\u00a0\u2013\u00a0Aten\u00e7\u00e3o:\u00a0O arquivo para personaliza\u00e7\u00e3o ser\u00e1 analisado podendo ser reprovado caso a qualidade interfira no resultado do produto. IMAGENS ILUSTRATIVAS APENAS PARA VISUALIZA\u00c7\u00c3O. PERSONALIZA\u00c7\u00c3O DE ACORDO COM A ARTE ENVIADA POR SOLICITANTE.<\/em><\/p>\n<p>&nbsp;<\/p>\n<p>&nbsp;<\/p>","protected":false},"featured_media":4281,"template":"","meta":{"site-sidebar-layout":"default","site-content-layout":"","ast-site-content-layout":"default","site-content-style":"default","site-sidebar-style":"default","ast-global-header-display":"","ast-banner-title-visibility":"","ast-main-header-display":"","ast-hfb-above-header-display":"","ast-hfb-below-header-display":"","ast-hfb-mobile-header-display":"","site-post-title":"","ast-breadcrumbs-content":"","ast-featured-img":"","footer-sml-layout":"","theme-transparent-header-meta":"default","adv-header-id-meta":"","stick-header-meta":"","header-above-stick-meta":"","header-main-stick-meta":"","header-below-stick-meta":"","astra-migrate-meta-layouts":"set","ast-page-background-enabled":"default","ast-page-background-meta":{"desktop":{"background-color":"var(--ast-global-color-4)","background-image":"","background-repeat":"repeat","background-position":"center center","background-size":"auto","background-attachment":"scroll","background-type":"","background-media":"","overlay-type":"","overlay-color":"","overlay-opacity":"","overlay-gradient":""},"tablet":{"background-color":"","background-image":"","background-repeat":"repeat","background-position":"center center","background-size":"auto","background-attachment":"scroll","background-type":"","background-media":"","overlay-type":"","overlay-color":"","overlay-opacity":"","overlay-gradient":""},"mobile":{"background-color":"","background-image":"","background-repeat":"repeat","background-position":"center center","background-size":"auto","background-attachment":"scroll","background-type":"","background-media":"","overlay-type":"","overlay-color":"","overlay-opacity":"","overlay-gradient":""}},"ast-content-background-meta":{"desktop":{"background-color":"var(--ast-global-color-5)","background-image":"","background-repeat":"repeat","background-position":"center center","background-size":"auto","background-attachment":"scroll","background-type":"","background-media":"","overlay-type":"","overlay-color":"","overlay-opacity":"","overlay-gradient":""},"tablet":{"background-color":"var(--ast-global-color-5)","background-image":"","background-repeat":"repeat","background-position":"center center","background-size":"auto","background-attachment":"scroll","background-type":"","background-media":"","overlay-type":"","overlay-color":"","overlay-opacity":"","overlay-gradient":""},"mobile":{"background-color":"var(--ast-global-color-5)","background-image":"","background-repeat":"repeat","background-position":"center center","background-size":"auto","background-attachment":"scroll","background-type":"","background-media":"","overlay-type":"","overlay-color":"","overlay-opacity":"","overlay-gradient":""}}},"product_brand":[],"product_cat":[31,152,166,163,30,82],"product_tag":[96,202,201,94,67,203,204],"class_list":{"0":"post-3708","1":"product","2":"type-product","3":"status-publish","4":"has-post-thumbnail","6":"product_cat-camiseta-sublimacao","7":"product_cat-camisetas","8":"product_cat-interclasse-e-terceirao","9":"product_cat-ofertas-especiais","10":"product_cat-sublimacao","11":"product_cat-vestuarios-e-uniformes","12":"product_tag-camiseta","13":"product_tag-camiseta-interclasse","14":"product_tag-interclasse","15":"product_tag-sublimacao","16":"product_tag-uniforme","17":"product_tag-uniforme-escolar","18":"product_tag-uniforme-esportivo","19":"desktop-align-left","20":"tablet-align-left","21":"mobile-align-left","23":"first","24":"instock","25":"shipping-taxable","26":"purchasable","27":"product-type-variable"},"yoast_head":"<!-- This site is optimized with the Yoast SEO plugin v27.6 - https:\/\/yoast.com\/product\/yoast-seo-wordpress\/ -->\n<title>Camiseta Interclasse Personalizada - Sublima\u00e7\u00e3o - Silk Mix<\/title>\n<meta name=\"description\" content=\"Camiseta interclasse personalizada em sublima\u00e7\u00e3o total para uso esportivo em escolas, faculdades, etc. O poli\u00e9ster \u00e9 ideal para competi\u00e7\u00f5es.\" \/>\n<meta name=\"robots\" content=\"index, follow, max-snippet:-1, max-image-preview:large, max-video-preview:-1\" \/>\n<link rel=\"canonical\" href=\"https:\/\/silkmix.com.br\/en\/product\/camiseta-interclasse\/\" \/>\n<meta property=\"og:locale\" content=\"en_US\" \/>\n<meta property=\"og:type\" content=\"article\" \/>\n<meta property=\"og:title\" content=\"Camiseta Interclasse Personalizada - Sublima\u00e7\u00e3o - Silk Mix\" \/>\n<meta property=\"og:description\" content=\"Camiseta interclasse personalizada em sublima\u00e7\u00e3o total para uso esportivo em escolas, faculdades, etc. O poli\u00e9ster \u00e9 ideal para competi\u00e7\u00f5es.\" \/>\n<meta property=\"og:url\" content=\"https:\/\/silkmix.com.br\/en\/product\/camiseta-interclasse\/\" \/>\n<meta property=\"og:site_name\" content=\"Silk Mix\" \/>\n<meta property=\"article:modified_time\" content=\"2025-10-17T20:13:51+00:00\" \/>\n<meta property=\"og:image\" content=\"https:\/\/silkmix.com.br\/wp-content\/uploads\/2025\/09\/Design-sem-nome-23.png\" \/>\n\t<meta property=\"og:image:width\" content=\"1120\" \/>\n\t<meta property=\"og:image:height\" content=\"928\" \/>\n\t<meta property=\"og:image:type\" content=\"image\/png\" \/>\n<meta name=\"twitter:card\" content=\"summary_large_image\" \/>\n<meta name=\"twitter:label1\" content=\"Est. reading time\" \/>\n\t<meta name=\"twitter:data1\" content=\"2 minutes\" \/>\n<script type=\"application\/ld+json\" class=\"yoast-schema-graph\">{\"@context\":\"https:\\\/\\\/schema.org\",\"@graph\":[{\"@type\":\"WebPage\",\"@id\":\"https:\\\/\\\/silkmix.com.br\\\/produto\\\/camiseta-interclasse\\\/\",\"url\":\"https:\\\/\\\/silkmix.com.br\\\/produto\\\/camiseta-interclasse\\\/\",\"name\":\"Camiseta Interclasse Personalizada - Sublima\u00e7\u00e3o - Silk Mix\",\"isPartOf\":{\"@id\":\"https:\\\/\\\/silkmix.com.br\\\/#website\"},\"primaryImageOfPage\":{\"@id\":\"https:\\\/\\\/silkmix.com.br\\\/produto\\\/camiseta-interclasse\\\/#primaryimage\"},\"image\":{\"@id\":\"https:\\\/\\\/silkmix.com.br\\\/produto\\\/camiseta-interclasse\\\/#primaryimage\"},\"thumbnailUrl\":\"https:\\\/\\\/silkmix.com.br\\\/wp-content\\\/uploads\\\/2025\\\/09\\\/Design-sem-nome-23.png\",\"datePublished\":\"2025-09-05T19:56:52+00:00\",\"dateModified\":\"2025-10-17T20:13:51+00:00\",\"description\":\"Camiseta interclasse personalizada em sublima\u00e7\u00e3o total para uso esportivo em escolas, faculdades, etc. O poli\u00e9ster \u00e9 ideal para competi\u00e7\u00f5es.\",\"breadcrumb\":{\"@id\":\"https:\\\/\\\/silkmix.com.br\\\/produto\\\/camiseta-interclasse\\\/#breadcrumb\"},\"inLanguage\":\"en-US\",\"potentialAction\":[{\"@type\":\"ReadAction\",\"target\":[\"https:\\\/\\\/silkmix.com.br\\\/produto\\\/camiseta-interclasse\\\/\"]}]},{\"@type\":\"ImageObject\",\"inLanguage\":\"en-US\",\"@id\":\"https:\\\/\\\/silkmix.com.br\\\/produto\\\/camiseta-interclasse\\\/#primaryimage\",\"url\":\"https:\\\/\\\/silkmix.com.br\\\/wp-content\\\/uploads\\\/2025\\\/09\\\/Design-sem-nome-23.png\",\"contentUrl\":\"https:\\\/\\\/silkmix.com.br\\\/wp-content\\\/uploads\\\/2025\\\/09\\\/Design-sem-nome-23.png\",\"width\":1120,\"height\":928},{\"@type\":\"BreadcrumbList\",\"@id\":\"https:\\\/\\\/silkmix.com.br\\\/produto\\\/camiseta-interclasse\\\/#breadcrumb\",\"itemListElement\":[{\"@type\":\"ListItem\",\"position\":1,\"name\":\"In\u00edcio\",\"item\":\"https:\\\/\\\/silkmix.com.br\\\/\"},{\"@type\":\"ListItem\",\"position\":2,\"name\":\"Produtos\",\"item\":\"https:\\\/\\\/silkmix.com.br\\\/produtos\\\/\"},{\"@type\":\"ListItem\",\"position\":3,\"name\":\"Camiseta Interclasse Personalizada &#8211; Sublima\u00e7\u00e3o\"}]},{\"@type\":\"WebSite\",\"@id\":\"https:\\\/\\\/silkmix.com.br\\\/#website\",\"url\":\"https:\\\/\\\/silkmix.com.br\\\/\",\"name\":\"Silk Mix\",\"description\":\"\",\"publisher\":{\"@id\":\"https:\\\/\\\/silkmix.com.br\\\/#organization\"},\"potentialAction\":[{\"@type\":\"SearchAction\",\"target\":{\"@type\":\"EntryPoint\",\"urlTemplate\":\"https:\\\/\\\/silkmix.com.br\\\/?s={search_term_string}\"},\"query-input\":{\"@type\":\"PropertyValueSpecification\",\"valueRequired\":true,\"valueName\":\"search_term_string\"}}],\"inLanguage\":\"en-US\"},{\"@type\":\"Organization\",\"@id\":\"https:\\\/\\\/silkmix.com.br\\\/#organization\",\"name\":\"Silk Mix\",\"url\":\"https:\\\/\\\/silkmix.com.br\\\/\",\"logo\":{\"@type\":\"ImageObject\",\"inLanguage\":\"en-US\",\"@id\":\"https:\\\/\\\/silkmix.com.br\\\/#\\\/schema\\\/logo\\\/image\\\/\",\"url\":\"https:\\\/\\\/silkmix.com.br\\\/wp-content\\\/uploads\\\/2024\\\/04\\\/logo-silkmix-svg.svg\",\"contentUrl\":\"https:\\\/\\\/silkmix.com.br\\\/wp-content\\\/uploads\\\/2024\\\/04\\\/logo-silkmix-svg.svg\",\"width\":238,\"height\":238,\"caption\":\"Silk Mix\"},\"image\":{\"@id\":\"https:\\\/\\\/silkmix.com.br\\\/#\\\/schema\\\/logo\\\/image\\\/\"}}]}<\/script>\n<!-- \/ Yoast SEO plugin. -->","yoast_head_json":{"title":"Camiseta Interclasse Personalizada - Sublima\u00e7\u00e3o - Silk Mix","description":"Camiseta interclasse personalizada em sublima\u00e7\u00e3o total para uso esportivo em escolas, faculdades, etc. O poli\u00e9ster \u00e9 ideal para competi\u00e7\u00f5es.","robots":{"index":"index","follow":"follow","max-snippet":"max-snippet:-1","max-image-preview":"max-image-preview:large","max-video-preview":"max-video-preview:-1"},"canonical":"https:\/\/silkmix.com.br\/en\/product\/camiseta-interclasse\/","og_locale":"en_US","og_type":"article","og_title":"Camiseta Interclasse Personalizada - Sublima\u00e7\u00e3o - Silk Mix","og_description":"Camiseta interclasse personalizada em sublima\u00e7\u00e3o total para uso esportivo em escolas, faculdades, etc. O poli\u00e9ster \u00e9 ideal para competi\u00e7\u00f5es.","og_url":"https:\/\/silkmix.com.br\/en\/product\/camiseta-interclasse\/","og_site_name":"Silk Mix","article_modified_time":"2025-10-17T20:13:51+00:00","og_image":[{"width":1120,"height":928,"url":"https:\/\/silkmix.com.br\/wp-content\/uploads\/2025\/09\/Design-sem-nome-23.png","type":"image\/png"}],"twitter_card":"summary_large_image","twitter_misc":{"Est. reading time":"2 minutes"},"schema":{"@context":"https:\/\/schema.org","@graph":[{"@type":"WebPage","@id":"https:\/\/silkmix.com.br\/produto\/camiseta-interclasse\/","url":"https:\/\/silkmix.com.br\/produto\/camiseta-interclasse\/","name":"Camiseta Interclasse Personalizada - Sublima\u00e7\u00e3o - Silk Mix","isPartOf":{"@id":"https:\/\/silkmix.com.br\/#website"},"primaryImageOfPage":{"@id":"https:\/\/silkmix.com.br\/produto\/camiseta-interclasse\/#primaryimage"},"image":{"@id":"https:\/\/silkmix.com.br\/produto\/camiseta-interclasse\/#primaryimage"},"thumbnailUrl":"https:\/\/silkmix.com.br\/wp-content\/uploads\/2025\/09\/Design-sem-nome-23.png","datePublished":"2025-09-05T19:56:52+00:00","dateModified":"2025-10-17T20:13:51+00:00","description":"Camiseta interclasse personalizada em sublima\u00e7\u00e3o total para uso esportivo em escolas, faculdades, etc. O poli\u00e9ster \u00e9 ideal para competi\u00e7\u00f5es.","breadcrumb":{"@id":"https:\/\/silkmix.com.br\/produto\/camiseta-interclasse\/#breadcrumb"},"inLanguage":"en-US","potentialAction":[{"@type":"ReadAction","target":["https:\/\/silkmix.com.br\/produto\/camiseta-interclasse\/"]}]},{"@type":"ImageObject","inLanguage":"en-US","@id":"https:\/\/silkmix.com.br\/produto\/camiseta-interclasse\/#primaryimage","url":"https:\/\/silkmix.com.br\/wp-content\/uploads\/2025\/09\/Design-sem-nome-23.png","contentUrl":"https:\/\/silkmix.com.br\/wp-content\/uploads\/2025\/09\/Design-sem-nome-23.png","width":1120,"height":928},{"@type":"BreadcrumbList","@id":"https:\/\/silkmix.com.br\/produto\/camiseta-interclasse\/#breadcrumb","itemListElement":[{"@type":"ListItem","position":1,"name":"In\u00edcio","item":"https:\/\/silkmix.com.br\/"},{"@type":"ListItem","position":2,"name":"Produtos","item":"https:\/\/silkmix.com.br\/produtos\/"},{"@type":"ListItem","position":3,"name":"Camiseta Interclasse Personalizada &#8211; Sublima\u00e7\u00e3o"}]},{"@type":"WebSite","@id":"https:\/\/silkmix.com.br\/#website","url":"https:\/\/silkmix.com.br\/","name":"Silk Mix","description":"","publisher":{"@id":"https:\/\/silkmix.com.br\/#organization"},"potentialAction":[{"@type":"SearchAction","target":{"@type":"EntryPoint","urlTemplate":"https:\/\/silkmix.com.br\/?s={search_term_string}"},"query-input":{"@type":"PropertyValueSpecification","valueRequired":true,"valueName":"search_term_string"}}],"inLanguage":"en-US"},{"@type":"Organization","@id":"https:\/\/silkmix.com.br\/#organization","name":"Silk Mix","url":"https:\/\/silkmix.com.br\/","logo":{"@type":"ImageObject","inLanguage":"en-US","@id":"https:\/\/silkmix.com.br\/#\/schema\/logo\/image\/","url":"https:\/\/silkmix.com.br\/wp-content\/uploads\/2024\/04\/logo-silkmix-svg.svg","contentUrl":"https:\/\/silkmix.com.br\/wp-content\/uploads\/2024\/04\/logo-silkmix-svg.svg","width":238,"height":238,"caption":"Silk Mix"},"image":{"@id":"https:\/\/silkmix.com.br\/#\/schema\/logo\/image\/"}}]}},"_links":{"self":[{"href":"https:\/\/silkmix.com.br\/en\/wp-json\/wp\/v2\/product\/3708","targetHints":{"allow":["GET"]}}],"collection":[{"href":"https:\/\/silkmix.com.br\/en\/wp-json\/wp\/v2\/product"}],"about":[{"href":"https:\/\/silkmix.com.br\/en\/wp-json\/wp\/v2\/types\/product"}],"wp:featuredmedia":[{"embeddable":true,"href":"https:\/\/silkmix.com.br\/en\/wp-json\/wp\/v2\/media\/4281"}],"wp:attachment":[{"href":"https:\/\/silkmix.com.br\/en\/wp-json\/wp\/v2\/media?parent=3708"}],"wp:term":[{"taxonomy":"product_brand","embeddable":true,"href":"https:\/\/silkmix.com.br\/en\/wp-json\/wp\/v2\/product_brand?post=3708"},{"taxonomy":"product_cat","embeddable":true,"href":"https:\/\/silkmix.com.br\/en\/wp-json\/wp\/v2\/product_cat?post=3708"},{"taxonomy":"product_tag","embeddable":true,"href":"https:\/\/silkmix.com.br\/en\/wp-json\/wp\/v2\/product_tag?post=3708"}],"curies":[{"name":"wp","href":"https:\/\/api.w.org\/{rel}","templated":true}]}}