{"id":3818,"date":"2025-09-10T09:39:10","date_gmt":"2025-09-10T12:39:10","guid":{"rendered":"https:\/\/silkmix.com.br\/?post_type=product&#038;p=3818"},"modified":"2025-09-17T11:06:05","modified_gmt":"2025-09-17T14:06:05","slug":"copo-plastico-420ml","status":"publish","type":"product","link":"https:\/\/silkmix.com.br\/en\/product\/copo-plastico-420ml\/","title":{"rendered":"Copo pl\u00e1stico 420 ml PP \u2022 Personalizado"},"content":{"rendered":"<p>Seja para sua festa, evento, open bar ou neg\u00f3cio nosso copo pl\u00e1stico 420ml traz um toque moderno. Produzido em pl\u00e1stico polipropileno evita acidentes em caso de quebra.<\/p>\n<p>Acompanha canudo e tem capacidade para todo tipo de bebida gelada ou temperatura ambiente.<\/p>\n<p>Para eventos como <strong>anivers\u00e1rios<\/strong>, <strong>casamentos<\/strong>, <strong>formaturas<\/strong>, <strong>pool party<\/strong>, <strong>happy hour<\/strong>, etc personalizamos com nome, datas ou informa\u00e7\u00f5es solicitadas.<\/p>\n<p>Para bares, adegas, tabacarias, baladas, etc personalizamos com logomarcas de acordo com sua identidade.<\/p>\n<p>Conhe\u00e7a nosso cat\u00e1logo de brindes personalizados:\u00a0<a href=\"https:\/\/silkmix.com.br\/en\/produtos\/categorias-brindes-personalizados\/\">https:\/\/silkmix.com.br\/produtos\/categorias-brindes-personalizados<\/a><\/p>\n<p><b>Observa\u00e7\u00f5es:<\/b><\/p>\n<p>Vendas <strong>por atacado<\/strong><\/p>\n<p>N\u00e3o utilizar para bebidas quentes<\/p>\n<p><b>Imagens ilustrativas<\/b>\u00a0apenas para visualiza\u00e7\u00e3o. Personaliza\u00e7\u00e3o de acordo com a arte enviada por solicitante.<\/p>\n<ul>\n<li><strong>Capacidade:<\/strong> 420 ml<\/li>\n<li><strong>Material:<\/strong>\u00a0 Pl\u00e1stico polipropileno<\/li>\n<li><strong>Acabamento:\u00a0<\/strong>Pintura fosca<\/li>\n<li><strong>Cores:<\/strong> <span class=\"selectable-text copyable-text xkrh14z\">Transparente | Azul | Vermelho<\/span><\/li>\n<li><b>Personaliza\u00e7\u00e3o:\u00a0<a href=\"https:\/\/api.whatsapp.com\/send?phone=551120477777&amp;text=Ol%C3%A1%20vim%20atrav%C3%A9s%20do%20site%20da%20Silkmix\">Envie sua arte aqui<\/a><\/b>\u00a0<em>(Formato: Vetor ou PNG sem fundo) \u2013<\/em>\u00a0<b><i>Aten\u00e7\u00e3o:\u00a0<\/i><\/b><em>O arquivo para personaliza\u00e7\u00e3o ser\u00e1 analisado podendo ser reprovado caso a qualidade interfira no resultado do produto.<\/em><\/li>\n<li><strong>Extras:<\/strong>\u00a0Servi\u00e7o de cria\u00e7\u00e3o de arte e layout dispon\u00edvel mediante consulta.<\/li>\n<li><strong>Modalidade de venda:<\/strong> atacado a partir de 50 pe\u00e7as<\/li>\n<li><strong>Prazo de produ\u00e7\u00e3o:<\/strong> 3 a 5 dias \u00fateis<\/li>\n<\/ul>\n<p>Ideal para <strong>brindes<\/strong>, <strong>eventos<\/strong>, <strong>eventos corporativos<\/strong>, <strong>casamentos<\/strong>, <strong>formaturas<\/strong>, <strong>festas<\/strong>, <strong>bares<\/strong>, <strong>tabacarias<\/strong>, <strong>casas noturnas, baladas<\/strong> e <strong>adegas<\/strong>.<\/p>\n<p><b>Informa\u00e7\u00f5es adicionais:<\/b><\/p>\n<p><b>Aten\u00e7\u00e3o:<\/b>\u00a0<i>Analisamos<\/i>\u00a0o<i> arquivo para personaliza\u00e7\u00e3o do copo acr\u00edlico com tampa de acordo com nosso manual podendo reprov\u00e1-lo caso a qualidade interfira no resultado do produto.<\/i><\/p>\n<p>Ap\u00f3s o pagamento, encaminhamos seu pedido para o setor de arte final para cria\u00e7\u00e3o do modelo de arte que \u00e9 enviado para aprova\u00e7\u00e3o no e-mail ou whatsapp cadastrados para aprova\u00e7\u00e3o final ou corre\u00e7\u00f5es.<\/p>\n<p><i>Validamos o\u00a0<\/i><b><i>prazo de produ\u00e7\u00e3o<\/i><\/b>\u00a0<b><i>apenas<\/i><\/b><i>\u00a0ap\u00f3s a aprova\u00e7\u00e3o do modelo de arte (layout) por essa raz\u00e3o \u00e9 necess\u00e1rio conferir sempre email e whatsapp.<\/i><\/p>\n<p>D\u00favidas sobre a personaliza\u00e7\u00e3o do item? Ent\u00e3o consulte:<a href=\"https:\/\/silkmix.com.br\/en\/manual-de-personalizacao\/\">\u00a0https:\/\/silkmix.com.br\/manual-de-personalizacao\/<\/a><\/p>","protected":false},"excerpt":{"rendered":"<p><strong>Copo acr\u00edlico com tampa 550ml para bebidas<\/strong><em>\u00a0<b><a href=\"https:\/\/api.whatsapp.com\/send?phone=551120477777&amp;text=Ol%C3%A1%20vim%20atrav%C3%A9s%20do%20site%20da%20Silkmix\">Envie sua arte aqui<\/a><\/b>\u00a0(Formato: Vetor ou PNG sem fundo) \u2013\u00a0<b><i>Aten\u00e7\u00e3o:\u00a0<\/i><\/b>O arquivo para personaliza\u00e7\u00e3o ser\u00e1 analisado podendo ser reprovado caso a qualidade interfira no resultado do produto.<\/em><\/p>\n<p><em>Pedido m\u00ednimo: a partir de 50 pe\u00e7as<\/em><\/p>","protected":false},"featured_media":3840,"template":"","meta":{"site-sidebar-layout":"default","site-content-layout":"","ast-site-content-layout":"default","site-content-style":"default","site-sidebar-style":"default","ast-global-header-display":"","ast-banner-title-visibility":"","ast-main-header-display":"","ast-hfb-above-header-display":"","ast-hfb-below-header-display":"","ast-hfb-mobile-header-display":"","site-post-title":"","ast-breadcrumbs-content":"","ast-featured-img":"","footer-sml-layout":"","theme-transparent-header-meta":"default","adv-header-id-meta":"","stick-header-meta":"","header-above-stick-meta":"","header-main-stick-meta":"","header-below-stick-meta":"","astra-migrate-meta-layouts":"set","ast-page-background-enabled":"default","ast-page-background-meta":{"desktop":{"background-color":"var(--ast-global-color-4)","background-image":"","background-repeat":"repeat","background-position":"center center","background-size":"auto","background-attachment":"scroll","background-type":"","background-media":"","overlay-type":"","overlay-color":"","overlay-opacity":"","overlay-gradient":""},"tablet":{"background-color":"","background-image":"","background-repeat":"repeat","background-position":"center center","background-size":"auto","background-attachment":"scroll","background-type":"","background-media":"","overlay-type":"","overlay-color":"","overlay-opacity":"","overlay-gradient":""},"mobile":{"background-color":"","background-image":"","background-repeat":"repeat","background-position":"center center","background-size":"auto","background-attachment":"scroll","background-type":"","background-media":"","overlay-type":"","overlay-color":"","overlay-opacity":"","overlay-gradient":""}},"ast-content-background-meta":{"desktop":{"background-color":"var(--ast-global-color-5)","background-image":"","background-repeat":"repeat","background-position":"center center","background-size":"auto","background-attachment":"scroll","background-type":"","background-media":"","overlay-type":"","overlay-color":"","overlay-opacity":"","overlay-gradient":""},"tablet":{"background-color":"var(--ast-global-color-5)","background-image":"","background-repeat":"repeat","background-position":"center center","background-size":"auto","background-attachment":"scroll","background-type":"","background-media":"","overlay-type":"","overlay-color":"","overlay-opacity":"","overlay-gradient":""},"mobile":{"background-color":"var(--ast-global-color-5)","background-image":"","background-repeat":"repeat","background-position":"center center","background-size":"auto","background-attachment":"scroll","background-type":"","background-media":"","overlay-type":"","overlay-color":"","overlay-opacity":"","overlay-gradient":""}}},"product_brand":[],"product_cat":[59,104,169,166],"product_tag":[76,107,174,176,173,175,55,196,199,197,198,191,172,109,80],"class_list":{"0":"post-3818","1":"product","2":"type-product","3":"status-publish","4":"has-post-thumbnail","6":"product_cat-copo","7":"product_cat-copo-long-drink","8":"product_cat-brindes-personalizados-datas","9":"product_cat-interclasse-e-terceirao","10":"product_tag-bar","11":"product_tag-brinde","12":"product_tag-brindes-corporativos","13":"product_tag-brindes-para-clientes","14":"product_tag-brindes-para-eventos","15":"product_tag-brindes-para-funcionarios","16":"product_tag-copo","17":"product_tag-copo-para-adega","18":"product_tag-copo-para-balada","19":"product_tag-copo-para-bar","20":"product_tag-copo-para-festas","21":"product_tag-copo-para-tabacaria","22":"product_tag-dtf-uv","23":"product_tag-eventos","24":"product_tag-tabacaria","25":"desktop-align-left","26":"tablet-align-left","27":"mobile-align-left","29":"first","30":"instock","31":"shipping-taxable","32":"product-type-variable"},"yoast_head":"<!-- This site is optimized with the Yoast SEO plugin v27.6 - https:\/\/yoast.com\/product\/yoast-seo-wordpress\/ -->\n<title>Copo pl\u00e1stico 420 ml PP \u2022 Personalizado - Silk Mix<\/title>\n<meta name=\"description\" content=\"Copo pl\u00e1stico 420ml em polipropileno. Diversas cores. Ideal para festas, bares, adegas, baladas, tabacarias. Personalizado para seu evento\" \/>\n<meta name=\"robots\" content=\"index, follow, max-snippet:-1, max-image-preview:large, max-video-preview:-1\" \/>\n<link rel=\"canonical\" href=\"https:\/\/silkmix.com.br\/en\/product\/copo-plastico-420ml\/\" \/>\n<meta property=\"og:locale\" content=\"en_US\" \/>\n<meta property=\"og:type\" content=\"article\" \/>\n<meta property=\"og:title\" content=\"Copo pl\u00e1stico 420 ml PP \u2022 Personalizado - Silk Mix\" \/>\n<meta property=\"og:description\" content=\"Copo pl\u00e1stico 420ml em polipropileno. Diversas cores. Ideal para festas, bares, adegas, baladas, tabacarias. Personalizado para seu evento\" \/>\n<meta property=\"og:url\" content=\"https:\/\/silkmix.com.br\/en\/product\/copo-plastico-420ml\/\" \/>\n<meta property=\"og:site_name\" content=\"Silk Mix\" \/>\n<meta property=\"article:modified_time\" content=\"2025-09-17T14:06:05+00:00\" \/>\n<meta property=\"og:image\" content=\"https:\/\/silkmix.com.br\/wp-content\/uploads\/2025\/09\/Copo-Plastico-420ml-TRANSPARENTE-17268-1695846931-1.jpg\" \/>\n\t<meta property=\"og:image:width\" content=\"1000\" \/>\n\t<meta property=\"og:image:height\" content=\"1000\" \/>\n\t<meta property=\"og:image:type\" content=\"image\/jpeg\" \/>\n<meta name=\"twitter:card\" content=\"summary_large_image\" \/>\n<meta name=\"twitter:label1\" content=\"Est. reading time\" \/>\n\t<meta name=\"twitter:data1\" content=\"2 minutes\" \/>\n<script type=\"application\/ld+json\" class=\"yoast-schema-graph\">{\"@context\":\"https:\\\/\\\/schema.org\",\"@graph\":[{\"@type\":\"WebPage\",\"@id\":\"https:\\\/\\\/silkmix.com.br\\\/produto\\\/copo-plastico-420ml\\\/\",\"url\":\"https:\\\/\\\/silkmix.com.br\\\/produto\\\/copo-plastico-420ml\\\/\",\"name\":\"Copo pl\u00e1stico 420 ml PP \u2022 Personalizado - Silk Mix\",\"isPartOf\":{\"@id\":\"https:\\\/\\\/silkmix.com.br\\\/#website\"},\"primaryImageOfPage\":{\"@id\":\"https:\\\/\\\/silkmix.com.br\\\/produto\\\/copo-plastico-420ml\\\/#primaryimage\"},\"image\":{\"@id\":\"https:\\\/\\\/silkmix.com.br\\\/produto\\\/copo-plastico-420ml\\\/#primaryimage\"},\"thumbnailUrl\":\"https:\\\/\\\/silkmix.com.br\\\/wp-content\\\/uploads\\\/2025\\\/09\\\/Copo-Plastico-420ml-TRANSPARENTE-17268-1695846931-1.jpg\",\"datePublished\":\"2025-09-10T12:39:10+00:00\",\"dateModified\":\"2025-09-17T14:06:05+00:00\",\"description\":\"Copo pl\u00e1stico 420ml em polipropileno. Diversas cores. Ideal para festas, bares, adegas, baladas, tabacarias. Personalizado para seu evento\",\"breadcrumb\":{\"@id\":\"https:\\\/\\\/silkmix.com.br\\\/produto\\\/copo-plastico-420ml\\\/#breadcrumb\"},\"inLanguage\":\"en-US\",\"potentialAction\":[{\"@type\":\"ReadAction\",\"target\":[\"https:\\\/\\\/silkmix.com.br\\\/produto\\\/copo-plastico-420ml\\\/\"]}]},{\"@type\":\"ImageObject\",\"inLanguage\":\"en-US\",\"@id\":\"https:\\\/\\\/silkmix.com.br\\\/produto\\\/copo-plastico-420ml\\\/#primaryimage\",\"url\":\"https:\\\/\\\/silkmix.com.br\\\/wp-content\\\/uploads\\\/2025\\\/09\\\/Copo-Plastico-420ml-TRANSPARENTE-17268-1695846931-1.jpg\",\"contentUrl\":\"https:\\\/\\\/silkmix.com.br\\\/wp-content\\\/uploads\\\/2025\\\/09\\\/Copo-Plastico-420ml-TRANSPARENTE-17268-1695846931-1.jpg\",\"width\":1000,\"height\":1000},{\"@type\":\"BreadcrumbList\",\"@id\":\"https:\\\/\\\/silkmix.com.br\\\/produto\\\/copo-plastico-420ml\\\/#breadcrumb\",\"itemListElement\":[{\"@type\":\"ListItem\",\"position\":1,\"name\":\"In\u00edcio\",\"item\":\"https:\\\/\\\/silkmix.com.br\\\/\"},{\"@type\":\"ListItem\",\"position\":2,\"name\":\"Produtos\",\"item\":\"https:\\\/\\\/silkmix.com.br\\\/produtos\\\/\"},{\"@type\":\"ListItem\",\"position\":3,\"name\":\"Copo pl\u00e1stico 420 ml PP \u2022 Personalizado\"}]},{\"@type\":\"WebSite\",\"@id\":\"https:\\\/\\\/silkmix.com.br\\\/#website\",\"url\":\"https:\\\/\\\/silkmix.com.br\\\/\",\"name\":\"Silk Mix\",\"description\":\"\",\"publisher\":{\"@id\":\"https:\\\/\\\/silkmix.com.br\\\/#organization\"},\"potentialAction\":[{\"@type\":\"SearchAction\",\"target\":{\"@type\":\"EntryPoint\",\"urlTemplate\":\"https:\\\/\\\/silkmix.com.br\\\/?s={search_term_string}\"},\"query-input\":{\"@type\":\"PropertyValueSpecification\",\"valueRequired\":true,\"valueName\":\"search_term_string\"}}],\"inLanguage\":\"en-US\"},{\"@type\":\"Organization\",\"@id\":\"https:\\\/\\\/silkmix.com.br\\\/#organization\",\"name\":\"Silk Mix\",\"url\":\"https:\\\/\\\/silkmix.com.br\\\/\",\"logo\":{\"@type\":\"ImageObject\",\"inLanguage\":\"en-US\",\"@id\":\"https:\\\/\\\/silkmix.com.br\\\/#\\\/schema\\\/logo\\\/image\\\/\",\"url\":\"https:\\\/\\\/silkmix.com.br\\\/wp-content\\\/uploads\\\/2024\\\/04\\\/logo-silkmix-svg.svg\",\"contentUrl\":\"https:\\\/\\\/silkmix.com.br\\\/wp-content\\\/uploads\\\/2024\\\/04\\\/logo-silkmix-svg.svg\",\"width\":238,\"height\":238,\"caption\":\"Silk Mix\"},\"image\":{\"@id\":\"https:\\\/\\\/silkmix.com.br\\\/#\\\/schema\\\/logo\\\/image\\\/\"}}]}<\/script>\n<!-- \/ Yoast SEO plugin. -->","yoast_head_json":{"title":"Copo pl\u00e1stico 420 ml PP \u2022 Personalizado - Silk Mix","description":"Copo pl\u00e1stico 420ml em polipropileno. Diversas cores. Ideal para festas, bares, adegas, baladas, tabacarias. Personalizado para seu evento","robots":{"index":"index","follow":"follow","max-snippet":"max-snippet:-1","max-image-preview":"max-image-preview:large","max-video-preview":"max-video-preview:-1"},"canonical":"https:\/\/silkmix.com.br\/en\/product\/copo-plastico-420ml\/","og_locale":"en_US","og_type":"article","og_title":"Copo pl\u00e1stico 420 ml PP \u2022 Personalizado - Silk Mix","og_description":"Copo pl\u00e1stico 420ml em polipropileno. Diversas cores. Ideal para festas, bares, adegas, baladas, tabacarias. Personalizado para seu evento","og_url":"https:\/\/silkmix.com.br\/en\/product\/copo-plastico-420ml\/","og_site_name":"Silk Mix","article_modified_time":"2025-09-17T14:06:05+00:00","og_image":[{"width":1000,"height":1000,"url":"https:\/\/silkmix.com.br\/wp-content\/uploads\/2025\/09\/Copo-Plastico-420ml-TRANSPARENTE-17268-1695846931-1.jpg","type":"image\/jpeg"}],"twitter_card":"summary_large_image","twitter_misc":{"Est. reading time":"2 minutes"},"schema":{"@context":"https:\/\/schema.org","@graph":[{"@type":"WebPage","@id":"https:\/\/silkmix.com.br\/produto\/copo-plastico-420ml\/","url":"https:\/\/silkmix.com.br\/produto\/copo-plastico-420ml\/","name":"Copo pl\u00e1stico 420 ml PP \u2022 Personalizado - Silk Mix","isPartOf":{"@id":"https:\/\/silkmix.com.br\/#website"},"primaryImageOfPage":{"@id":"https:\/\/silkmix.com.br\/produto\/copo-plastico-420ml\/#primaryimage"},"image":{"@id":"https:\/\/silkmix.com.br\/produto\/copo-plastico-420ml\/#primaryimage"},"thumbnailUrl":"https:\/\/silkmix.com.br\/wp-content\/uploads\/2025\/09\/Copo-Plastico-420ml-TRANSPARENTE-17268-1695846931-1.jpg","datePublished":"2025-09-10T12:39:10+00:00","dateModified":"2025-09-17T14:06:05+00:00","description":"Copo pl\u00e1stico 420ml em polipropileno. Diversas cores. Ideal para festas, bares, adegas, baladas, tabacarias. Personalizado para seu evento","breadcrumb":{"@id":"https:\/\/silkmix.com.br\/produto\/copo-plastico-420ml\/#breadcrumb"},"inLanguage":"en-US","potentialAction":[{"@type":"ReadAction","target":["https:\/\/silkmix.com.br\/produto\/copo-plastico-420ml\/"]}]},{"@type":"ImageObject","inLanguage":"en-US","@id":"https:\/\/silkmix.com.br\/produto\/copo-plastico-420ml\/#primaryimage","url":"https:\/\/silkmix.com.br\/wp-content\/uploads\/2025\/09\/Copo-Plastico-420ml-TRANSPARENTE-17268-1695846931-1.jpg","contentUrl":"https:\/\/silkmix.com.br\/wp-content\/uploads\/2025\/09\/Copo-Plastico-420ml-TRANSPARENTE-17268-1695846931-1.jpg","width":1000,"height":1000},{"@type":"BreadcrumbList","@id":"https:\/\/silkmix.com.br\/produto\/copo-plastico-420ml\/#breadcrumb","itemListElement":[{"@type":"ListItem","position":1,"name":"In\u00edcio","item":"https:\/\/silkmix.com.br\/"},{"@type":"ListItem","position":2,"name":"Produtos","item":"https:\/\/silkmix.com.br\/produtos\/"},{"@type":"ListItem","position":3,"name":"Copo pl\u00e1stico 420 ml PP \u2022 Personalizado"}]},{"@type":"WebSite","@id":"https:\/\/silkmix.com.br\/#website","url":"https:\/\/silkmix.com.br\/","name":"Silk Mix","description":"","publisher":{"@id":"https:\/\/silkmix.com.br\/#organization"},"potentialAction":[{"@type":"SearchAction","target":{"@type":"EntryPoint","urlTemplate":"https:\/\/silkmix.com.br\/?s={search_term_string}"},"query-input":{"@type":"PropertyValueSpecification","valueRequired":true,"valueName":"search_term_string"}}],"inLanguage":"en-US"},{"@type":"Organization","@id":"https:\/\/silkmix.com.br\/#organization","name":"Silk Mix","url":"https:\/\/silkmix.com.br\/","logo":{"@type":"ImageObject","inLanguage":"en-US","@id":"https:\/\/silkmix.com.br\/#\/schema\/logo\/image\/","url":"https:\/\/silkmix.com.br\/wp-content\/uploads\/2024\/04\/logo-silkmix-svg.svg","contentUrl":"https:\/\/silkmix.com.br\/wp-content\/uploads\/2024\/04\/logo-silkmix-svg.svg","width":238,"height":238,"caption":"Silk Mix"},"image":{"@id":"https:\/\/silkmix.com.br\/#\/schema\/logo\/image\/"}}]}},"_links":{"self":[{"href":"https:\/\/silkmix.com.br\/en\/wp-json\/wp\/v2\/product\/3818","targetHints":{"allow":["GET"]}}],"collection":[{"href":"https:\/\/silkmix.com.br\/en\/wp-json\/wp\/v2\/product"}],"about":[{"href":"https:\/\/silkmix.com.br\/en\/wp-json\/wp\/v2\/types\/product"}],"wp:featuredmedia":[{"embeddable":true,"href":"https:\/\/silkmix.com.br\/en\/wp-json\/wp\/v2\/media\/3840"}],"wp:attachment":[{"href":"https:\/\/silkmix.com.br\/en\/wp-json\/wp\/v2\/media?parent=3818"}],"wp:term":[{"taxonomy":"product_brand","embeddable":true,"href":"https:\/\/silkmix.com.br\/en\/wp-json\/wp\/v2\/product_brand?post=3818"},{"taxonomy":"product_cat","embeddable":true,"href":"https:\/\/silkmix.com.br\/en\/wp-json\/wp\/v2\/product_cat?post=3818"},{"taxonomy":"product_tag","embeddable":true,"href":"https:\/\/silkmix.com.br\/en\/wp-json\/wp\/v2\/product_tag?post=3818"}],"curies":[{"name":"wp","href":"https:\/\/api.w.org\/{rel}","templated":true}]}}