{"id":3959,"date":"2025-09-16T14:28:10","date_gmt":"2025-09-16T17:28:10","guid":{"rendered":"https:\/\/silkmix.com.br\/?post_type=product&#038;p=3959"},"modified":"2025-09-17T09:23:57","modified_gmt":"2025-09-17T12:23:57","slug":"suporte-plastico-para-celular","status":"publish","type":"product","link":"https:\/\/silkmix.com.br\/en\/product\/suporte-plastico-para-celular\/","title":{"rendered":"Suporte pl\u00e1stico para celular &#8211; Personalizado"},"content":{"rendered":"<p>Uma \u00f3tima op\u00e7\u00e3o de brinde personalizado, o suporte pl\u00e1stico para <strong>celular<\/strong> al\u00e9m de muito \u00fatil no dia a dia \u00e9 f\u00e1cil de levar porque \u00e9 port\u00e1til podendo, assim, ser carregado na bolsa, <strong>necessaire<\/strong>, mochila.<\/p>\n<p><span style=\"font-weight: 400;\">A personaliza\u00e7\u00e3o ocorre em <strong>DTF-UV<\/strong>, dessa forma garantimos mais qualidade e cores vivas para a arte escolhida.<\/span><\/p>\n<p>Confira nossa linha de materiais para escrit\u00f3rio:\u00a0<a href=\"https:\/\/silkmix.com.br\/en\/produtos\/categoria-escritorio\/\">https:\/\/silkmix.com.br\/produtos\/categoria-escritorio<\/a><\/p>\n<p><b>Observa\u00e7\u00f5es:<\/b><\/p>\n<p><span style=\"font-weight: 400;\">Vendas somente <\/span><b>atacado.<\/b><\/p>\n<p><b>Imagens ilustrativas<\/b><span style=\"font-weight: 400;\"> apenas para visualiza\u00e7\u00e3o. Personaliza\u00e7\u00e3o de acordo com a arte enviada por solicitante.<\/span><\/p>\n<ul>\n<li><strong>Dimens\u00f5es:<\/strong> 5,9 cm<\/li>\n<li><strong>Material:<\/strong> Pl\u00e1stico<\/li>\n<li><strong>Cor:<\/strong> Azul Claro \/ Azul Escuro \/ Branco \/ Laranja \/ Rosa \/ Roxo \/ Verde \/ Vermelho<\/li>\n<li><strong>Personaliza\u00e7\u00e3o: <\/strong>DTF-UV 4&#215;0 (colorido) &#8211;\u00a0<strong><em><a href=\"https:\/\/api.whatsapp.com\/send?phone=551120477777&amp;text=Ol%C3%A1%20vim%20atrav%C3%A9s%20do%20site%20da%20Silkmix\" target=\"_blank\" rel=\"noopener\">Envie sua arte aqui\u00a0<\/a><\/em><\/strong><em>(Formato: Vetor ou PNG sem fundo) \u2013 Aten\u00e7\u00e3o: O arquivo para personaliza\u00e7\u00e3o ser\u00e1 analisado podendo ser reprovado caso a qualidade interfira no resultado do produto.<\/em><\/li>\n<li><strong style=\"font-size: 16px;\">Modalidade de venda: Apenas atacado: <\/strong><span style=\"font-size: 16px;\">a partir de 50 pe\u00e7as<\/span><\/li>\n<li><strong>Extras:<\/strong> Servi\u00e7o de cria\u00e7\u00e3o de arte e layout dispon\u00edveis mediante consulta<\/li>\n<li><strong style=\"font-size: 16px;\">Prazo de Produ\u00e7\u00e3o:<\/strong><span style=\"font-size: 16px;\"> 3 a 5 dias \u00fateis<\/span><\/li>\n<\/ul>\n<p>Ideal para brindes corporativos ou eventos, uso em escrit\u00f3rio ou pessoal ou como presente.<\/p>\n<p><b>Produ\u00e7\u00e3o e prazos:<\/b><\/p>\n<p><b>Aten\u00e7\u00e3o:<\/b> <i><span style=\"font-weight: 400;\">Analisamos<\/span><\/i><span style=\"font-weight: 400;\"> o<\/span><i><span style=\"font-weight: 400;\"> arquivo para personaliza\u00e7\u00e3o do suporte pl\u00e1stico para celular de acordo com nosso manual podendo reprov\u00e1-lo caso a qualidade interfira no resultado do produto.<\/span><\/i><\/p>\n<p><span style=\"font-weight: 400;\">Ap\u00f3s o pagamento, encaminhamos seu pedido para o setor de arte final para cria\u00e7\u00e3o do modelo de arte que \u00e9 enviado para aprova\u00e7\u00e3o no e-mail ou whatsapp cadastrados para aprova\u00e7\u00e3o final ou corre\u00e7\u00f5es.<\/span><\/p>\n<p><i><span style=\"font-weight: 400;\">Validamos o <\/span><\/i><b><i>prazo de produ\u00e7\u00e3o<\/i><\/b> <b><i>apenas<\/i><\/b><i><span style=\"font-weight: 400;\"> ap\u00f3s a aprova\u00e7\u00e3o do modelo de arte (layout) por essa raz\u00e3o \u00e9 necess\u00e1rio conferir sempre email e whatsapp.<\/span><\/i><\/p>\n<p><span style=\"font-weight: 400;\">D\u00favidas sobre a personaliza\u00e7\u00e3o do item? Ent\u00e3o consulte:<\/span><a href=\"https:\/\/silkmix.com.br\/en\/manual-de-personalizacao\/\"> <span style=\"font-weight: 400;\">https:\/\/silkmix.com.br\/manual-de-personalizacao\/<\/span><\/a><\/p>\n<p>&nbsp;<\/p>\n<p>&nbsp;<\/p>","protected":false},"excerpt":{"rendered":"<p><strong>Suporte pl\u00e1stico para celular &#8211; <i><b><a href=\"https:\/\/api.whatsapp.com\/send?phone=551120477777&amp;text=Ol%C3%A1%20vim%20atrav%C3%A9s%20do%20site%20da%20Silkmix\">Envie sua arte aqui<\/a><\/b><em>(Formato: Vetor ou PNG sem fundo) \u2013 <\/em><b>Aten\u00e7\u00e3o:\u00a0<\/b><\/i><\/strong><i><em>O arquivo para personaliza\u00e7\u00e3o ser\u00e1 analisado podendo ser reprovado caso a qualidade interfira no resultado do produt<\/em><\/i><i><em>o.\u00a0 Atacado a partir de 50 pe\u00e7as. IMAGENS ILUSTRATIVAS APENAS PARA VISUALIZA\u00c7\u00c3O. PERSONALIZA\u00c7\u00c3O DE ACORDO COM A ARTE ENVIADA POR SOLICITANTE.<\/em><\/i><\/p>","protected":false},"featured_media":3969,"template":"","meta":{"site-sidebar-layout":"default","site-content-layout":"","ast-site-content-layout":"default","site-content-style":"default","site-sidebar-style":"default","ast-global-header-display":"","ast-banner-title-visibility":"","ast-main-header-display":"","ast-hfb-above-header-display":"","ast-hfb-below-header-display":"","ast-hfb-mobile-header-display":"","site-post-title":"","ast-breadcrumbs-content":"","ast-featured-img":"","footer-sml-layout":"","theme-transparent-header-meta":"default","adv-header-id-meta":"","stick-header-meta":"","header-above-stick-meta":"","header-main-stick-meta":"","header-below-stick-meta":"","astra-migrate-meta-layouts":"set","ast-page-background-enabled":"default","ast-page-background-meta":{"desktop":{"background-color":"var(--ast-global-color-4)","background-image":"","background-repeat":"repeat","background-position":"center center","background-size":"auto","background-attachment":"scroll","background-type":"","background-media":"","overlay-type":"","overlay-color":"","overlay-opacity":"","overlay-gradient":""},"tablet":{"background-color":"","background-image":"","background-repeat":"repeat","background-position":"center center","background-size":"auto","background-attachment":"scroll","background-type":"","background-media":"","overlay-type":"","overlay-color":"","overlay-opacity":"","overlay-gradient":""},"mobile":{"background-color":"","background-image":"","background-repeat":"repeat","background-position":"center center","background-size":"auto","background-attachment":"scroll","background-type":"","background-media":"","overlay-type":"","overlay-color":"","overlay-opacity":"","overlay-gradient":""}},"ast-content-background-meta":{"desktop":{"background-color":"var(--ast-global-color-5)","background-image":"","background-repeat":"repeat","background-position":"center center","background-size":"auto","background-attachment":"scroll","background-type":"","background-media":"","overlay-type":"","overlay-color":"","overlay-opacity":"","overlay-gradient":""},"tablet":{"background-color":"var(--ast-global-color-5)","background-image":"","background-repeat":"repeat","background-position":"center center","background-size":"auto","background-attachment":"scroll","background-type":"","background-media":"","overlay-type":"","overlay-color":"","overlay-opacity":"","overlay-gradient":""},"mobile":{"background-color":"var(--ast-global-color-5)","background-image":"","background-repeat":"repeat","background-position":"center center","background-size":"auto","background-attachment":"scroll","background-type":"","background-media":"","overlay-type":"","overlay-color":"","overlay-opacity":"","overlay-gradient":""}}},"product_brand":[],"product_cat":[127,169,128],"product_tag":[107,174,176,173,175,170,172,51,147,171],"class_list":{"0":"post-3959","1":"product","2":"type-product","3":"status-publish","4":"has-post-thumbnail","6":"product_cat-brindes-personalizados","7":"product_cat-brindes-personalizados-datas","8":"product_cat-lancamentos","9":"product_tag-brinde","10":"product_tag-brindes-corporativos","11":"product_tag-brindes-para-clientes","12":"product_tag-brindes-para-eventos","13":"product_tag-brindes-para-funcionarios","14":"product_tag-celular","15":"product_tag-dtf-uv","16":"product_tag-escritorio","17":"product_tag-presente","18":"product_tag-suporte-para-celular","19":"desktop-align-left","20":"tablet-align-left","21":"mobile-align-left","23":"first","24":"instock","25":"shipping-taxable","26":"product-type-variable"},"yoast_head":"<!-- This site is optimized with the Yoast SEO plugin v27.5 - https:\/\/yoast.com\/product\/yoast-seo-wordpress\/ -->\n<title>Suporte pl\u00e1stico para celular - Personalizado - Silk Mix<\/title>\n<meta name=\"description\" content=\"Suporte pl\u00e1stico para celular em DTF-UV. Perfeita para brindes. Compacto para uso no dia a dia. Ideal para eventos e brindes.\" \/>\n<meta name=\"robots\" content=\"index, follow, max-snippet:-1, max-image-preview:large, max-video-preview:-1\" \/>\n<link rel=\"canonical\" href=\"https:\/\/silkmix.com.br\/en\/product\/suporte-plastico-para-celular\/\" \/>\n<meta property=\"og:locale\" content=\"en_US\" \/>\n<meta property=\"og:type\" content=\"article\" \/>\n<meta property=\"og:title\" content=\"Suporte pl\u00e1stico para celular - Personalizado - Silk Mix\" \/>\n<meta property=\"og:description\" content=\"Suporte pl\u00e1stico para celular em DTF-UV. Perfeita para brindes. Compacto para uso no dia a dia. Ideal para eventos e brindes.\" \/>\n<meta property=\"og:url\" content=\"https:\/\/silkmix.com.br\/en\/product\/suporte-plastico-para-celular\/\" \/>\n<meta property=\"og:site_name\" content=\"Silk Mix\" \/>\n<meta property=\"article:modified_time\" content=\"2025-09-17T12:23:57+00:00\" \/>\n<meta property=\"og:image\" content=\"https:\/\/silkmix.com.br\/wp-content\/uploads\/2025\/09\/sipat-1.png\" \/>\n\t<meta property=\"og:image:width\" content=\"940\" \/>\n\t<meta property=\"og:image:height\" content=\"788\" \/>\n\t<meta property=\"og:image:type\" content=\"image\/png\" \/>\n<meta name=\"twitter:card\" content=\"summary_large_image\" \/>\n<meta name=\"twitter:label1\" content=\"Est. reading time\" \/>\n\t<meta name=\"twitter:data1\" content=\"2 minutes\" \/>\n<script type=\"application\/ld+json\" class=\"yoast-schema-graph\">{\"@context\":\"https:\\\/\\\/schema.org\",\"@graph\":[{\"@type\":\"WebPage\",\"@id\":\"https:\\\/\\\/silkmix.com.br\\\/produto\\\/suporte-plastico-para-celular\\\/\",\"url\":\"https:\\\/\\\/silkmix.com.br\\\/produto\\\/suporte-plastico-para-celular\\\/\",\"name\":\"Suporte pl\u00e1stico para celular - Personalizado - Silk Mix\",\"isPartOf\":{\"@id\":\"https:\\\/\\\/silkmix.com.br\\\/#website\"},\"primaryImageOfPage\":{\"@id\":\"https:\\\/\\\/silkmix.com.br\\\/produto\\\/suporte-plastico-para-celular\\\/#primaryimage\"},\"image\":{\"@id\":\"https:\\\/\\\/silkmix.com.br\\\/produto\\\/suporte-plastico-para-celular\\\/#primaryimage\"},\"thumbnailUrl\":\"https:\\\/\\\/silkmix.com.br\\\/wp-content\\\/uploads\\\/2025\\\/09\\\/sipat-1.png\",\"datePublished\":\"2025-09-16T17:28:10+00:00\",\"dateModified\":\"2025-09-17T12:23:57+00:00\",\"description\":\"Suporte pl\u00e1stico para celular em DTF-UV. Perfeita para brindes. Compacto para uso no dia a dia. Ideal para eventos e brindes.\",\"breadcrumb\":{\"@id\":\"https:\\\/\\\/silkmix.com.br\\\/produto\\\/suporte-plastico-para-celular\\\/#breadcrumb\"},\"inLanguage\":\"en-US\",\"potentialAction\":[{\"@type\":\"ReadAction\",\"target\":[\"https:\\\/\\\/silkmix.com.br\\\/produto\\\/suporte-plastico-para-celular\\\/\"]}]},{\"@type\":\"ImageObject\",\"inLanguage\":\"en-US\",\"@id\":\"https:\\\/\\\/silkmix.com.br\\\/produto\\\/suporte-plastico-para-celular\\\/#primaryimage\",\"url\":\"https:\\\/\\\/silkmix.com.br\\\/wp-content\\\/uploads\\\/2025\\\/09\\\/sipat-1.png\",\"contentUrl\":\"https:\\\/\\\/silkmix.com.br\\\/wp-content\\\/uploads\\\/2025\\\/09\\\/sipat-1.png\",\"width\":940,\"height\":788},{\"@type\":\"BreadcrumbList\",\"@id\":\"https:\\\/\\\/silkmix.com.br\\\/produto\\\/suporte-plastico-para-celular\\\/#breadcrumb\",\"itemListElement\":[{\"@type\":\"ListItem\",\"position\":1,\"name\":\"In\u00edcio\",\"item\":\"https:\\\/\\\/silkmix.com.br\\\/\"},{\"@type\":\"ListItem\",\"position\":2,\"name\":\"Produtos\",\"item\":\"https:\\\/\\\/silkmix.com.br\\\/produtos\\\/\"},{\"@type\":\"ListItem\",\"position\":3,\"name\":\"Suporte pl\u00e1stico para celular &#8211; Personalizado\"}]},{\"@type\":\"WebSite\",\"@id\":\"https:\\\/\\\/silkmix.com.br\\\/#website\",\"url\":\"https:\\\/\\\/silkmix.com.br\\\/\",\"name\":\"Silk Mix\",\"description\":\"\",\"publisher\":{\"@id\":\"https:\\\/\\\/silkmix.com.br\\\/#organization\"},\"potentialAction\":[{\"@type\":\"SearchAction\",\"target\":{\"@type\":\"EntryPoint\",\"urlTemplate\":\"https:\\\/\\\/silkmix.com.br\\\/?s={search_term_string}\"},\"query-input\":{\"@type\":\"PropertyValueSpecification\",\"valueRequired\":true,\"valueName\":\"search_term_string\"}}],\"inLanguage\":\"en-US\"},{\"@type\":\"Organization\",\"@id\":\"https:\\\/\\\/silkmix.com.br\\\/#organization\",\"name\":\"Silk Mix\",\"url\":\"https:\\\/\\\/silkmix.com.br\\\/\",\"logo\":{\"@type\":\"ImageObject\",\"inLanguage\":\"en-US\",\"@id\":\"https:\\\/\\\/silkmix.com.br\\\/#\\\/schema\\\/logo\\\/image\\\/\",\"url\":\"https:\\\/\\\/silkmix.com.br\\\/wp-content\\\/uploads\\\/2024\\\/04\\\/logo-silkmix-svg.svg\",\"contentUrl\":\"https:\\\/\\\/silkmix.com.br\\\/wp-content\\\/uploads\\\/2024\\\/04\\\/logo-silkmix-svg.svg\",\"width\":238,\"height\":238,\"caption\":\"Silk Mix\"},\"image\":{\"@id\":\"https:\\\/\\\/silkmix.com.br\\\/#\\\/schema\\\/logo\\\/image\\\/\"}}]}<\/script>\n<!-- \/ Yoast SEO plugin. -->","yoast_head_json":{"title":"Suporte pl\u00e1stico para celular - Personalizado - Silk Mix","description":"Suporte pl\u00e1stico para celular em DTF-UV. Perfeita para brindes. Compacto para uso no dia a dia. Ideal para eventos e brindes.","robots":{"index":"index","follow":"follow","max-snippet":"max-snippet:-1","max-image-preview":"max-image-preview:large","max-video-preview":"max-video-preview:-1"},"canonical":"https:\/\/silkmix.com.br\/en\/product\/suporte-plastico-para-celular\/","og_locale":"en_US","og_type":"article","og_title":"Suporte pl\u00e1stico para celular - Personalizado - Silk Mix","og_description":"Suporte pl\u00e1stico para celular em DTF-UV. Perfeita para brindes. Compacto para uso no dia a dia. Ideal para eventos e brindes.","og_url":"https:\/\/silkmix.com.br\/en\/product\/suporte-plastico-para-celular\/","og_site_name":"Silk Mix","article_modified_time":"2025-09-17T12:23:57+00:00","og_image":[{"width":940,"height":788,"url":"https:\/\/silkmix.com.br\/wp-content\/uploads\/2025\/09\/sipat-1.png","type":"image\/png"}],"twitter_card":"summary_large_image","twitter_misc":{"Est. reading time":"2 minutes"},"schema":{"@context":"https:\/\/schema.org","@graph":[{"@type":"WebPage","@id":"https:\/\/silkmix.com.br\/produto\/suporte-plastico-para-celular\/","url":"https:\/\/silkmix.com.br\/produto\/suporte-plastico-para-celular\/","name":"Suporte pl\u00e1stico para celular - Personalizado - Silk Mix","isPartOf":{"@id":"https:\/\/silkmix.com.br\/#website"},"primaryImageOfPage":{"@id":"https:\/\/silkmix.com.br\/produto\/suporte-plastico-para-celular\/#primaryimage"},"image":{"@id":"https:\/\/silkmix.com.br\/produto\/suporte-plastico-para-celular\/#primaryimage"},"thumbnailUrl":"https:\/\/silkmix.com.br\/wp-content\/uploads\/2025\/09\/sipat-1.png","datePublished":"2025-09-16T17:28:10+00:00","dateModified":"2025-09-17T12:23:57+00:00","description":"Suporte pl\u00e1stico para celular em DTF-UV. Perfeita para brindes. Compacto para uso no dia a dia. Ideal para eventos e brindes.","breadcrumb":{"@id":"https:\/\/silkmix.com.br\/produto\/suporte-plastico-para-celular\/#breadcrumb"},"inLanguage":"en-US","potentialAction":[{"@type":"ReadAction","target":["https:\/\/silkmix.com.br\/produto\/suporte-plastico-para-celular\/"]}]},{"@type":"ImageObject","inLanguage":"en-US","@id":"https:\/\/silkmix.com.br\/produto\/suporte-plastico-para-celular\/#primaryimage","url":"https:\/\/silkmix.com.br\/wp-content\/uploads\/2025\/09\/sipat-1.png","contentUrl":"https:\/\/silkmix.com.br\/wp-content\/uploads\/2025\/09\/sipat-1.png","width":940,"height":788},{"@type":"BreadcrumbList","@id":"https:\/\/silkmix.com.br\/produto\/suporte-plastico-para-celular\/#breadcrumb","itemListElement":[{"@type":"ListItem","position":1,"name":"In\u00edcio","item":"https:\/\/silkmix.com.br\/"},{"@type":"ListItem","position":2,"name":"Produtos","item":"https:\/\/silkmix.com.br\/produtos\/"},{"@type":"ListItem","position":3,"name":"Suporte pl\u00e1stico para celular &#8211; Personalizado"}]},{"@type":"WebSite","@id":"https:\/\/silkmix.com.br\/#website","url":"https:\/\/silkmix.com.br\/","name":"Silk Mix","description":"","publisher":{"@id":"https:\/\/silkmix.com.br\/#organization"},"potentialAction":[{"@type":"SearchAction","target":{"@type":"EntryPoint","urlTemplate":"https:\/\/silkmix.com.br\/?s={search_term_string}"},"query-input":{"@type":"PropertyValueSpecification","valueRequired":true,"valueName":"search_term_string"}}],"inLanguage":"en-US"},{"@type":"Organization","@id":"https:\/\/silkmix.com.br\/#organization","name":"Silk Mix","url":"https:\/\/silkmix.com.br\/","logo":{"@type":"ImageObject","inLanguage":"en-US","@id":"https:\/\/silkmix.com.br\/#\/schema\/logo\/image\/","url":"https:\/\/silkmix.com.br\/wp-content\/uploads\/2024\/04\/logo-silkmix-svg.svg","contentUrl":"https:\/\/silkmix.com.br\/wp-content\/uploads\/2024\/04\/logo-silkmix-svg.svg","width":238,"height":238,"caption":"Silk Mix"},"image":{"@id":"https:\/\/silkmix.com.br\/#\/schema\/logo\/image\/"}}]}},"_links":{"self":[{"href":"https:\/\/silkmix.com.br\/en\/wp-json\/wp\/v2\/product\/3959","targetHints":{"allow":["GET"]}}],"collection":[{"href":"https:\/\/silkmix.com.br\/en\/wp-json\/wp\/v2\/product"}],"about":[{"href":"https:\/\/silkmix.com.br\/en\/wp-json\/wp\/v2\/types\/product"}],"wp:featuredmedia":[{"embeddable":true,"href":"https:\/\/silkmix.com.br\/en\/wp-json\/wp\/v2\/media\/3969"}],"wp:attachment":[{"href":"https:\/\/silkmix.com.br\/en\/wp-json\/wp\/v2\/media?parent=3959"}],"wp:term":[{"taxonomy":"product_brand","embeddable":true,"href":"https:\/\/silkmix.com.br\/en\/wp-json\/wp\/v2\/product_brand?post=3959"},{"taxonomy":"product_cat","embeddable":true,"href":"https:\/\/silkmix.com.br\/en\/wp-json\/wp\/v2\/product_cat?post=3959"},{"taxonomy":"product_tag","embeddable":true,"href":"https:\/\/silkmix.com.br\/en\/wp-json\/wp\/v2\/product_tag?post=3959"}],"curies":[{"name":"wp","href":"https:\/\/api.w.org\/{rel}","templated":true}]}}