{"id":4036,"date":"2025-09-23T08:20:19","date_gmt":"2025-09-23T11:20:19","guid":{"rendered":"https:\/\/silkmix.com.br\/?post_type=product&#038;p=4036"},"modified":"2025-09-23T08:33:08","modified_gmt":"2025-09-23T11:33:08","slug":"calendario-piramide","status":"publish","type":"product","link":"https:\/\/silkmix.com.br\/en\/product\/calendario-piramide\/","title":{"rendered":"Calend\u00e1rio Pir\u00e2mide"},"content":{"rendered":"<p style=\"font-weight: 400;\"><span style=\"font-weight: 400;\">O Calend\u00e1rio Pir\u00e2mide \u00e9<\/span><span style=\"font-weight: 400;\"> uma maneira f\u00e1cil de acompanhar os dias e eventos do ano porque apresenta n\u00fameros de dias f\u00e1ceis de ler, al\u00e9m de um \u00f3timo espa\u00e7o para personalizar com a identidade visual da sua marca. Ideal para brindes personalizados para seus clientes, funcion\u00e1rios e fornecedores.<\/span><\/p>\n<p>O papel couch\u00e9 250grs garante \u00f3tima qualidade de impress\u00e3o.<\/p>\n<p><b>Observa\u00e7\u00f5es:<\/b><\/p>\n<p><span style=\"font-weight: 400;\"><strong>Atacado<\/strong> a partir de 50 pe\u00e7as.<\/span><\/p>\n<p><b>Imagens ilustrativas<\/b><\/p>\n<p><b>Detalhes do Produto:<\/b><\/p>\n<ul>\n<li style=\"font-weight: 400;\" aria-level=\"1\"><b>Dimens\u00f5es: 13<\/b><span style=\"font-weight: 400;\"> cm de comprimento por 15 cm de largura<\/span><\/li>\n<li style=\"font-weight: 400;\" aria-level=\"1\"><b>Material:<\/b><span style=\"font-weight: 400;\"> Papel couch\u00e9 250gr<\/span><\/li>\n<li style=\"font-weight: 400;\" aria-level=\"1\"><b>Personaliza\u00e7\u00e3o: Apenas frente<\/b><span style=\"font-weight: 400;\"> 4&#215;0 (colorido) &#8211;<\/span><a href=\"https:\/\/api.whatsapp.com\/send?phone=551120477777&amp;text=Ol%C3%A1%20vim%20atrav%C3%A9s%20do%20site%20da%20Silkmix\"> <b><i>Envie sua arte aqui<\/i><\/b><\/a><i><span style=\"font-weight: 400;\"> (Formato: Vetor ou PNG sem fundo) \u2013 <\/span><\/i><b><i>Aten\u00e7\u00e3o: <\/i><\/b><i><span style=\"font-weight: 400;\">O arquivo ser\u00e1 analisado de acordo com nosso manual podendo ser reprovado caso a qualidade interfira no resultado do produto.\u00a0<\/span><\/i><\/li>\n<li style=\"font-weight: 400;\" aria-level=\"1\"><b>Modalidade de venda: Atacado: <\/b><span style=\"font-weight: 400;\">a partir de 10 pe\u00e7as<\/span><\/li>\n<li style=\"font-weight: 400;\" aria-level=\"1\"><b>Extras:<\/b><span style=\"font-weight: 400;\"> Servi\u00e7o de cria\u00e7\u00e3o de arte e layout dispon\u00edvel mediante consulta.<\/span><\/li>\n<li aria-level=\"1\"><b>Prazo de Produ\u00e7\u00e3o:<\/b><span style=\"font-weight: 400;\"> 3 a 5 dias \u00fateis<\/span><\/li>\n<\/ul>\n<p>Ideal para empresas e eventos.<\/p>\n<p><b>Informa\u00e7\u00f5es adicionais:<\/b><\/p>\n<p><b>Aten\u00e7\u00e3o:<\/b> <i><span style=\"font-weight: 400;\">Analisamos<\/span><\/i><span style=\"font-weight: 400;\"> o<\/span><i><span style=\"font-weight: 400;\"> arquivo para personaliza\u00e7\u00e3o de acordo com nosso manual podendo reprov\u00e1-lo caso a qualidade interfira no resultado do produto.<\/span><\/i><\/p>\n<p><span style=\"font-weight: 400;\">Ap\u00f3s o pagamento, encaminhamos seu pedido para o setor de arte final para cria\u00e7\u00e3o do modelo de arte que \u00e9 enviado para aprova\u00e7\u00e3o no e-mail ou whatsapp cadastrados para aprova\u00e7\u00e3o final ou corre\u00e7\u00f5es.<\/span><\/p>\n<p><i><span style=\"font-weight: 400;\">Validamos o <\/span><\/i><b><i>prazo de produ\u00e7\u00e3o<\/i><\/b> <b><i>apenas<\/i><\/b><i><span style=\"font-weight: 400;\"> ap\u00f3s a aprova\u00e7\u00e3o do modelo de arte (layout) por essa raz\u00e3o \u00e9 necess\u00e1rio conferir sempre email e whatsapp.<\/span><\/i><\/p>\n<p><span style=\"font-weight: 400;\">D\u00favidas sobre a personaliza\u00e7\u00e3o do item? Ent\u00e3o consulte:<\/span><a href=\"https:\/\/silkmix.com.br\/en\/manual-de-personalizacao\/\"> <span style=\"font-weight: 400;\">https:\/\/silkmix.com.br\/manual-de-personalizacao\/<\/span><\/a><\/p>","protected":false},"excerpt":{"rendered":"<p><strong>Calend\u00e1rio de mesa simples apenas frente colorido em formato pir\u00e2midal<\/strong> &#8211;\u00a0<a href=\"https:\/\/api.whatsapp.com\/send?phone=551120477777&amp;text=Ol%C3%A1%20vim%20atrav%C3%A9s%20do%20site%20da%20Silkmix\"><b><i>Envie sua arte aqui<\/i><\/b><\/a><i><span style=\"font-weight: 400;\"> (Formato: Vetor ou PNG sem fundo) \u2013 <\/span><\/i><b><i>Aten\u00e7\u00e3o: <\/i><\/b><i><span style=\"font-weight: 400;\">O arquivo ser\u00e1 analisado de acordo com nosso manual podendo ser reprovado caso a qualidade interfira no resultado do produto.\u00a0<\/span><\/i><\/p>\n<p>&nbsp;<\/p>","protected":false},"featured_media":4037,"template":"","meta":{"site-sidebar-layout":"default","site-content-layout":"","ast-site-content-layout":"default","site-content-style":"default","site-sidebar-style":"default","ast-global-header-display":"","ast-banner-title-visibility":"","ast-main-header-display":"","ast-hfb-above-header-display":"","ast-hfb-below-header-display":"","ast-hfb-mobile-header-display":"","site-post-title":"","ast-breadcrumbs-content":"","ast-featured-img":"","footer-sml-layout":"","theme-transparent-header-meta":"default","adv-header-id-meta":"","stick-header-meta":"","header-above-stick-meta":"","header-main-stick-meta":"","header-below-stick-meta":"","astra-migrate-meta-layouts":"set","ast-page-background-enabled":"default","ast-page-background-meta":{"desktop":{"background-color":"var(--ast-global-color-4)","background-image":"","background-repeat":"repeat","background-position":"center center","background-size":"auto","background-attachment":"scroll","background-type":"","background-media":"","overlay-type":"","overlay-color":"","overlay-opacity":"","overlay-gradient":""},"tablet":{"background-color":"","background-image":"","background-repeat":"repeat","background-position":"center center","background-size":"auto","background-attachment":"scroll","background-type":"","background-media":"","overlay-type":"","overlay-color":"","overlay-opacity":"","overlay-gradient":""},"mobile":{"background-color":"","background-image":"","background-repeat":"repeat","background-position":"center center","background-size":"auto","background-attachment":"scroll","background-type":"","background-media":"","overlay-type":"","overlay-color":"","overlay-opacity":"","overlay-gradient":""}},"ast-content-background-meta":{"desktop":{"background-color":"var(--ast-global-color-5)","background-image":"","background-repeat":"repeat","background-position":"center center","background-size":"auto","background-attachment":"scroll","background-type":"","background-media":"","overlay-type":"","overlay-color":"","overlay-opacity":"","overlay-gradient":""},"tablet":{"background-color":"var(--ast-global-color-5)","background-image":"","background-repeat":"repeat","background-position":"center center","background-size":"auto","background-attachment":"scroll","background-type":"","background-media":"","overlay-type":"","overlay-color":"","overlay-opacity":"","overlay-gradient":""},"mobile":{"background-color":"var(--ast-global-color-5)","background-image":"","background-repeat":"repeat","background-position":"center center","background-size":"auto","background-attachment":"scroll","background-type":"","background-media":"","overlay-type":"","overlay-color":"","overlay-opacity":"","overlay-gradient":""}}},"product_brand":[],"product_cat":[127,218,141,49],"product_tag":[],"class_list":{"0":"post-4036","1":"product","2":"type-product","3":"status-publish","4":"has-post-thumbnail","6":"product_cat-brindes-personalizados","7":"product_cat-calendarios-e-folhinhas","8":"product_cat-comunicao-visual","9":"product_cat-escritorio","10":"desktop-align-left","11":"tablet-align-left","12":"mobile-align-left","14":"first","15":"instock","16":"shipping-taxable","17":"purchasable","18":"product-type-simple"},"yoast_head":"<!-- This site is optimized with the Yoast SEO plugin v27.5 - https:\/\/yoast.com\/product\/yoast-seo-wordpress\/ -->\n<title>Calend\u00e1rio Pir\u00e2mide - Silk Mix<\/title>\n<meta name=\"description\" content=\"Calend\u00e1rio pir\u00e2mide de mesa dobr\u00e1vel em papel couch\u00e9 250grs. Ideal para brindes e uso interno. Impress\u00e3o em ultra qualidade.\" \/>\n<meta name=\"robots\" content=\"index, follow, max-snippet:-1, max-image-preview:large, max-video-preview:-1\" \/>\n<link rel=\"canonical\" href=\"https:\/\/silkmix.com.br\/en\/product\/calendario-piramide\/\" \/>\n<meta property=\"og:locale\" content=\"en_US\" \/>\n<meta property=\"og:type\" content=\"article\" \/>\n<meta property=\"og:title\" content=\"Calend\u00e1rio Pir\u00e2mide - Silk Mix\" \/>\n<meta property=\"og:description\" content=\"Calend\u00e1rio pir\u00e2mide de mesa dobr\u00e1vel em papel couch\u00e9 250grs. Ideal para brindes e uso interno. Impress\u00e3o em ultra qualidade.\" \/>\n<meta property=\"og:url\" content=\"https:\/\/silkmix.com.br\/en\/product\/calendario-piramide\/\" \/>\n<meta property=\"og:site_name\" content=\"Silk Mix\" \/>\n<meta property=\"article:modified_time\" content=\"2025-09-23T11:33:08+00:00\" \/>\n<meta property=\"og:image\" content=\"https:\/\/silkmix.com.br\/wp-content\/uploads\/2025\/09\/mockup-futuraim-calendarios-e-folhinhas-2026-calendario-de-mesa-piramide.png\" \/>\n\t<meta property=\"og:image:width\" content=\"500\" \/>\n\t<meta property=\"og:image:height\" content=\"500\" \/>\n\t<meta property=\"og:image:type\" content=\"image\/png\" \/>\n<meta name=\"twitter:card\" content=\"summary_large_image\" \/>\n<meta name=\"twitter:label1\" content=\"Est. reading time\" \/>\n\t<meta name=\"twitter:data1\" content=\"2 minutes\" \/>\n<script type=\"application\/ld+json\" class=\"yoast-schema-graph\">{\"@context\":\"https:\\\/\\\/schema.org\",\"@graph\":[{\"@type\":\"WebPage\",\"@id\":\"https:\\\/\\\/silkmix.com.br\\\/produto\\\/calendario-piramide\\\/\",\"url\":\"https:\\\/\\\/silkmix.com.br\\\/produto\\\/calendario-piramide\\\/\",\"name\":\"Calend\u00e1rio Pir\u00e2mide - Silk Mix\",\"isPartOf\":{\"@id\":\"https:\\\/\\\/silkmix.com.br\\\/#website\"},\"primaryImageOfPage\":{\"@id\":\"https:\\\/\\\/silkmix.com.br\\\/produto\\\/calendario-piramide\\\/#primaryimage\"},\"image\":{\"@id\":\"https:\\\/\\\/silkmix.com.br\\\/produto\\\/calendario-piramide\\\/#primaryimage\"},\"thumbnailUrl\":\"https:\\\/\\\/silkmix.com.br\\\/wp-content\\\/uploads\\\/2025\\\/09\\\/mockup-futuraim-calendarios-e-folhinhas-2026-calendario-de-mesa-piramide.png\",\"datePublished\":\"2025-09-23T11:20:19+00:00\",\"dateModified\":\"2025-09-23T11:33:08+00:00\",\"description\":\"Calend\u00e1rio pir\u00e2mide de mesa dobr\u00e1vel em papel couch\u00e9 250grs. Ideal para brindes e uso interno. Impress\u00e3o em ultra qualidade.\",\"breadcrumb\":{\"@id\":\"https:\\\/\\\/silkmix.com.br\\\/produto\\\/calendario-piramide\\\/#breadcrumb\"},\"inLanguage\":\"en-US\",\"potentialAction\":[{\"@type\":\"ReadAction\",\"target\":[\"https:\\\/\\\/silkmix.com.br\\\/produto\\\/calendario-piramide\\\/\"]}]},{\"@type\":\"ImageObject\",\"inLanguage\":\"en-US\",\"@id\":\"https:\\\/\\\/silkmix.com.br\\\/produto\\\/calendario-piramide\\\/#primaryimage\",\"url\":\"https:\\\/\\\/silkmix.com.br\\\/wp-content\\\/uploads\\\/2025\\\/09\\\/mockup-futuraim-calendarios-e-folhinhas-2026-calendario-de-mesa-piramide.png\",\"contentUrl\":\"https:\\\/\\\/silkmix.com.br\\\/wp-content\\\/uploads\\\/2025\\\/09\\\/mockup-futuraim-calendarios-e-folhinhas-2026-calendario-de-mesa-piramide.png\",\"width\":500,\"height\":500},{\"@type\":\"BreadcrumbList\",\"@id\":\"https:\\\/\\\/silkmix.com.br\\\/produto\\\/calendario-piramide\\\/#breadcrumb\",\"itemListElement\":[{\"@type\":\"ListItem\",\"position\":1,\"name\":\"In\u00edcio\",\"item\":\"https:\\\/\\\/silkmix.com.br\\\/\"},{\"@type\":\"ListItem\",\"position\":2,\"name\":\"Produtos\",\"item\":\"https:\\\/\\\/silkmix.com.br\\\/produtos\\\/\"},{\"@type\":\"ListItem\",\"position\":3,\"name\":\"Calend\u00e1rio Pir\u00e2mide\"}]},{\"@type\":\"WebSite\",\"@id\":\"https:\\\/\\\/silkmix.com.br\\\/#website\",\"url\":\"https:\\\/\\\/silkmix.com.br\\\/\",\"name\":\"Silk Mix\",\"description\":\"\",\"publisher\":{\"@id\":\"https:\\\/\\\/silkmix.com.br\\\/#organization\"},\"potentialAction\":[{\"@type\":\"SearchAction\",\"target\":{\"@type\":\"EntryPoint\",\"urlTemplate\":\"https:\\\/\\\/silkmix.com.br\\\/?s={search_term_string}\"},\"query-input\":{\"@type\":\"PropertyValueSpecification\",\"valueRequired\":true,\"valueName\":\"search_term_string\"}}],\"inLanguage\":\"en-US\"},{\"@type\":\"Organization\",\"@id\":\"https:\\\/\\\/silkmix.com.br\\\/#organization\",\"name\":\"Silk Mix\",\"url\":\"https:\\\/\\\/silkmix.com.br\\\/\",\"logo\":{\"@type\":\"ImageObject\",\"inLanguage\":\"en-US\",\"@id\":\"https:\\\/\\\/silkmix.com.br\\\/#\\\/schema\\\/logo\\\/image\\\/\",\"url\":\"https:\\\/\\\/silkmix.com.br\\\/wp-content\\\/uploads\\\/2024\\\/04\\\/logo-silkmix-svg.svg\",\"contentUrl\":\"https:\\\/\\\/silkmix.com.br\\\/wp-content\\\/uploads\\\/2024\\\/04\\\/logo-silkmix-svg.svg\",\"width\":238,\"height\":238,\"caption\":\"Silk Mix\"},\"image\":{\"@id\":\"https:\\\/\\\/silkmix.com.br\\\/#\\\/schema\\\/logo\\\/image\\\/\"}}]}<\/script>\n<!-- \/ Yoast SEO plugin. -->","yoast_head_json":{"title":"Calend\u00e1rio Pir\u00e2mide - Silk Mix","description":"Calend\u00e1rio pir\u00e2mide de mesa dobr\u00e1vel em papel couch\u00e9 250grs. Ideal para brindes e uso interno. Impress\u00e3o em ultra qualidade.","robots":{"index":"index","follow":"follow","max-snippet":"max-snippet:-1","max-image-preview":"max-image-preview:large","max-video-preview":"max-video-preview:-1"},"canonical":"https:\/\/silkmix.com.br\/en\/product\/calendario-piramide\/","og_locale":"en_US","og_type":"article","og_title":"Calend\u00e1rio Pir\u00e2mide - Silk Mix","og_description":"Calend\u00e1rio pir\u00e2mide de mesa dobr\u00e1vel em papel couch\u00e9 250grs. Ideal para brindes e uso interno. Impress\u00e3o em ultra qualidade.","og_url":"https:\/\/silkmix.com.br\/en\/product\/calendario-piramide\/","og_site_name":"Silk Mix","article_modified_time":"2025-09-23T11:33:08+00:00","og_image":[{"width":500,"height":500,"url":"https:\/\/silkmix.com.br\/wp-content\/uploads\/2025\/09\/mockup-futuraim-calendarios-e-folhinhas-2026-calendario-de-mesa-piramide.png","type":"image\/png"}],"twitter_card":"summary_large_image","twitter_misc":{"Est. reading time":"2 minutes"},"schema":{"@context":"https:\/\/schema.org","@graph":[{"@type":"WebPage","@id":"https:\/\/silkmix.com.br\/produto\/calendario-piramide\/","url":"https:\/\/silkmix.com.br\/produto\/calendario-piramide\/","name":"Calend\u00e1rio Pir\u00e2mide - Silk Mix","isPartOf":{"@id":"https:\/\/silkmix.com.br\/#website"},"primaryImageOfPage":{"@id":"https:\/\/silkmix.com.br\/produto\/calendario-piramide\/#primaryimage"},"image":{"@id":"https:\/\/silkmix.com.br\/produto\/calendario-piramide\/#primaryimage"},"thumbnailUrl":"https:\/\/silkmix.com.br\/wp-content\/uploads\/2025\/09\/mockup-futuraim-calendarios-e-folhinhas-2026-calendario-de-mesa-piramide.png","datePublished":"2025-09-23T11:20:19+00:00","dateModified":"2025-09-23T11:33:08+00:00","description":"Calend\u00e1rio pir\u00e2mide de mesa dobr\u00e1vel em papel couch\u00e9 250grs. Ideal para brindes e uso interno. Impress\u00e3o em ultra qualidade.","breadcrumb":{"@id":"https:\/\/silkmix.com.br\/produto\/calendario-piramide\/#breadcrumb"},"inLanguage":"en-US","potentialAction":[{"@type":"ReadAction","target":["https:\/\/silkmix.com.br\/produto\/calendario-piramide\/"]}]},{"@type":"ImageObject","inLanguage":"en-US","@id":"https:\/\/silkmix.com.br\/produto\/calendario-piramide\/#primaryimage","url":"https:\/\/silkmix.com.br\/wp-content\/uploads\/2025\/09\/mockup-futuraim-calendarios-e-folhinhas-2026-calendario-de-mesa-piramide.png","contentUrl":"https:\/\/silkmix.com.br\/wp-content\/uploads\/2025\/09\/mockup-futuraim-calendarios-e-folhinhas-2026-calendario-de-mesa-piramide.png","width":500,"height":500},{"@type":"BreadcrumbList","@id":"https:\/\/silkmix.com.br\/produto\/calendario-piramide\/#breadcrumb","itemListElement":[{"@type":"ListItem","position":1,"name":"In\u00edcio","item":"https:\/\/silkmix.com.br\/"},{"@type":"ListItem","position":2,"name":"Produtos","item":"https:\/\/silkmix.com.br\/produtos\/"},{"@type":"ListItem","position":3,"name":"Calend\u00e1rio Pir\u00e2mide"}]},{"@type":"WebSite","@id":"https:\/\/silkmix.com.br\/#website","url":"https:\/\/silkmix.com.br\/","name":"Silk Mix","description":"","publisher":{"@id":"https:\/\/silkmix.com.br\/#organization"},"potentialAction":[{"@type":"SearchAction","target":{"@type":"EntryPoint","urlTemplate":"https:\/\/silkmix.com.br\/?s={search_term_string}"},"query-input":{"@type":"PropertyValueSpecification","valueRequired":true,"valueName":"search_term_string"}}],"inLanguage":"en-US"},{"@type":"Organization","@id":"https:\/\/silkmix.com.br\/#organization","name":"Silk Mix","url":"https:\/\/silkmix.com.br\/","logo":{"@type":"ImageObject","inLanguage":"en-US","@id":"https:\/\/silkmix.com.br\/#\/schema\/logo\/image\/","url":"https:\/\/silkmix.com.br\/wp-content\/uploads\/2024\/04\/logo-silkmix-svg.svg","contentUrl":"https:\/\/silkmix.com.br\/wp-content\/uploads\/2024\/04\/logo-silkmix-svg.svg","width":238,"height":238,"caption":"Silk Mix"},"image":{"@id":"https:\/\/silkmix.com.br\/#\/schema\/logo\/image\/"}}]}},"_links":{"self":[{"href":"https:\/\/silkmix.com.br\/en\/wp-json\/wp\/v2\/product\/4036","targetHints":{"allow":["GET"]}}],"collection":[{"href":"https:\/\/silkmix.com.br\/en\/wp-json\/wp\/v2\/product"}],"about":[{"href":"https:\/\/silkmix.com.br\/en\/wp-json\/wp\/v2\/types\/product"}],"wp:featuredmedia":[{"embeddable":true,"href":"https:\/\/silkmix.com.br\/en\/wp-json\/wp\/v2\/media\/4037"}],"wp:attachment":[{"href":"https:\/\/silkmix.com.br\/en\/wp-json\/wp\/v2\/media?parent=4036"}],"wp:term":[{"taxonomy":"product_brand","embeddable":true,"href":"https:\/\/silkmix.com.br\/en\/wp-json\/wp\/v2\/product_brand?post=4036"},{"taxonomy":"product_cat","embeddable":true,"href":"https:\/\/silkmix.com.br\/en\/wp-json\/wp\/v2\/product_cat?post=4036"},{"taxonomy":"product_tag","embeddable":true,"href":"https:\/\/silkmix.com.br\/en\/wp-json\/wp\/v2\/product_tag?post=4036"}],"curies":[{"name":"wp","href":"https:\/\/api.w.org\/{rel}","templated":true}]}}