{"id":4068,"date":"2025-09-25T10:22:31","date_gmt":"2025-09-25T13:22:31","guid":{"rendered":"https:\/\/silkmix.com.br\/?post_type=product&#038;p=4068"},"modified":"2025-09-29T15:18:24","modified_gmt":"2025-09-29T18:18:24","slug":"kit-de-brindes-personalizado","status":"publish","type":"product","link":"https:\/\/silkmix.com.br\/en\/product\/kit-de-brindes-personalizado\/","title":{"rendered":"Kit de Brindes Personalizado"},"content":{"rendered":"<p>O kit de <strong>brindes personalizado<\/strong> que inclui uma <strong>caneta esferogr\u00e1fica<\/strong>, um <strong>mousepad<\/strong> e um <strong>mini cord\u00e3o chaveiro<\/strong> \u00e9 a op\u00e7\u00e3o ideal de brinde para seus <strong>clientes<\/strong>, <strong>funcion\u00e1rios<\/strong> e <strong>fornecedores <\/strong>porque inclui itens de uso di\u00e1rio.<\/p>\n<p>Garantimos qualidade de cor para sua arte ou logo personalizando a caneta em <strong>DTF-UV<\/strong> e o mousepad e o mini cord\u00e3o chaveiro em <strong>sublima\u00e7\u00e3o<\/strong> em Ultra HD que criam uma imagem mais viva.<\/p>\n<p><strong>Quer incluir mais algum item no kit de brindes personalizado?<\/strong> Consulte nosso cat\u00e1logo:\u00a0<a href=\"https:\/\/silkmix.com.br\/en\/produtos\/categorias-brindes-personalizados\/\">https:\/\/silkmix.com.br\/produtos\/categorias-brindes-personalizados<\/a><\/p>\n<h2><strong>Observa\u00e7\u00f5es:<\/strong><\/h2>\n<p>&nbsp;<\/p>\n<p>Vendas a partir de 01 pe\u00e7a<\/p>\n<p><strong>Imagens ilustrativas<\/strong> apenas para visualiza\u00e7\u00e3o<\/p>\n<p>Mousepad unit\u00e1rio, portanto <strong>n\u00e3o acompanha mouse<\/strong><\/p>\n<h2><\/h2>\n<h2><strong>Detalhes do Produto:<\/strong><\/h2>\n<p>&nbsp;<\/p>\n<p><em><strong>Mini Cord\u00e3o Chaveiro<\/strong><\/em><\/p>\n<p><strong>Dimens\u00f5es:<\/strong> 14,5 cm de comprimento por 2,1 cm de largura<br \/>\n<strong>Material:<\/strong> Poli\u00e9ster <strong>Acabamento:<\/strong> Terminal em argola circular com fechos estilo jacar\u00e9 (opcional). Material lav\u00e1vel.<\/p>\n<p>&nbsp;<\/p>\n<p><em><strong>Caneta esferogr\u00e1fica<\/strong><\/em><\/p>\n<p><strong>Dimens\u00f5es:<\/strong> 13,5 cm x 1,5cm<br \/>\n<strong>Material:<\/strong> Pl\u00e1stico <strong>Acabamento:<\/strong> acionamento em clique e destravamento ao pressionar a parte inferior do clipe<br \/>\n<strong>Cor:<\/strong> Branca <strong>Cor da carga:<\/strong> Tinta azul<\/p>\n<p>&nbsp;<\/p>\n<p><em><strong>Mousepad<\/strong><\/em><\/p>\n<p><strong>Formato:<\/strong> Retangular (21x17cm)<br \/>\n<strong>Material:<\/strong> Neoprene <strong>Acabamento:<\/strong> Parte inferior emborrachada antideslizante<\/p>\n<p>&nbsp;<\/p>\n<p><strong>Personaliza\u00e7\u00e3o: <\/strong>Sublima\u00e7\u00e3o (mousepad e cord\u00e3o) e <strong>DTF-UV<\/strong> (caneta) 4&#215;0 (Colorido) &#8211; <a href=\"https:\/\/api.whatsapp.com\/send?phone=551120477777&amp;text=Ol%C3%A1%20vim%20atrav%C3%A9s%20do%20site%20da%20Silkmix\"><b><i>Envie sua arte aqui<\/i><\/b><\/a><i> \u00a0<\/i>(Formato: Vetor ou PNG sem fundo)<br \/>\n<strong>Modalidade de venda:<\/strong> <strong>Varejo e Atacado<\/strong> a partir de 10 pe\u00e7as<br \/>\n<strong>Extras:<\/strong> Servi\u00e7o de cria\u00e7\u00e3o de arte e layout dispon\u00edvel mediante consulta.<br \/>\n<strong>Prazo<\/strong> <strong>de Produ\u00e7\u00e3o:<\/strong> 5 dias \u00fateis<\/p>\n<p>Ideal para empresas, eventos, grupos, institui\u00e7\u00f5es de ensino, supermercados e etc.<\/p>\n<p>&nbsp;<\/p>\n<h2><strong>Informa\u00e7\u00f5es adicionais:<\/strong><\/h2>\n<p>&nbsp;<\/p>\n<p>Aten\u00e7\u00e3o: Analisamos o arquivo para o kit de brindes personalizado de acordo com nosso manual podendo reprov\u00e1-lo caso a qualidade interfira no resultado do produto.<\/p>\n<p>Ap\u00f3s o pagamento, encaminhamos seu pedido para o setor de arte final para cria\u00e7\u00e3o do modelo de arte que \u00e9 enviado para aprova\u00e7\u00e3o no e-mail ou whatsapp cadastrados para aprova\u00e7\u00e3o final ou corre\u00e7\u00f5es.<\/p>\n<p>Validamos o prazo de produ\u00e7\u00e3o apenas ap\u00f3s a aprova\u00e7\u00e3o do modelo de arte (layout) por essa raz\u00e3o \u00e9 necess\u00e1rio conferir sempre email e whatsapp.<\/p>\n<p><strong>D\u00favidas sobre a personaliza\u00e7\u00e3o do item? Ent\u00e3o consulte:<\/strong><\/p>\n<p>&nbsp;<\/p>\n<blockquote class=\"wp-embedded-content\" data-secret=\"NP3yobNP4j\"><p><a href=\"https:\/\/silkmix.com.br\/en\/manual-de-personalizacao\/\">Manual de Personaliza\u00e7\u00e3o<\/a><\/p><\/blockquote>\n<p><iframe class=\"wp-embedded-content\" sandbox=\"allow-scripts\" security=\"restricted\" style=\"position: absolute; visibility: hidden;\" title=\"&#8220;Manual de Personaliza\u00e7\u00e3o&#8221; &#8212; Silk Mix\" src=\"https:\/\/silkmix.com.br\/manual-de-personalizacao\/embed\/#?secret=t1YBxdcP1T#?secret=NP3yobNP4j\" data-secret=\"NP3yobNP4j\" width=\"500\" height=\"282\" frameborder=\"0\" marginwidth=\"0\" marginheight=\"0\" scrolling=\"no\"><\/iframe><\/p>\n<p>&nbsp;<\/p>","protected":false},"excerpt":{"rendered":"<p><strong>Kit de brindes personalizados incluindo caneta esferogr\u00e1fica, mousepad e mini cord\u00e3o chaveiro<\/strong> &#8211; <a href=\"https:\/\/api.whatsapp.com\/send?phone=551120477777&amp;text=Ol%C3%A1%20vim%20atrav%C3%A9s%20do%20site%20da%20Silkmix\"><b><i>Envie sua arte aqui<\/i><\/b><\/a><i><span style=\"font-weight: 400;\"> (Formato: Vetor ou PNG sem fundo) \u2013 <\/span><\/i><b><i>Aten\u00e7\u00e3o: <\/i><\/b><i><span style=\"font-weight: 400;\">O arquivo ser\u00e1 analisado de acordo com nosso manual podendo ser reprovado caso a qualidade interfira no resultado do produto.\u00a0<\/span><\/i><\/p>","protected":false},"featured_media":4070,"template":"","meta":{"site-sidebar-layout":"default","site-content-layout":"","ast-site-content-layout":"default","site-content-style":"default","site-sidebar-style":"default","ast-global-header-display":"","ast-banner-title-visibility":"","ast-main-header-display":"","ast-hfb-above-header-display":"","ast-hfb-below-header-display":"","ast-hfb-mobile-header-display":"","site-post-title":"","ast-breadcrumbs-content":"","ast-featured-img":"","footer-sml-layout":"","theme-transparent-header-meta":"default","adv-header-id-meta":"","stick-header-meta":"","header-above-stick-meta":"","header-main-stick-meta":"","header-below-stick-meta":"","astra-migrate-meta-layouts":"set","ast-page-background-enabled":"default","ast-page-background-meta":{"desktop":{"background-color":"var(--ast-global-color-4)","background-image":"","background-repeat":"repeat","background-position":"center center","background-size":"auto","background-attachment":"scroll","background-type":"","background-media":"","overlay-type":"","overlay-color":"","overlay-opacity":"","overlay-gradient":""},"tablet":{"background-color":"","background-image":"","background-repeat":"repeat","background-position":"center center","background-size":"auto","background-attachment":"scroll","background-type":"","background-media":"","overlay-type":"","overlay-color":"","overlay-opacity":"","overlay-gradient":""},"mobile":{"background-color":"","background-image":"","background-repeat":"repeat","background-position":"center center","background-size":"auto","background-attachment":"scroll","background-type":"","background-media":"","overlay-type":"","overlay-color":"","overlay-opacity":"","overlay-gradient":""}},"ast-content-background-meta":{"desktop":{"background-color":"var(--ast-global-color-5)","background-image":"","background-repeat":"repeat","background-position":"center center","background-size":"auto","background-attachment":"scroll","background-type":"","background-media":"","overlay-type":"","overlay-color":"","overlay-opacity":"","overlay-gradient":""},"tablet":{"background-color":"var(--ast-global-color-5)","background-image":"","background-repeat":"repeat","background-position":"center center","background-size":"auto","background-attachment":"scroll","background-type":"","background-media":"","overlay-type":"","overlay-color":"","overlay-opacity":"","overlay-gradient":""},"mobile":{"background-color":"var(--ast-global-color-5)","background-image":"","background-repeat":"repeat","background-position":"center center","background-size":"auto","background-attachment":"scroll","background-type":"","background-media":"","overlay-type":"","overlay-color":"","overlay-opacity":"","overlay-gradient":""}}},"product_brand":[],"product_cat":[127,218,88,64,169,49,138,50,163,30],"product_tag":[],"class_list":{"0":"post-4068","1":"product","2":"type-product","3":"status-publish","4":"has-post-thumbnail","6":"product_cat-brindes-personalizados","7":"product_cat-calendarios-e-folhinhas","8":"product_cat-caneta-plastica","9":"product_cat-canetas","10":"product_cat-brindes-personalizados-datas","11":"product_cat-escritorio","12":"product_cat-linha-sipat","13":"product_cat-mousepad","14":"product_cat-ofertas-especiais","15":"product_cat-sublimacao","16":"desktop-align-left","17":"tablet-align-left","18":"mobile-align-left","20":"first","21":"instock","22":"shipping-taxable","23":"purchasable","24":"product-type-simple"},"yoast_head":"<!-- This site is optimized with the Yoast SEO plugin v27.5 - https:\/\/yoast.com\/product\/yoast-seo-wordpress\/ -->\n<title>Kit de Brindes Personalizado - Silk Mix<\/title>\n<meta name=\"description\" content=\"Kit de brindes personalizados incluindo caneta esferogr\u00e1fica, mousepad e mini cord\u00e3o chaveiro. Ideal para empresas e eventos.\" \/>\n<meta name=\"robots\" content=\"index, follow, max-snippet:-1, max-image-preview:large, max-video-preview:-1\" \/>\n<link rel=\"canonical\" href=\"https:\/\/silkmix.com.br\/en\/product\/kit-de-brindes-personalizado\/\" \/>\n<meta property=\"og:locale\" content=\"en_US\" \/>\n<meta property=\"og:type\" content=\"article\" \/>\n<meta property=\"og:title\" content=\"Kit de Brindes Personalizado - Silk Mix\" \/>\n<meta property=\"og:description\" content=\"Kit de brindes personalizados incluindo caneta esferogr\u00e1fica, mousepad e mini cord\u00e3o chaveiro. Ideal para empresas e eventos.\" \/>\n<meta property=\"og:url\" content=\"https:\/\/silkmix.com.br\/en\/product\/kit-de-brindes-personalizado\/\" \/>\n<meta property=\"og:site_name\" content=\"Silk Mix\" \/>\n<meta property=\"article:modified_time\" content=\"2025-09-29T18:18:24+00:00\" \/>\n<meta property=\"og:image\" content=\"https:\/\/silkmix.com.br\/wp-content\/uploads\/2025\/09\/Kit-1-1.png\" \/>\n\t<meta property=\"og:image:width\" content=\"940\" \/>\n\t<meta property=\"og:image:height\" content=\"788\" \/>\n\t<meta property=\"og:image:type\" content=\"image\/png\" \/>\n<meta name=\"twitter:card\" content=\"summary_large_image\" \/>\n<meta name=\"twitter:label1\" content=\"Est. reading time\" \/>\n\t<meta name=\"twitter:data1\" content=\"2 minutes\" \/>\n<script type=\"application\/ld+json\" class=\"yoast-schema-graph\">{\"@context\":\"https:\\\/\\\/schema.org\",\"@graph\":[{\"@type\":\"WebPage\",\"@id\":\"https:\\\/\\\/silkmix.com.br\\\/produto\\\/kit-de-brindes-personalizado\\\/\",\"url\":\"https:\\\/\\\/silkmix.com.br\\\/produto\\\/kit-de-brindes-personalizado\\\/\",\"name\":\"Kit de Brindes Personalizado - Silk Mix\",\"isPartOf\":{\"@id\":\"https:\\\/\\\/silkmix.com.br\\\/#website\"},\"primaryImageOfPage\":{\"@id\":\"https:\\\/\\\/silkmix.com.br\\\/produto\\\/kit-de-brindes-personalizado\\\/#primaryimage\"},\"image\":{\"@id\":\"https:\\\/\\\/silkmix.com.br\\\/produto\\\/kit-de-brindes-personalizado\\\/#primaryimage\"},\"thumbnailUrl\":\"https:\\\/\\\/silkmix.com.br\\\/wp-content\\\/uploads\\\/2025\\\/09\\\/Kit-1-1.png\",\"datePublished\":\"2025-09-25T13:22:31+00:00\",\"dateModified\":\"2025-09-29T18:18:24+00:00\",\"description\":\"Kit de brindes personalizados incluindo caneta esferogr\u00e1fica, mousepad e mini cord\u00e3o chaveiro. Ideal para empresas e eventos.\",\"breadcrumb\":{\"@id\":\"https:\\\/\\\/silkmix.com.br\\\/produto\\\/kit-de-brindes-personalizado\\\/#breadcrumb\"},\"inLanguage\":\"en-US\",\"potentialAction\":[{\"@type\":\"ReadAction\",\"target\":[\"https:\\\/\\\/silkmix.com.br\\\/produto\\\/kit-de-brindes-personalizado\\\/\"]}]},{\"@type\":\"ImageObject\",\"inLanguage\":\"en-US\",\"@id\":\"https:\\\/\\\/silkmix.com.br\\\/produto\\\/kit-de-brindes-personalizado\\\/#primaryimage\",\"url\":\"https:\\\/\\\/silkmix.com.br\\\/wp-content\\\/uploads\\\/2025\\\/09\\\/Kit-1-1.png\",\"contentUrl\":\"https:\\\/\\\/silkmix.com.br\\\/wp-content\\\/uploads\\\/2025\\\/09\\\/Kit-1-1.png\",\"width\":940,\"height\":788},{\"@type\":\"BreadcrumbList\",\"@id\":\"https:\\\/\\\/silkmix.com.br\\\/produto\\\/kit-de-brindes-personalizado\\\/#breadcrumb\",\"itemListElement\":[{\"@type\":\"ListItem\",\"position\":1,\"name\":\"In\u00edcio\",\"item\":\"https:\\\/\\\/silkmix.com.br\\\/\"},{\"@type\":\"ListItem\",\"position\":2,\"name\":\"Produtos\",\"item\":\"https:\\\/\\\/silkmix.com.br\\\/produtos\\\/\"},{\"@type\":\"ListItem\",\"position\":3,\"name\":\"Kit de Brindes Personalizado\"}]},{\"@type\":\"WebSite\",\"@id\":\"https:\\\/\\\/silkmix.com.br\\\/#website\",\"url\":\"https:\\\/\\\/silkmix.com.br\\\/\",\"name\":\"Silk Mix\",\"description\":\"\",\"publisher\":{\"@id\":\"https:\\\/\\\/silkmix.com.br\\\/#organization\"},\"potentialAction\":[{\"@type\":\"SearchAction\",\"target\":{\"@type\":\"EntryPoint\",\"urlTemplate\":\"https:\\\/\\\/silkmix.com.br\\\/?s={search_term_string}\"},\"query-input\":{\"@type\":\"PropertyValueSpecification\",\"valueRequired\":true,\"valueName\":\"search_term_string\"}}],\"inLanguage\":\"en-US\"},{\"@type\":\"Organization\",\"@id\":\"https:\\\/\\\/silkmix.com.br\\\/#organization\",\"name\":\"Silk Mix\",\"url\":\"https:\\\/\\\/silkmix.com.br\\\/\",\"logo\":{\"@type\":\"ImageObject\",\"inLanguage\":\"en-US\",\"@id\":\"https:\\\/\\\/silkmix.com.br\\\/#\\\/schema\\\/logo\\\/image\\\/\",\"url\":\"https:\\\/\\\/silkmix.com.br\\\/wp-content\\\/uploads\\\/2024\\\/04\\\/logo-silkmix-svg.svg\",\"contentUrl\":\"https:\\\/\\\/silkmix.com.br\\\/wp-content\\\/uploads\\\/2024\\\/04\\\/logo-silkmix-svg.svg\",\"width\":238,\"height\":238,\"caption\":\"Silk Mix\"},\"image\":{\"@id\":\"https:\\\/\\\/silkmix.com.br\\\/#\\\/schema\\\/logo\\\/image\\\/\"}}]}<\/script>\n<!-- \/ Yoast SEO plugin. -->","yoast_head_json":{"title":"Kit de Brindes Personalizado - Silk Mix","description":"Kit de brindes personalizados incluindo caneta esferogr\u00e1fica, mousepad e mini cord\u00e3o chaveiro. Ideal para empresas e eventos.","robots":{"index":"index","follow":"follow","max-snippet":"max-snippet:-1","max-image-preview":"max-image-preview:large","max-video-preview":"max-video-preview:-1"},"canonical":"https:\/\/silkmix.com.br\/en\/product\/kit-de-brindes-personalizado\/","og_locale":"en_US","og_type":"article","og_title":"Kit de Brindes Personalizado - Silk Mix","og_description":"Kit de brindes personalizados incluindo caneta esferogr\u00e1fica, mousepad e mini cord\u00e3o chaveiro. Ideal para empresas e eventos.","og_url":"https:\/\/silkmix.com.br\/en\/product\/kit-de-brindes-personalizado\/","og_site_name":"Silk Mix","article_modified_time":"2025-09-29T18:18:24+00:00","og_image":[{"width":940,"height":788,"url":"https:\/\/silkmix.com.br\/wp-content\/uploads\/2025\/09\/Kit-1-1.png","type":"image\/png"}],"twitter_card":"summary_large_image","twitter_misc":{"Est. reading time":"2 minutes"},"schema":{"@context":"https:\/\/schema.org","@graph":[{"@type":"WebPage","@id":"https:\/\/silkmix.com.br\/produto\/kit-de-brindes-personalizado\/","url":"https:\/\/silkmix.com.br\/produto\/kit-de-brindes-personalizado\/","name":"Kit de Brindes Personalizado - Silk Mix","isPartOf":{"@id":"https:\/\/silkmix.com.br\/#website"},"primaryImageOfPage":{"@id":"https:\/\/silkmix.com.br\/produto\/kit-de-brindes-personalizado\/#primaryimage"},"image":{"@id":"https:\/\/silkmix.com.br\/produto\/kit-de-brindes-personalizado\/#primaryimage"},"thumbnailUrl":"https:\/\/silkmix.com.br\/wp-content\/uploads\/2025\/09\/Kit-1-1.png","datePublished":"2025-09-25T13:22:31+00:00","dateModified":"2025-09-29T18:18:24+00:00","description":"Kit de brindes personalizados incluindo caneta esferogr\u00e1fica, mousepad e mini cord\u00e3o chaveiro. Ideal para empresas e eventos.","breadcrumb":{"@id":"https:\/\/silkmix.com.br\/produto\/kit-de-brindes-personalizado\/#breadcrumb"},"inLanguage":"en-US","potentialAction":[{"@type":"ReadAction","target":["https:\/\/silkmix.com.br\/produto\/kit-de-brindes-personalizado\/"]}]},{"@type":"ImageObject","inLanguage":"en-US","@id":"https:\/\/silkmix.com.br\/produto\/kit-de-brindes-personalizado\/#primaryimage","url":"https:\/\/silkmix.com.br\/wp-content\/uploads\/2025\/09\/Kit-1-1.png","contentUrl":"https:\/\/silkmix.com.br\/wp-content\/uploads\/2025\/09\/Kit-1-1.png","width":940,"height":788},{"@type":"BreadcrumbList","@id":"https:\/\/silkmix.com.br\/produto\/kit-de-brindes-personalizado\/#breadcrumb","itemListElement":[{"@type":"ListItem","position":1,"name":"In\u00edcio","item":"https:\/\/silkmix.com.br\/"},{"@type":"ListItem","position":2,"name":"Produtos","item":"https:\/\/silkmix.com.br\/produtos\/"},{"@type":"ListItem","position":3,"name":"Kit de Brindes Personalizado"}]},{"@type":"WebSite","@id":"https:\/\/silkmix.com.br\/#website","url":"https:\/\/silkmix.com.br\/","name":"Silk Mix","description":"","publisher":{"@id":"https:\/\/silkmix.com.br\/#organization"},"potentialAction":[{"@type":"SearchAction","target":{"@type":"EntryPoint","urlTemplate":"https:\/\/silkmix.com.br\/?s={search_term_string}"},"query-input":{"@type":"PropertyValueSpecification","valueRequired":true,"valueName":"search_term_string"}}],"inLanguage":"en-US"},{"@type":"Organization","@id":"https:\/\/silkmix.com.br\/#organization","name":"Silk Mix","url":"https:\/\/silkmix.com.br\/","logo":{"@type":"ImageObject","inLanguage":"en-US","@id":"https:\/\/silkmix.com.br\/#\/schema\/logo\/image\/","url":"https:\/\/silkmix.com.br\/wp-content\/uploads\/2024\/04\/logo-silkmix-svg.svg","contentUrl":"https:\/\/silkmix.com.br\/wp-content\/uploads\/2024\/04\/logo-silkmix-svg.svg","width":238,"height":238,"caption":"Silk Mix"},"image":{"@id":"https:\/\/silkmix.com.br\/#\/schema\/logo\/image\/"}}]}},"_links":{"self":[{"href":"https:\/\/silkmix.com.br\/en\/wp-json\/wp\/v2\/product\/4068","targetHints":{"allow":["GET"]}}],"collection":[{"href":"https:\/\/silkmix.com.br\/en\/wp-json\/wp\/v2\/product"}],"about":[{"href":"https:\/\/silkmix.com.br\/en\/wp-json\/wp\/v2\/types\/product"}],"wp:featuredmedia":[{"embeddable":true,"href":"https:\/\/silkmix.com.br\/en\/wp-json\/wp\/v2\/media\/4070"}],"wp:attachment":[{"href":"https:\/\/silkmix.com.br\/en\/wp-json\/wp\/v2\/media?parent=4068"}],"wp:term":[{"taxonomy":"product_brand","embeddable":true,"href":"https:\/\/silkmix.com.br\/en\/wp-json\/wp\/v2\/product_brand?post=4068"},{"taxonomy":"product_cat","embeddable":true,"href":"https:\/\/silkmix.com.br\/en\/wp-json\/wp\/v2\/product_cat?post=4068"},{"taxonomy":"product_tag","embeddable":true,"href":"https:\/\/silkmix.com.br\/en\/wp-json\/wp\/v2\/product_tag?post=4068"}],"curies":[{"name":"wp","href":"https:\/\/api.w.org\/{rel}","templated":true}]}}