{"id":623,"date":"2024-05-09T08:44:25","date_gmt":"2024-05-09T11:44:25","guid":{"rendered":"https:\/\/silkmix.com.br\/?post_type=product&#038;p=623"},"modified":"2025-09-25T14:25:09","modified_gmt":"2025-09-25T17:25:09","slug":"mousepad","status":"publish","type":"product","link":"https:\/\/silkmix.com.br\/en\/product\/mousepad\/","title":{"rendered":"Mousepad &#8211; Personalizado"},"content":{"rendered":"<p>Experimente o conforto e a estabilidade com o mousepad retangular, feito com neoprene de alta qualidade e uma parte inferior emborrachada antideslizante. Ideal para escrit\u00f3rios, lojas, pc gamers, streamers, lan houses e at\u00e9 mesmo uso residencial.<\/p>\n<p>Personalizado em sublima\u00e7\u00e3o ultra qualidade HD com sua arte ou logomarca que garante uma imagem mais viva.<\/p>\n<p><strong>N\u00e3o acompanha mouse<\/strong><\/p>\n<p><strong>Observa\u00e7\u00f5es:<\/strong><\/p>\n<p>Vendas a partir de 01 pe\u00e7a<\/p>\n<p>Imagens ilustrativas<\/p>\n<p>N\u00e3o acompanha mouse<\/p>\n<p><strong>Detalhes do Produto:<\/strong><\/p>\n<ul>\n<li><strong>Dimens\u00f5es:<\/strong> Retangular (21x17cm)<\/li>\n<li><strong>Material:<\/strong> Neoprene<\/li>\n<li><strong>Acabamento:<\/strong> Parte inferior emborrachada antideslizante<\/li>\n<li><a href=\"https:\/\/api.whatsapp.com\/send?phone=551120477777&amp;text=Ol%C3%A1%20vim%20atrav%C3%A9s%20do%20site%20da%20Silkmix\"><b>\u00a0Envie sua arte aqui<\/b><\/a> (Formato: Vetor ou PNG sem fundo) &#8211; <strong>Aten\u00e7\u00e3o:<\/strong> <em>Analisamos<\/em> o<em> arquivo para personaliza\u00e7\u00e3o do mousepad podendo reprov\u00e1-lo caso a qualidade interfira no resultado do produto.\u00a0<\/em><\/li>\n<li><strong>Acabamento:<\/strong> Parte inferior emborrachada antideslizante<\/li>\n<li><strong>Extras:<\/strong>\u00a0Servi\u00e7o de cria\u00e7\u00e3o de arte e layout dispon\u00edvel mediante consulta.<\/li>\n<li><strong>Prazo de Produ\u00e7\u00e3o:<\/strong> 5 dias \u00fateis<\/li>\n<\/ul>\n<p>Ideal para uso em casa, escrit\u00f3rio, com\u00e9rcio ou como brinde corporativo.<\/p>\n<p><strong>Informa\u00e7\u00f5es adicionais:<\/strong><\/p>\n<p>Aten\u00e7\u00e3o: Analisamos o arquivo para o kit de brindes personalizado de acordo com nosso manual podendo reprov\u00e1-lo caso a qualidade interfira no resultado do produto.<\/p>\n<p>Ap\u00f3s o pagamento, encaminhamos seu pedido para o setor de arte final para cria\u00e7\u00e3o do modelo de arte que \u00e9 enviado para aprova\u00e7\u00e3o no e-mail ou whatsapp cadastrados para aprova\u00e7\u00e3o final ou corre\u00e7\u00f5es.<\/p>\n<p>Validamos o prazo de produ\u00e7\u00e3o apenas ap\u00f3s a aprova\u00e7\u00e3o do modelo de arte (layout) por essa raz\u00e3o \u00e9 necess\u00e1rio conferir sempre email e whatsapp.<\/p>\n<p>D\u00favidas sobre a personaliza\u00e7\u00e3o do item? Ent\u00e3o consulte:<\/p>\n<blockquote class=\"wp-embedded-content\" data-secret=\"mNioVQaSpL\"><p><a href=\"https:\/\/silkmix.com.br\/en\/manual-de-personalizacao\/\">Manual de Personaliza\u00e7\u00e3o<\/a><\/p><\/blockquote>\n<p><iframe class=\"wp-embedded-content\" sandbox=\"allow-scripts\" security=\"restricted\" style=\"position: absolute; visibility: hidden;\" title=\"&#8220;Manual de Personaliza\u00e7\u00e3o&#8221; &#8212; Silk Mix\" src=\"https:\/\/silkmix.com.br\/manual-de-personalizacao\/embed\/#?secret=qQ6lz40g8v#?secret=mNioVQaSpL\" data-secret=\"mNioVQaSpL\" width=\"500\" height=\"282\" frameborder=\"0\" marginwidth=\"0\" marginheight=\"0\" scrolling=\"no\"><\/iframe><\/p>","protected":false},"excerpt":{"rendered":"<p><strong>Mousepad em neoprene e acabamento emborrachado &#8211; N\u00e3o acompanha mouse &#8211;\u00a0<\/strong><a href=\"https:\/\/api.whatsapp.com\/send?phone=551120477777&amp;text=Ol%C3%A1%20vim%20atrav%C3%A9s%20do%20site%20da%20Silkmix\"><b>Envie sua arte aqui<\/b><\/a> (Formato: Vetor ou PNG sem fundo)<\/p>","protected":false},"featured_media":3385,"template":"","meta":{"site-sidebar-layout":"default","site-content-layout":"","ast-site-content-layout":"default","site-content-style":"default","site-sidebar-style":"default","ast-global-header-display":"","ast-banner-title-visibility":"","ast-main-header-display":"","ast-hfb-above-header-display":"","ast-hfb-below-header-display":"","ast-hfb-mobile-header-display":"","site-post-title":"","ast-breadcrumbs-content":"","ast-featured-img":"","footer-sml-layout":"","theme-transparent-header-meta":"default","adv-header-id-meta":"","stick-header-meta":"","header-above-stick-meta":"","header-main-stick-meta":"","header-below-stick-meta":"","astra-migrate-meta-layouts":"set","ast-page-background-enabled":"default","ast-page-background-meta":{"desktop":{"background-color":"var(--ast-global-color-4)","background-image":"","background-repeat":"repeat","background-position":"center center","background-size":"auto","background-attachment":"scroll","background-type":"","background-media":"","overlay-type":"","overlay-color":"","overlay-opacity":"","overlay-gradient":""},"tablet":{"background-color":"","background-image":"","background-repeat":"repeat","background-position":"center center","background-size":"auto","background-attachment":"scroll","background-type":"","background-media":"","overlay-type":"","overlay-color":"","overlay-opacity":"","overlay-gradient":""},"mobile":{"background-color":"","background-image":"","background-repeat":"repeat","background-position":"center center","background-size":"auto","background-attachment":"scroll","background-type":"","background-media":"","overlay-type":"","overlay-color":"","overlay-opacity":"","overlay-gradient":""}},"ast-content-background-meta":{"desktop":{"background-color":"var(--ast-global-color-5)","background-image":"","background-repeat":"repeat","background-position":"center center","background-size":"auto","background-attachment":"scroll","background-type":"","background-media":"","overlay-type":"","overlay-color":"","overlay-opacity":"","overlay-gradient":""},"tablet":{"background-color":"var(--ast-global-color-5)","background-image":"","background-repeat":"repeat","background-position":"center center","background-size":"auto","background-attachment":"scroll","background-type":"","background-media":"","overlay-type":"","overlay-color":"","overlay-opacity":"","overlay-gradient":""},"mobile":{"background-color":"var(--ast-global-color-5)","background-image":"","background-repeat":"repeat","background-position":"center center","background-size":"auto","background-attachment":"scroll","background-type":"","background-media":"","overlay-type":"","overlay-color":"","overlay-opacity":"","overlay-gradient":""}}},"product_brand":[],"product_cat":[127,49,50],"product_tag":[51,52,139],"class_list":{"0":"post-623","1":"product","2":"type-product","3":"status-publish","4":"has-post-thumbnail","6":"product_cat-brindes-personalizados","7":"product_cat-escritorio","8":"product_cat-mousepad","9":"product_tag-escritorio","10":"product_tag-informatica","11":"product_tag-mousepad","12":"desktop-align-left","13":"tablet-align-left","14":"mobile-align-left","16":"first","17":"instock","18":"shipping-taxable","19":"purchasable","20":"product-type-simple"},"yoast_head":"<!-- This site is optimized with the Yoast SEO plugin v27.5 - https:\/\/yoast.com\/product\/yoast-seo-wordpress\/ -->\n<title>Mousepad - Personalizado - Silk Mix<\/title>\n<meta name=\"description\" content=\"Mousepad emborrachado em neoprene ideal para seu escrit\u00f3rio, casa, empresa ou como brinde. Impress\u00e3o em sublima\u00e7\u00e3o ultra qualidade HD\" \/>\n<meta name=\"robots\" content=\"index, follow, max-snippet:-1, max-image-preview:large, max-video-preview:-1\" \/>\n<link rel=\"canonical\" href=\"https:\/\/silkmix.com.br\/en\/product\/mousepad\/\" \/>\n<meta property=\"og:locale\" content=\"en_US\" \/>\n<meta property=\"og:type\" content=\"article\" \/>\n<meta property=\"og:title\" content=\"Mousepad - Personalizado - Silk Mix\" \/>\n<meta property=\"og:description\" content=\"Mousepad emborrachado em neoprene ideal para seu escrit\u00f3rio, casa, empresa ou como brinde. Impress\u00e3o em sublima\u00e7\u00e3o ultra qualidade HD\" \/>\n<meta property=\"og:url\" content=\"https:\/\/silkmix.com.br\/en\/product\/mousepad\/\" \/>\n<meta property=\"og:site_name\" content=\"Silk Mix\" \/>\n<meta property=\"article:modified_time\" content=\"2025-09-25T17:25:09+00:00\" \/>\n<meta property=\"og:image\" content=\"https:\/\/silkmix.com.br\/wp-content\/uploads\/2024\/05\/2-1.png\" \/>\n\t<meta property=\"og:image:width\" content=\"940\" \/>\n\t<meta property=\"og:image:height\" content=\"788\" \/>\n\t<meta property=\"og:image:type\" content=\"image\/png\" \/>\n<meta name=\"twitter:card\" content=\"summary_large_image\" \/>\n<meta name=\"twitter:label1\" content=\"Est. reading time\" \/>\n\t<meta name=\"twitter:data1\" content=\"2 minutes\" \/>\n<script type=\"application\/ld+json\" class=\"yoast-schema-graph\">{\"@context\":\"https:\\\/\\\/schema.org\",\"@graph\":[{\"@type\":\"WebPage\",\"@id\":\"https:\\\/\\\/silkmix.com.br\\\/produto\\\/mousepad\\\/\",\"url\":\"https:\\\/\\\/silkmix.com.br\\\/produto\\\/mousepad\\\/\",\"name\":\"Mousepad - Personalizado - Silk Mix\",\"isPartOf\":{\"@id\":\"https:\\\/\\\/silkmix.com.br\\\/#website\"},\"primaryImageOfPage\":{\"@id\":\"https:\\\/\\\/silkmix.com.br\\\/produto\\\/mousepad\\\/#primaryimage\"},\"image\":{\"@id\":\"https:\\\/\\\/silkmix.com.br\\\/produto\\\/mousepad\\\/#primaryimage\"},\"thumbnailUrl\":\"https:\\\/\\\/silkmix.com.br\\\/wp-content\\\/uploads\\\/2024\\\/05\\\/2-1.png\",\"datePublished\":\"2024-05-09T11:44:25+00:00\",\"dateModified\":\"2025-09-25T17:25:09+00:00\",\"description\":\"Mousepad emborrachado em neoprene ideal para seu escrit\u00f3rio, casa, empresa ou como brinde. Impress\u00e3o em sublima\u00e7\u00e3o ultra qualidade HD\",\"breadcrumb\":{\"@id\":\"https:\\\/\\\/silkmix.com.br\\\/produto\\\/mousepad\\\/#breadcrumb\"},\"inLanguage\":\"en-US\",\"potentialAction\":[{\"@type\":\"ReadAction\",\"target\":[\"https:\\\/\\\/silkmix.com.br\\\/produto\\\/mousepad\\\/\"]}]},{\"@type\":\"ImageObject\",\"inLanguage\":\"en-US\",\"@id\":\"https:\\\/\\\/silkmix.com.br\\\/produto\\\/mousepad\\\/#primaryimage\",\"url\":\"https:\\\/\\\/silkmix.com.br\\\/wp-content\\\/uploads\\\/2024\\\/05\\\/2-1.png\",\"contentUrl\":\"https:\\\/\\\/silkmix.com.br\\\/wp-content\\\/uploads\\\/2024\\\/05\\\/2-1.png\",\"width\":940,\"height\":788},{\"@type\":\"BreadcrumbList\",\"@id\":\"https:\\\/\\\/silkmix.com.br\\\/produto\\\/mousepad\\\/#breadcrumb\",\"itemListElement\":[{\"@type\":\"ListItem\",\"position\":1,\"name\":\"In\u00edcio\",\"item\":\"https:\\\/\\\/silkmix.com.br\\\/\"},{\"@type\":\"ListItem\",\"position\":2,\"name\":\"Produtos\",\"item\":\"https:\\\/\\\/silkmix.com.br\\\/produtos\\\/\"},{\"@type\":\"ListItem\",\"position\":3,\"name\":\"Mousepad &#8211; Personalizado\"}]},{\"@type\":\"WebSite\",\"@id\":\"https:\\\/\\\/silkmix.com.br\\\/#website\",\"url\":\"https:\\\/\\\/silkmix.com.br\\\/\",\"name\":\"Silk Mix\",\"description\":\"\",\"publisher\":{\"@id\":\"https:\\\/\\\/silkmix.com.br\\\/#organization\"},\"potentialAction\":[{\"@type\":\"SearchAction\",\"target\":{\"@type\":\"EntryPoint\",\"urlTemplate\":\"https:\\\/\\\/silkmix.com.br\\\/?s={search_term_string}\"},\"query-input\":{\"@type\":\"PropertyValueSpecification\",\"valueRequired\":true,\"valueName\":\"search_term_string\"}}],\"inLanguage\":\"en-US\"},{\"@type\":\"Organization\",\"@id\":\"https:\\\/\\\/silkmix.com.br\\\/#organization\",\"name\":\"Silk Mix\",\"url\":\"https:\\\/\\\/silkmix.com.br\\\/\",\"logo\":{\"@type\":\"ImageObject\",\"inLanguage\":\"en-US\",\"@id\":\"https:\\\/\\\/silkmix.com.br\\\/#\\\/schema\\\/logo\\\/image\\\/\",\"url\":\"https:\\\/\\\/silkmix.com.br\\\/wp-content\\\/uploads\\\/2024\\\/04\\\/logo-silkmix-svg.svg\",\"contentUrl\":\"https:\\\/\\\/silkmix.com.br\\\/wp-content\\\/uploads\\\/2024\\\/04\\\/logo-silkmix-svg.svg\",\"width\":238,\"height\":238,\"caption\":\"Silk Mix\"},\"image\":{\"@id\":\"https:\\\/\\\/silkmix.com.br\\\/#\\\/schema\\\/logo\\\/image\\\/\"}}]}<\/script>\n<!-- \/ Yoast SEO plugin. -->","yoast_head_json":{"title":"Mousepad - Personalizado - Silk Mix","description":"Mousepad emborrachado em neoprene ideal para seu escrit\u00f3rio, casa, empresa ou como brinde. Impress\u00e3o em sublima\u00e7\u00e3o ultra qualidade HD","robots":{"index":"index","follow":"follow","max-snippet":"max-snippet:-1","max-image-preview":"max-image-preview:large","max-video-preview":"max-video-preview:-1"},"canonical":"https:\/\/silkmix.com.br\/en\/product\/mousepad\/","og_locale":"en_US","og_type":"article","og_title":"Mousepad - Personalizado - Silk Mix","og_description":"Mousepad emborrachado em neoprene ideal para seu escrit\u00f3rio, casa, empresa ou como brinde. Impress\u00e3o em sublima\u00e7\u00e3o ultra qualidade HD","og_url":"https:\/\/silkmix.com.br\/en\/product\/mousepad\/","og_site_name":"Silk Mix","article_modified_time":"2025-09-25T17:25:09+00:00","og_image":[{"width":940,"height":788,"url":"https:\/\/silkmix.com.br\/wp-content\/uploads\/2024\/05\/2-1.png","type":"image\/png"}],"twitter_card":"summary_large_image","twitter_misc":{"Est. reading time":"2 minutes"},"schema":{"@context":"https:\/\/schema.org","@graph":[{"@type":"WebPage","@id":"https:\/\/silkmix.com.br\/produto\/mousepad\/","url":"https:\/\/silkmix.com.br\/produto\/mousepad\/","name":"Mousepad - Personalizado - Silk Mix","isPartOf":{"@id":"https:\/\/silkmix.com.br\/#website"},"primaryImageOfPage":{"@id":"https:\/\/silkmix.com.br\/produto\/mousepad\/#primaryimage"},"image":{"@id":"https:\/\/silkmix.com.br\/produto\/mousepad\/#primaryimage"},"thumbnailUrl":"https:\/\/silkmix.com.br\/wp-content\/uploads\/2024\/05\/2-1.png","datePublished":"2024-05-09T11:44:25+00:00","dateModified":"2025-09-25T17:25:09+00:00","description":"Mousepad emborrachado em neoprene ideal para seu escrit\u00f3rio, casa, empresa ou como brinde. Impress\u00e3o em sublima\u00e7\u00e3o ultra qualidade HD","breadcrumb":{"@id":"https:\/\/silkmix.com.br\/produto\/mousepad\/#breadcrumb"},"inLanguage":"en-US","potentialAction":[{"@type":"ReadAction","target":["https:\/\/silkmix.com.br\/produto\/mousepad\/"]}]},{"@type":"ImageObject","inLanguage":"en-US","@id":"https:\/\/silkmix.com.br\/produto\/mousepad\/#primaryimage","url":"https:\/\/silkmix.com.br\/wp-content\/uploads\/2024\/05\/2-1.png","contentUrl":"https:\/\/silkmix.com.br\/wp-content\/uploads\/2024\/05\/2-1.png","width":940,"height":788},{"@type":"BreadcrumbList","@id":"https:\/\/silkmix.com.br\/produto\/mousepad\/#breadcrumb","itemListElement":[{"@type":"ListItem","position":1,"name":"In\u00edcio","item":"https:\/\/silkmix.com.br\/"},{"@type":"ListItem","position":2,"name":"Produtos","item":"https:\/\/silkmix.com.br\/produtos\/"},{"@type":"ListItem","position":3,"name":"Mousepad &#8211; Personalizado"}]},{"@type":"WebSite","@id":"https:\/\/silkmix.com.br\/#website","url":"https:\/\/silkmix.com.br\/","name":"Silk Mix","description":"","publisher":{"@id":"https:\/\/silkmix.com.br\/#organization"},"potentialAction":[{"@type":"SearchAction","target":{"@type":"EntryPoint","urlTemplate":"https:\/\/silkmix.com.br\/?s={search_term_string}"},"query-input":{"@type":"PropertyValueSpecification","valueRequired":true,"valueName":"search_term_string"}}],"inLanguage":"en-US"},{"@type":"Organization","@id":"https:\/\/silkmix.com.br\/#organization","name":"Silk Mix","url":"https:\/\/silkmix.com.br\/","logo":{"@type":"ImageObject","inLanguage":"en-US","@id":"https:\/\/silkmix.com.br\/#\/schema\/logo\/image\/","url":"https:\/\/silkmix.com.br\/wp-content\/uploads\/2024\/04\/logo-silkmix-svg.svg","contentUrl":"https:\/\/silkmix.com.br\/wp-content\/uploads\/2024\/04\/logo-silkmix-svg.svg","width":238,"height":238,"caption":"Silk Mix"},"image":{"@id":"https:\/\/silkmix.com.br\/#\/schema\/logo\/image\/"}}]}},"_links":{"self":[{"href":"https:\/\/silkmix.com.br\/en\/wp-json\/wp\/v2\/product\/623","targetHints":{"allow":["GET"]}}],"collection":[{"href":"https:\/\/silkmix.com.br\/en\/wp-json\/wp\/v2\/product"}],"about":[{"href":"https:\/\/silkmix.com.br\/en\/wp-json\/wp\/v2\/types\/product"}],"wp:featuredmedia":[{"embeddable":true,"href":"https:\/\/silkmix.com.br\/en\/wp-json\/wp\/v2\/media\/3385"}],"wp:attachment":[{"href":"https:\/\/silkmix.com.br\/en\/wp-json\/wp\/v2\/media?parent=623"}],"wp:term":[{"taxonomy":"product_brand","embeddable":true,"href":"https:\/\/silkmix.com.br\/en\/wp-json\/wp\/v2\/product_brand?post=623"},{"taxonomy":"product_cat","embeddable":true,"href":"https:\/\/silkmix.com.br\/en\/wp-json\/wp\/v2\/product_cat?post=623"},{"taxonomy":"product_tag","embeddable":true,"href":"https:\/\/silkmix.com.br\/en\/wp-json\/wp\/v2\/product_tag?post=623"}],"curies":[{"name":"wp","href":"https:\/\/api.w.org\/{rel}","templated":true}]}}