{"id":900,"date":"2025-06-06T09:30:16","date_gmt":"2025-06-06T12:30:16","guid":{"rendered":"https:\/\/silkmix.com.br\/?post_type=product&#038;p=900"},"modified":"2025-09-01T17:18:21","modified_gmt":"2025-09-01T20:18:21","slug":"copo-termico-de-bambu-600ml","status":"publish","type":"product","link":"https:\/\/silkmix.com.br\/en\/product\/copo-termico-de-bambu-600ml\/","title":{"rendered":"Copo T\u00e9rmico linha bambu 600ml &#8211; Inox &#8211; Personalizado"},"content":{"rendered":"<p><span style=\"font-weight: 400;\">Aproveite bebidas quentes ou frias com estilo com o copo t\u00e9rmico linha bambu personalizado de inox, apresentando um acabamento liso, base em bambu e capacidade de 600ml. Este copo \u00e9 livre de BPA e vem com uma tampa com trava de seguran\u00e7a.<\/span><\/p>\n<p><span style=\"font-weight: 400;\">Para voc\u00ea que busca uma op\u00e7\u00e3o de <strong>presente<\/strong> a personaliza\u00e7\u00e3o proporciona a possibilidade de criar algo \u00fanico.\u00a0<\/span><\/p>\n<p><span style=\"font-weight: 400;\">A personaliza\u00e7\u00e3o ocorre em DTF-UV, dessa forma garantimos mais qualidade e cores vivas para a arte escolhida.<\/span><\/p>\n<p><span style=\"font-weight: 400;\">Confira nossa linha de materiais para escrit\u00f3rio:<\/span><a href=\"https:\/\/silkmix.com.br\/en\/produtos\/categoria-escritorio\/\"><span style=\"font-weight: 400;\"> https:\/\/silkmix.com.br\/produtos\/categoria-escritorio<\/span><\/a><\/p>\n<p><b>Observa\u00e7\u00f5es:<\/b><\/p>\n<p><span style=\"font-weight: 400;\">Vendas a partir de 01 pe\u00e7a.<\/span><\/p>\n<p><b>Imagens ilustrativas<\/b><span style=\"font-weight: 400;\"> apenas para visualiza\u00e7\u00e3o. Personaliza\u00e7\u00e3o de acordo com a arte enviada por solicitante.<\/span><\/p>\n<p><b>Detalhes do Produto:<\/b><\/p>\n<ul>\n<li><strong>Dimens\u00f5es:<\/strong> 600ml<\/li>\n<li><strong>Material:<\/strong>\u00a0Inox<\/li>\n<li><strong>Acabamento:<\/strong> Superf\u00edcie dupla em inox, tampa de acr\u00edlico com trava de seguran\u00e7a e detalhe em bambu<\/li>\n<li>Cor: Azul Escuro \/ Branco \/ Preto \/ Rosa \/ Verde<\/li>\n<li><strong>Personaliza\u00e7\u00e3o:<\/strong> DTF-UV 4&#215;0 (colorido) at\u00e9 5cm &#8211; \u00a0<a href=\"https:\/\/api.whatsapp.com\/send?phone=551120477777&amp;text=Ol%C3%A1%20vim%20atrav%C3%A9s%20do%20site%20da%20Silkmix\"><b>Envie sua arte aqui<\/b><\/a> (Formato: Vetor ou PNG sem fundo) <i><span style=\"font-weight: 400;\">\u2013 Aten\u00e7\u00e3o: O arquivo para personaliza\u00e7\u00e3o ser\u00e1 analisado podendo ser reprovado caso a qualidade interfira no resultado do produto.<\/span><\/i><\/li>\n<li style=\"font-weight: 400;\" aria-level=\"1\"><b>Modalidade de venda: Varejo e atacado: <\/b><span style=\"font-weight: 400;\">a partir de 10 pe\u00e7as<\/span><\/li>\n<li><strong>Extras:<\/strong>\u00a0Servi\u00e7o de cria\u00e7\u00e3o de arte e layout dispon\u00edveis mediante consulta<\/li>\n<li><strong>Prazo de Produ\u00e7\u00e3o:<\/strong>\u00a03 \u00e0 5 dias \u00fateis<\/li>\n<\/ul>\n<p><span style=\"font-weight: 400;\">Ideal para uso di\u00e1rio, viagens,<\/span><a href=\"https:\/\/silkmix.com.br\/en\/produtos\/categoria-escritorio\/\"><span style=\"font-weight: 400;\"> escrit\u00f3rio<\/span><\/a><span style=\"font-weight: 400;\">, <\/span><b>academia<\/b><span style=\"font-weight: 400;\"> ou ao ar livre, <\/span><b>baladas<\/b><span style=\"font-weight: 400;\">, brinde e <\/span><b>presente<\/b><\/p>\n<p><b>Produ\u00e7\u00e3o e prazos:<\/b><\/p>\n<p><b>Aten\u00e7\u00e3o:<\/b> <i><span style=\"font-weight: 400;\">Analisamos<\/span><\/i><span style=\"font-weight: 400;\"> o<\/span><i><span style=\"font-weight: 400;\"> arquivo para personaliza\u00e7\u00e3o de acordo com nosso manual podendo reprov\u00e1-lo caso a qualidade interfira no resultado do produto.<\/span><\/i><\/p>\n<p><span style=\"font-weight: 400;\">Ap\u00f3s o pagamento, nosso setor de arte final encaminha o modelo (layout) para aprova\u00e7\u00e3o final ou corre\u00e7\u00f5es no email ou whatsapp cadastrados.<\/span><\/p>\n<p><i><span style=\"font-weight: 400;\">Validamos o <\/span><\/i><b><i>prazo de produ\u00e7\u00e3o<\/i><\/b> <b><i>apenas<\/i><\/b><i><span style=\"font-weight: 400;\"> ap\u00f3s a aprova\u00e7\u00e3o do modelo de arte (layout) por essa raz\u00e3o \u00e9 necess\u00e1rio conferir sempre email e whatsapp.<\/span><\/i><\/p>\n<p><span style=\"font-weight: 400;\">D\u00favidas sobre a personaliza\u00e7\u00e3o do item? Ent\u00e3o consulte:<\/span><a href=\"https:\/\/silkmix.com.br\/en\/manual-de-personalizacao\/\"><span style=\"font-weight: 400;\"> https:\/\/silkmix.com.br\/manual-de-personalizacao\/<\/span><\/a><\/p>","protected":false},"excerpt":{"rendered":"<p class=\"detalhe-t-key\"><strong>Copo t\u00e9rmico de inox 600ml com parede dupla e detalhe de bambu<\/strong> &#8211; <i>Arte: Silk Digital (DTF) \u2013 Tamanhos m\u00e1ximos 5cm\u00a0 \u2013<\/i><b><a href=\"https:\/\/api.whatsapp.com\/send?phone=551120477777&amp;text=Ol%C3%A1%20vim%20atrav%C3%A9s%20do%20site%20da%20Silkmix\">Envie sua arte aqui<\/a><\/b>\u00a0<em>(Formato: Vetor ou PNG sem fundo) \u2013<\/em>\u00a0<b><i>Aten\u00e7\u00e3o:\u00a0<\/i><\/b><em>O arquivo para personaliza\u00e7\u00e3o ser\u00e1 analisado podendo ser reprovado caso a qualidade interfira no resultado do produto.<\/em><\/p>\n<p>&nbsp;<\/p>","protected":false},"featured_media":3572,"template":"","meta":{"site-sidebar-layout":"default","site-content-layout":"","ast-site-content-layout":"default","site-content-style":"default","site-sidebar-style":"default","ast-global-header-display":"","ast-banner-title-visibility":"","ast-main-header-display":"","ast-hfb-above-header-display":"","ast-hfb-below-header-display":"","ast-hfb-mobile-header-display":"","site-post-title":"","ast-breadcrumbs-content":"","ast-featured-img":"","footer-sml-layout":"","theme-transparent-header-meta":"default","adv-header-id-meta":"","stick-header-meta":"","header-above-stick-meta":"","header-main-stick-meta":"","header-below-stick-meta":"","astra-migrate-meta-layouts":"set","ast-page-background-enabled":"default","ast-page-background-meta":{"desktop":{"background-color":"var(--ast-global-color-4)","background-image":"","background-repeat":"repeat","background-position":"center center","background-size":"auto","background-attachment":"scroll","background-type":"","background-media":"","overlay-type":"","overlay-color":"","overlay-opacity":"","overlay-gradient":""},"tablet":{"background-color":"","background-image":"","background-repeat":"repeat","background-position":"center center","background-size":"auto","background-attachment":"scroll","background-type":"","background-media":"","overlay-type":"","overlay-color":"","overlay-opacity":"","overlay-gradient":""},"mobile":{"background-color":"","background-image":"","background-repeat":"repeat","background-position":"center center","background-size":"auto","background-attachment":"scroll","background-type":"","background-media":"","overlay-type":"","overlay-color":"","overlay-opacity":"","overlay-gradient":""}},"ast-content-background-meta":{"desktop":{"background-color":"var(--ast-global-color-5)","background-image":"","background-repeat":"repeat","background-position":"center center","background-size":"auto","background-attachment":"scroll","background-type":"","background-media":"","overlay-type":"","overlay-color":"","overlay-opacity":"","overlay-gradient":""},"tablet":{"background-color":"var(--ast-global-color-5)","background-image":"","background-repeat":"repeat","background-position":"center center","background-size":"auto","background-attachment":"scroll","background-type":"","background-media":"","overlay-type":"","overlay-color":"","overlay-opacity":"","overlay-gradient":""},"mobile":{"background-color":"var(--ast-global-color-5)","background-image":"","background-repeat":"repeat","background-position":"center center","background-size":"auto","background-attachment":"scroll","background-type":"","background-media":"","overlay-type":"","overlay-color":"","overlay-opacity":"","overlay-gradient":""}}},"product_brand":[],"product_cat":[127,59,45,128],"product_tag":[55,53,54],"class_list":{"0":"post-900","1":"product","2":"type-product","3":"status-publish","4":"has-post-thumbnail","6":"product_cat-brindes-personalizados","7":"product_cat-copo","8":"product_cat-copo-termico","9":"product_cat-lancamentos","10":"product_tag-copo","11":"product_tag-copo-personalizado","12":"product_tag-copo-termico","13":"desktop-align-left","14":"tablet-align-left","15":"mobile-align-left","17":"first","18":"instock","19":"shipping-taxable","20":"purchasable","21":"product-type-variable"},"yoast_head":"<!-- This site is optimized with the Yoast SEO plugin v27.4 - https:\/\/yoast.com\/product\/yoast-seo-wordpress\/ -->\n<title>Copo T\u00e9rmico linha bambu 600ml - Inox - Personalizado - Silk Mix<\/title>\n<meta name=\"description\" content=\"Copo t\u00e9rmico linha bambu 600 ml inox personalizado em DTF-UV. Ideal para presentes e brindes. Livre de BPA e com trava de seguran\u00e7a.\" \/>\n<meta name=\"robots\" content=\"index, follow, max-snippet:-1, max-image-preview:large, max-video-preview:-1\" \/>\n<link rel=\"canonical\" href=\"https:\/\/silkmix.com.br\/en\/product\/copo-termico-de-bambu-600ml\/\" \/>\n<meta property=\"og:locale\" content=\"en_US\" \/>\n<meta property=\"og:type\" content=\"article\" \/>\n<meta property=\"og:title\" content=\"Copo T\u00e9rmico linha bambu 600ml - Inox - Personalizado - Silk Mix\" \/>\n<meta property=\"og:description\" content=\"Copo t\u00e9rmico linha bambu 600 ml inox personalizado em DTF-UV. Ideal para presentes e brindes. Livre de BPA e com trava de seguran\u00e7a.\" \/>\n<meta property=\"og:url\" content=\"https:\/\/silkmix.com.br\/en\/product\/copo-termico-de-bambu-600ml\/\" \/>\n<meta property=\"og:site_name\" content=\"Silk Mix\" \/>\n<meta property=\"article:modified_time\" content=\"2025-09-01T20:18:21+00:00\" \/>\n<meta property=\"og:image\" content=\"https:\/\/silkmix.com.br\/wp-content\/uploads\/2025\/06\/bambu1-4.png\" \/>\n\t<meta property=\"og:image:width\" content=\"940\" \/>\n\t<meta property=\"og:image:height\" content=\"788\" \/>\n\t<meta property=\"og:image:type\" content=\"image\/png\" \/>\n<meta name=\"twitter:card\" content=\"summary_large_image\" \/>\n<meta name=\"twitter:label1\" content=\"Est. reading time\" \/>\n\t<meta name=\"twitter:data1\" content=\"2 minutes\" \/>\n<script type=\"application\/ld+json\" class=\"yoast-schema-graph\">{\"@context\":\"https:\\\/\\\/schema.org\",\"@graph\":[{\"@type\":\"WebPage\",\"@id\":\"https:\\\/\\\/silkmix.com.br\\\/produto\\\/copo-termico-de-bambu-600ml\\\/\",\"url\":\"https:\\\/\\\/silkmix.com.br\\\/produto\\\/copo-termico-de-bambu-600ml\\\/\",\"name\":\"Copo T\u00e9rmico linha bambu 600ml - Inox - Personalizado - Silk Mix\",\"isPartOf\":{\"@id\":\"https:\\\/\\\/silkmix.com.br\\\/#website\"},\"primaryImageOfPage\":{\"@id\":\"https:\\\/\\\/silkmix.com.br\\\/produto\\\/copo-termico-de-bambu-600ml\\\/#primaryimage\"},\"image\":{\"@id\":\"https:\\\/\\\/silkmix.com.br\\\/produto\\\/copo-termico-de-bambu-600ml\\\/#primaryimage\"},\"thumbnailUrl\":\"https:\\\/\\\/silkmix.com.br\\\/wp-content\\\/uploads\\\/2025\\\/06\\\/bambu1-4.png\",\"datePublished\":\"2025-06-06T12:30:16+00:00\",\"dateModified\":\"2025-09-01T20:18:21+00:00\",\"description\":\"Copo t\u00e9rmico linha bambu 600 ml inox personalizado em DTF-UV. Ideal para presentes e brindes. Livre de BPA e com trava de seguran\u00e7a.\",\"breadcrumb\":{\"@id\":\"https:\\\/\\\/silkmix.com.br\\\/produto\\\/copo-termico-de-bambu-600ml\\\/#breadcrumb\"},\"inLanguage\":\"en-US\",\"potentialAction\":[{\"@type\":\"ReadAction\",\"target\":[\"https:\\\/\\\/silkmix.com.br\\\/produto\\\/copo-termico-de-bambu-600ml\\\/\"]}]},{\"@type\":\"ImageObject\",\"inLanguage\":\"en-US\",\"@id\":\"https:\\\/\\\/silkmix.com.br\\\/produto\\\/copo-termico-de-bambu-600ml\\\/#primaryimage\",\"url\":\"https:\\\/\\\/silkmix.com.br\\\/wp-content\\\/uploads\\\/2025\\\/06\\\/bambu1-4.png\",\"contentUrl\":\"https:\\\/\\\/silkmix.com.br\\\/wp-content\\\/uploads\\\/2025\\\/06\\\/bambu1-4.png\",\"width\":940,\"height\":788},{\"@type\":\"BreadcrumbList\",\"@id\":\"https:\\\/\\\/silkmix.com.br\\\/produto\\\/copo-termico-de-bambu-600ml\\\/#breadcrumb\",\"itemListElement\":[{\"@type\":\"ListItem\",\"position\":1,\"name\":\"In\u00edcio\",\"item\":\"https:\\\/\\\/silkmix.com.br\\\/\"},{\"@type\":\"ListItem\",\"position\":2,\"name\":\"Produtos\",\"item\":\"https:\\\/\\\/silkmix.com.br\\\/produtos\\\/\"},{\"@type\":\"ListItem\",\"position\":3,\"name\":\"Copo T\u00e9rmico linha bambu 600ml &#8211; Inox &#8211; Personalizado\"}]},{\"@type\":\"WebSite\",\"@id\":\"https:\\\/\\\/silkmix.com.br\\\/#website\",\"url\":\"https:\\\/\\\/silkmix.com.br\\\/\",\"name\":\"Silk Mix\",\"description\":\"\",\"publisher\":{\"@id\":\"https:\\\/\\\/silkmix.com.br\\\/#organization\"},\"potentialAction\":[{\"@type\":\"SearchAction\",\"target\":{\"@type\":\"EntryPoint\",\"urlTemplate\":\"https:\\\/\\\/silkmix.com.br\\\/?s={search_term_string}\"},\"query-input\":{\"@type\":\"PropertyValueSpecification\",\"valueRequired\":true,\"valueName\":\"search_term_string\"}}],\"inLanguage\":\"en-US\"},{\"@type\":\"Organization\",\"@id\":\"https:\\\/\\\/silkmix.com.br\\\/#organization\",\"name\":\"Silk Mix\",\"url\":\"https:\\\/\\\/silkmix.com.br\\\/\",\"logo\":{\"@type\":\"ImageObject\",\"inLanguage\":\"en-US\",\"@id\":\"https:\\\/\\\/silkmix.com.br\\\/#\\\/schema\\\/logo\\\/image\\\/\",\"url\":\"https:\\\/\\\/silkmix.com.br\\\/wp-content\\\/uploads\\\/2024\\\/04\\\/logo-silkmix-svg.svg\",\"contentUrl\":\"https:\\\/\\\/silkmix.com.br\\\/wp-content\\\/uploads\\\/2024\\\/04\\\/logo-silkmix-svg.svg\",\"width\":238,\"height\":238,\"caption\":\"Silk Mix\"},\"image\":{\"@id\":\"https:\\\/\\\/silkmix.com.br\\\/#\\\/schema\\\/logo\\\/image\\\/\"}}]}<\/script>\n<!-- \/ Yoast SEO plugin. -->","yoast_head_json":{"title":"Copo T\u00e9rmico linha bambu 600ml - Inox - Personalizado - Silk Mix","description":"Copo t\u00e9rmico linha bambu 600 ml inox personalizado em DTF-UV. Ideal para presentes e brindes. Livre de BPA e com trava de seguran\u00e7a.","robots":{"index":"index","follow":"follow","max-snippet":"max-snippet:-1","max-image-preview":"max-image-preview:large","max-video-preview":"max-video-preview:-1"},"canonical":"https:\/\/silkmix.com.br\/en\/product\/copo-termico-de-bambu-600ml\/","og_locale":"en_US","og_type":"article","og_title":"Copo T\u00e9rmico linha bambu 600ml - Inox - Personalizado - Silk Mix","og_description":"Copo t\u00e9rmico linha bambu 600 ml inox personalizado em DTF-UV. Ideal para presentes e brindes. Livre de BPA e com trava de seguran\u00e7a.","og_url":"https:\/\/silkmix.com.br\/en\/product\/copo-termico-de-bambu-600ml\/","og_site_name":"Silk Mix","article_modified_time":"2025-09-01T20:18:21+00:00","og_image":[{"width":940,"height":788,"url":"https:\/\/silkmix.com.br\/wp-content\/uploads\/2025\/06\/bambu1-4.png","type":"image\/png"}],"twitter_card":"summary_large_image","twitter_misc":{"Est. reading time":"2 minutes"},"schema":{"@context":"https:\/\/schema.org","@graph":[{"@type":"WebPage","@id":"https:\/\/silkmix.com.br\/produto\/copo-termico-de-bambu-600ml\/","url":"https:\/\/silkmix.com.br\/produto\/copo-termico-de-bambu-600ml\/","name":"Copo T\u00e9rmico linha bambu 600ml - Inox - Personalizado - Silk Mix","isPartOf":{"@id":"https:\/\/silkmix.com.br\/#website"},"primaryImageOfPage":{"@id":"https:\/\/silkmix.com.br\/produto\/copo-termico-de-bambu-600ml\/#primaryimage"},"image":{"@id":"https:\/\/silkmix.com.br\/produto\/copo-termico-de-bambu-600ml\/#primaryimage"},"thumbnailUrl":"https:\/\/silkmix.com.br\/wp-content\/uploads\/2025\/06\/bambu1-4.png","datePublished":"2025-06-06T12:30:16+00:00","dateModified":"2025-09-01T20:18:21+00:00","description":"Copo t\u00e9rmico linha bambu 600 ml inox personalizado em DTF-UV. Ideal para presentes e brindes. Livre de BPA e com trava de seguran\u00e7a.","breadcrumb":{"@id":"https:\/\/silkmix.com.br\/produto\/copo-termico-de-bambu-600ml\/#breadcrumb"},"inLanguage":"en-US","potentialAction":[{"@type":"ReadAction","target":["https:\/\/silkmix.com.br\/produto\/copo-termico-de-bambu-600ml\/"]}]},{"@type":"ImageObject","inLanguage":"en-US","@id":"https:\/\/silkmix.com.br\/produto\/copo-termico-de-bambu-600ml\/#primaryimage","url":"https:\/\/silkmix.com.br\/wp-content\/uploads\/2025\/06\/bambu1-4.png","contentUrl":"https:\/\/silkmix.com.br\/wp-content\/uploads\/2025\/06\/bambu1-4.png","width":940,"height":788},{"@type":"BreadcrumbList","@id":"https:\/\/silkmix.com.br\/produto\/copo-termico-de-bambu-600ml\/#breadcrumb","itemListElement":[{"@type":"ListItem","position":1,"name":"In\u00edcio","item":"https:\/\/silkmix.com.br\/"},{"@type":"ListItem","position":2,"name":"Produtos","item":"https:\/\/silkmix.com.br\/produtos\/"},{"@type":"ListItem","position":3,"name":"Copo T\u00e9rmico linha bambu 600ml &#8211; Inox &#8211; Personalizado"}]},{"@type":"WebSite","@id":"https:\/\/silkmix.com.br\/#website","url":"https:\/\/silkmix.com.br\/","name":"Silk Mix","description":"","publisher":{"@id":"https:\/\/silkmix.com.br\/#organization"},"potentialAction":[{"@type":"SearchAction","target":{"@type":"EntryPoint","urlTemplate":"https:\/\/silkmix.com.br\/?s={search_term_string}"},"query-input":{"@type":"PropertyValueSpecification","valueRequired":true,"valueName":"search_term_string"}}],"inLanguage":"en-US"},{"@type":"Organization","@id":"https:\/\/silkmix.com.br\/#organization","name":"Silk Mix","url":"https:\/\/silkmix.com.br\/","logo":{"@type":"ImageObject","inLanguage":"en-US","@id":"https:\/\/silkmix.com.br\/#\/schema\/logo\/image\/","url":"https:\/\/silkmix.com.br\/wp-content\/uploads\/2024\/04\/logo-silkmix-svg.svg","contentUrl":"https:\/\/silkmix.com.br\/wp-content\/uploads\/2024\/04\/logo-silkmix-svg.svg","width":238,"height":238,"caption":"Silk Mix"},"image":{"@id":"https:\/\/silkmix.com.br\/#\/schema\/logo\/image\/"}}]}},"_links":{"self":[{"href":"https:\/\/silkmix.com.br\/en\/wp-json\/wp\/v2\/product\/900","targetHints":{"allow":["GET"]}}],"collection":[{"href":"https:\/\/silkmix.com.br\/en\/wp-json\/wp\/v2\/product"}],"about":[{"href":"https:\/\/silkmix.com.br\/en\/wp-json\/wp\/v2\/types\/product"}],"wp:featuredmedia":[{"embeddable":true,"href":"https:\/\/silkmix.com.br\/en\/wp-json\/wp\/v2\/media\/3572"}],"wp:attachment":[{"href":"https:\/\/silkmix.com.br\/en\/wp-json\/wp\/v2\/media?parent=900"}],"wp:term":[{"taxonomy":"product_brand","embeddable":true,"href":"https:\/\/silkmix.com.br\/en\/wp-json\/wp\/v2\/product_brand?post=900"},{"taxonomy":"product_cat","embeddable":true,"href":"https:\/\/silkmix.com.br\/en\/wp-json\/wp\/v2\/product_cat?post=900"},{"taxonomy":"product_tag","embeddable":true,"href":"https:\/\/silkmix.com.br\/en\/wp-json\/wp\/v2\/product_tag?post=900"}],"curies":[{"name":"wp","href":"https:\/\/api.w.org\/{rel}","templated":true}]}}